{"id":6433,"date":"2013-06-18T13:27:52","date_gmt":"2013-06-18T10:27:52","guid":{"rendered":"http:\/\/test.lvm.arendus.1kdigital.com\/kuidas-me-aitame-muua-sinu-kinnisvara-2\/"},"modified":"2022-05-07T22:42:59","modified_gmt":"2022-05-07T19:42:59","slug":"kuidas-me-aitame-muua-sinu-kinnisvara","status":"publish","type":"page","link":"https:\/\/lvm.ee\/en\/kuidas-me-aitame-muua-sinu-kinnisvara\/","title":{"rendered":"How can we help you sell your real estate?"},"content":{"rendered":"<h1>V\u00f5ta \u00fchendust, et<br \/>\nsaada kinnisvara<br \/>\neest parim hind!<\/h1>\n<p>Kodu ei ole mitte ainult inimese kalleim ost, vaid tihti ka elu k\u00f5ige kallim m\u00fc\u00fck.<br \/>\nMe t\u00f6\u00f6tame kiirelt ja professionaalselt, et sa saaksid oma kinnisvara eest<br \/>\n\u00f5iglase hinna. <\/p>\n","protected":false},"excerpt":{"rendered":"<p>V\u00f5ta \u00fchendust, et saada kinnisvara eest parim hind! Kodu ei ole mitte ainult inimese kalleim ost, vaid tihti ka elu k\u00f5ige kallim m\u00fc\u00fck. Me t\u00f6\u00f6tame kiirelt ja professionaalselt, et sa saaksid oma kinnisvara eest \u00f5iglase hinna.<\/p>\n","protected":false},"author":1,"featured_media":22624,"parent":0,"menu_order":0,"comment_status":"closed","ping_status":"closed","template":"myyk.php","meta":{"inline_featured_image":false,"footnotes":""},"class_list":["post-6433","page","type-page","status-publish","has-post-thumbnail","hentry"],"yoast_head":"<!-- This site is optimized with the Yoast SEO plugin v27.4 - https:\/\/yoast.com\/product\/yoast-seo-wordpress\/ -->\n<title>How can we help you sell your real estate? - LVM Real Estate \u2013 Tallinn, Tartu, P\u00e4rnu, Kuressaare<\/title>\n<meta name=\"robots\" content=\"index, follow, max-snippet:-1, max-image-preview:large, max-video-preview:-1\" \/>\n<link rel=\"canonical\" href=\"https:\/\/lvm.ee\/en\/kuidas-me-aitame-muua-sinu-kinnisvara\/\" \/>\n<meta property=\"og:locale\" content=\"en_US\" \/>\n<meta property=\"og:type\" content=\"article\" \/>\n<meta property=\"og:title\" content=\"How can we help you sell your real estate? - LVM Real Estate \u2013 Tallinn, Tartu, P\u00e4rnu, Kuressaare\" \/>\n<meta property=\"og:description\" content=\"V\u00f5ta \u00fchendust, et saada kinnisvara eest parim hind! Kodu ei ole mitte ainult inimese kalleim ost, vaid tihti ka elu k\u00f5ige kallim m\u00fc\u00fck. Me t\u00f6\u00f6tame kiirelt ja professionaalselt, et sa saaksid oma kinnisvara eest \u00f5iglase hinna.\" \/>\n<meta property=\"og:url\" content=\"https:\/\/lvm.ee\/en\/kuidas-me-aitame-muua-sinu-kinnisvara\/\" \/>\n<meta property=\"og:site_name\" content=\"LVM Real Estate \u2013 Tallinn, Tartu, P\u00e4rnu, Kuressaare\" \/>\n<meta property=\"article:publisher\" content=\"https:\/\/www.facebook.com\/lvmkinnisvara\" \/>\n<meta property=\"article:modified_time\" content=\"2022-05-07T19:42:59+00:00\" \/>\n<meta property=\"og:image\" content=\"https:\/\/lvm.ee\/wp-content\/uploads\/2022\/04\/Eve-Mai.png\" \/>\n\t<meta property=\"og:image:width\" content=\"1080\" \/>\n\t<meta property=\"og:image:height\" content=\"1080\" \/>\n\t<meta property=\"og:image:type\" content=\"image\/png\" \/>\n<meta name=\"twitter:card\" content=\"summary_large_image\" \/>\n<meta name=\"twitter:site\" content=\"@lvmkinnisvara\" \/>\n<script type=\"application\/ld+json\" class=\"yoast-schema-graph\">{\"@context\":\"https:\\\/\\\/schema.org\",\"@graph\":[{\"@type\":\"WebPage\",\"@id\":\"https:\\\/\\\/lvm.ee\\\/en\\\/kuidas-me-aitame-muua-sinu-kinnisvara\\\/\",\"url\":\"https:\\\/\\\/lvm.ee\\\/en\\\/kuidas-me-aitame-muua-sinu-kinnisvara\\\/\",\"name\":\"How can we help you sell your real estate? - LVM Real Estate \u2013 Tallinn, Tartu, P\u00e4rnu, Kuressaare\",\"isPartOf\":{\"@id\":\"https:\\\/\\\/lvm.ee\\\/#website\"},\"primaryImageOfPage\":{\"@id\":\"https:\\\/\\\/lvm.ee\\\/en\\\/kuidas-me-aitame-muua-sinu-kinnisvara\\\/#primaryimage\"},\"image\":{\"@id\":\"https:\\\/\\\/lvm.ee\\\/en\\\/kuidas-me-aitame-muua-sinu-kinnisvara\\\/#primaryimage\"},\"thumbnailUrl\":\"https:\\\/\\\/lvm.ee\\\/wp-content\\\/uploads\\\/2022\\\/04\\\/Eve-Mai.png\",\"datePublished\":\"2013-06-18T10:27:52+00:00\",\"dateModified\":\"2022-05-07T19:42:59+00:00\",\"breadcrumb\":{\"@id\":\"https:\\\/\\\/lvm.ee\\\/en\\\/kuidas-me-aitame-muua-sinu-kinnisvara\\\/#breadcrumb\"},\"inLanguage\":\"en-US\",\"potentialAction\":[{\"@type\":\"ReadAction\",\"target\":[\"https:\\\/\\\/lvm.ee\\\/en\\\/kuidas-me-aitame-muua-sinu-kinnisvara\\\/\"]}]},{\"@type\":\"ImageObject\",\"inLanguage\":\"en-US\",\"@id\":\"https:\\\/\\\/lvm.ee\\\/en\\\/kuidas-me-aitame-muua-sinu-kinnisvara\\\/#primaryimage\",\"url\":\"https:\\\/\\\/lvm.ee\\\/wp-content\\\/uploads\\\/2022\\\/04\\\/Eve-Mai.png\",\"contentUrl\":\"https:\\\/\\\/lvm.ee\\\/wp-content\\\/uploads\\\/2022\\\/04\\\/Eve-Mai.png\",\"width\":1080,\"height\":1080},{\"@type\":\"BreadcrumbList\",\"@id\":\"https:\\\/\\\/lvm.ee\\\/en\\\/kuidas-me-aitame-muua-sinu-kinnisvara\\\/#breadcrumb\",\"itemListElement\":[{\"@type\":\"ListItem\",\"position\":1,\"name\":\"Home\",\"item\":\"https:\\\/\\\/lvm.ee\\\/\"},{\"@type\":\"ListItem\",\"position\":2,\"name\":\"How can we help you sell your real estate?\"}]},{\"@type\":\"WebSite\",\"@id\":\"https:\\\/\\\/lvm.ee\\\/#website\",\"url\":\"https:\\\/\\\/lvm.ee\\\/\",\"name\":\"LVM Real Estate \u2013 Tallinn, Tartu, P\u00e4rnu, Kuressaare\",\"description\":\"Website of LVM Real Estate\",\"publisher\":{\"@id\":\"https:\\\/\\\/lvm.ee\\\/#organization\"},\"potentialAction\":[{\"@type\":\"SearchAction\",\"target\":{\"@type\":\"EntryPoint\",\"urlTemplate\":\"https:\\\/\\\/lvm.ee\\\/?s={search_term_string}\"},\"query-input\":{\"@type\":\"PropertyValueSpecification\",\"valueRequired\":true,\"valueName\":\"search_term_string\"}}],\"inLanguage\":\"en-US\"},{\"@type\":\"Organization\",\"@id\":\"https:\\\/\\\/lvm.ee\\\/#organization\",\"name\":\"LVM Kinnisvara\",\"url\":\"https:\\\/\\\/lvm.ee\\\/\",\"logo\":{\"@type\":\"ImageObject\",\"inLanguage\":\"en-US\",\"@id\":\"https:\\\/\\\/lvm.ee\\\/#\\\/schema\\\/logo\\\/image\\\/\",\"url\":\"https:\\\/\\\/lvm.ee\\\/wp-content\\\/uploads\\\/2017\\\/12\\\/lvm.png\",\"contentUrl\":\"https:\\\/\\\/lvm.ee\\\/wp-content\\\/uploads\\\/2017\\\/12\\\/lvm.png\",\"width\":627,\"height\":180,\"caption\":\"LVM Kinnisvara\"},\"image\":{\"@id\":\"https:\\\/\\\/lvm.ee\\\/#\\\/schema\\\/logo\\\/image\\\/\"},\"sameAs\":[\"https:\\\/\\\/www.facebook.com\\\/lvmkinnisvara\",\"https:\\\/\\\/x.com\\\/lvmkinnisvara\",\"https:\\\/\\\/www.instagram.com\\\/lvmkinnisvara\\\/\"]}]}<\/script>\n<!-- \/ Yoast SEO plugin. -->","yoast_head_json":{"title":"How can we help you sell your real estate? - LVM Real Estate \u2013 Tallinn, Tartu, P\u00e4rnu, Kuressaare","robots":{"index":"index","follow":"follow","max-snippet":"max-snippet:-1","max-image-preview":"max-image-preview:large","max-video-preview":"max-video-preview:-1"},"canonical":"https:\/\/lvm.ee\/en\/kuidas-me-aitame-muua-sinu-kinnisvara\/","og_locale":"en_US","og_type":"article","og_title":"How can we help you sell your real estate? - LVM Real Estate \u2013 Tallinn, Tartu, P\u00e4rnu, Kuressaare","og_description":"V\u00f5ta \u00fchendust, et saada kinnisvara eest parim hind! Kodu ei ole mitte ainult inimese kalleim ost, vaid tihti ka elu k\u00f5ige kallim m\u00fc\u00fck. Me t\u00f6\u00f6tame kiirelt ja professionaalselt, et sa saaksid oma kinnisvara eest \u00f5iglase hinna.","og_url":"https:\/\/lvm.ee\/en\/kuidas-me-aitame-muua-sinu-kinnisvara\/","og_site_name":"LVM Real Estate \u2013 Tallinn, Tartu, P\u00e4rnu, Kuressaare","article_publisher":"https:\/\/www.facebook.com\/lvmkinnisvara","article_modified_time":"2022-05-07T19:42:59+00:00","og_image":[{"width":1080,"height":1080,"url":"https:\/\/lvm.ee\/wp-content\/uploads\/2022\/04\/Eve-Mai.png","type":"image\/png"}],"twitter_card":"summary_large_image","twitter_site":"@lvmkinnisvara","schema":{"@context":"https:\/\/schema.org","@graph":[{"@type":"WebPage","@id":"https:\/\/lvm.ee\/en\/kuidas-me-aitame-muua-sinu-kinnisvara\/","url":"https:\/\/lvm.ee\/en\/kuidas-me-aitame-muua-sinu-kinnisvara\/","name":"How can we help you sell your real estate? - LVM Real Estate \u2013 Tallinn, Tartu, P\u00e4rnu, Kuressaare","isPartOf":{"@id":"https:\/\/lvm.ee\/#website"},"primaryImageOfPage":{"@id":"https:\/\/lvm.ee\/en\/kuidas-me-aitame-muua-sinu-kinnisvara\/#primaryimage"},"image":{"@id":"https:\/\/lvm.ee\/en\/kuidas-me-aitame-muua-sinu-kinnisvara\/#primaryimage"},"thumbnailUrl":"https:\/\/lvm.ee\/wp-content\/uploads\/2022\/04\/Eve-Mai.png","datePublished":"2013-06-18T10:27:52+00:00","dateModified":"2022-05-07T19:42:59+00:00","breadcrumb":{"@id":"https:\/\/lvm.ee\/en\/kuidas-me-aitame-muua-sinu-kinnisvara\/#breadcrumb"},"inLanguage":"en-US","potentialAction":[{"@type":"ReadAction","target":["https:\/\/lvm.ee\/en\/kuidas-me-aitame-muua-sinu-kinnisvara\/"]}]},{"@type":"ImageObject","inLanguage":"en-US","@id":"https:\/\/lvm.ee\/en\/kuidas-me-aitame-muua-sinu-kinnisvara\/#primaryimage","url":"https:\/\/lvm.ee\/wp-content\/uploads\/2022\/04\/Eve-Mai.png","contentUrl":"https:\/\/lvm.ee\/wp-content\/uploads\/2022\/04\/Eve-Mai.png","width":1080,"height":1080},{"@type":"BreadcrumbList","@id":"https:\/\/lvm.ee\/en\/kuidas-me-aitame-muua-sinu-kinnisvara\/#breadcrumb","itemListElement":[{"@type":"ListItem","position":1,"name":"Home","item":"https:\/\/lvm.ee\/"},{"@type":"ListItem","position":2,"name":"How can we help you sell your real estate?"}]},{"@type":"WebSite","@id":"https:\/\/lvm.ee\/#website","url":"https:\/\/lvm.ee\/","name":"LVM Real Estate \u2013 Tallinn, Tartu, P\u00e4rnu, Kuressaare","description":"Website of LVM Real Estate","publisher":{"@id":"https:\/\/lvm.ee\/#organization"},"potentialAction":[{"@type":"SearchAction","target":{"@type":"EntryPoint","urlTemplate":"https:\/\/lvm.ee\/?s={search_term_string}"},"query-input":{"@type":"PropertyValueSpecification","valueRequired":true,"valueName":"search_term_string"}}],"inLanguage":"en-US"},{"@type":"Organization","@id":"https:\/\/lvm.ee\/#organization","name":"LVM Kinnisvara","url":"https:\/\/lvm.ee\/","logo":{"@type":"ImageObject","inLanguage":"en-US","@id":"https:\/\/lvm.ee\/#\/schema\/logo\/image\/","url":"https:\/\/lvm.ee\/wp-content\/uploads\/2017\/12\/lvm.png","contentUrl":"https:\/\/lvm.ee\/wp-content\/uploads\/2017\/12\/lvm.png","width":627,"height":180,"caption":"LVM Kinnisvara"},"image":{"@id":"https:\/\/lvm.ee\/#\/schema\/logo\/image\/"},"sameAs":["https:\/\/www.facebook.com\/lvmkinnisvara","https:\/\/x.com\/lvmkinnisvara","https:\/\/www.instagram.com\/lvmkinnisvara\/"]}]}},"_links":{"self":[{"href":"https:\/\/lvm.ee\/en\/wp-json\/wp\/v2\/pages\/6433","targetHints":{"allow":["GET"]}}],"collection":[{"href":"https:\/\/lvm.ee\/en\/wp-json\/wp\/v2\/pages"}],"about":[{"href":"https:\/\/lvm.ee\/en\/wp-json\/wp\/v2\/types\/page"}],"author":[{"embeddable":true,"href":"https:\/\/lvm.ee\/en\/wp-json\/wp\/v2\/users\/1"}],"replies":[{"embeddable":true,"href":"https:\/\/lvm.ee\/en\/wp-json\/wp\/v2\/comments?post=6433"}],"version-history":[{"count":7,"href":"https:\/\/lvm.ee\/en\/wp-json\/wp\/v2\/pages\/6433\/revisions"}],"predecessor-version":[{"id":22801,"href":"https:\/\/lvm.ee\/en\/wp-json\/wp\/v2\/pages\/6433\/revisions\/22801"}],"wp:featuredmedia":[{"embeddable":true,"href":"https:\/\/lvm.ee\/en\/wp-json\/wp\/v2\/media\/22624"}],"wp:attachment":[{"href":"https:\/\/lvm.ee\/en\/wp-json\/wp\/v2\/media?parent=6433"}],"curies":[{"name":"wp","href":"https:\/\/api.w.org\/{rel}","templated":true}]}}