{"id":10,"date":"2022-08-15T12:36:00","date_gmt":"2022-08-15T12:36:00","guid":{"rendered":"https:\/\/lvm.ee\/joeotsa\/?page_id=10"},"modified":"2025-07-15T10:07:05","modified_gmt":"2025-07-15T10:07:05","slug":"avaleht","status":"publish","type":"page","link":"https:\/\/lvm.ee\/joeotsa\/","title":{"rendered":"Avaleht"},"content":{"rendered":"\t\t<div data-elementor-type=\"wp-page\" data-elementor-id=\"10\" class=\"elementor elementor-10\" data-elementor-post-type=\"page\">\n\t\t\t\t<div class=\"elementor-element elementor-element-a36e428 e-flex e-con-boxed e-con e-parent\" data-id=\"a36e428\" data-element_type=\"container\" id=\"intro\" data-settings=\"{&quot;background_background&quot;:&quot;slideshow&quot;,&quot;background_slideshow_gallery&quot;:[{&quot;id&quot;:1715,&quot;url&quot;:&quot;https:\\\/\\\/lvm.ee\\\/joeotsa\\\/wp-content\\\/uploads\\\/2025\\\/01\\\/render_3.png&quot;}],&quot;background_slideshow_slide_duration&quot;:70000,&quot;background_slideshow_transition_duration&quot;:1500,&quot;background_slideshow_loop&quot;:&quot;yes&quot;,&quot;background_slideshow_slide_transition&quot;:&quot;fade&quot;}\">\n\t\t\t\t\t<div class=\"e-con-inner\">\n\t\t<div class=\"elementor-element elementor-element-86311f1 e-con-full e-flex e-con e-child\" data-id=\"86311f1\" data-element_type=\"container\">\n\t\t<div class=\"elementor-element elementor-element-2fe8661 e-con-full e-flex e-con e-child\" data-id=\"2fe8661\" data-element_type=\"container\">\n\t\t\t\t<div class=\"elementor-element elementor-element-f961b2a elementor-widget__width-initial elementor-widget elementor-widget-heading\" data-id=\"f961b2a\" data-element_type=\"widget\" data-settings=\"{&quot;_animation&quot;:&quot;none&quot;}\" data-widget_type=\"heading.default\">\n\t\t\t\t<div class=\"elementor-widget-container\">\n\t\t\t<h1 class=\"elementor-heading-title elementor-size-default\">J\u00f5eotsa elamurajoon<\/h1>\t\t<\/div>\n\t\t\t\t<\/div>\n\t\t\t\t<\/div>\n\t\t<div class=\"elementor-element elementor-element-e9790c7 e-con-full e-flex e-con e-child\" data-id=\"e9790c7\" data-element_type=\"container\">\n\t\t\t\t<div class=\"elementor-element elementor-element-acd07aa elementor-widget__width-initial elementor-widget elementor-widget-text-editor\" data-id=\"acd07aa\" data-element_type=\"widget\" data-settings=\"{&quot;_animation&quot;:&quot;none&quot;,&quot;_animation_delay&quot;:500}\" data-widget_type=\"text-editor.default\">\n\t\t\t\t<div class=\"elementor-widget-container\">\n\t\t\t\t\t\t\t<p>Arenev elurajoon P\u00e4rnu linna ja Valgeranna vahetus l\u00e4heduses.<\/p>\t\t\t\t\t\t<\/div>\n\t\t\t\t<\/div>\n\t\t\t\t<div class=\"elementor-element elementor-element-b947f33 elementor-align-left elementor-widget elementor-widget-button\" data-id=\"b947f33\" data-element_type=\"widget\" data-settings=\"{&quot;_animation&quot;:&quot;none&quot;,&quot;_animation_delay&quot;:750}\" data-widget_type=\"button.default\">\n\t\t\t\t<div class=\"elementor-widget-container\">\n\t\t\t\t\t<div class=\"elementor-button-wrapper\">\n\t\t\t<a class=\"elementor-button elementor-button-link elementor-size-sm elementor-animation-float\" href=\"#02\">\n\t\t\t\t\t\t<span class=\"elementor-button-content-wrapper\">\n\t\t\t\t\t\t<span class=\"elementor-button-icon\">\n\t\t\t\t<svg xmlns=\"http:\/\/www.w3.org\/2000\/svg\" xmlns:xlink=\"http:\/\/www.w3.org\/1999\/xlink\" id=\"Layer_1\" x=\"0px\" y=\"0px\" viewBox=\"0 0 191 62\" xml:space=\"preserve\"><path d=\"M180.07,29.31l-28.46-18.13c-0.92-0.59-2.17-0.32-2.76,0.61s-0.32,2.17,0.61,2.76L172.14,29H11v4h161.14l-22.67,14.44 c-0.93,0.59-1.21,1.83-0.61,2.76c0.38,0.6,1.03,0.93,1.69,0.93c0.37,0,0.74-0.1,1.07-0.31l28.46-18.12c0.58-0.37,0.93-1,0.93-1.69 S180.65,29.68,180.07,29.31z\"><\/path><\/svg>\t\t\t<\/span>\n\t\t\t\t\t\t\t\t\t<span class=\"elementor-button-text\">L\u00e4hemalt<\/span>\n\t\t\t\t\t<\/span>\n\t\t\t\t\t<\/a>\n\t\t<\/div>\n\t\t\t\t<\/div>\n\t\t\t\t<\/div>\n\t\t\t\t<\/div>\n\t\t\t\t<\/div>\n\t\t\t\t\t<\/div>\n\t\t\t\t<\/div>\n\t\t<div class=\"elementor-element elementor-element-605626e e-flex e-con-boxed e-con e-parent\" data-id=\"605626e\" data-element_type=\"container\" id=\"02\" data-settings=\"{&quot;background_background&quot;:&quot;classic&quot;}\">\n\t\t\t\t\t<div class=\"e-con-inner\">\n\t\t<div class=\"elementor-element elementor-element-655e29b e-con-full e-flex e-con e-child\" data-id=\"655e29b\" data-element_type=\"container\">\n\t\t<div class=\"elementor-element elementor-element-2be2f85 e-con-full e-flex e-con e-child\" data-id=\"2be2f85\" data-element_type=\"container\">\n\t\t\t\t<div class=\"elementor-element elementor-element-cf2e670 elementor-widget__width-initial elementor-widget elementor-widget-heading\" data-id=\"cf2e670\" data-element_type=\"widget\" data-settings=\"{&quot;_animation&quot;:&quot;none&quot;}\" data-widget_type=\"heading.default\">\n\t\t\t\t<div class=\"elementor-widget-container\">\n\t\t\t<h1 class=\"elementor-heading-title elementor-size-default\">Tutvustus<\/h1>\t\t<\/div>\n\t\t\t\t<\/div>\n\t\t\t\t<\/div>\n\t\t<div class=\"elementor-element elementor-element-6914c71 e-con-full e-flex e-con e-child\" data-id=\"6914c71\" data-element_type=\"container\">\n\t\t\t\t<div class=\"elementor-element elementor-element-7ad357b elementor-widget__width-initial elementor-widget elementor-widget-text-editor\" data-id=\"7ad357b\" data-element_type=\"widget\" data-settings=\"{&quot;_animation&quot;:&quot;none&quot;,&quot;_animation_delay&quot;:500}\" data-widget_type=\"text-editor.default\">\n\t\t\t\t<div class=\"elementor-widget-container\">\n\t\t\t\t\t\t\t<p>P\u00e4rnu linna piirist ca 1 km kaugusele rajatavas J\u00f5eotsa elurajoonis on 8 elamumaa kinnistut, kuhu v\u00f5ib ehitada 1 viilkatusega v\u00e4ikeelamu ja 8 korterelamumaa kinnistut v\u00e4iksemate, 4 kuni 10 korteriga elamute ehitamiseks.<\/p>\n<p>Piirkonda rajatakse vee- ja kanalisatsioonitrassid, igale kinnistule elektriliitumine 3x10A ning k\u00f5vakattega tee koos t\u00e4navavalgustusega.<\/p>\n<p>Hea \u00fchendus P\u00e4rnu linna ja Valgerannaga, rajatud kergliiklustee nii P\u00e4rnusse kui Audrusse, l\u00e4him bussipeatus 650 m kaugusel.<\/p>\n<p>M\u00f5neminutilise jalutusk\u00e4igu kaugusel lasteaed Vikerkaare, kaubanduskeskus Maksimarket, Audru j\u00f5gi, mis hinnatud nii kalameeste kui kanuus\u00f5itjate poolt.<\/p>\n<p>Valgeranna seikluspark, discgolfi rajad ja White Beach Golfi keskus ning m\u00e4nnimets koos terviseradade ja imelise liivarannaga 4 km kaugusel.<\/p>\t\t\t\t\t\t<\/div>\n\t\t\t\t<\/div>\n\t\t\t\t<\/div>\n\t\t\t\t<\/div>\n\t\t\t\t\t<\/div>\n\t\t\t\t<\/div>\n\t\t\t\t<\/div>\n\t\t","protected":false},"excerpt":{"rendered":"<p>J\u00f5eotsa elamurajoon Arenev elurajoon P\u00e4rnu linna ja Valgeranna vahetus l\u00e4heduses. L\u00e4hemalt Tutvustus P\u00e4rnu linna piirist ca 1 km kaugusele rajatavas J\u00f5eotsa elurajoonis on 8 elamumaa kinnistut, kuhu v\u00f5ib ehitada 1 viilkatusega v\u00e4ikeelamu ja 8 korterelamumaa kinnistut v\u00e4iksemate, 4 kuni 10 korteriga elamute ehitamiseks. Piirkonda rajatakse vee- ja kanalisatsioonitrassid, igale kinnistule elektriliitumine 3x10A ning k\u00f5vakattega tee [&hellip;]<\/p>\n","protected":false},"author":1,"featured_media":1715,"parent":0,"menu_order":0,"comment_status":"closed","ping_status":"closed","template":"elementor_header_footer","meta":{"inline_featured_image":false,"footnotes":""},"class_list":["post-10","page","type-page","status-publish","has-post-thumbnail","hentry"],"yoast_head":"<!-- This site is optimized with the Yoast SEO plugin v23.6 - https:\/\/yoast.com\/wordpress\/plugins\/seo\/ -->\n<title>J\u00f5eotsa elamurajoon<\/title>\n<meta name=\"description\" content=\"Arenev elurajoon P\u00e4rnu linna ja Valgeranna vahetus l\u00e4heduses.\" \/>\n<meta name=\"robots\" content=\"index, follow, max-snippet:-1, max-image-preview:large, max-video-preview:-1\" \/>\n<link rel=\"canonical\" href=\"https:\/\/lvm.ee\/joeotsa\/\" \/>\n<meta property=\"og:locale\" content=\"en_US\" \/>\n<meta property=\"og:type\" content=\"article\" \/>\n<meta property=\"og:title\" content=\"J\u00f5eotsa elamurajoon\" \/>\n<meta property=\"og:description\" content=\"Arenev elurajoon P\u00e4rnu linna ja Valgeranna vahetus l\u00e4heduses.\" \/>\n<meta property=\"og:url\" content=\"https:\/\/lvm.ee\/joeotsa\/\" \/>\n<meta property=\"og:site_name\" content=\"J\u00f5eotsa elamurajoon\" \/>\n<meta property=\"article:modified_time\" content=\"2025-07-15T10:07:05+00:00\" \/>\n<meta property=\"og:image\" content=\"https:\/\/lvm.ee\/joeotsa\/wp-content\/uploads\/2025\/01\/render_3-1024x576.png\" \/>\n\t<meta property=\"og:image:width\" content=\"1024\" \/>\n\t<meta property=\"og:image:height\" content=\"576\" \/>\n\t<meta property=\"og:image:type\" content=\"image\/png\" \/>\n<meta name=\"twitter:card\" content=\"summary_large_image\" \/>\n<meta name=\"twitter:label1\" content=\"Est. reading time\" \/>\n\t<meta name=\"twitter:data1\" content=\"1 minute\" \/>\n<script type=\"application\/ld+json\" class=\"yoast-schema-graph\">{\"@context\":\"https:\/\/schema.org\",\"@graph\":[{\"@type\":\"WebPage\",\"@id\":\"https:\/\/lvm.ee\/joeotsa\/\",\"url\":\"https:\/\/lvm.ee\/joeotsa\/\",\"name\":\"J\u00f5eotsa elamurajoon\",\"isPartOf\":{\"@id\":\"https:\/\/lvm.ee\/joeotsa\/#website\"},\"primaryImageOfPage\":{\"@id\":\"https:\/\/lvm.ee\/joeotsa\/#primaryimage\"},\"image\":{\"@id\":\"https:\/\/lvm.ee\/joeotsa\/#primaryimage\"},\"thumbnailUrl\":\"https:\/\/lvm.ee\/joeotsa\/wp-content\/uploads\/2025\/01\/render_3.png\",\"datePublished\":\"2022-08-15T12:36:00+00:00\",\"dateModified\":\"2025-07-15T10:07:05+00:00\",\"description\":\"Arenev elurajoon P\u00e4rnu linna ja Valgeranna vahetus l\u00e4heduses.\",\"breadcrumb\":{\"@id\":\"https:\/\/lvm.ee\/joeotsa\/#breadcrumb\"},\"inLanguage\":\"en-US\",\"potentialAction\":[{\"@type\":\"ReadAction\",\"target\":[\"https:\/\/lvm.ee\/joeotsa\/\"]}]},{\"@type\":\"ImageObject\",\"inLanguage\":\"en-US\",\"@id\":\"https:\/\/lvm.ee\/joeotsa\/#primaryimage\",\"url\":\"https:\/\/lvm.ee\/joeotsa\/wp-content\/uploads\/2025\/01\/render_3.png\",\"contentUrl\":\"https:\/\/lvm.ee\/joeotsa\/wp-content\/uploads\/2025\/01\/render_3.png\",\"width\":2560,\"height\":1440},{\"@type\":\"BreadcrumbList\",\"@id\":\"https:\/\/lvm.ee\/joeotsa\/#breadcrumb\",\"itemListElement\":[{\"@type\":\"ListItem\",\"position\":1,\"name\":\"Home\",\"item\":\"https:\/\/lvm.ee\/joeotsa\/\"},{\"@type\":\"ListItem\",\"position\":2,\"name\":\"Avaleht\"}]},{\"@type\":\"WebSite\",\"@id\":\"https:\/\/lvm.ee\/joeotsa\/#website\",\"url\":\"https:\/\/lvm.ee\/joeotsa\/\",\"name\":\"J\u00f5eotsa elamurajoon\",\"description\":\"Elurajoon Papsaares\",\"publisher\":{\"@id\":\"https:\/\/lvm.ee\/joeotsa\/#organization\"},\"potentialAction\":[{\"@type\":\"SearchAction\",\"target\":{\"@type\":\"EntryPoint\",\"urlTemplate\":\"https:\/\/lvm.ee\/joeotsa\/?s={search_term_string}\"},\"query-input\":{\"@type\":\"PropertyValueSpecification\",\"valueRequired\":true,\"valueName\":\"search_term_string\"}}],\"inLanguage\":\"en-US\"},{\"@type\":\"Organization\",\"@id\":\"https:\/\/lvm.ee\/joeotsa\/#organization\",\"name\":\"J\u00f5eotsa elamurajoon\",\"url\":\"https:\/\/lvm.ee\/joeotsa\/\",\"logo\":{\"@type\":\"ImageObject\",\"inLanguage\":\"en-US\",\"@id\":\"https:\/\/lvm.ee\/joeotsa\/#\/schema\/logo\/image\/\",\"url\":\"https:\/\/lvm.ee\/joeotsa\/wp-content\/uploads\/2022\/08\/LVM_Logo_valge2.svg\",\"contentUrl\":\"https:\/\/lvm.ee\/joeotsa\/wp-content\/uploads\/2022\/08\/LVM_Logo_valge2.svg\",\"width\":343,\"height\":106,\"caption\":\"J\u00f5eotsa elamurajoon\"},\"image\":{\"@id\":\"https:\/\/lvm.ee\/joeotsa\/#\/schema\/logo\/image\/\"}}]}<\/script>\n<!-- \/ Yoast SEO plugin. -->","yoast_head_json":{"title":"J\u00f5eotsa elamurajoon","description":"Arenev elurajoon P\u00e4rnu linna ja Valgeranna vahetus l\u00e4heduses.","robots":{"index":"index","follow":"follow","max-snippet":"max-snippet:-1","max-image-preview":"max-image-preview:large","max-video-preview":"max-video-preview:-1"},"canonical":"https:\/\/lvm.ee\/joeotsa\/","og_locale":"en_US","og_type":"article","og_title":"J\u00f5eotsa elamurajoon","og_description":"Arenev elurajoon P\u00e4rnu linna ja Valgeranna vahetus l\u00e4heduses.","og_url":"https:\/\/lvm.ee\/joeotsa\/","og_site_name":"J\u00f5eotsa elamurajoon","article_modified_time":"2025-07-15T10:07:05+00:00","og_image":[{"width":1024,"height":576,"url":"https:\/\/lvm.ee\/joeotsa\/wp-content\/uploads\/2025\/01\/render_3-1024x576.png","type":"image\/png"}],"twitter_card":"summary_large_image","twitter_misc":{"Est. reading time":"1 minute"},"schema":{"@context":"https:\/\/schema.org","@graph":[{"@type":"WebPage","@id":"https:\/\/lvm.ee\/joeotsa\/","url":"https:\/\/lvm.ee\/joeotsa\/","name":"J\u00f5eotsa elamurajoon","isPartOf":{"@id":"https:\/\/lvm.ee\/joeotsa\/#website"},"primaryImageOfPage":{"@id":"https:\/\/lvm.ee\/joeotsa\/#primaryimage"},"image":{"@id":"https:\/\/lvm.ee\/joeotsa\/#primaryimage"},"thumbnailUrl":"https:\/\/lvm.ee\/joeotsa\/wp-content\/uploads\/2025\/01\/render_3.png","datePublished":"2022-08-15T12:36:00+00:00","dateModified":"2025-07-15T10:07:05+00:00","description":"Arenev elurajoon P\u00e4rnu linna ja Valgeranna vahetus l\u00e4heduses.","breadcrumb":{"@id":"https:\/\/lvm.ee\/joeotsa\/#breadcrumb"},"inLanguage":"en-US","potentialAction":[{"@type":"ReadAction","target":["https:\/\/lvm.ee\/joeotsa\/"]}]},{"@type":"ImageObject","inLanguage":"en-US","@id":"https:\/\/lvm.ee\/joeotsa\/#primaryimage","url":"https:\/\/lvm.ee\/joeotsa\/wp-content\/uploads\/2025\/01\/render_3.png","contentUrl":"https:\/\/lvm.ee\/joeotsa\/wp-content\/uploads\/2025\/01\/render_3.png","width":2560,"height":1440},{"@type":"BreadcrumbList","@id":"https:\/\/lvm.ee\/joeotsa\/#breadcrumb","itemListElement":[{"@type":"ListItem","position":1,"name":"Home","item":"https:\/\/lvm.ee\/joeotsa\/"},{"@type":"ListItem","position":2,"name":"Avaleht"}]},{"@type":"WebSite","@id":"https:\/\/lvm.ee\/joeotsa\/#website","url":"https:\/\/lvm.ee\/joeotsa\/","name":"J\u00f5eotsa elamurajoon","description":"Elurajoon Papsaares","publisher":{"@id":"https:\/\/lvm.ee\/joeotsa\/#organization"},"potentialAction":[{"@type":"SearchAction","target":{"@type":"EntryPoint","urlTemplate":"https:\/\/lvm.ee\/joeotsa\/?s={search_term_string}"},"query-input":{"@type":"PropertyValueSpecification","valueRequired":true,"valueName":"search_term_string"}}],"inLanguage":"en-US"},{"@type":"Organization","@id":"https:\/\/lvm.ee\/joeotsa\/#organization","name":"J\u00f5eotsa elamurajoon","url":"https:\/\/lvm.ee\/joeotsa\/","logo":{"@type":"ImageObject","inLanguage":"en-US","@id":"https:\/\/lvm.ee\/joeotsa\/#\/schema\/logo\/image\/","url":"https:\/\/lvm.ee\/joeotsa\/wp-content\/uploads\/2022\/08\/LVM_Logo_valge2.svg","contentUrl":"https:\/\/lvm.ee\/joeotsa\/wp-content\/uploads\/2022\/08\/LVM_Logo_valge2.svg","width":343,"height":106,"caption":"J\u00f5eotsa elamurajoon"},"image":{"@id":"https:\/\/lvm.ee\/joeotsa\/#\/schema\/logo\/image\/"}}]}},"_links":{"self":[{"href":"https:\/\/lvm.ee\/joeotsa\/wp-json\/wp\/v2\/pages\/10"}],"collection":[{"href":"https:\/\/lvm.ee\/joeotsa\/wp-json\/wp\/v2\/pages"}],"about":[{"href":"https:\/\/lvm.ee\/joeotsa\/wp-json\/wp\/v2\/types\/page"}],"author":[{"embeddable":true,"href":"https:\/\/lvm.ee\/joeotsa\/wp-json\/wp\/v2\/users\/1"}],"replies":[{"embeddable":true,"href":"https:\/\/lvm.ee\/joeotsa\/wp-json\/wp\/v2\/comments?post=10"}],"version-history":[{"count":335,"href":"https:\/\/lvm.ee\/joeotsa\/wp-json\/wp\/v2\/pages\/10\/revisions"}],"predecessor-version":[{"id":1886,"href":"https:\/\/lvm.ee\/joeotsa\/wp-json\/wp\/v2\/pages\/10\/revisions\/1886"}],"wp:featuredmedia":[{"embeddable":true,"href":"https:\/\/lvm.ee\/joeotsa\/wp-json\/wp\/v2\/media\/1715"}],"wp:attachment":[{"href":"https:\/\/lvm.ee\/joeotsa\/wp-json\/wp\/v2\/media?parent=10"}],"curies":[{"name":"wp","href":"https:\/\/api.w.org\/{rel}","templated":true}]}}