{"id":10,"date":"2022-08-15T12:36:00","date_gmt":"2022-08-15T12:36:00","guid":{"rendered":"https:\/\/lvm.ee\/liiva-kodud\/?page_id=10"},"modified":"2025-02-17T12:37:02","modified_gmt":"2025-02-17T09:37:02","slug":"avaleht","status":"publish","type":"page","link":"https:\/\/lvm.ee\/liiva-kodud\/","title":{"rendered":"Avaleht"},"content":{"rendered":"\t\t<div data-elementor-type=\"wp-page\" data-elementor-id=\"10\" class=\"elementor elementor-10\" data-elementor-post-type=\"page\">\n\t\t\t\t<div class=\"elementor-element elementor-element-a36e428 e-flex e-con-boxed e-con e-parent\" data-id=\"a36e428\" data-element_type=\"container\" id=\"intro\" data-settings=\"{&quot;background_background&quot;:&quot;slideshow&quot;,&quot;background_slideshow_gallery&quot;:[{&quot;id&quot;:2409,&quot;url&quot;:&quot;https:\\\/\\\/lvm.ee\\\/liiva-kodud\\\/wp-content\\\/uploads\\\/2024\\\/02\\\/v3-2-scaled.jpg&quot;},{&quot;id&quot;:2408,&quot;url&quot;:&quot;https:\\\/\\\/lvm.ee\\\/liiva-kodud\\\/wp-content\\\/uploads\\\/2024\\\/02\\\/v2-2-scaled.jpg&quot;},{&quot;id&quot;:2407,&quot;url&quot;:&quot;https:\\\/\\\/lvm.ee\\\/liiva-kodud\\\/wp-content\\\/uploads\\\/2024\\\/02\\\/v1-2-scaled.jpg&quot;}],&quot;background_slideshow_transition_duration&quot;:1500,&quot;background_slideshow_loop&quot;:&quot;yes&quot;,&quot;background_slideshow_slide_duration&quot;:5000,&quot;background_slideshow_slide_transition&quot;:&quot;fade&quot;}\">\n\t\t\t\t\t<div class=\"e-con-inner\">\n\t\t\t\t<div class=\"elementor-element elementor-element-f961b2a elementor-widget__width-initial elementor-widget elementor-widget-heading\" data-id=\"f961b2a\" data-element_type=\"widget\" data-settings=\"{&quot;_animation&quot;:&quot;none&quot;}\" data-widget_type=\"heading.default\">\n\t\t\t\t<div class=\"elementor-widget-container\">\n\t\t\t<h1 class=\"elementor-heading-title elementor-size-default\"><b>Liiva kodud\u00b2 <\/b> kodud j\u00f5e ja mere vahel\n<\/h1>\t\t<\/div>\n\t\t\t\t<\/div>\n\t\t\t\t<div class=\"elementor-element elementor-element-b947f33 elementor-align-left elementor-widget elementor-widget-button\" data-id=\"b947f33\" data-element_type=\"widget\" data-settings=\"{&quot;_animation&quot;:&quot;none&quot;,&quot;_animation_delay&quot;:750}\" data-widget_type=\"button.default\">\n\t\t\t\t<div class=\"elementor-widget-container\">\n\t\t\t\t\t<div class=\"elementor-button-wrapper\">\n\t\t\t<a class=\"elementor-button elementor-button-link elementor-size-sm elementor-animation-float\" href=\"#02\">\n\t\t\t\t\t\t<span class=\"elementor-button-content-wrapper\">\n\t\t\t\t\t\t<span class=\"elementor-button-icon\">\n\t\t\t\t<svg xmlns=\"http:\/\/www.w3.org\/2000\/svg\" xmlns:xlink=\"http:\/\/www.w3.org\/1999\/xlink\" id=\"Layer_1\" x=\"0px\" y=\"0px\" viewBox=\"0 0 191 62\" xml:space=\"preserve\"><path d=\"M180.07,29.31l-28.46-18.13c-0.92-0.59-2.17-0.32-2.76,0.61s-0.32,2.17,0.61,2.76L172.14,29H11v4h161.14l-22.67,14.44 c-0.93,0.59-1.21,1.83-0.61,2.76c0.38,0.6,1.03,0.93,1.69,0.93c0.37,0,0.74-0.1,1.07-0.31l28.46-18.12c0.58-0.37,0.93-1,0.93-1.69 S180.65,29.68,180.07,29.31z\"><\/path><\/svg>\t\t\t<\/span>\n\t\t\t\t\t\t\t\t\t<span class=\"elementor-button-text\">L\u00e4hemalt \u2013 Riia mnt 73<\/span>\n\t\t\t\t\t<\/span>\n\t\t\t\t\t<\/a>\n\t\t<\/div>\n\t\t\t\t<\/div>\n\t\t\t\t<\/div>\n\t\t\t\t\t<\/div>\n\t\t\t\t<\/div>\n\t\t<div class=\"elementor-element elementor-element-605626e e-flex e-con-boxed e-con e-parent\" data-id=\"605626e\" data-element_type=\"container\" id=\"02\" data-settings=\"{&quot;background_background&quot;:&quot;classic&quot;}\">\n\t\t\t\t\t<div class=\"e-con-inner\">\n\t\t<div class=\"elementor-element elementor-element-655e29b e-con-full e-flex e-con e-child\" data-id=\"655e29b\" data-element_type=\"container\" data-settings=\"{&quot;background_background&quot;:&quot;classic&quot;}\">\n\t\t<div class=\"elementor-element elementor-element-2be2f85 e-con-full e-flex e-con e-child\" data-id=\"2be2f85\" data-element_type=\"container\">\n\t\t\t\t<div class=\"elementor-element elementor-element-cf2e670 elementor-widget__width-initial elementor-widget elementor-widget-heading\" data-id=\"cf2e670\" data-element_type=\"widget\" data-settings=\"{&quot;_animation&quot;:&quot;none&quot;}\" data-widget_type=\"heading.default\">\n\t\t\t\t<div class=\"elementor-widget-container\">\n\t\t\t<h1 class=\"elementor-heading-title elementor-size-default\">Riia mnt 73<\/h1>\t\t<\/div>\n\t\t\t\t<\/div>\n\t\t\t\t<\/div>\n\t\t<div class=\"elementor-element elementor-element-6914c71 e-con-full e-flex e-con e-child\" data-id=\"6914c71\" data-element_type=\"container\">\n\t\t\t\t<div class=\"elementor-element elementor-element-7ad357b elementor-widget__width-initial elementor-widget elementor-widget-text-editor\" data-id=\"7ad357b\" data-element_type=\"widget\" data-settings=\"{&quot;_animation&quot;:&quot;none&quot;,&quot;_animation_delay&quot;:500}\" data-widget_type=\"text-editor.default\">\n\t\t\t\t<div class=\"elementor-widget-container\">\n\t\t\t\t\t\t\t<p>Kesklinna l\u00e4heduses asuv ja milj\u00f6\u00f6v\u00e4\u00e4rtusega alale sobituv \u00e4rihoone \u2013 ideaalne valik suvekoduks v\u00f5i kasumlikuks \u00fc\u00fcriinvesteeringuks.<\/p>\n<p>Elamul domineerivad erisuunalised viilkatused koos katuse v\u00e4ljaehitistega, fassaadil tellisvoodri motiiv, avarad r\u00f5dud ja maast laeni aknapinnad.<\/p>\n<p>Majas asuvad esimesel korrusel 3 teeninduspinda ning teisel ja kolmandal korrusel 8 v\u00e4ikest maitsekat k\u00fclaliskorterit. Suured aknapinnad teevad korterid valgusk\u00fcllaseks ning naturaalse tammeparketiga kaetud p\u00f5randad toovad neisse hubasust.<\/p>\n<p>Panipaigad asuvad mugavalt esimesel korrusel ning autod saab parkida kinnises hoovis.<\/p>\n<p>Kesklinn, meri ja j\u00f5gi on k\u00f5ik siinsamas.&nbsp;<span style=\"color: var( --e-global-color-secondary );\">Jalutusk\u00e4igu kaugusele j\u00e4\u00e4vad Jaansoni rada, Suur-J\u00f5e Selver, bussipeatus, \u00dchisg\u00fcmnaasium.<\/span><\/p>\t\t\t\t\t\t<\/div>\n\t\t\t\t<\/div>\n\t\t\t\t<div class=\"elementor-element elementor-element-5422975 elementor-align-left elementor-widget elementor-widget-button\" data-id=\"5422975\" data-element_type=\"widget\" data-settings=\"{&quot;_animation&quot;:&quot;none&quot;,&quot;_animation_delay&quot;:750}\" data-widget_type=\"button.default\">\n\t\t\t\t<div class=\"elementor-widget-container\">\n\t\t\t\t\t<div class=\"elementor-button-wrapper\">\n\t\t\t<a class=\"elementor-button elementor-button-link elementor-size-sm elementor-animation-float\" href=\"https:\/\/lvm.ee\/liiva-kodud\/vaated\">\n\t\t\t\t\t\t<span class=\"elementor-button-content-wrapper\">\n\t\t\t\t\t\t<span class=\"elementor-button-icon\">\n\t\t\t\t<svg xmlns=\"http:\/\/www.w3.org\/2000\/svg\" xmlns:xlink=\"http:\/\/www.w3.org\/1999\/xlink\" id=\"Layer_1\" x=\"0px\" y=\"0px\" viewBox=\"0 0 191 62\" xml:space=\"preserve\"><path d=\"M180.07,29.31l-28.46-18.13c-0.92-0.59-2.17-0.32-2.76,0.61s-0.32,2.17,0.61,2.76L172.14,29H11v4h161.14l-22.67,14.44 c-0.93,0.59-1.21,1.83-0.61,2.76c0.38,0.6,1.03,0.93,1.69,0.93c0.37,0,0.74-0.1,1.07-0.31l28.46-18.12c0.58-0.37,0.93-1,0.93-1.69 S180.65,29.68,180.07,29.31z\"><\/path><\/svg>\t\t\t<\/span>\n\t\t\t\t\t\t\t\t\t<span class=\"elementor-button-text\">Vaata galeriid<\/span>\n\t\t\t\t\t<\/span>\n\t\t\t\t\t<\/a>\n\t\t<\/div>\n\t\t\t\t<\/div>\n\t\t\t\t<\/div>\n\t\t\t\t<\/div>\n\t\t\t\t<\/div>\n\t\t\t\t\t<\/div>\n\t\t\t\t<\/div>\n\t\t<div class=\"elementor-element elementor-element-f7b3606 e-con-full e-flex e-con e-parent\" data-id=\"f7b3606\" data-element_type=\"container\">\n\t\t\t\t<div class=\"elementor-element elementor-element-705615f elementor-widget elementor-widget-google_maps\" data-id=\"705615f\" data-element_type=\"widget\" data-widget_type=\"google_maps.default\">\n\t\t\t\t<div class=\"elementor-widget-container\">\n\t\t\t\t\t<div class=\"elementor-custom-embed\">\n\t\t\t<iframe loading=\"lazy\"\n\t\t\t\t\tsrc=\"https:\/\/maps.google.com\/maps?q=Riia%20mnt%2073%2C%20P%C3%A4rnu&#038;t=m&#038;z=14&#038;output=embed&#038;iwloc=near\"\n\t\t\t\t\ttitle=\"Riia mnt 73, P\u00e4rnu\"\n\t\t\t\t\taria-label=\"Riia mnt 73, P\u00e4rnu\"\n\t\t\t><\/iframe>\n\t\t<\/div>\n\t\t\t\t<\/div>\n\t\t\t\t<\/div>\n\t\t\t\t<\/div>\n\t\t\t\t<\/div>\n\t\t","protected":false},"excerpt":{"rendered":"<p>Liiva kodud\u00b2 kodud j\u00f5e ja mere vahel L\u00e4hemalt \u2013 Riia mnt 73 Riia mnt 73 Kesklinna l\u00e4heduses asuv ja milj\u00f6\u00f6v\u00e4\u00e4rtusega alale sobituv \u00e4rihoone \u2013 ideaalne valik suvekoduks v\u00f5i kasumlikuks \u00fc\u00fcriinvesteeringuks. Elamul domineerivad erisuunalised viilkatused koos katuse v\u00e4ljaehitistega, fassaadil tellisvoodri motiiv, avarad r\u00f5dud ja maast laeni aknapinnad. Majas asuvad esimesel korrusel 3 teeninduspinda ning teisel ja [&hellip;]<\/p>\n","protected":false},"author":1,"featured_media":2070,"parent":0,"menu_order":0,"comment_status":"closed","ping_status":"closed","template":"elementor_header_footer","meta":{"_acf_changed":false,"inline_featured_image":false,"footnotes":""},"class_list":["post-10","page","type-page","status-publish","has-post-thumbnail","hentry"],"acf":[],"yoast_head":"<!-- This site is optimized with the Yoast SEO plugin v23.6 - https:\/\/yoast.com\/wordpress\/plugins\/seo\/ -->\n<title>Liiva kodud - Riia mnt 73, P\u00e4rnu - LVM Kinnisvara<\/title>\n<meta name=\"description\" content=\"Kodud P\u00e4rnus mere ja j\u00f5e l\u00e4hedal. Hoone arhitektuurse idee aluseks on luua miljo\u0308o\u0308va\u0308a\u0308rtusega alale piirkonda sobituv sobiv eluhoone.\" \/>\n<meta name=\"robots\" content=\"index, follow, max-snippet:-1, max-image-preview:large, max-video-preview:-1\" \/>\n<link rel=\"canonical\" href=\"https:\/\/lvm.ee\/liiva-kodud\/\" \/>\n<meta property=\"og:locale\" content=\"en_US\" \/>\n<meta property=\"og:type\" content=\"article\" \/>\n<meta property=\"og:title\" content=\"Liiva kodud - Riia mnt 73, P\u00e4rnu - LVM Kinnisvara\" \/>\n<meta property=\"og:description\" content=\"Kodud P\u00e4rnus mere ja j\u00f5e l\u00e4hedal. Hoone arhitektuurse idee aluseks on luua miljo\u0308o\u0308va\u0308a\u0308rtusega alale piirkonda sobituv sobiv eluhoone.\" \/>\n<meta property=\"og:url\" content=\"https:\/\/lvm.ee\/liiva-kodud\/\" \/>\n<meta property=\"og:site_name\" content=\"Liiva kodud\" \/>\n<meta property=\"article:modified_time\" content=\"2025-02-17T09:37:02+00:00\" \/>\n<meta property=\"og:image\" content=\"https:\/\/lvm.ee\/liiva-kodud\/wp-content\/uploads\/2024\/01\/riiamnt73_1-1024x576.png\" \/>\n\t<meta property=\"og:image:width\" content=\"1024\" \/>\n\t<meta property=\"og:image:height\" content=\"576\" \/>\n\t<meta property=\"og:image:type\" content=\"image\/png\" \/>\n<meta name=\"twitter:card\" content=\"summary_large_image\" \/>\n<meta name=\"twitter:label1\" content=\"Est. reading time\" \/>\n\t<meta name=\"twitter:data1\" content=\"1 minute\" \/>\n<script type=\"application\/ld+json\" class=\"yoast-schema-graph\">{\"@context\":\"https:\/\/schema.org\",\"@graph\":[{\"@type\":\"WebPage\",\"@id\":\"https:\/\/lvm.ee\/liiva-kodud\/\",\"url\":\"https:\/\/lvm.ee\/liiva-kodud\/\",\"name\":\"Liiva kodud - Riia mnt 73, P\u00e4rnu - LVM Kinnisvara\",\"isPartOf\":{\"@id\":\"https:\/\/lvm.ee\/liiva-kodud\/#website\"},\"primaryImageOfPage\":{\"@id\":\"https:\/\/lvm.ee\/liiva-kodud\/#primaryimage\"},\"image\":{\"@id\":\"https:\/\/lvm.ee\/liiva-kodud\/#primaryimage\"},\"thumbnailUrl\":\"https:\/\/lvm.ee\/liiva-kodud\/wp-content\/uploads\/2024\/01\/riiamnt73_1.png\",\"datePublished\":\"2022-08-15T12:36:00+00:00\",\"dateModified\":\"2025-02-17T09:37:02+00:00\",\"description\":\"Kodud P\u00e4rnus mere ja j\u00f5e l\u00e4hedal. Hoone arhitektuurse idee aluseks on luua miljo\u0308o\u0308va\u0308a\u0308rtusega alale piirkonda sobituv sobiv eluhoone.\",\"breadcrumb\":{\"@id\":\"https:\/\/lvm.ee\/liiva-kodud\/#breadcrumb\"},\"inLanguage\":\"en\",\"potentialAction\":[{\"@type\":\"ReadAction\",\"target\":[\"https:\/\/lvm.ee\/liiva-kodud\/\"]}]},{\"@type\":\"ImageObject\",\"inLanguage\":\"en\",\"@id\":\"https:\/\/lvm.ee\/liiva-kodud\/#primaryimage\",\"url\":\"https:\/\/lvm.ee\/liiva-kodud\/wp-content\/uploads\/2024\/01\/riiamnt73_1.png\",\"contentUrl\":\"https:\/\/lvm.ee\/liiva-kodud\/wp-content\/uploads\/2024\/01\/riiamnt73_1.png\",\"width\":2500,\"height\":1406,\"caption\":\"Riia mnt 73 maja\"},{\"@type\":\"BreadcrumbList\",\"@id\":\"https:\/\/lvm.ee\/liiva-kodud\/#breadcrumb\",\"itemListElement\":[{\"@type\":\"ListItem\",\"position\":1,\"name\":\"Home\",\"item\":\"https:\/\/lvm.ee\/liiva-kodud\/\"},{\"@type\":\"ListItem\",\"position\":2,\"name\":\"Avaleht\"}]},{\"@type\":\"WebSite\",\"@id\":\"https:\/\/lvm.ee\/liiva-kodud\/#website\",\"url\":\"https:\/\/lvm.ee\/liiva-kodud\/\",\"name\":\"Liiva kodud\",\"description\":\"Kodud P&auml;rnus mere ja j&otilde;e l&auml;hedal\",\"publisher\":{\"@id\":\"https:\/\/lvm.ee\/liiva-kodud\/#organization\"},\"potentialAction\":[{\"@type\":\"SearchAction\",\"target\":{\"@type\":\"EntryPoint\",\"urlTemplate\":\"https:\/\/lvm.ee\/liiva-kodud\/?s={search_term_string}\"},\"query-input\":{\"@type\":\"PropertyValueSpecification\",\"valueRequired\":true,\"valueName\":\"search_term_string\"}}],\"inLanguage\":\"en\"},{\"@type\":\"Organization\",\"@id\":\"https:\/\/lvm.ee\/liiva-kodud\/#organization\",\"name\":\"Liiva kodud\",\"url\":\"https:\/\/lvm.ee\/liiva-kodud\/\",\"logo\":{\"@type\":\"ImageObject\",\"inLanguage\":\"en\",\"@id\":\"https:\/\/lvm.ee\/liiva-kodud\/#\/schema\/logo\/image\/\",\"url\":\"https:\/\/lvm.ee\/liiva-kodud\/wp-content\/uploads\/2022\/08\/LVM_Logo_valge2.svg\",\"contentUrl\":\"https:\/\/lvm.ee\/liiva-kodud\/wp-content\/uploads\/2022\/08\/LVM_Logo_valge2.svg\",\"width\":343,\"height\":106,\"caption\":\"Liiva kodud\"},\"image\":{\"@id\":\"https:\/\/lvm.ee\/liiva-kodud\/#\/schema\/logo\/image\/\"}}]}<\/script>\n<!-- \/ Yoast SEO plugin. -->","yoast_head_json":{"title":"Liiva kodud - Riia mnt 73, P\u00e4rnu - LVM Kinnisvara","description":"Kodud P\u00e4rnus mere ja j\u00f5e l\u00e4hedal. Hoone arhitektuurse idee aluseks on luua miljo\u0308o\u0308va\u0308a\u0308rtusega alale piirkonda sobituv sobiv eluhoone.","robots":{"index":"index","follow":"follow","max-snippet":"max-snippet:-1","max-image-preview":"max-image-preview:large","max-video-preview":"max-video-preview:-1"},"canonical":"https:\/\/lvm.ee\/liiva-kodud\/","og_locale":"en_US","og_type":"article","og_title":"Liiva kodud - Riia mnt 73, P\u00e4rnu - LVM Kinnisvara","og_description":"Kodud P\u00e4rnus mere ja j\u00f5e l\u00e4hedal. Hoone arhitektuurse idee aluseks on luua miljo\u0308o\u0308va\u0308a\u0308rtusega alale piirkonda sobituv sobiv eluhoone.","og_url":"https:\/\/lvm.ee\/liiva-kodud\/","og_site_name":"Liiva kodud","article_modified_time":"2025-02-17T09:37:02+00:00","og_image":[{"width":1024,"height":576,"url":"https:\/\/lvm.ee\/liiva-kodud\/wp-content\/uploads\/2024\/01\/riiamnt73_1-1024x576.png","type":"image\/png"}],"twitter_card":"summary_large_image","twitter_misc":{"Est. reading time":"1 minute"},"schema":{"@context":"https:\/\/schema.org","@graph":[{"@type":"WebPage","@id":"https:\/\/lvm.ee\/liiva-kodud\/","url":"https:\/\/lvm.ee\/liiva-kodud\/","name":"Liiva kodud - Riia mnt 73, P\u00e4rnu - LVM Kinnisvara","isPartOf":{"@id":"https:\/\/lvm.ee\/liiva-kodud\/#website"},"primaryImageOfPage":{"@id":"https:\/\/lvm.ee\/liiva-kodud\/#primaryimage"},"image":{"@id":"https:\/\/lvm.ee\/liiva-kodud\/#primaryimage"},"thumbnailUrl":"https:\/\/lvm.ee\/liiva-kodud\/wp-content\/uploads\/2024\/01\/riiamnt73_1.png","datePublished":"2022-08-15T12:36:00+00:00","dateModified":"2025-02-17T09:37:02+00:00","description":"Kodud P\u00e4rnus mere ja j\u00f5e l\u00e4hedal. Hoone arhitektuurse idee aluseks on luua miljo\u0308o\u0308va\u0308a\u0308rtusega alale piirkonda sobituv sobiv eluhoone.","breadcrumb":{"@id":"https:\/\/lvm.ee\/liiva-kodud\/#breadcrumb"},"inLanguage":"en","potentialAction":[{"@type":"ReadAction","target":["https:\/\/lvm.ee\/liiva-kodud\/"]}]},{"@type":"ImageObject","inLanguage":"en","@id":"https:\/\/lvm.ee\/liiva-kodud\/#primaryimage","url":"https:\/\/lvm.ee\/liiva-kodud\/wp-content\/uploads\/2024\/01\/riiamnt73_1.png","contentUrl":"https:\/\/lvm.ee\/liiva-kodud\/wp-content\/uploads\/2024\/01\/riiamnt73_1.png","width":2500,"height":1406,"caption":"Riia mnt 73 maja"},{"@type":"BreadcrumbList","@id":"https:\/\/lvm.ee\/liiva-kodud\/#breadcrumb","itemListElement":[{"@type":"ListItem","position":1,"name":"Home","item":"https:\/\/lvm.ee\/liiva-kodud\/"},{"@type":"ListItem","position":2,"name":"Avaleht"}]},{"@type":"WebSite","@id":"https:\/\/lvm.ee\/liiva-kodud\/#website","url":"https:\/\/lvm.ee\/liiva-kodud\/","name":"Liiva kodud","description":"Kodud P&auml;rnus mere ja j&otilde;e l&auml;hedal","publisher":{"@id":"https:\/\/lvm.ee\/liiva-kodud\/#organization"},"potentialAction":[{"@type":"SearchAction","target":{"@type":"EntryPoint","urlTemplate":"https:\/\/lvm.ee\/liiva-kodud\/?s={search_term_string}"},"query-input":{"@type":"PropertyValueSpecification","valueRequired":true,"valueName":"search_term_string"}}],"inLanguage":"en"},{"@type":"Organization","@id":"https:\/\/lvm.ee\/liiva-kodud\/#organization","name":"Liiva kodud","url":"https:\/\/lvm.ee\/liiva-kodud\/","logo":{"@type":"ImageObject","inLanguage":"en","@id":"https:\/\/lvm.ee\/liiva-kodud\/#\/schema\/logo\/image\/","url":"https:\/\/lvm.ee\/liiva-kodud\/wp-content\/uploads\/2022\/08\/LVM_Logo_valge2.svg","contentUrl":"https:\/\/lvm.ee\/liiva-kodud\/wp-content\/uploads\/2022\/08\/LVM_Logo_valge2.svg","width":343,"height":106,"caption":"Liiva kodud"},"image":{"@id":"https:\/\/lvm.ee\/liiva-kodud\/#\/schema\/logo\/image\/"}}]}},"_links":{"self":[{"href":"https:\/\/lvm.ee\/liiva-kodud\/wp-json\/wp\/v2\/pages\/10"}],"collection":[{"href":"https:\/\/lvm.ee\/liiva-kodud\/wp-json\/wp\/v2\/pages"}],"about":[{"href":"https:\/\/lvm.ee\/liiva-kodud\/wp-json\/wp\/v2\/types\/page"}],"author":[{"embeddable":true,"href":"https:\/\/lvm.ee\/liiva-kodud\/wp-json\/wp\/v2\/users\/1"}],"replies":[{"embeddable":true,"href":"https:\/\/lvm.ee\/liiva-kodud\/wp-json\/wp\/v2\/comments?post=10"}],"version-history":[{"count":486,"href":"https:\/\/lvm.ee\/liiva-kodud\/wp-json\/wp\/v2\/pages\/10\/revisions"}],"predecessor-version":[{"id":2732,"href":"https:\/\/lvm.ee\/liiva-kodud\/wp-json\/wp\/v2\/pages\/10\/revisions\/2732"}],"wp:featuredmedia":[{"embeddable":true,"href":"https:\/\/lvm.ee\/liiva-kodud\/wp-json\/wp\/v2\/media\/2070"}],"wp:attachment":[{"href":"https:\/\/lvm.ee\/liiva-kodud\/wp-json\/wp\/v2\/media?parent=10"}],"curies":[{"name":"wp","href":"https:\/\/api.w.org\/{rel}","templated":true}]}}