{"id":2144,"date":"2024-02-01T10:32:55","date_gmt":"2024-02-01T07:32:55","guid":{"rendered":"https:\/\/lvm.ee\/liiva-kodud\/?page_id=2144"},"modified":"2026-03-11T16:55:13","modified_gmt":"2026-03-11T13:55:13","slug":"myygiinfo","status":"publish","type":"page","link":"https:\/\/lvm.ee\/liiva-kodud\/myygiinfo\/","title":{"rendered":"M\u00fc\u00fcgiinfo"},"content":{"rendered":"\t\t<div data-elementor-type=\"wp-page\" data-elementor-id=\"2144\" class=\"elementor elementor-2144\" data-elementor-post-type=\"page\">\n\t\t\t\t<div class=\"elementor-element elementor-element-b3e36ff e-flex e-con-boxed e-con e-parent\" data-id=\"b3e36ff\" data-element_type=\"container\" data-settings=\"{&quot;background_background&quot;:&quot;classic&quot;}\">\n\t\t\t\t\t<div class=\"e-con-inner\">\n\t\t<div class=\"elementor-element elementor-element-018c335 e-flex e-con-boxed e-con e-child\" data-id=\"018c335\" data-element_type=\"container\">\n\t\t\t\t\t<div class=\"e-con-inner\">\n\t\t\t\t\t<\/div>\n\t\t\t\t<\/div>\n\t\t\t\t<div class=\"elementor-element elementor-element-3dfe733 elementor-widget__width-initial elementor-widget elementor-widget-heading\" data-id=\"3dfe733\" data-element_type=\"widget\" data-settings=\"{&quot;_animation&quot;:&quot;none&quot;}\" data-widget_type=\"heading.default\">\n\t\t\t\t<div class=\"elementor-widget-container\">\n\t\t\t<h1 class=\"elementor-heading-title elementor-size-default\">M\u00fc\u00fcgiinfo<\/h1>\t\t<\/div>\n\t\t\t\t<\/div>\n\t\t\t\t\t<\/div>\n\t\t\t\t<\/div>\n\t\t\t\t<section class=\"elementor-section elementor-top-section elementor-element elementor-element-b2a1a3e elementor-section-boxed elementor-section-height-default elementor-section-height-default\" data-id=\"b2a1a3e\" data-element_type=\"section\" data-settings=\"{&quot;background_background&quot;:&quot;classic&quot;}\">\n\t\t\t\t\t\t<div class=\"elementor-container elementor-column-gap-default\">\n\t\t\t\t\t<div class=\"elementor-column elementor-col-100 elementor-top-column elementor-element elementor-element-13aed01\" data-id=\"13aed01\" data-element_type=\"column\">\n\t\t\t<div class=\"elementor-widget-wrap\">\n\t\t\t\t\t\t\t<\/div>\n\t\t<\/div>\n\t\t\t\t\t<\/div>\n\t\t<\/section>\n\t\t<div class=\"elementor-element elementor-element-f8cb44e e-flex e-con-boxed e-con e-parent\" data-id=\"f8cb44e\" data-element_type=\"container\">\n\t\t\t\t\t<div class=\"e-con-inner\">\n\t\t<div class=\"elementor-element elementor-element-c66bb15 e-con-full e-flex e-con e-child\" data-id=\"c66bb15\" data-element_type=\"container\">\n\t\t\t\t<div class=\"elementor-element elementor-element-c2ebdc2 elementor-widget elementor-widget-heading\" data-id=\"c2ebdc2\" data-element_type=\"widget\" data-widget_type=\"heading.default\">\n\t\t\t\t<div class=\"elementor-widget-container\">\n\t\t\t<h2 class=\"elementor-heading-title elementor-size-default\">M\u00fc\u00fcgiinfo<\/h2>\t\t<\/div>\n\t\t\t\t<\/div>\n\t\t\t\t<div class=\"elementor-element elementor-element-7e34dce elementor-widget elementor-widget-text-editor\" data-id=\"7e34dce\" data-element_type=\"widget\" data-widget_type=\"text-editor.default\">\n\t\t\t\t<div class=\"elementor-widget-container\">\n\t\t\t\t\t\t\t<p>1. BRONEERIMISLEPING<\/p><p>Korteri broneerimisel s\u00f5lmitakse Ostjaga broneerimisleping. Ostja tasub M\u00fc\u00fcjale oma ostusoovi kinnitamiseks 2000 euro suuruse broneerimistasu.<\/p><p>2. V\u00d5LA\u00d5IGUSLIK M\u00dc\u00dcGILEPING<\/p><p>Ehitusj\u00e4rgus korterelamu Ostjaga s\u00f5lmitakse notariaalne v\u00f5la\u00f5iguslik m\u00fc\u00fcgileping koos ehitamiskohustusega, kus lepitakse kokku maja valmimist\u00e4htaeg, ehituses ja siseviimistluses kasutatavad materjalid, erikasutus\u00f5igused panipaigale ja parkimiskohale. V\u00f5la\u00f5igusliku m\u00fc\u00fcgilepingu s\u00f5lmimisel tasub Ostja 20% korteri m\u00fc\u00fcgihinnast.<\/p><p>3. ASJA\u00d5IGUSLEPING<\/p><p>Korterelamu ja korterite valmimise ja ehitust\u00f6\u00f6de Ostja poolse \u00fclevaatamise j\u00e4rgselt s\u00f5lmitakse notariaalne asja\u00f5iguslik leping, millega antakse Ostjale \u00fcle korteri omand. Ostja tasub 80% korteri m\u00fc\u00fcgihinnast ning ta saab valminud korteri v\u00f5tmed ja valduse.<\/p><p>KORTERIOMANDI M\u00dc\u00dcGIHINNAS SISALDUB:<\/p><ul><li>Korteri siseviimistlus vastavalt pakutud siseviimistluspaketile<\/li><li>Tehnov\u00f5rkude rajamise ja liitumise tasud (elekter, vesi, kanalisatsioon, ventilatsioon)<\/li><li>Valmidus side- ja kaabeltelevisiooni teenusega liitumiseks<\/li><li>Ventilatsioon<\/li><\/ul><p>KORTERIOMANDI M\u00dc\u00dcGIHINNAS EI SISALDU:<\/p><ul><li>Parkimiskoht<\/li><li>Panipaik<\/li><li>Tasud side- ja kaabeltelevisiooni teenusega liitumiseks<\/li><li>M\u00fc\u00fcgilepingu s\u00f5lmimisega seotud notaritasu ja riigil\u00f5iv<\/li><\/ul>\t\t\t\t\t\t<\/div>\n\t\t\t\t<\/div>\n\t\t\t\t<\/div>\n\t\t<div class=\"elementor-element elementor-element-b111471 e-con-full e-flex e-con e-child\" data-id=\"b111471\" data-element_type=\"container\">\n\t\t\t\t<div class=\"elementor-element elementor-element-fcbd742 elementor-widget elementor-widget-text-editor\" data-id=\"fcbd742\" data-element_type=\"widget\" data-widget_type=\"text-editor.default\">\n\t\t\t\t<div class=\"elementor-widget-container\">\n\t\t\t\t\t\t\t<div>Arendaja: Liiva Kodu O\u00dc, registrikood 16056132<\/div><div>Ehitusluba nr 1912271\/10321<\/div><div>Valmimise t\u00e4htaeg 2026.a s\u00fcgis.<\/div><div>Kasutusloa taotlemise kohustus on m\u00fc\u00fcjal, kasutusloa saamise t\u00e4htaeg 6 kuud ehitise valmimisest.<\/div>\t\t\t\t\t\t<\/div>\n\t\t\t\t<\/div>\n\t\t\t\t<\/div>\n\t\t\t\t\t<\/div>\n\t\t\t\t<\/div>\n\t\t\t\t<\/div>\n\t\t","protected":false},"excerpt":{"rendered":"<p>M\u00fc\u00fcgiinfo M\u00fc\u00fcgiinfo 1. BRONEERIMISLEPING Korteri broneerimisel s\u00f5lmitakse Ostjaga broneerimisleping. Ostja tasub M\u00fc\u00fcjale oma ostusoovi kinnitamiseks 2000 euro suuruse broneerimistasu. 2. V\u00d5LA\u00d5IGUSLIK M\u00dc\u00dcGILEPING Ehitusj\u00e4rgus korterelamu Ostjaga s\u00f5lmitakse notariaalne v\u00f5la\u00f5iguslik m\u00fc\u00fcgileping koos ehitamiskohustusega, kus lepitakse kokku maja valmimist\u00e4htaeg, ehituses ja siseviimistluses kasutatavad materjalid, erikasutus\u00f5igused panipaigale ja parkimiskohale. V\u00f5la\u00f5igusliku m\u00fc\u00fcgilepingu s\u00f5lmimisel tasub Ostja 20% korteri m\u00fc\u00fcgihinnast. 3. ASJA\u00d5IGUSLEPING [&hellip;]<\/p>\n","protected":false},"author":1,"featured_media":2070,"parent":0,"menu_order":0,"comment_status":"closed","ping_status":"closed","template":"","meta":{"_acf_changed":false,"inline_featured_image":false,"footnotes":""},"class_list":["post-2144","page","type-page","status-publish","has-post-thumbnail","hentry"],"acf":[],"yoast_head":"<!-- This site is optimized with the Yoast SEO plugin v23.6 - https:\/\/yoast.com\/wordpress\/plugins\/seo\/ -->\n<title>M\u00fc\u00fcgiinfo - Liiva kodud<\/title>\n<meta name=\"description\" content=\"Kodud P\u00e4rnus mere ja j\u00f5e l\u00e4hedal. Hoone arhitektuurse idee aluseks on luua miljo\u0308o\u0308va\u0308a\u0308rtusega alale piirkonda sobituv sobiv eluhoone.\" \/>\n<meta name=\"robots\" content=\"index, follow, max-snippet:-1, max-image-preview:large, max-video-preview:-1\" \/>\n<link rel=\"canonical\" href=\"https:\/\/lvm.ee\/liiva-kodud\/myygiinfo\/\" \/>\n<meta property=\"og:locale\" content=\"en_US\" \/>\n<meta property=\"og:type\" content=\"article\" \/>\n<meta property=\"og:title\" content=\"M\u00fc\u00fcgiinfo - Liiva kodud\" \/>\n<meta property=\"og:description\" content=\"Kodud P\u00e4rnus mere ja j\u00f5e l\u00e4hedal. Hoone arhitektuurse idee aluseks on luua miljo\u0308o\u0308va\u0308a\u0308rtusega alale piirkonda sobituv sobiv eluhoone.\" \/>\n<meta property=\"og:url\" content=\"https:\/\/lvm.ee\/liiva-kodud\/myygiinfo\/\" \/>\n<meta property=\"og:site_name\" content=\"Liiva kodud\" \/>\n<meta property=\"article:modified_time\" content=\"2026-03-11T13:55:13+00:00\" \/>\n<meta property=\"og:image\" content=\"https:\/\/lvm.ee\/liiva-kodud\/wp-content\/uploads\/2024\/01\/riiamnt73_1-1024x576.png\" \/>\n\t<meta property=\"og:image:width\" content=\"1024\" \/>\n\t<meta property=\"og:image:height\" content=\"576\" \/>\n\t<meta property=\"og:image:type\" content=\"image\/png\" \/>\n<meta name=\"twitter:card\" content=\"summary_large_image\" \/>\n<meta name=\"twitter:label1\" content=\"Est. reading time\" \/>\n\t<meta name=\"twitter:data1\" content=\"1 minute\" \/>\n<script type=\"application\/ld+json\" class=\"yoast-schema-graph\">{\"@context\":\"https:\/\/schema.org\",\"@graph\":[{\"@type\":\"WebPage\",\"@id\":\"https:\/\/lvm.ee\/liiva-kodud\/myygiinfo\/\",\"url\":\"https:\/\/lvm.ee\/liiva-kodud\/myygiinfo\/\",\"name\":\"M\u00fc\u00fcgiinfo - Liiva kodud\",\"isPartOf\":{\"@id\":\"https:\/\/lvm.ee\/liiva-kodud\/#website\"},\"primaryImageOfPage\":{\"@id\":\"https:\/\/lvm.ee\/liiva-kodud\/myygiinfo\/#primaryimage\"},\"image\":{\"@id\":\"https:\/\/lvm.ee\/liiva-kodud\/myygiinfo\/#primaryimage\"},\"thumbnailUrl\":\"https:\/\/lvm.ee\/liiva-kodud\/wp-content\/uploads\/2024\/01\/riiamnt73_1.png\",\"datePublished\":\"2024-02-01T07:32:55+00:00\",\"dateModified\":\"2026-03-11T13:55:13+00:00\",\"description\":\"Kodud P\u00e4rnus mere ja j\u00f5e l\u00e4hedal. Hoone arhitektuurse idee aluseks on luua miljo\u0308o\u0308va\u0308a\u0308rtusega alale piirkonda sobituv sobiv eluhoone.\",\"breadcrumb\":{\"@id\":\"https:\/\/lvm.ee\/liiva-kodud\/myygiinfo\/#breadcrumb\"},\"inLanguage\":\"en\",\"potentialAction\":[{\"@type\":\"ReadAction\",\"target\":[\"https:\/\/lvm.ee\/liiva-kodud\/myygiinfo\/\"]}]},{\"@type\":\"ImageObject\",\"inLanguage\":\"en\",\"@id\":\"https:\/\/lvm.ee\/liiva-kodud\/myygiinfo\/#primaryimage\",\"url\":\"https:\/\/lvm.ee\/liiva-kodud\/wp-content\/uploads\/2024\/01\/riiamnt73_1.png\",\"contentUrl\":\"https:\/\/lvm.ee\/liiva-kodud\/wp-content\/uploads\/2024\/01\/riiamnt73_1.png\",\"width\":2500,\"height\":1406,\"caption\":\"Riia mnt 73 maja\"},{\"@type\":\"BreadcrumbList\",\"@id\":\"https:\/\/lvm.ee\/liiva-kodud\/myygiinfo\/#breadcrumb\",\"itemListElement\":[{\"@type\":\"ListItem\",\"position\":1,\"name\":\"Home\",\"item\":\"https:\/\/lvm.ee\/liiva-kodud\/\"},{\"@type\":\"ListItem\",\"position\":2,\"name\":\"M\u00fc\u00fcgiinfo\"}]},{\"@type\":\"WebSite\",\"@id\":\"https:\/\/lvm.ee\/liiva-kodud\/#website\",\"url\":\"https:\/\/lvm.ee\/liiva-kodud\/\",\"name\":\"Liiva kodud\",\"description\":\"Kodud P&auml;rnus mere ja j&otilde;e l&auml;hedal\",\"publisher\":{\"@id\":\"https:\/\/lvm.ee\/liiva-kodud\/#organization\"},\"potentialAction\":[{\"@type\":\"SearchAction\",\"target\":{\"@type\":\"EntryPoint\",\"urlTemplate\":\"https:\/\/lvm.ee\/liiva-kodud\/?s={search_term_string}\"},\"query-input\":{\"@type\":\"PropertyValueSpecification\",\"valueRequired\":true,\"valueName\":\"search_term_string\"}}],\"inLanguage\":\"en\"},{\"@type\":\"Organization\",\"@id\":\"https:\/\/lvm.ee\/liiva-kodud\/#organization\",\"name\":\"Liiva kodud\",\"url\":\"https:\/\/lvm.ee\/liiva-kodud\/\",\"logo\":{\"@type\":\"ImageObject\",\"inLanguage\":\"en\",\"@id\":\"https:\/\/lvm.ee\/liiva-kodud\/#\/schema\/logo\/image\/\",\"url\":\"https:\/\/lvm.ee\/liiva-kodud\/wp-content\/uploads\/2022\/08\/LVM_Logo_valge2.svg\",\"contentUrl\":\"https:\/\/lvm.ee\/liiva-kodud\/wp-content\/uploads\/2022\/08\/LVM_Logo_valge2.svg\",\"width\":343,\"height\":106,\"caption\":\"Liiva kodud\"},\"image\":{\"@id\":\"https:\/\/lvm.ee\/liiva-kodud\/#\/schema\/logo\/image\/\"}}]}<\/script>\n<!-- \/ Yoast SEO plugin. -->","yoast_head_json":{"title":"M\u00fc\u00fcgiinfo - Liiva kodud","description":"Kodud P\u00e4rnus mere ja j\u00f5e l\u00e4hedal. Hoone arhitektuurse idee aluseks on luua miljo\u0308o\u0308va\u0308a\u0308rtusega alale piirkonda sobituv sobiv eluhoone.","robots":{"index":"index","follow":"follow","max-snippet":"max-snippet:-1","max-image-preview":"max-image-preview:large","max-video-preview":"max-video-preview:-1"},"canonical":"https:\/\/lvm.ee\/liiva-kodud\/myygiinfo\/","og_locale":"en_US","og_type":"article","og_title":"M\u00fc\u00fcgiinfo - Liiva kodud","og_description":"Kodud P\u00e4rnus mere ja j\u00f5e l\u00e4hedal. Hoone arhitektuurse idee aluseks on luua miljo\u0308o\u0308va\u0308a\u0308rtusega alale piirkonda sobituv sobiv eluhoone.","og_url":"https:\/\/lvm.ee\/liiva-kodud\/myygiinfo\/","og_site_name":"Liiva kodud","article_modified_time":"2026-03-11T13:55:13+00:00","og_image":[{"width":1024,"height":576,"url":"https:\/\/lvm.ee\/liiva-kodud\/wp-content\/uploads\/2024\/01\/riiamnt73_1-1024x576.png","type":"image\/png"}],"twitter_card":"summary_large_image","twitter_misc":{"Est. reading time":"1 minute"},"schema":{"@context":"https:\/\/schema.org","@graph":[{"@type":"WebPage","@id":"https:\/\/lvm.ee\/liiva-kodud\/myygiinfo\/","url":"https:\/\/lvm.ee\/liiva-kodud\/myygiinfo\/","name":"M\u00fc\u00fcgiinfo - Liiva kodud","isPartOf":{"@id":"https:\/\/lvm.ee\/liiva-kodud\/#website"},"primaryImageOfPage":{"@id":"https:\/\/lvm.ee\/liiva-kodud\/myygiinfo\/#primaryimage"},"image":{"@id":"https:\/\/lvm.ee\/liiva-kodud\/myygiinfo\/#primaryimage"},"thumbnailUrl":"https:\/\/lvm.ee\/liiva-kodud\/wp-content\/uploads\/2024\/01\/riiamnt73_1.png","datePublished":"2024-02-01T07:32:55+00:00","dateModified":"2026-03-11T13:55:13+00:00","description":"Kodud P\u00e4rnus mere ja j\u00f5e l\u00e4hedal. Hoone arhitektuurse idee aluseks on luua miljo\u0308o\u0308va\u0308a\u0308rtusega alale piirkonda sobituv sobiv eluhoone.","breadcrumb":{"@id":"https:\/\/lvm.ee\/liiva-kodud\/myygiinfo\/#breadcrumb"},"inLanguage":"en","potentialAction":[{"@type":"ReadAction","target":["https:\/\/lvm.ee\/liiva-kodud\/myygiinfo\/"]}]},{"@type":"ImageObject","inLanguage":"en","@id":"https:\/\/lvm.ee\/liiva-kodud\/myygiinfo\/#primaryimage","url":"https:\/\/lvm.ee\/liiva-kodud\/wp-content\/uploads\/2024\/01\/riiamnt73_1.png","contentUrl":"https:\/\/lvm.ee\/liiva-kodud\/wp-content\/uploads\/2024\/01\/riiamnt73_1.png","width":2500,"height":1406,"caption":"Riia mnt 73 maja"},{"@type":"BreadcrumbList","@id":"https:\/\/lvm.ee\/liiva-kodud\/myygiinfo\/#breadcrumb","itemListElement":[{"@type":"ListItem","position":1,"name":"Home","item":"https:\/\/lvm.ee\/liiva-kodud\/"},{"@type":"ListItem","position":2,"name":"M\u00fc\u00fcgiinfo"}]},{"@type":"WebSite","@id":"https:\/\/lvm.ee\/liiva-kodud\/#website","url":"https:\/\/lvm.ee\/liiva-kodud\/","name":"Liiva kodud","description":"Kodud P&auml;rnus mere ja j&otilde;e l&auml;hedal","publisher":{"@id":"https:\/\/lvm.ee\/liiva-kodud\/#organization"},"potentialAction":[{"@type":"SearchAction","target":{"@type":"EntryPoint","urlTemplate":"https:\/\/lvm.ee\/liiva-kodud\/?s={search_term_string}"},"query-input":{"@type":"PropertyValueSpecification","valueRequired":true,"valueName":"search_term_string"}}],"inLanguage":"en"},{"@type":"Organization","@id":"https:\/\/lvm.ee\/liiva-kodud\/#organization","name":"Liiva kodud","url":"https:\/\/lvm.ee\/liiva-kodud\/","logo":{"@type":"ImageObject","inLanguage":"en","@id":"https:\/\/lvm.ee\/liiva-kodud\/#\/schema\/logo\/image\/","url":"https:\/\/lvm.ee\/liiva-kodud\/wp-content\/uploads\/2022\/08\/LVM_Logo_valge2.svg","contentUrl":"https:\/\/lvm.ee\/liiva-kodud\/wp-content\/uploads\/2022\/08\/LVM_Logo_valge2.svg","width":343,"height":106,"caption":"Liiva kodud"},"image":{"@id":"https:\/\/lvm.ee\/liiva-kodud\/#\/schema\/logo\/image\/"}}]}},"_links":{"self":[{"href":"https:\/\/lvm.ee\/liiva-kodud\/wp-json\/wp\/v2\/pages\/2144"}],"collection":[{"href":"https:\/\/lvm.ee\/liiva-kodud\/wp-json\/wp\/v2\/pages"}],"about":[{"href":"https:\/\/lvm.ee\/liiva-kodud\/wp-json\/wp\/v2\/types\/page"}],"author":[{"embeddable":true,"href":"https:\/\/lvm.ee\/liiva-kodud\/wp-json\/wp\/v2\/users\/1"}],"replies":[{"embeddable":true,"href":"https:\/\/lvm.ee\/liiva-kodud\/wp-json\/wp\/v2\/comments?post=2144"}],"version-history":[{"count":62,"href":"https:\/\/lvm.ee\/liiva-kodud\/wp-json\/wp\/v2\/pages\/2144\/revisions"}],"predecessor-version":[{"id":2746,"href":"https:\/\/lvm.ee\/liiva-kodud\/wp-json\/wp\/v2\/pages\/2144\/revisions\/2746"}],"wp:featuredmedia":[{"embeddable":true,"href":"https:\/\/lvm.ee\/liiva-kodud\/wp-json\/wp\/v2\/media\/2070"}],"wp:attachment":[{"href":"https:\/\/lvm.ee\/liiva-kodud\/wp-json\/wp\/v2\/media?parent=2144"}],"curies":[{"name":"wp","href":"https:\/\/api.w.org\/{rel}","templated":true}]}}