{"id":2189,"date":"2024-02-01T13:41:24","date_gmt":"2024-02-01T10:41:24","guid":{"rendered":"https:\/\/lvm.ee\/liiva-kodud\/?page_id=2189"},"modified":"2024-02-15T18:03:31","modified_gmt":"2024-02-15T15:03:31","slug":"ehitusinfo","status":"publish","type":"page","link":"https:\/\/lvm.ee\/liiva-kodud\/ehitusinfo\/","title":{"rendered":"Ehitusinfo &#8211; Riia mnt 73"},"content":{"rendered":"\t\t<div data-elementor-type=\"wp-page\" data-elementor-id=\"2189\" class=\"elementor elementor-2189\" data-elementor-post-type=\"page\">\n\t\t\t\t<div class=\"elementor-element elementor-element-e0db517 e-flex e-con-boxed e-con e-parent\" data-id=\"e0db517\" data-element_type=\"container\" data-settings=\"{&quot;background_background&quot;:&quot;classic&quot;}\">\n\t\t\t\t\t<div class=\"e-con-inner\">\n\t\t<div class=\"elementor-element elementor-element-1e0aa27 e-flex e-con-boxed e-con e-child\" data-id=\"1e0aa27\" data-element_type=\"container\">\n\t\t\t\t\t<div class=\"e-con-inner\">\n\t\t\t\t\t<\/div>\n\t\t\t\t<\/div>\n\t\t\t\t<div class=\"elementor-element elementor-element-625c06f elementor-widget__width-initial elementor-widget elementor-widget-heading\" data-id=\"625c06f\" data-element_type=\"widget\" data-settings=\"{&quot;_animation&quot;:&quot;none&quot;}\" data-widget_type=\"heading.default\">\n\t\t\t\t<div class=\"elementor-widget-container\">\n\t\t\t<h1 class=\"elementor-heading-title elementor-size-default\">Ehitusinfo<\/h1>\t\t<\/div>\n\t\t\t\t<\/div>\n\t\t\t\t\t<\/div>\n\t\t\t\t<\/div>\n\t\t\t\t<section class=\"elementor-section elementor-top-section elementor-element elementor-element-b2a1a3e elementor-section-boxed elementor-section-height-default elementor-section-height-default\" data-id=\"b2a1a3e\" data-element_type=\"section\" data-settings=\"{&quot;background_background&quot;:&quot;classic&quot;}\">\n\t\t\t\t\t\t<div class=\"elementor-container elementor-column-gap-default\">\n\t\t\t\t\t<div class=\"elementor-column elementor-col-100 elementor-top-column elementor-element elementor-element-c727b60\" data-id=\"c727b60\" data-element_type=\"column\">\n\t\t\t<div class=\"elementor-widget-wrap\">\n\t\t\t\t\t\t\t<\/div>\n\t\t<\/div>\n\t\t\t\t\t<\/div>\n\t\t<\/section>\n\t\t<div class=\"elementor-element elementor-element-f8cb44e e-flex e-con-boxed e-con e-parent\" data-id=\"f8cb44e\" data-element_type=\"container\">\n\t\t\t\t\t<div class=\"e-con-inner\">\n\t\t<div class=\"elementor-element elementor-element-c66bb15 e-con-full e-flex e-con e-child\" data-id=\"c66bb15\" data-element_type=\"container\">\n\t\t\t\t<div class=\"elementor-element elementor-element-c2ebdc2 elementor-widget elementor-widget-heading\" data-id=\"c2ebdc2\" data-element_type=\"widget\" data-widget_type=\"heading.default\">\n\t\t\t\t<div class=\"elementor-widget-container\">\n\t\t\t<h2 class=\"elementor-heading-title elementor-size-default\">Hoone \u00fcldine iseloomustus<\/h2>\t\t<\/div>\n\t\t\t\t<\/div>\n\t\t\t\t<div class=\"elementor-element elementor-element-7e34dce elementor-widget elementor-widget-text-editor\" data-id=\"7e34dce\" data-element_type=\"widget\" data-widget_type=\"text-editor.default\">\n\t\t\t\t<div class=\"elementor-widget-container\">\n\t\t\t\t\t\t\t<ul><li>Vundament \u2013 lintvundament, krohvitud<\/li><li>Kandekonstruktsioon \u2013 betoonkivi<\/li><li>Vahelaed \u2013 raudbetoontalad ja \u00f5\u00f5nespaneelid<\/li><li>V\u00e4lisviimistlus \u2013 kiviimitatsiooniga fassaadiplaat<\/li><li>Katus \u2013 profiilplekk<\/li><li>Trepid \u2013 monteeritav raudbetoonkonstruktsioon<\/li><li>K\u00fcte \u2013 kaugk\u00fcte, majasisene soojas\u00f5lm, vesip\u00f5randak\u00fcttetorustik<\/li><li>Vesi-kanalisatsioon \u2013 linna trassist, soe vesi keskk\u00fctte baasil, veem\u00f5\u00f5tjatel kauglugemiss\u00fcsteem<\/li><li>Elekter \u2013 kahetariifne kaugloetav arvesti<\/li><li>N\u00f5rkvool \u2013 Cat 6 kaabeldus k\u00f5ikides tubades, korterite fonolukus\u00fcsteem uksekellaga<\/li><li>Ventilatsioon \u2013 soojustagastusega sundventilatsioon<\/li><li>K\u00f5nniteed ja hoone sissep\u00e4\u00e4su esine \u2013 betoonikivi<\/li><li>Sisses\u00f5iduteed hoovi ja parklad \u2013 asfaltkate<\/li><li>Haljastus \u2013 muru, ilupuud ja -p\u00f5\u00f5sad<\/li><li>Kinnistu piirded \u2013\u00a0 vertikaalsete puitlippidega piirdeaed, jalg- ja autov\u00e4rav<\/li><li>Elamu v\u00e4lisuks-\u00a0 soojustatud, alumiiniumkonstruktsiooniga klaasitud uks.<\/li><\/ul>\t\t\t\t\t\t<\/div>\n\t\t\t\t<\/div>\n\t\t\t\t<\/div>\n\t\t<div class=\"elementor-element elementor-element-b111471 e-con-full e-flex e-con e-child\" data-id=\"b111471\" data-element_type=\"container\">\n\t\t\t\t<div class=\"elementor-element elementor-element-81342f8 elementor-widget elementor-widget-text-editor\" data-id=\"81342f8\" data-element_type=\"widget\" data-widget_type=\"text-editor.default\">\n\t\t\t\t<div class=\"elementor-widget-container\">\n\t\t\t\t\t\t\t<ul><li>Aknad \u2013 plastprofiilist raam, kolmekordne klaaspakett<\/li><li>R\u00f5du piirded \u2013 teraspiirded<\/li><li>Korteri v\u00e4lisuks \u2013 tule ja helikindel uks<\/li><li>Korterite p\u00f5randad \u2013 puitparkett<\/li><li>Korterite siseseinad \u2013 betoonkivi krohvitud v\u00f5i metallkarkassil kipsplaat, seinad v\u00e4rvitud<\/li><li>Pesuruum\/WC \u2013 seinad ja p\u00f5randad viimistletud keraamilise plaadiga<\/li><li>Sanitaars\u00f5lm \u2013 Duravit valamu ja WC pott, Hansgrohe segistid, pesumasina paigaldamise valmidus<\/li><\/ul>\t\t\t\t\t\t<\/div>\n\t\t\t\t<\/div>\n\t\t\t\t<\/div>\n\t\t\t\t\t<\/div>\n\t\t\t\t<\/div>\n\t\t\t\t<\/div>\n\t\t","protected":false},"excerpt":{"rendered":"<p>Ehitusinfo Hoone \u00fcldine iseloomustus Vundament \u2013 lintvundament, krohvitud Kandekonstruktsioon \u2013 betoonkivi Vahelaed \u2013 raudbetoontalad ja \u00f5\u00f5nespaneelid V\u00e4lisviimistlus \u2013 kiviimitatsiooniga fassaadiplaat Katus \u2013 profiilplekk Trepid \u2013 monteeritav raudbetoonkonstruktsioon K\u00fcte \u2013 kaugk\u00fcte, majasisene soojas\u00f5lm, vesip\u00f5randak\u00fcttetorustik Vesi-kanalisatsioon \u2013 linna trassist, soe vesi keskk\u00fctte baasil, veem\u00f5\u00f5tjatel kauglugemiss\u00fcsteem Elekter \u2013 kahetariifne kaugloetav arvesti N\u00f5rkvool \u2013 Cat 6 kaabeldus k\u00f5ikides tubades, [&hellip;]<\/p>\n","protected":false},"author":1,"featured_media":2070,"parent":0,"menu_order":0,"comment_status":"closed","ping_status":"closed","template":"","meta":{"_acf_changed":false,"inline_featured_image":false,"footnotes":""},"class_list":["post-2189","page","type-page","status-publish","has-post-thumbnail","hentry"],"acf":[],"yoast_head":"<!-- This site is optimized with the Yoast SEO plugin v23.6 - https:\/\/yoast.com\/wordpress\/plugins\/seo\/ -->\n<title>Ehitusinfo - Riia mnt 73 - Liiva kodud<\/title>\n<meta name=\"description\" content=\"Kodud P\u00e4rnus mere ja j\u00f5e l\u00e4hedal. Hoone arhitektuurse idee aluseks on luua miljo\u0308o\u0308va\u0308a\u0308rtusega alale piirkonda sobituv sobiv eluhoone.\" \/>\n<meta name=\"robots\" content=\"index, follow, max-snippet:-1, max-image-preview:large, max-video-preview:-1\" \/>\n<link rel=\"canonical\" href=\"https:\/\/lvm.ee\/liiva-kodud\/ehitusinfo\/\" \/>\n<meta property=\"og:locale\" content=\"en_US\" \/>\n<meta property=\"og:type\" content=\"article\" \/>\n<meta property=\"og:title\" content=\"Ehitusinfo - Riia mnt 73 - Liiva kodud\" \/>\n<meta property=\"og:description\" content=\"Kodud P\u00e4rnus mere ja j\u00f5e l\u00e4hedal. Hoone arhitektuurse idee aluseks on luua miljo\u0308o\u0308va\u0308a\u0308rtusega alale piirkonda sobituv sobiv eluhoone.\" \/>\n<meta property=\"og:url\" content=\"https:\/\/lvm.ee\/liiva-kodud\/ehitusinfo\/\" \/>\n<meta property=\"og:site_name\" content=\"Liiva kodud\" \/>\n<meta property=\"article:modified_time\" content=\"2024-02-15T15:03:31+00:00\" \/>\n<meta property=\"og:image\" content=\"https:\/\/lvm.ee\/liiva-kodud\/wp-content\/uploads\/2024\/01\/riiamnt73_1-1024x576.png\" \/>\n\t<meta property=\"og:image:width\" content=\"1024\" \/>\n\t<meta property=\"og:image:height\" content=\"576\" \/>\n\t<meta property=\"og:image:type\" content=\"image\/png\" \/>\n<meta name=\"twitter:card\" content=\"summary_large_image\" \/>\n<meta name=\"twitter:label1\" content=\"Est. reading time\" \/>\n\t<meta name=\"twitter:data1\" content=\"1 minute\" \/>\n<script type=\"application\/ld+json\" class=\"yoast-schema-graph\">{\"@context\":\"https:\/\/schema.org\",\"@graph\":[{\"@type\":\"WebPage\",\"@id\":\"https:\/\/lvm.ee\/liiva-kodud\/ehitusinfo\/\",\"url\":\"https:\/\/lvm.ee\/liiva-kodud\/ehitusinfo\/\",\"name\":\"Ehitusinfo - Riia mnt 73 - Liiva kodud\",\"isPartOf\":{\"@id\":\"https:\/\/lvm.ee\/liiva-kodud\/#website\"},\"primaryImageOfPage\":{\"@id\":\"https:\/\/lvm.ee\/liiva-kodud\/ehitusinfo\/#primaryimage\"},\"image\":{\"@id\":\"https:\/\/lvm.ee\/liiva-kodud\/ehitusinfo\/#primaryimage\"},\"thumbnailUrl\":\"https:\/\/lvm.ee\/liiva-kodud\/wp-content\/uploads\/2024\/01\/riiamnt73_1.png\",\"datePublished\":\"2024-02-01T10:41:24+00:00\",\"dateModified\":\"2024-02-15T15:03:31+00:00\",\"description\":\"Kodud P\u00e4rnus mere ja j\u00f5e l\u00e4hedal. Hoone arhitektuurse idee aluseks on luua miljo\u0308o\u0308va\u0308a\u0308rtusega alale piirkonda sobituv sobiv eluhoone.\",\"breadcrumb\":{\"@id\":\"https:\/\/lvm.ee\/liiva-kodud\/ehitusinfo\/#breadcrumb\"},\"inLanguage\":\"en\",\"potentialAction\":[{\"@type\":\"ReadAction\",\"target\":[\"https:\/\/lvm.ee\/liiva-kodud\/ehitusinfo\/\"]}]},{\"@type\":\"ImageObject\",\"inLanguage\":\"en\",\"@id\":\"https:\/\/lvm.ee\/liiva-kodud\/ehitusinfo\/#primaryimage\",\"url\":\"https:\/\/lvm.ee\/liiva-kodud\/wp-content\/uploads\/2024\/01\/riiamnt73_1.png\",\"contentUrl\":\"https:\/\/lvm.ee\/liiva-kodud\/wp-content\/uploads\/2024\/01\/riiamnt73_1.png\",\"width\":2500,\"height\":1406,\"caption\":\"Riia mnt 73 maja\"},{\"@type\":\"BreadcrumbList\",\"@id\":\"https:\/\/lvm.ee\/liiva-kodud\/ehitusinfo\/#breadcrumb\",\"itemListElement\":[{\"@type\":\"ListItem\",\"position\":1,\"name\":\"Home\",\"item\":\"https:\/\/lvm.ee\/liiva-kodud\/\"},{\"@type\":\"ListItem\",\"position\":2,\"name\":\"Ehitusinfo &#8211; Riia mnt 73\"}]},{\"@type\":\"WebSite\",\"@id\":\"https:\/\/lvm.ee\/liiva-kodud\/#website\",\"url\":\"https:\/\/lvm.ee\/liiva-kodud\/\",\"name\":\"Liiva kodud\",\"description\":\"Kodud P&auml;rnus mere ja j&otilde;e l&auml;hedal\",\"publisher\":{\"@id\":\"https:\/\/lvm.ee\/liiva-kodud\/#organization\"},\"potentialAction\":[{\"@type\":\"SearchAction\",\"target\":{\"@type\":\"EntryPoint\",\"urlTemplate\":\"https:\/\/lvm.ee\/liiva-kodud\/?s={search_term_string}\"},\"query-input\":{\"@type\":\"PropertyValueSpecification\",\"valueRequired\":true,\"valueName\":\"search_term_string\"}}],\"inLanguage\":\"en\"},{\"@type\":\"Organization\",\"@id\":\"https:\/\/lvm.ee\/liiva-kodud\/#organization\",\"name\":\"Liiva kodud\",\"url\":\"https:\/\/lvm.ee\/liiva-kodud\/\",\"logo\":{\"@type\":\"ImageObject\",\"inLanguage\":\"en\",\"@id\":\"https:\/\/lvm.ee\/liiva-kodud\/#\/schema\/logo\/image\/\",\"url\":\"https:\/\/lvm.ee\/liiva-kodud\/wp-content\/uploads\/2022\/08\/LVM_Logo_valge2.svg\",\"contentUrl\":\"https:\/\/lvm.ee\/liiva-kodud\/wp-content\/uploads\/2022\/08\/LVM_Logo_valge2.svg\",\"width\":343,\"height\":106,\"caption\":\"Liiva kodud\"},\"image\":{\"@id\":\"https:\/\/lvm.ee\/liiva-kodud\/#\/schema\/logo\/image\/\"}}]}<\/script>\n<!-- \/ Yoast SEO plugin. -->","yoast_head_json":{"title":"Ehitusinfo - Riia mnt 73 - Liiva kodud","description":"Kodud P\u00e4rnus mere ja j\u00f5e l\u00e4hedal. Hoone arhitektuurse idee aluseks on luua miljo\u0308o\u0308va\u0308a\u0308rtusega alale piirkonda sobituv sobiv eluhoone.","robots":{"index":"index","follow":"follow","max-snippet":"max-snippet:-1","max-image-preview":"max-image-preview:large","max-video-preview":"max-video-preview:-1"},"canonical":"https:\/\/lvm.ee\/liiva-kodud\/ehitusinfo\/","og_locale":"en_US","og_type":"article","og_title":"Ehitusinfo - Riia mnt 73 - Liiva kodud","og_description":"Kodud P\u00e4rnus mere ja j\u00f5e l\u00e4hedal. Hoone arhitektuurse idee aluseks on luua miljo\u0308o\u0308va\u0308a\u0308rtusega alale piirkonda sobituv sobiv eluhoone.","og_url":"https:\/\/lvm.ee\/liiva-kodud\/ehitusinfo\/","og_site_name":"Liiva kodud","article_modified_time":"2024-02-15T15:03:31+00:00","og_image":[{"width":1024,"height":576,"url":"https:\/\/lvm.ee\/liiva-kodud\/wp-content\/uploads\/2024\/01\/riiamnt73_1-1024x576.png","type":"image\/png"}],"twitter_card":"summary_large_image","twitter_misc":{"Est. reading time":"1 minute"},"schema":{"@context":"https:\/\/schema.org","@graph":[{"@type":"WebPage","@id":"https:\/\/lvm.ee\/liiva-kodud\/ehitusinfo\/","url":"https:\/\/lvm.ee\/liiva-kodud\/ehitusinfo\/","name":"Ehitusinfo - Riia mnt 73 - Liiva kodud","isPartOf":{"@id":"https:\/\/lvm.ee\/liiva-kodud\/#website"},"primaryImageOfPage":{"@id":"https:\/\/lvm.ee\/liiva-kodud\/ehitusinfo\/#primaryimage"},"image":{"@id":"https:\/\/lvm.ee\/liiva-kodud\/ehitusinfo\/#primaryimage"},"thumbnailUrl":"https:\/\/lvm.ee\/liiva-kodud\/wp-content\/uploads\/2024\/01\/riiamnt73_1.png","datePublished":"2024-02-01T10:41:24+00:00","dateModified":"2024-02-15T15:03:31+00:00","description":"Kodud P\u00e4rnus mere ja j\u00f5e l\u00e4hedal. Hoone arhitektuurse idee aluseks on luua miljo\u0308o\u0308va\u0308a\u0308rtusega alale piirkonda sobituv sobiv eluhoone.","breadcrumb":{"@id":"https:\/\/lvm.ee\/liiva-kodud\/ehitusinfo\/#breadcrumb"},"inLanguage":"en","potentialAction":[{"@type":"ReadAction","target":["https:\/\/lvm.ee\/liiva-kodud\/ehitusinfo\/"]}]},{"@type":"ImageObject","inLanguage":"en","@id":"https:\/\/lvm.ee\/liiva-kodud\/ehitusinfo\/#primaryimage","url":"https:\/\/lvm.ee\/liiva-kodud\/wp-content\/uploads\/2024\/01\/riiamnt73_1.png","contentUrl":"https:\/\/lvm.ee\/liiva-kodud\/wp-content\/uploads\/2024\/01\/riiamnt73_1.png","width":2500,"height":1406,"caption":"Riia mnt 73 maja"},{"@type":"BreadcrumbList","@id":"https:\/\/lvm.ee\/liiva-kodud\/ehitusinfo\/#breadcrumb","itemListElement":[{"@type":"ListItem","position":1,"name":"Home","item":"https:\/\/lvm.ee\/liiva-kodud\/"},{"@type":"ListItem","position":2,"name":"Ehitusinfo &#8211; Riia mnt 73"}]},{"@type":"WebSite","@id":"https:\/\/lvm.ee\/liiva-kodud\/#website","url":"https:\/\/lvm.ee\/liiva-kodud\/","name":"Liiva kodud","description":"Kodud P&auml;rnus mere ja j&otilde;e l&auml;hedal","publisher":{"@id":"https:\/\/lvm.ee\/liiva-kodud\/#organization"},"potentialAction":[{"@type":"SearchAction","target":{"@type":"EntryPoint","urlTemplate":"https:\/\/lvm.ee\/liiva-kodud\/?s={search_term_string}"},"query-input":{"@type":"PropertyValueSpecification","valueRequired":true,"valueName":"search_term_string"}}],"inLanguage":"en"},{"@type":"Organization","@id":"https:\/\/lvm.ee\/liiva-kodud\/#organization","name":"Liiva kodud","url":"https:\/\/lvm.ee\/liiva-kodud\/","logo":{"@type":"ImageObject","inLanguage":"en","@id":"https:\/\/lvm.ee\/liiva-kodud\/#\/schema\/logo\/image\/","url":"https:\/\/lvm.ee\/liiva-kodud\/wp-content\/uploads\/2022\/08\/LVM_Logo_valge2.svg","contentUrl":"https:\/\/lvm.ee\/liiva-kodud\/wp-content\/uploads\/2022\/08\/LVM_Logo_valge2.svg","width":343,"height":106,"caption":"Liiva kodud"},"image":{"@id":"https:\/\/lvm.ee\/liiva-kodud\/#\/schema\/logo\/image\/"}}]}},"_links":{"self":[{"href":"https:\/\/lvm.ee\/liiva-kodud\/wp-json\/wp\/v2\/pages\/2189"}],"collection":[{"href":"https:\/\/lvm.ee\/liiva-kodud\/wp-json\/wp\/v2\/pages"}],"about":[{"href":"https:\/\/lvm.ee\/liiva-kodud\/wp-json\/wp\/v2\/types\/page"}],"author":[{"embeddable":true,"href":"https:\/\/lvm.ee\/liiva-kodud\/wp-json\/wp\/v2\/users\/1"}],"replies":[{"embeddable":true,"href":"https:\/\/lvm.ee\/liiva-kodud\/wp-json\/wp\/v2\/comments?post=2189"}],"version-history":[{"count":47,"href":"https:\/\/lvm.ee\/liiva-kodud\/wp-json\/wp\/v2\/pages\/2189\/revisions"}],"predecessor-version":[{"id":2421,"href":"https:\/\/lvm.ee\/liiva-kodud\/wp-json\/wp\/v2\/pages\/2189\/revisions\/2421"}],"wp:featuredmedia":[{"embeddable":true,"href":"https:\/\/lvm.ee\/liiva-kodud\/wp-json\/wp\/v2\/media\/2070"}],"wp:attachment":[{"href":"https:\/\/lvm.ee\/liiva-kodud\/wp-json\/wp\/v2\/media?parent=2189"}],"curies":[{"name":"wp","href":"https:\/\/api.w.org\/{rel}","templated":true}]}}