{"id":6434,"date":"2013-06-18T13:27:52","date_gmt":"2013-06-18T10:27:52","guid":{"rendered":"http:\/\/test.lvm.arendus.1kdigital.com\/kuidas-me-aitame-muua-sinu-kinnisvara-2\/"},"modified":"2022-05-07T22:44:45","modified_gmt":"2022-05-07T19:44:45","slug":"kuidas-me-aitame-muua-sinu-kinnisvara","status":"publish","type":"page","link":"https:\/\/lvm.ee\/ru\/kuidas-me-aitame-muua-sinu-kinnisvara\/","title":{"rendered":"\u041a\u0430\u043a \u043c\u044b \u043f\u043e\u043c\u043e\u0436\u0435\u043c \u043f\u0440\u043e\u0434\u0430\u0442\u044c \u0432\u0430\u0448\u0443 \u043d\u0435\u0434\u0432\u0438\u0436\u0438\u043c\u043e\u0441\u0442\u044c?"},"content":{"rendered":"<h1>V\u00f5ta \u00fchendust, et<br \/>\nsaada kinnisvara<br \/>\neest parim hind!<\/h1>\n<p>Kodu ei ole mitte ainult inimese kalleim ost, vaid tihti ka elu k\u00f5ige kallim m\u00fc\u00fck.<br \/>\nMe t\u00f6\u00f6tame kiirelt ja professionaalselt, et sa saaksid oma kinnisvara eest<br \/>\n\u00f5iglase hinna. <\/p>\n","protected":false},"excerpt":{"rendered":"<p>V\u00f5ta \u00fchendust, et saada kinnisvara eest parim hind! Kodu ei ole mitte ainult inimese kalleim ost, vaid tihti ka elu k\u00f5ige kallim m\u00fc\u00fck. Me t\u00f6\u00f6tame kiirelt ja professionaalselt, et sa saaksid oma kinnisvara eest \u00f5iglase hinna.<\/p>\n","protected":false},"author":1,"featured_media":22626,"parent":0,"menu_order":0,"comment_status":"closed","ping_status":"closed","template":"myyk.php","meta":{"inline_featured_image":false,"footnotes":""},"class_list":["post-6434","page","type-page","status-publish","has-post-thumbnail","hentry"],"yoast_head":"<!-- This site is optimized with the Yoast SEO plugin v27.3 - https:\/\/yoast.com\/product\/yoast-seo-wordpress\/ -->\n<title>\u041a\u0430\u043a \u043c\u044b \u043f\u043e\u043c\u043e\u0436\u0435\u043c \u043f\u0440\u043e\u0434\u0430\u0442\u044c \u0432\u0430\u0448\u0443 \u043d\u0435\u0434\u0432\u0438\u0436\u0438\u043c\u043e\u0441\u0442\u044c? - LVM Kinnisvara - \u0422\u0430\u043b\u043b\u0438\u043d\u043d, \u0422\u0430\u0440\u0442\u0443, \u041f\u044f\u0440\u043d\u0443<\/title>\n<meta name=\"robots\" content=\"index, follow, max-snippet:-1, max-image-preview:large, max-video-preview:-1\" \/>\n<link rel=\"canonical\" href=\"https:\/\/lvm.ee\/ru\/kuidas-me-aitame-muua-sinu-kinnisvara\/\" \/>\n<meta property=\"og:locale\" content=\"ru_RU\" \/>\n<meta property=\"og:type\" content=\"article\" \/>\n<meta property=\"og:title\" content=\"\u041a\u0430\u043a \u043c\u044b \u043f\u043e\u043c\u043e\u0436\u0435\u043c \u043f\u0440\u043e\u0434\u0430\u0442\u044c \u0432\u0430\u0448\u0443 \u043d\u0435\u0434\u0432\u0438\u0436\u0438\u043c\u043e\u0441\u0442\u044c? - LVM Kinnisvara - \u0422\u0430\u043b\u043b\u0438\u043d\u043d, \u0422\u0430\u0440\u0442\u0443, \u041f\u044f\u0440\u043d\u0443\" \/>\n<meta property=\"og:description\" content=\"V\u00f5ta \u00fchendust, et saada kinnisvara eest parim hind! Kodu ei ole mitte ainult inimese kalleim ost, vaid tihti ka elu k\u00f5ige kallim m\u00fc\u00fck. Me t\u00f6\u00f6tame kiirelt ja professionaalselt, et sa saaksid oma kinnisvara eest \u00f5iglase hinna.\" \/>\n<meta property=\"og:url\" content=\"https:\/\/lvm.ee\/ru\/kuidas-me-aitame-muua-sinu-kinnisvara\/\" \/>\n<meta property=\"og:site_name\" content=\"LVM Kinnisvara - \u0422\u0430\u043b\u043b\u0438\u043d\u043d, \u0422\u0430\u0440\u0442\u0443, \u041f\u044f\u0440\u043d\u0443\" \/>\n<meta property=\"article:publisher\" content=\"https:\/\/www.facebook.com\/lvmkinnisvara\" \/>\n<meta property=\"article:modified_time\" content=\"2022-05-07T19:44:45+00:00\" \/>\n<meta property=\"og:image\" content=\"https:\/\/lvm.ee\/wp-content\/uploads\/2022\/04\/Eve-Mai.png\" \/>\n\t<meta property=\"og:image:width\" content=\"1080\" \/>\n\t<meta property=\"og:image:height\" content=\"1080\" \/>\n\t<meta property=\"og:image:type\" content=\"image\/png\" \/>\n<meta name=\"twitter:card\" content=\"summary_large_image\" \/>\n<meta name=\"twitter:site\" content=\"@lvmkinnisvara\" \/>\n<script type=\"application\/ld+json\" class=\"yoast-schema-graph\">{\"@context\":\"https:\\\/\\\/schema.org\",\"@graph\":[{\"@type\":\"WebPage\",\"@id\":\"https:\\\/\\\/lvm.ee\\\/ru\\\/kuidas-me-aitame-muua-sinu-kinnisvara\\\/\",\"url\":\"https:\\\/\\\/lvm.ee\\\/ru\\\/kuidas-me-aitame-muua-sinu-kinnisvara\\\/\",\"name\":\"\u041a\u0430\u043a \u043c\u044b \u043f\u043e\u043c\u043e\u0436\u0435\u043c \u043f\u0440\u043e\u0434\u0430\u0442\u044c \u0432\u0430\u0448\u0443 \u043d\u0435\u0434\u0432\u0438\u0436\u0438\u043c\u043e\u0441\u0442\u044c? - LVM Kinnisvara - \u0422\u0430\u043b\u043b\u0438\u043d\u043d, \u0422\u0430\u0440\u0442\u0443, \u041f\u044f\u0440\u043d\u0443\",\"isPartOf\":{\"@id\":\"https:\\\/\\\/lvm.ee\\\/#website\"},\"primaryImageOfPage\":{\"@id\":\"https:\\\/\\\/lvm.ee\\\/ru\\\/kuidas-me-aitame-muua-sinu-kinnisvara\\\/#primaryimage\"},\"image\":{\"@id\":\"https:\\\/\\\/lvm.ee\\\/ru\\\/kuidas-me-aitame-muua-sinu-kinnisvara\\\/#primaryimage\"},\"thumbnailUrl\":\"https:\\\/\\\/lvm.ee\\\/wp-content\\\/uploads\\\/2022\\\/04\\\/Eve-Mai.png\",\"datePublished\":\"2013-06-18T10:27:52+00:00\",\"dateModified\":\"2022-05-07T19:44:45+00:00\",\"breadcrumb\":{\"@id\":\"https:\\\/\\\/lvm.ee\\\/ru\\\/kuidas-me-aitame-muua-sinu-kinnisvara\\\/#breadcrumb\"},\"inLanguage\":\"ru-RU\",\"potentialAction\":[{\"@type\":\"ReadAction\",\"target\":[\"https:\\\/\\\/lvm.ee\\\/ru\\\/kuidas-me-aitame-muua-sinu-kinnisvara\\\/\"]}]},{\"@type\":\"ImageObject\",\"inLanguage\":\"ru-RU\",\"@id\":\"https:\\\/\\\/lvm.ee\\\/ru\\\/kuidas-me-aitame-muua-sinu-kinnisvara\\\/#primaryimage\",\"url\":\"https:\\\/\\\/lvm.ee\\\/wp-content\\\/uploads\\\/2022\\\/04\\\/Eve-Mai.png\",\"contentUrl\":\"https:\\\/\\\/lvm.ee\\\/wp-content\\\/uploads\\\/2022\\\/04\\\/Eve-Mai.png\",\"width\":1080,\"height\":1080},{\"@type\":\"BreadcrumbList\",\"@id\":\"https:\\\/\\\/lvm.ee\\\/ru\\\/kuidas-me-aitame-muua-sinu-kinnisvara\\\/#breadcrumb\",\"itemListElement\":[{\"@type\":\"ListItem\",\"position\":1,\"name\":\"Home\",\"item\":\"https:\\\/\\\/lvm.ee\\\/\"},{\"@type\":\"ListItem\",\"position\":2,\"name\":\"\u041a\u0430\u043a \u043c\u044b \u043f\u043e\u043c\u043e\u0436\u0435\u043c \u043f\u0440\u043e\u0434\u0430\u0442\u044c \u0432\u0430\u0448\u0443 \u043d\u0435\u0434\u0432\u0438\u0436\u0438\u043c\u043e\u0441\u0442\u044c?\"}]},{\"@type\":\"WebSite\",\"@id\":\"https:\\\/\\\/lvm.ee\\\/#website\",\"url\":\"https:\\\/\\\/lvm.ee\\\/\",\"name\":\"LVM Kinnisvara - \u0422\u0430\u043b\u043b\u0438\u043d\u043d, \u0422\u0430\u0440\u0442\u0443, \u041f\u044f\u0440\u043d\u0443\",\"description\":\"\u0412\u0435\u0431-\u0441\u0442\u0440\u0430\u043d\u0438\u0446\u0430 LVM Kinnisvara\",\"publisher\":{\"@id\":\"https:\\\/\\\/lvm.ee\\\/#organization\"},\"potentialAction\":[{\"@type\":\"SearchAction\",\"target\":{\"@type\":\"EntryPoint\",\"urlTemplate\":\"https:\\\/\\\/lvm.ee\\\/?s={search_term_string}\"},\"query-input\":{\"@type\":\"PropertyValueSpecification\",\"valueRequired\":true,\"valueName\":\"search_term_string\"}}],\"inLanguage\":\"ru-RU\"},{\"@type\":\"Organization\",\"@id\":\"https:\\\/\\\/lvm.ee\\\/#organization\",\"name\":\"LVM Kinnisvara\",\"url\":\"https:\\\/\\\/lvm.ee\\\/\",\"logo\":{\"@type\":\"ImageObject\",\"inLanguage\":\"ru-RU\",\"@id\":\"https:\\\/\\\/lvm.ee\\\/#\\\/schema\\\/logo\\\/image\\\/\",\"url\":\"https:\\\/\\\/lvm.ee\\\/wp-content\\\/uploads\\\/2017\\\/12\\\/lvm.png\",\"contentUrl\":\"https:\\\/\\\/lvm.ee\\\/wp-content\\\/uploads\\\/2017\\\/12\\\/lvm.png\",\"width\":627,\"height\":180,\"caption\":\"LVM Kinnisvara\"},\"image\":{\"@id\":\"https:\\\/\\\/lvm.ee\\\/#\\\/schema\\\/logo\\\/image\\\/\"},\"sameAs\":[\"https:\\\/\\\/www.facebook.com\\\/lvmkinnisvara\",\"https:\\\/\\\/x.com\\\/lvmkinnisvara\",\"https:\\\/\\\/www.instagram.com\\\/lvmkinnisvara\\\/\"]}]}<\/script>\n<!-- \/ Yoast SEO plugin. -->","yoast_head_json":{"title":"\u041a\u0430\u043a \u043c\u044b \u043f\u043e\u043c\u043e\u0436\u0435\u043c \u043f\u0440\u043e\u0434\u0430\u0442\u044c \u0432\u0430\u0448\u0443 \u043d\u0435\u0434\u0432\u0438\u0436\u0438\u043c\u043e\u0441\u0442\u044c? - LVM Kinnisvara - \u0422\u0430\u043b\u043b\u0438\u043d\u043d, \u0422\u0430\u0440\u0442\u0443, \u041f\u044f\u0440\u043d\u0443","robots":{"index":"index","follow":"follow","max-snippet":"max-snippet:-1","max-image-preview":"max-image-preview:large","max-video-preview":"max-video-preview:-1"},"canonical":"https:\/\/lvm.ee\/ru\/kuidas-me-aitame-muua-sinu-kinnisvara\/","og_locale":"ru_RU","og_type":"article","og_title":"\u041a\u0430\u043a \u043c\u044b \u043f\u043e\u043c\u043e\u0436\u0435\u043c \u043f\u0440\u043e\u0434\u0430\u0442\u044c \u0432\u0430\u0448\u0443 \u043d\u0435\u0434\u0432\u0438\u0436\u0438\u043c\u043e\u0441\u0442\u044c? - LVM Kinnisvara - \u0422\u0430\u043b\u043b\u0438\u043d\u043d, \u0422\u0430\u0440\u0442\u0443, \u041f\u044f\u0440\u043d\u0443","og_description":"V\u00f5ta \u00fchendust, et saada kinnisvara eest parim hind! Kodu ei ole mitte ainult inimese kalleim ost, vaid tihti ka elu k\u00f5ige kallim m\u00fc\u00fck. Me t\u00f6\u00f6tame kiirelt ja professionaalselt, et sa saaksid oma kinnisvara eest \u00f5iglase hinna.","og_url":"https:\/\/lvm.ee\/ru\/kuidas-me-aitame-muua-sinu-kinnisvara\/","og_site_name":"LVM Kinnisvara - \u0422\u0430\u043b\u043b\u0438\u043d\u043d, \u0422\u0430\u0440\u0442\u0443, \u041f\u044f\u0440\u043d\u0443","article_publisher":"https:\/\/www.facebook.com\/lvmkinnisvara","article_modified_time":"2022-05-07T19:44:45+00:00","og_image":[{"width":1080,"height":1080,"url":"https:\/\/lvm.ee\/wp-content\/uploads\/2022\/04\/Eve-Mai.png","type":"image\/png"}],"twitter_card":"summary_large_image","twitter_site":"@lvmkinnisvara","schema":{"@context":"https:\/\/schema.org","@graph":[{"@type":"WebPage","@id":"https:\/\/lvm.ee\/ru\/kuidas-me-aitame-muua-sinu-kinnisvara\/","url":"https:\/\/lvm.ee\/ru\/kuidas-me-aitame-muua-sinu-kinnisvara\/","name":"\u041a\u0430\u043a \u043c\u044b \u043f\u043e\u043c\u043e\u0436\u0435\u043c \u043f\u0440\u043e\u0434\u0430\u0442\u044c \u0432\u0430\u0448\u0443 \u043d\u0435\u0434\u0432\u0438\u0436\u0438\u043c\u043e\u0441\u0442\u044c? - LVM Kinnisvara - \u0422\u0430\u043b\u043b\u0438\u043d\u043d, \u0422\u0430\u0440\u0442\u0443, \u041f\u044f\u0440\u043d\u0443","isPartOf":{"@id":"https:\/\/lvm.ee\/#website"},"primaryImageOfPage":{"@id":"https:\/\/lvm.ee\/ru\/kuidas-me-aitame-muua-sinu-kinnisvara\/#primaryimage"},"image":{"@id":"https:\/\/lvm.ee\/ru\/kuidas-me-aitame-muua-sinu-kinnisvara\/#primaryimage"},"thumbnailUrl":"https:\/\/lvm.ee\/wp-content\/uploads\/2022\/04\/Eve-Mai.png","datePublished":"2013-06-18T10:27:52+00:00","dateModified":"2022-05-07T19:44:45+00:00","breadcrumb":{"@id":"https:\/\/lvm.ee\/ru\/kuidas-me-aitame-muua-sinu-kinnisvara\/#breadcrumb"},"inLanguage":"ru-RU","potentialAction":[{"@type":"ReadAction","target":["https:\/\/lvm.ee\/ru\/kuidas-me-aitame-muua-sinu-kinnisvara\/"]}]},{"@type":"ImageObject","inLanguage":"ru-RU","@id":"https:\/\/lvm.ee\/ru\/kuidas-me-aitame-muua-sinu-kinnisvara\/#primaryimage","url":"https:\/\/lvm.ee\/wp-content\/uploads\/2022\/04\/Eve-Mai.png","contentUrl":"https:\/\/lvm.ee\/wp-content\/uploads\/2022\/04\/Eve-Mai.png","width":1080,"height":1080},{"@type":"BreadcrumbList","@id":"https:\/\/lvm.ee\/ru\/kuidas-me-aitame-muua-sinu-kinnisvara\/#breadcrumb","itemListElement":[{"@type":"ListItem","position":1,"name":"Home","item":"https:\/\/lvm.ee\/"},{"@type":"ListItem","position":2,"name":"\u041a\u0430\u043a \u043c\u044b \u043f\u043e\u043c\u043e\u0436\u0435\u043c \u043f\u0440\u043e\u0434\u0430\u0442\u044c \u0432\u0430\u0448\u0443 \u043d\u0435\u0434\u0432\u0438\u0436\u0438\u043c\u043e\u0441\u0442\u044c?"}]},{"@type":"WebSite","@id":"https:\/\/lvm.ee\/#website","url":"https:\/\/lvm.ee\/","name":"LVM Kinnisvara - \u0422\u0430\u043b\u043b\u0438\u043d\u043d, \u0422\u0430\u0440\u0442\u0443, \u041f\u044f\u0440\u043d\u0443","description":"\u0412\u0435\u0431-\u0441\u0442\u0440\u0430\u043d\u0438\u0446\u0430 LVM Kinnisvara","publisher":{"@id":"https:\/\/lvm.ee\/#organization"},"potentialAction":[{"@type":"SearchAction","target":{"@type":"EntryPoint","urlTemplate":"https:\/\/lvm.ee\/?s={search_term_string}"},"query-input":{"@type":"PropertyValueSpecification","valueRequired":true,"valueName":"search_term_string"}}],"inLanguage":"ru-RU"},{"@type":"Organization","@id":"https:\/\/lvm.ee\/#organization","name":"LVM Kinnisvara","url":"https:\/\/lvm.ee\/","logo":{"@type":"ImageObject","inLanguage":"ru-RU","@id":"https:\/\/lvm.ee\/#\/schema\/logo\/image\/","url":"https:\/\/lvm.ee\/wp-content\/uploads\/2017\/12\/lvm.png","contentUrl":"https:\/\/lvm.ee\/wp-content\/uploads\/2017\/12\/lvm.png","width":627,"height":180,"caption":"LVM Kinnisvara"},"image":{"@id":"https:\/\/lvm.ee\/#\/schema\/logo\/image\/"},"sameAs":["https:\/\/www.facebook.com\/lvmkinnisvara","https:\/\/x.com\/lvmkinnisvara","https:\/\/www.instagram.com\/lvmkinnisvara\/"]}]}},"_links":{"self":[{"href":"https:\/\/lvm.ee\/ru\/wp-json\/wp\/v2\/pages\/6434","targetHints":{"allow":["GET"]}}],"collection":[{"href":"https:\/\/lvm.ee\/ru\/wp-json\/wp\/v2\/pages"}],"about":[{"href":"https:\/\/lvm.ee\/ru\/wp-json\/wp\/v2\/types\/page"}],"author":[{"embeddable":true,"href":"https:\/\/lvm.ee\/ru\/wp-json\/wp\/v2\/users\/1"}],"replies":[{"embeddable":true,"href":"https:\/\/lvm.ee\/ru\/wp-json\/wp\/v2\/comments?post=6434"}],"version-history":[{"count":5,"href":"https:\/\/lvm.ee\/ru\/wp-json\/wp\/v2\/pages\/6434\/revisions"}],"predecessor-version":[{"id":22802,"href":"https:\/\/lvm.ee\/ru\/wp-json\/wp\/v2\/pages\/6434\/revisions\/22802"}],"wp:featuredmedia":[{"embeddable":true,"href":"https:\/\/lvm.ee\/ru\/wp-json\/wp\/v2\/media\/22626"}],"wp:attachment":[{"href":"https:\/\/lvm.ee\/ru\/wp-json\/wp\/v2\/media?parent=6434"}],"curies":[{"name":"wp","href":"https:\/\/api.w.org\/{rel}","templated":true}]}}