{"id":10,"date":"2022-08-15T12:36:00","date_gmt":"2022-08-15T12:36:00","guid":{"rendered":"https:\/\/lvm.ee\/savitec\/?page_id=10"},"modified":"2025-10-19T17:17:18","modified_gmt":"2025-10-19T14:17:18","slug":"avaleht","status":"publish","type":"page","link":"https:\/\/lvm.ee\/savitec\/","title":{"rendered":"Avaleht"},"content":{"rendered":"\t\t<div data-elementor-type=\"wp-page\" data-elementor-id=\"10\" class=\"elementor elementor-10\" data-elementor-post-type=\"page\">\n\t\t\t\t<div class=\"elementor-element elementor-element-a36e428 e-flex e-con-boxed e-con e-parent\" data-id=\"a36e428\" data-element_type=\"container\" id=\"intro\" data-settings=\"{&quot;background_background&quot;:&quot;classic&quot;}\">\n\t\t\t\t\t<div class=\"e-con-inner\">\n\t\t<div class=\"elementor-element elementor-element-86311f1 e-con-full e-flex e-con e-child\" data-id=\"86311f1\" data-element_type=\"container\">\n\t\t\t\t<div class=\"elementor-element elementor-element-5e34ee8 elementor-widget elementor-widget-spacer\" data-id=\"5e34ee8\" data-element_type=\"widget\" data-widget_type=\"spacer.default\">\n\t\t\t\t<div class=\"elementor-widget-container\">\n\t\t\t<style>\/*! elementor - v3.21.0 - 15-04-2024 *\/\n.elementor-column .elementor-spacer-inner{height:var(--spacer-size)}.e-con{--container-widget-width:100%}.e-con-inner>.elementor-widget-spacer,.e-con>.elementor-widget-spacer{width:var(--container-widget-width,var(--spacer-size));--align-self:var(--container-widget-align-self,initial);--flex-shrink:0}.e-con-inner>.elementor-widget-spacer>.elementor-widget-container,.e-con>.elementor-widget-spacer>.elementor-widget-container{height:100%;width:100%}.e-con-inner>.elementor-widget-spacer>.elementor-widget-container>.elementor-spacer,.e-con>.elementor-widget-spacer>.elementor-widget-container>.elementor-spacer{height:100%}.e-con-inner>.elementor-widget-spacer>.elementor-widget-container>.elementor-spacer>.elementor-spacer-inner,.e-con>.elementor-widget-spacer>.elementor-widget-container>.elementor-spacer>.elementor-spacer-inner{height:var(--container-widget-height,var(--spacer-size))}.e-con-inner>.elementor-widget-spacer.elementor-widget-empty,.e-con>.elementor-widget-spacer.elementor-widget-empty{position:relative;min-height:22px;min-width:22px}.e-con-inner>.elementor-widget-spacer.elementor-widget-empty .elementor-widget-empty-icon,.e-con>.elementor-widget-spacer.elementor-widget-empty .elementor-widget-empty-icon{position:absolute;top:0;bottom:0;left:0;right:0;margin:auto;padding:0;width:22px;height:22px}<\/style>\t\t<div class=\"elementor-spacer\">\n\t\t\t<div class=\"elementor-spacer-inner\"><\/div>\n\t\t<\/div>\n\t\t\t\t<\/div>\n\t\t\t\t<\/div>\n\t\t\t\t<div class=\"elementor-element elementor-element-f961b2a elementor-widget__width-initial elementor-absolute elementor-widget elementor-widget-heading\" data-id=\"f961b2a\" data-element_type=\"widget\" data-settings=\"{&quot;_animation&quot;:&quot;none&quot;,&quot;_position&quot;:&quot;absolute&quot;}\" data-widget_type=\"heading.default\">\n\t\t\t\t<div class=\"elementor-widget-container\">\n\t\t\t<style>\/*! elementor - v3.21.0 - 15-04-2024 *\/\n.elementor-heading-title{padding:0;margin:0;line-height:1}.elementor-widget-heading .elementor-heading-title[class*=elementor-size-]>a{color:inherit;font-size:inherit;line-height:inherit}.elementor-widget-heading .elementor-heading-title.elementor-size-small{font-size:15px}.elementor-widget-heading .elementor-heading-title.elementor-size-medium{font-size:19px}.elementor-widget-heading .elementor-heading-title.elementor-size-large{font-size:29px}.elementor-widget-heading .elementor-heading-title.elementor-size-xl{font-size:39px}.elementor-widget-heading .elementor-heading-title.elementor-size-xxl{font-size:59px}<\/style><h1 class=\"elementor-heading-title elementor-size-default\">Savitec \u00e4rikvartal<\/h1>\t\t<\/div>\n\t\t\t\t<\/div>\n\t\t\t\t<div class=\"elementor-element elementor-element-4a5c629 elementor-widget__width-initial elementor-absolute elementor-widget elementor-widget-heading\" data-id=\"4a5c629\" data-element_type=\"widget\" data-settings=\"{&quot;_animation&quot;:&quot;none&quot;,&quot;_position&quot;:&quot;absolute&quot;}\" data-widget_type=\"heading.default\">\n\t\t\t\t<div class=\"elementor-widget-container\">\n\t\t\t<h1 class=\"elementor-heading-title elementor-size-default\">Nutikas \u00e4ripind:<br>tulevik ootab sind<\/h1>\t\t<\/div>\n\t\t\t\t<\/div>\n\t\t<div class=\"elementor-element elementor-element-e9790c7 e-con-full e-flex e-con e-child\" data-id=\"e9790c7\" data-element_type=\"container\">\n\t\t\t\t<div class=\"elementor-element elementor-element-b947f33 elementor-align-left elementor-absolute elementor-widget elementor-widget-button\" data-id=\"b947f33\" data-element_type=\"widget\" data-settings=\"{&quot;_animation&quot;:&quot;none&quot;,&quot;_animation_delay&quot;:750,&quot;_position&quot;:&quot;absolute&quot;}\" data-widget_type=\"button.default\">\n\t\t\t\t<div class=\"elementor-widget-container\">\n\t\t\t\t\t<div class=\"elementor-button-wrapper\">\n\t\t\t<a class=\"elementor-button elementor-button-link elementor-size-sm elementor-animation-float\" href=\"#02\">\n\t\t\t\t\t\t<span class=\"elementor-button-content-wrapper\">\n\t\t\t\t\t\t<span class=\"elementor-button-icon elementor-align-icon-right\">\n\t\t\t\t<svg xmlns=\"http:\/\/www.w3.org\/2000\/svg\" xmlns:xlink=\"http:\/\/www.w3.org\/1999\/xlink\" id=\"Layer_1\" x=\"0px\" y=\"0px\" viewBox=\"0 0 191 62\" xml:space=\"preserve\"><path d=\"M180.07,29.31l-28.46-18.13c-0.92-0.59-2.17-0.32-2.76,0.61s-0.32,2.17,0.61,2.76L172.14,29H11v4h161.14l-22.67,14.44 c-0.93,0.59-1.21,1.83-0.61,2.76c0.38,0.6,1.03,0.93,1.69,0.93c0.37,0,0.74-0.1,1.07-0.31l28.46-18.12c0.58-0.37,0.93-1,0.93-1.69 S180.65,29.68,180.07,29.31z\"><\/path><\/svg>\t\t\t<\/span>\n\t\t\t\t\t\t\t\t\t<span class=\"elementor-button-text\">L\u00e4hemalt<\/span>\n\t\t\t\t\t<\/span>\n\t\t\t\t\t<\/a>\n\t\t<\/div>\n\t\t\t\t<\/div>\n\t\t\t\t<\/div>\n\t\t\t\t<\/div>\n\t\t\t\t<\/div>\n\t\t\t\t\t<\/div>\n\t\t\t\t<\/div>\n\t\t<div class=\"elementor-element elementor-element-2b27a2c e-flex e-con-boxed e-con e-parent\" data-id=\"2b27a2c\" data-element_type=\"container\" id=\"02\" data-settings=\"{&quot;background_background&quot;:&quot;classic&quot;}\">\n\t\t\t\t\t<div class=\"e-con-inner\">\n\t\t<div class=\"elementor-element elementor-element-8d98b08 e-con-full e-flex e-con e-child\" data-id=\"8d98b08\" data-element_type=\"container\">\n\t\t<div class=\"elementor-element elementor-element-422e87c e-con-full e-flex e-con e-child\" data-id=\"422e87c\" data-element_type=\"container\">\n\t\t\t\t<div class=\"elementor-element elementor-element-306abdf elementor-widget__width-initial elementor-widget elementor-widget-heading\" data-id=\"306abdf\" data-element_type=\"widget\" data-settings=\"{&quot;_animation&quot;:&quot;none&quot;}\" data-widget_type=\"heading.default\">\n\t\t\t\t<div class=\"elementor-widget-container\">\n\t\t\t<h1 class=\"elementor-heading-title elementor-size-default\">Kaasaegse ettev\u00f5tluse tippruumid<\/h1>\t\t<\/div>\n\t\t\t\t<\/div>\n\t\t\t\t<\/div>\n\t\t<div class=\"elementor-element elementor-element-f72f390 e-con-full e-flex e-con e-child\" data-id=\"f72f390\" data-element_type=\"container\">\n\t\t\t\t<div class=\"elementor-element elementor-element-1fa78db elementor-widget__width-initial elementor-widget elementor-widget-text-editor\" data-id=\"1fa78db\" data-element_type=\"widget\" data-settings=\"{&quot;_animation&quot;:&quot;none&quot;,&quot;_animation_delay&quot;:500}\" data-widget_type=\"text-editor.default\">\n\t\t\t\t<div class=\"elementor-widget-container\">\n\t\t\t<style>\/*! elementor - v3.21.0 - 15-04-2024 *\/\n.elementor-widget-text-editor.elementor-drop-cap-view-stacked .elementor-drop-cap{background-color:#69727d;color:#fff}.elementor-widget-text-editor.elementor-drop-cap-view-framed .elementor-drop-cap{color:#69727d;border:3px solid;background-color:transparent}.elementor-widget-text-editor:not(.elementor-drop-cap-view-default) .elementor-drop-cap{margin-top:8px}.elementor-widget-text-editor:not(.elementor-drop-cap-view-default) .elementor-drop-cap-letter{width:1em;height:1em}.elementor-widget-text-editor .elementor-drop-cap{float:left;text-align:center;line-height:1;font-size:50px}.elementor-widget-text-editor .elementor-drop-cap-letter{display:inline-block}<\/style>\t\t\t\t<p class=\"p1\">Savitec \u00e4rikvartal h\u00f5lmab viit kaasaegset hoonet, mis pakuvad v\u00e4ikeettev\u00f5tetele kohandatud esmaklassilisi ruume. Alates elegantsetest kontorikomplektidest kuni mitmek\u00fclgsete garaa\u017eibokside, lao- v\u00f5i tootmispindadeni.<\/p><p>Ehitatakse v\u00e4lja parklad, juurdep\u00e4\u00e4suteed, valgustus ja rajatakse haljastus.\u00a0<\/p>\t\t\t\t\t\t<\/div>\n\t\t\t\t<\/div>\n\t\t\t\t<div class=\"elementor-element elementor-element-385cdfa elementor-align-left elementor-widget elementor-widget-button\" data-id=\"385cdfa\" data-element_type=\"widget\" data-settings=\"{&quot;_animation&quot;:&quot;none&quot;,&quot;_animation_delay&quot;:750}\" data-widget_type=\"button.default\">\n\t\t\t\t<div class=\"elementor-widget-container\">\n\t\t\t\t\t<div class=\"elementor-button-wrapper\">\n\t\t\t<a class=\"elementor-button elementor-button-link elementor-size-sm elementor-animation-float\" href=\"https:\/\/lvm.ee\/savitec\/savi35\/\">\n\t\t\t\t\t\t<span class=\"elementor-button-content-wrapper\">\n\t\t\t\t\t\t<span class=\"elementor-button-icon elementor-align-icon-right\">\n\t\t\t\t<svg xmlns=\"http:\/\/www.w3.org\/2000\/svg\" xmlns:xlink=\"http:\/\/www.w3.org\/1999\/xlink\" id=\"Layer_1\" x=\"0px\" y=\"0px\" viewBox=\"0 0 191 62\" xml:space=\"preserve\"><path d=\"M180.07,29.31l-28.46-18.13c-0.92-0.59-2.17-0.32-2.76,0.61s-0.32,2.17,0.61,2.76L172.14,29H11v4h161.14l-22.67,14.44 c-0.93,0.59-1.21,1.83-0.61,2.76c0.38,0.6,1.03,0.93,1.69,0.93c0.37,0,0.74-0.1,1.07-0.31l28.46-18.12c0.58-0.37,0.93-1,0.93-1.69 S180.65,29.68,180.07,29.31z\"><\/path><\/svg>\t\t\t<\/span>\n\t\t\t\t\t\t\t\t\t<span class=\"elementor-button-text\">Vaata Savi 35 garaa\u017e-ladu<\/span>\n\t\t\t\t\t<\/span>\n\t\t\t\t\t<\/a>\n\t\t<\/div>\n\t\t\t\t<\/div>\n\t\t\t\t<\/div>\n\t\t\t\t<div class=\"elementor-element elementor-element-7c26988 elementor-align-left elementor-widget elementor-widget-button\" data-id=\"7c26988\" data-element_type=\"widget\" data-settings=\"{&quot;_animation&quot;:&quot;none&quot;,&quot;_animation_delay&quot;:750}\" data-widget_type=\"button.default\">\n\t\t\t\t<div class=\"elementor-widget-container\">\n\t\t\t\t\t<div class=\"elementor-button-wrapper\">\n\t\t\t<a class=\"elementor-button elementor-button-link elementor-size-sm elementor-animation-float\" href=\"https:\/\/lvm.ee\/savitec\/savi-35c\">\n\t\t\t\t\t\t<span class=\"elementor-button-content-wrapper\">\n\t\t\t\t\t\t<span class=\"elementor-button-icon elementor-align-icon-right\">\n\t\t\t\t<svg xmlns=\"http:\/\/www.w3.org\/2000\/svg\" xmlns:xlink=\"http:\/\/www.w3.org\/1999\/xlink\" id=\"Layer_1\" x=\"0px\" y=\"0px\" viewBox=\"0 0 191 62\" xml:space=\"preserve\"><path d=\"M180.07,29.31l-28.46-18.13c-0.92-0.59-2.17-0.32-2.76,0.61s-0.32,2.17,0.61,2.76L172.14,29H11v4h161.14l-22.67,14.44 c-0.93,0.59-1.21,1.83-0.61,2.76c0.38,0.6,1.03,0.93,1.69,0.93c0.37,0,0.74-0.1,1.07-0.31l28.46-18.12c0.58-0.37,0.93-1,0.93-1.69 S180.65,29.68,180.07,29.31z\"><\/path><\/svg>\t\t\t<\/span>\n\t\t\t\t\t\t\t\t\t<span class=\"elementor-button-text\">Vaata Savi 35c<\/span>\n\t\t\t\t\t<\/span>\n\t\t\t\t\t<\/a>\n\t\t<\/div>\n\t\t\t\t<\/div>\n\t\t\t\t<\/div>\n\t\t\t\t<\/div>\n\t\t\t\t<\/div>\n\t\t\t\t\t<\/div>\n\t\t\t\t<\/div>\n\t\t\t\t<\/div>\n\t\t","protected":false},"excerpt":{"rendered":"<p>Savitec \u00e4rikvartal Nutikas \u00e4ripind:tulevik ootab sind L\u00e4hemalt Kaasaegse ettev\u00f5tluse tippruumid Savitec \u00e4rikvartal h\u00f5lmab viit kaasaegset hoonet, mis pakuvad v\u00e4ikeettev\u00f5tetele kohandatud esmaklassilisi ruume. Alates elegantsetest kontorikomplektidest kuni mitmek\u00fclgsete garaa\u017eibokside, lao- v\u00f5i tootmispindadeni. Ehitatakse v\u00e4lja parklad, juurdep\u00e4\u00e4suteed, valgustus ja rajatakse haljastus.\u00a0 Vaata Savi 35 garaa\u017e-ladu Vaata Savi 35c<\/p>\n","protected":false},"author":1,"featured_media":2078,"parent":0,"menu_order":0,"comment_status":"closed","ping_status":"closed","template":"elementor_header_footer","meta":{"_acf_changed":false,"inline_featured_image":false,"footnotes":""},"class_list":["post-10","page","type-page","status-publish","has-post-thumbnail","hentry"],"acf":[],"yoast_head":"<!-- This site is optimized with the Yoast SEO plugin v22.5 - https:\/\/yoast.com\/wordpress\/plugins\/seo\/ -->\n<title>Savitec \u00e4rikvartal - Nutikas \u00e4ripind: tulevik ootab sind<\/title>\n<meta name=\"description\" content=\"Savitec \u00e4rikvartal h\u00f5lmab viit kaasaegset hoonet, mis pakuvad v\u00e4ikeettev\u00f5tetele kohandatud esmaklassilisi ruume.\" \/>\n<meta name=\"robots\" content=\"index, follow, max-snippet:-1, max-image-preview:large, max-video-preview:-1\" \/>\n<link rel=\"canonical\" href=\"https:\/\/lvm.ee\/savitec\/\" \/>\n<meta property=\"og:locale\" content=\"en_US\" \/>\n<meta property=\"og:type\" content=\"article\" \/>\n<meta property=\"og:title\" content=\"Savitec \u00e4rikvartal - Nutikas \u00e4ripind: tulevik ootab sind\" \/>\n<meta property=\"og:description\" content=\"Savitec \u00e4rikvartal h\u00f5lmab viit kaasaegset hoonet, mis pakuvad v\u00e4ikeettev\u00f5tetele kohandatud esmaklassilisi ruume.\" \/>\n<meta property=\"og:url\" content=\"https:\/\/lvm.ee\/savitec\/\" \/>\n<meta property=\"og:site_name\" content=\"Savitec &auml;rikvartal\" \/>\n<meta property=\"article:modified_time\" content=\"2025-10-19T14:17:18+00:00\" \/>\n<meta property=\"og:image\" content=\"https:\/\/lvm.ee\/savitec\/wp-content\/uploads\/2024\/04\/Pilt_3-1024x576.png\" \/>\n\t<meta property=\"og:image:width\" content=\"1024\" \/>\n\t<meta property=\"og:image:height\" content=\"576\" \/>\n\t<meta property=\"og:image:type\" content=\"image\/png\" \/>\n<meta name=\"twitter:card\" content=\"summary_large_image\" \/>\n<meta name=\"twitter:label1\" content=\"Est. reading time\" \/>\n\t<meta name=\"twitter:data1\" content=\"1 minute\" \/>\n<script type=\"application\/ld+json\" class=\"yoast-schema-graph\">{\"@context\":\"https:\/\/schema.org\",\"@graph\":[{\"@type\":\"WebPage\",\"@id\":\"https:\/\/lvm.ee\/savitec\/\",\"url\":\"https:\/\/lvm.ee\/savitec\/\",\"name\":\"Savitec \u00e4rikvartal - Nutikas \u00e4ripind: tulevik ootab sind\",\"isPartOf\":{\"@id\":\"https:\/\/lvm.ee\/savitec\/#website\"},\"primaryImageOfPage\":{\"@id\":\"https:\/\/lvm.ee\/savitec\/#primaryimage\"},\"image\":{\"@id\":\"https:\/\/lvm.ee\/savitec\/#primaryimage\"},\"thumbnailUrl\":\"https:\/\/lvm.ee\/savitec\/wp-content\/uploads\/2024\/04\/Pilt_3.png\",\"datePublished\":\"2022-08-15T12:36:00+00:00\",\"dateModified\":\"2025-10-19T14:17:18+00:00\",\"description\":\"Savitec \u00e4rikvartal h\u00f5lmab viit kaasaegset hoonet, mis pakuvad v\u00e4ikeettev\u00f5tetele kohandatud esmaklassilisi ruume.\",\"breadcrumb\":{\"@id\":\"https:\/\/lvm.ee\/savitec\/#breadcrumb\"},\"inLanguage\":\"en\",\"potentialAction\":[{\"@type\":\"ReadAction\",\"target\":[\"https:\/\/lvm.ee\/savitec\/\"]}]},{\"@type\":\"ImageObject\",\"inLanguage\":\"en\",\"@id\":\"https:\/\/lvm.ee\/savitec\/#primaryimage\",\"url\":\"https:\/\/lvm.ee\/savitec\/wp-content\/uploads\/2024\/04\/Pilt_3.png\",\"contentUrl\":\"https:\/\/lvm.ee\/savitec\/wp-content\/uploads\/2024\/04\/Pilt_3.png\",\"width\":1920,\"height\":1080},{\"@type\":\"BreadcrumbList\",\"@id\":\"https:\/\/lvm.ee\/savitec\/#breadcrumb\",\"itemListElement\":[{\"@type\":\"ListItem\",\"position\":1,\"name\":\"Home\",\"item\":\"https:\/\/lvm.ee\/savitec\/\"},{\"@type\":\"ListItem\",\"position\":2,\"name\":\"Avaleht\"}]},{\"@type\":\"WebSite\",\"@id\":\"https:\/\/lvm.ee\/savitec\/#website\",\"url\":\"https:\/\/lvm.ee\/savitec\/\",\"name\":\"Savitec &auml;rikvartal\",\"description\":\"Nutikas &auml;ripind: tulevik ootab sind\",\"publisher\":{\"@id\":\"https:\/\/lvm.ee\/savitec\/#organization\"},\"potentialAction\":[{\"@type\":\"SearchAction\",\"target\":{\"@type\":\"EntryPoint\",\"urlTemplate\":\"https:\/\/lvm.ee\/savitec\/?s={search_term_string}\"},\"query-input\":\"required name=search_term_string\"}],\"inLanguage\":\"en\"},{\"@type\":\"Organization\",\"@id\":\"https:\/\/lvm.ee\/savitec\/#organization\",\"name\":\"Savitec &auml;rikvartal\",\"url\":\"https:\/\/lvm.ee\/savitec\/\",\"logo\":{\"@type\":\"ImageObject\",\"inLanguage\":\"en\",\"@id\":\"https:\/\/lvm.ee\/savitec\/#\/schema\/logo\/image\/\",\"url\":\"https:\/\/lvm.ee\/savitec\/wp-content\/uploads\/2022\/08\/LVM_Logo_valge2.svg\",\"contentUrl\":\"https:\/\/lvm.ee\/savitec\/wp-content\/uploads\/2022\/08\/LVM_Logo_valge2.svg\",\"width\":343,\"height\":106,\"caption\":\"Savitec &auml;rikvartal\"},\"image\":{\"@id\":\"https:\/\/lvm.ee\/savitec\/#\/schema\/logo\/image\/\"}}]}<\/script>\n<!-- \/ Yoast SEO plugin. -->","yoast_head_json":{"title":"Savitec \u00e4rikvartal - Nutikas \u00e4ripind: tulevik ootab sind","description":"Savitec \u00e4rikvartal h\u00f5lmab viit kaasaegset hoonet, mis pakuvad v\u00e4ikeettev\u00f5tetele kohandatud esmaklassilisi ruume.","robots":{"index":"index","follow":"follow","max-snippet":"max-snippet:-1","max-image-preview":"max-image-preview:large","max-video-preview":"max-video-preview:-1"},"canonical":"https:\/\/lvm.ee\/savitec\/","og_locale":"en_US","og_type":"article","og_title":"Savitec \u00e4rikvartal - Nutikas \u00e4ripind: tulevik ootab sind","og_description":"Savitec \u00e4rikvartal h\u00f5lmab viit kaasaegset hoonet, mis pakuvad v\u00e4ikeettev\u00f5tetele kohandatud esmaklassilisi ruume.","og_url":"https:\/\/lvm.ee\/savitec\/","og_site_name":"Savitec &auml;rikvartal","article_modified_time":"2025-10-19T14:17:18+00:00","og_image":[{"width":1024,"height":576,"url":"https:\/\/lvm.ee\/savitec\/wp-content\/uploads\/2024\/04\/Pilt_3-1024x576.png","type":"image\/png"}],"twitter_card":"summary_large_image","twitter_misc":{"Est. reading time":"1 minute"},"schema":{"@context":"https:\/\/schema.org","@graph":[{"@type":"WebPage","@id":"https:\/\/lvm.ee\/savitec\/","url":"https:\/\/lvm.ee\/savitec\/","name":"Savitec \u00e4rikvartal - Nutikas \u00e4ripind: tulevik ootab sind","isPartOf":{"@id":"https:\/\/lvm.ee\/savitec\/#website"},"primaryImageOfPage":{"@id":"https:\/\/lvm.ee\/savitec\/#primaryimage"},"image":{"@id":"https:\/\/lvm.ee\/savitec\/#primaryimage"},"thumbnailUrl":"https:\/\/lvm.ee\/savitec\/wp-content\/uploads\/2024\/04\/Pilt_3.png","datePublished":"2022-08-15T12:36:00+00:00","dateModified":"2025-10-19T14:17:18+00:00","description":"Savitec \u00e4rikvartal h\u00f5lmab viit kaasaegset hoonet, mis pakuvad v\u00e4ikeettev\u00f5tetele kohandatud esmaklassilisi ruume.","breadcrumb":{"@id":"https:\/\/lvm.ee\/savitec\/#breadcrumb"},"inLanguage":"en","potentialAction":[{"@type":"ReadAction","target":["https:\/\/lvm.ee\/savitec\/"]}]},{"@type":"ImageObject","inLanguage":"en","@id":"https:\/\/lvm.ee\/savitec\/#primaryimage","url":"https:\/\/lvm.ee\/savitec\/wp-content\/uploads\/2024\/04\/Pilt_3.png","contentUrl":"https:\/\/lvm.ee\/savitec\/wp-content\/uploads\/2024\/04\/Pilt_3.png","width":1920,"height":1080},{"@type":"BreadcrumbList","@id":"https:\/\/lvm.ee\/savitec\/#breadcrumb","itemListElement":[{"@type":"ListItem","position":1,"name":"Home","item":"https:\/\/lvm.ee\/savitec\/"},{"@type":"ListItem","position":2,"name":"Avaleht"}]},{"@type":"WebSite","@id":"https:\/\/lvm.ee\/savitec\/#website","url":"https:\/\/lvm.ee\/savitec\/","name":"Savitec &auml;rikvartal","description":"Nutikas &auml;ripind: tulevik ootab sind","publisher":{"@id":"https:\/\/lvm.ee\/savitec\/#organization"},"potentialAction":[{"@type":"SearchAction","target":{"@type":"EntryPoint","urlTemplate":"https:\/\/lvm.ee\/savitec\/?s={search_term_string}"},"query-input":"required name=search_term_string"}],"inLanguage":"en"},{"@type":"Organization","@id":"https:\/\/lvm.ee\/savitec\/#organization","name":"Savitec &auml;rikvartal","url":"https:\/\/lvm.ee\/savitec\/","logo":{"@type":"ImageObject","inLanguage":"en","@id":"https:\/\/lvm.ee\/savitec\/#\/schema\/logo\/image\/","url":"https:\/\/lvm.ee\/savitec\/wp-content\/uploads\/2022\/08\/LVM_Logo_valge2.svg","contentUrl":"https:\/\/lvm.ee\/savitec\/wp-content\/uploads\/2022\/08\/LVM_Logo_valge2.svg","width":343,"height":106,"caption":"Savitec &auml;rikvartal"},"image":{"@id":"https:\/\/lvm.ee\/savitec\/#\/schema\/logo\/image\/"}}]}},"_links":{"self":[{"href":"https:\/\/lvm.ee\/savitec\/wp-json\/wp\/v2\/pages\/10","targetHints":{"allow":["GET"]}}],"collection":[{"href":"https:\/\/lvm.ee\/savitec\/wp-json\/wp\/v2\/pages"}],"about":[{"href":"https:\/\/lvm.ee\/savitec\/wp-json\/wp\/v2\/types\/page"}],"author":[{"embeddable":true,"href":"https:\/\/lvm.ee\/savitec\/wp-json\/wp\/v2\/users\/1"}],"replies":[{"embeddable":true,"href":"https:\/\/lvm.ee\/savitec\/wp-json\/wp\/v2\/comments?post=10"}],"version-history":[{"count":518,"href":"https:\/\/lvm.ee\/savitec\/wp-json\/wp\/v2\/pages\/10\/revisions"}],"predecessor-version":[{"id":2308,"href":"https:\/\/lvm.ee\/savitec\/wp-json\/wp\/v2\/pages\/10\/revisions\/2308"}],"wp:featuredmedia":[{"embeddable":true,"href":"https:\/\/lvm.ee\/savitec\/wp-json\/wp\/v2\/media\/2078"}],"wp:attachment":[{"href":"https:\/\/lvm.ee\/savitec\/wp-json\/wp\/v2\/media?parent=10"}],"curies":[{"name":"wp","href":"https:\/\/api.w.org\/{rel}","templated":true}]}}