{"id":10,"date":"2022-08-15T12:36:00","date_gmt":"2022-08-15T12:36:00","guid":{"rendered":"https:\/\/lvm.ee\/supluse\/?page_id=10"},"modified":"2024-11-21T09:05:29","modified_gmt":"2024-11-21T09:05:29","slug":"avaleht","status":"publish","type":"page","link":"https:\/\/lvm.ee\/supluse\/","title":{"rendered":"Avaleht"},"content":{"rendered":"\t\t<div data-elementor-type=\"wp-page\" data-elementor-id=\"10\" class=\"elementor elementor-10\" data-elementor-post-type=\"page\">\n\t\t\t\t<div class=\"elementor-element elementor-element-a36e428 e-flex e-con-boxed e-con e-parent\" data-id=\"a36e428\" data-element_type=\"container\" id=\"intro\" data-settings=\"{&quot;background_background&quot;:&quot;slideshow&quot;,&quot;background_slideshow_gallery&quot;:[{&quot;id&quot;:1604,&quot;url&quot;:&quot;https:\\\/\\\/lvm.ee\\\/supluse\\\/wp-content\\\/uploads\\\/2024\\\/09\\\/DJI_0032-scaled.jpg&quot;},{&quot;id&quot;:1603,&quot;url&quot;:&quot;https:\\\/\\\/lvm.ee\\\/supluse\\\/wp-content\\\/uploads\\\/2024\\\/09\\\/DJI_0021-scaled.jpg&quot;}],&quot;background_slideshow_slide_duration&quot;:70000,&quot;background_slideshow_transition_duration&quot;:1500,&quot;background_slideshow_loop&quot;:&quot;yes&quot;,&quot;background_slideshow_slide_transition&quot;:&quot;fade&quot;}\">\n\t\t\t\t\t<div class=\"e-con-inner\">\n\t\t<div class=\"elementor-element elementor-element-86311f1 e-con-full e-flex e-con e-child\" data-id=\"86311f1\" data-element_type=\"container\">\n\t\t<div class=\"elementor-element elementor-element-2fe8661 e-con-full e-flex e-con e-child\" data-id=\"2fe8661\" data-element_type=\"container\">\n\t\t\t\t<div class=\"elementor-element elementor-element-f961b2a elementor-widget__width-initial elementor-widget elementor-widget-heading\" data-id=\"f961b2a\" data-element_type=\"widget\" data-settings=\"{&quot;_animation&quot;:&quot;none&quot;}\" data-widget_type=\"heading.default\">\n\t\t\t\t<div class=\"elementor-widget-container\">\n\t\t\t<h1 class=\"elementor-heading-title elementor-size-default\">Supluse elamurajoon<\/h1>\t\t<\/div>\n\t\t\t\t<\/div>\n\t\t\t\t<\/div>\n\t\t<div class=\"elementor-element elementor-element-e9790c7 e-con-full e-flex e-con e-child\" data-id=\"e9790c7\" data-element_type=\"container\">\n\t\t\t\t<div class=\"elementor-element elementor-element-acd07aa elementor-widget__width-initial elementor-widget elementor-widget-text-editor\" data-id=\"acd07aa\" data-element_type=\"widget\" data-settings=\"{&quot;_animation&quot;:&quot;none&quot;,&quot;_animation_delay&quot;:500}\" data-widget_type=\"text-editor.default\">\n\t\t\t\t<div class=\"elementor-widget-container\">\n\t\t\t\t\t\t\t<p>Rahulik elukeskkond\u00a0<span style=\"color: var( --e-global-color-secondary ); text-align: var(--text-align);\">P\u00e4rnu j\u00f5e \u00e4\u00e4res.\u00a0<\/span><\/p>\t\t\t\t\t\t<\/div>\n\t\t\t\t<\/div>\n\t\t\t\t<div class=\"elementor-element elementor-element-b947f33 elementor-align-left elementor-widget elementor-widget-button\" data-id=\"b947f33\" data-element_type=\"widget\" data-settings=\"{&quot;_animation&quot;:&quot;none&quot;,&quot;_animation_delay&quot;:750}\" data-widget_type=\"button.default\">\n\t\t\t\t<div class=\"elementor-widget-container\">\n\t\t\t\t\t<div class=\"elementor-button-wrapper\">\n\t\t\t<a class=\"elementor-button elementor-button-link elementor-size-sm elementor-animation-float\" href=\"#02\">\n\t\t\t\t\t\t<span class=\"elementor-button-content-wrapper\">\n\t\t\t\t\t\t<span class=\"elementor-button-icon\">\n\t\t\t\t<svg xmlns=\"http:\/\/www.w3.org\/2000\/svg\" xmlns:xlink=\"http:\/\/www.w3.org\/1999\/xlink\" id=\"Layer_1\" x=\"0px\" y=\"0px\" viewBox=\"0 0 191 62\" xml:space=\"preserve\"><path d=\"M180.07,29.31l-28.46-18.13c-0.92-0.59-2.17-0.32-2.76,0.61s-0.32,2.17,0.61,2.76L172.14,29H11v4h161.14l-22.67,14.44 c-0.93,0.59-1.21,1.83-0.61,2.76c0.38,0.6,1.03,0.93,1.69,0.93c0.37,0,0.74-0.1,1.07-0.31l28.46-18.12c0.58-0.37,0.93-1,0.93-1.69 S180.65,29.68,180.07,29.31z\"><\/path><\/svg>\t\t\t<\/span>\n\t\t\t\t\t\t\t\t\t<span class=\"elementor-button-text\">L\u00e4hemalt<\/span>\n\t\t\t\t\t<\/span>\n\t\t\t\t\t<\/a>\n\t\t<\/div>\n\t\t\t\t<\/div>\n\t\t\t\t<\/div>\n\t\t\t\t<\/div>\n\t\t\t\t<\/div>\n\t\t\t\t\t<\/div>\n\t\t\t\t<\/div>\n\t\t<div class=\"elementor-element elementor-element-605626e e-flex e-con-boxed e-con e-parent\" data-id=\"605626e\" data-element_type=\"container\" id=\"02\" data-settings=\"{&quot;background_background&quot;:&quot;classic&quot;}\">\n\t\t\t\t\t<div class=\"e-con-inner\">\n\t\t<div class=\"elementor-element elementor-element-655e29b e-con-full e-flex e-con e-child\" data-id=\"655e29b\" data-element_type=\"container\">\n\t\t<div class=\"elementor-element elementor-element-2be2f85 e-con-full e-flex e-con e-child\" data-id=\"2be2f85\" data-element_type=\"container\">\n\t\t\t\t<div class=\"elementor-element elementor-element-cf2e670 elementor-widget__width-initial elementor-widget elementor-widget-heading\" data-id=\"cf2e670\" data-element_type=\"widget\" data-settings=\"{&quot;_animation&quot;:&quot;none&quot;}\" data-widget_type=\"heading.default\">\n\t\t\t\t<div class=\"elementor-widget-container\">\n\t\t\t<h1 class=\"elementor-heading-title elementor-size-default\">Tutvustus<\/h1>\t\t<\/div>\n\t\t\t\t<\/div>\n\t\t\t\t<\/div>\n\t\t<div class=\"elementor-element elementor-element-6914c71 e-con-full e-flex e-con e-child\" data-id=\"6914c71\" data-element_type=\"container\">\n\t\t\t\t<div class=\"elementor-element elementor-element-7ad357b elementor-widget__width-initial elementor-widget elementor-widget-text-editor\" data-id=\"7ad357b\" data-element_type=\"widget\" data-settings=\"{&quot;_animation&quot;:&quot;none&quot;,&quot;_animation_delay&quot;:500}\" data-widget_type=\"text-editor.default\">\n\t\t\t\t<div class=\"elementor-widget-container\">\n\t\t\t\t\t\t\t<p>Supluse elurajooni puhul on tegu Eesti vanimas, pea 11 000 aastat tagasi asustatud ajaloolises piirkonnas paikneva 40 kinnistust koosneva ansambliga P\u00e4rnu j\u00f5e kaldal.<\/p><p>Juba tol ajal hinnati turvalisust, rahulikku elukeskkonda ning head infrastruktuuri. Kuna samad v\u00e4\u00e4rtused on aukohal ka t\u00e4nasel p\u00e4eval, on loodud korralik asfalttee, mis tagab aastaringse vigadeta \u00fchenduse 9-minutilise s\u00f5idu kaugusel asuva P\u00e4rnu linnaga.<\/p><p>Veelgi l\u00e4hemal asuvad aga koolid ja lasteaiad \u2013 Sindi G\u00fcmnaasium, Paikuse P\u00f5hikool, Sindi Lasteaed, Paikuse Lasteaed Mesimumm ja Tammiste Lasteaed. Sama kehtib ka p\u00fchap\u00e4evahommikuse pannkoogimaterjali kohta, sest Sindi Konsum ja Maxima on oma laia valikuga m\u00f5nusa jalgrattas\u00f5idu kaugusel.<\/p><p>Lisaks sellele, et k\u00f5ik krundid avanevad l\u00e4\u00e4ne- ja loode ilmakaarde, on tagatud eksklusiivsed juurdep\u00e4\u00e4sud P\u00e4rnu j\u00f5ele igalt Supluse elurajooni krundilt. P\u00e4ikese susisev loojumine pehmesse P\u00e4rnu j\u00f5kke on siin sama maaliline kui 11 000 aastat tagasi!<\/p><p>\u00a0<\/p>\t\t\t\t\t\t<\/div>\n\t\t\t\t<\/div>\n\t\t\t\t<\/div>\n\t\t\t\t<\/div>\n\t\t\t\t\t<\/div>\n\t\t\t\t<\/div>\n\t\t\t\t<\/div>\n\t\t","protected":false},"excerpt":{"rendered":"<p>Supluse elamurajoon Rahulik elukeskkond\u00a0P\u00e4rnu j\u00f5e \u00e4\u00e4res.\u00a0 L\u00e4hemalt Tutvustus Supluse elurajooni puhul on tegu Eesti vanimas, pea 11 000 aastat tagasi asustatud ajaloolises piirkonnas paikneva 40 kinnistust koosneva ansambliga P\u00e4rnu j\u00f5e kaldal. Juba tol ajal hinnati turvalisust, rahulikku elukeskkonda ning head infrastruktuuri. Kuna samad v\u00e4\u00e4rtused on aukohal ka t\u00e4nasel p\u00e4eval, on loodud korralik asfalttee, mis tagab [&hellip;]<\/p>\n","protected":false},"author":1,"featured_media":0,"parent":0,"menu_order":0,"comment_status":"closed","ping_status":"closed","template":"elementor_header_footer","meta":{"inline_featured_image":false,"footnotes":""},"class_list":["post-10","page","type-page","status-publish","hentry"],"yoast_head":"<!-- This site is optimized with the Yoast SEO plugin v23.6 - https:\/\/yoast.com\/wordpress\/plugins\/seo\/ -->\n<title>Supluse elamurajoon<\/title>\n<meta name=\"description\" content=\"K\u00f5ik krundid avanevad l\u00e4\u00e4ne- ja loode ilmakaarde, on tagatud eksklusiivsed juurdep\u00e4\u00e4sud P\u00e4rnu j\u00f5ele igalt Supluse elurajooni krundilt. P\u00e4ikese susisev loojumine pehmesse P\u00e4rnu j\u00f5kke on siin sama maaliline kui 11 000 aastat tagasi!\" \/>\n<meta name=\"robots\" content=\"index, follow, max-snippet:-1, max-image-preview:large, max-video-preview:-1\" \/>\n<link rel=\"canonical\" href=\"https:\/\/lvm.ee\/supluse\/\" \/>\n<meta property=\"og:locale\" content=\"en_US\" \/>\n<meta property=\"og:type\" content=\"article\" \/>\n<meta property=\"og:title\" content=\"Supluse elamurajoon\" \/>\n<meta property=\"og:description\" content=\"K\u00f5ik krundid avanevad l\u00e4\u00e4ne- ja loode ilmakaarde, on tagatud eksklusiivsed juurdep\u00e4\u00e4sud P\u00e4rnu j\u00f5ele igalt Supluse elurajooni krundilt. P\u00e4ikese susisev loojumine pehmesse P\u00e4rnu j\u00f5kke on siin sama maaliline kui 11 000 aastat tagasi!\" \/>\n<meta property=\"og:url\" content=\"https:\/\/lvm.ee\/supluse\/\" \/>\n<meta property=\"og:site_name\" content=\"Supluse elamurajoon\" \/>\n<meta property=\"article:modified_time\" content=\"2024-11-21T09:05:29+00:00\" \/>\n<meta name=\"twitter:card\" content=\"summary_large_image\" \/>\n<meta name=\"twitter:label1\" content=\"Est. reading time\" \/>\n\t<meta name=\"twitter:data1\" content=\"1 minute\" \/>\n<script type=\"application\/ld+json\" class=\"yoast-schema-graph\">{\"@context\":\"https:\/\/schema.org\",\"@graph\":[{\"@type\":\"WebPage\",\"@id\":\"https:\/\/lvm.ee\/supluse\/\",\"url\":\"https:\/\/lvm.ee\/supluse\/\",\"name\":\"Supluse elamurajoon\",\"isPartOf\":{\"@id\":\"https:\/\/lvm.ee\/supluse\/#website\"},\"datePublished\":\"2022-08-15T12:36:00+00:00\",\"dateModified\":\"2024-11-21T09:05:29+00:00\",\"description\":\"K\u00f5ik krundid avanevad l\u00e4\u00e4ne- ja loode ilmakaarde, on tagatud eksklusiivsed juurdep\u00e4\u00e4sud P\u00e4rnu j\u00f5ele igalt Supluse elurajooni krundilt. P\u00e4ikese susisev loojumine pehmesse P\u00e4rnu j\u00f5kke on siin sama maaliline kui 11 000 aastat tagasi!\",\"breadcrumb\":{\"@id\":\"https:\/\/lvm.ee\/supluse\/#breadcrumb\"},\"inLanguage\":\"en\",\"potentialAction\":[{\"@type\":\"ReadAction\",\"target\":[\"https:\/\/lvm.ee\/supluse\/\"]}]},{\"@type\":\"BreadcrumbList\",\"@id\":\"https:\/\/lvm.ee\/supluse\/#breadcrumb\",\"itemListElement\":[{\"@type\":\"ListItem\",\"position\":1,\"name\":\"Home\",\"item\":\"https:\/\/lvm.ee\/supluse\/\"},{\"@type\":\"ListItem\",\"position\":2,\"name\":\"Avaleht\"}]},{\"@type\":\"WebSite\",\"@id\":\"https:\/\/lvm.ee\/supluse\/#website\",\"url\":\"https:\/\/lvm.ee\/supluse\/\",\"name\":\"Supluse elamurajoon\",\"description\":\"Rahulik elukeskkond P&auml;rnu j&otilde;e &auml;&auml;res\",\"publisher\":{\"@id\":\"https:\/\/lvm.ee\/supluse\/#organization\"},\"potentialAction\":[{\"@type\":\"SearchAction\",\"target\":{\"@type\":\"EntryPoint\",\"urlTemplate\":\"https:\/\/lvm.ee\/supluse\/?s={search_term_string}\"},\"query-input\":{\"@type\":\"PropertyValueSpecification\",\"valueRequired\":true,\"valueName\":\"search_term_string\"}}],\"inLanguage\":\"en\"},{\"@type\":\"Organization\",\"@id\":\"https:\/\/lvm.ee\/supluse\/#organization\",\"name\":\"Supluse elamurajoon\",\"url\":\"https:\/\/lvm.ee\/supluse\/\",\"logo\":{\"@type\":\"ImageObject\",\"inLanguage\":\"en\",\"@id\":\"https:\/\/lvm.ee\/supluse\/#\/schema\/logo\/image\/\",\"url\":\"https:\/\/lvm.ee\/supluse\/wp-content\/uploads\/2022\/08\/LVM_Logo_valge2.svg\",\"contentUrl\":\"https:\/\/lvm.ee\/supluse\/wp-content\/uploads\/2022\/08\/LVM_Logo_valge2.svg\",\"width\":343,\"height\":106,\"caption\":\"Supluse elamurajoon\"},\"image\":{\"@id\":\"https:\/\/lvm.ee\/supluse\/#\/schema\/logo\/image\/\"}}]}<\/script>\n<!-- \/ Yoast SEO plugin. -->","yoast_head_json":{"title":"Supluse elamurajoon","description":"K\u00f5ik krundid avanevad l\u00e4\u00e4ne- ja loode ilmakaarde, on tagatud eksklusiivsed juurdep\u00e4\u00e4sud P\u00e4rnu j\u00f5ele igalt Supluse elurajooni krundilt. P\u00e4ikese susisev loojumine pehmesse P\u00e4rnu j\u00f5kke on siin sama maaliline kui 11 000 aastat tagasi!","robots":{"index":"index","follow":"follow","max-snippet":"max-snippet:-1","max-image-preview":"max-image-preview:large","max-video-preview":"max-video-preview:-1"},"canonical":"https:\/\/lvm.ee\/supluse\/","og_locale":"en_US","og_type":"article","og_title":"Supluse elamurajoon","og_description":"K\u00f5ik krundid avanevad l\u00e4\u00e4ne- ja loode ilmakaarde, on tagatud eksklusiivsed juurdep\u00e4\u00e4sud P\u00e4rnu j\u00f5ele igalt Supluse elurajooni krundilt. P\u00e4ikese susisev loojumine pehmesse P\u00e4rnu j\u00f5kke on siin sama maaliline kui 11 000 aastat tagasi!","og_url":"https:\/\/lvm.ee\/supluse\/","og_site_name":"Supluse elamurajoon","article_modified_time":"2024-11-21T09:05:29+00:00","twitter_card":"summary_large_image","twitter_misc":{"Est. reading time":"1 minute"},"schema":{"@context":"https:\/\/schema.org","@graph":[{"@type":"WebPage","@id":"https:\/\/lvm.ee\/supluse\/","url":"https:\/\/lvm.ee\/supluse\/","name":"Supluse elamurajoon","isPartOf":{"@id":"https:\/\/lvm.ee\/supluse\/#website"},"datePublished":"2022-08-15T12:36:00+00:00","dateModified":"2024-11-21T09:05:29+00:00","description":"K\u00f5ik krundid avanevad l\u00e4\u00e4ne- ja loode ilmakaarde, on tagatud eksklusiivsed juurdep\u00e4\u00e4sud P\u00e4rnu j\u00f5ele igalt Supluse elurajooni krundilt. P\u00e4ikese susisev loojumine pehmesse P\u00e4rnu j\u00f5kke on siin sama maaliline kui 11 000 aastat tagasi!","breadcrumb":{"@id":"https:\/\/lvm.ee\/supluse\/#breadcrumb"},"inLanguage":"en","potentialAction":[{"@type":"ReadAction","target":["https:\/\/lvm.ee\/supluse\/"]}]},{"@type":"BreadcrumbList","@id":"https:\/\/lvm.ee\/supluse\/#breadcrumb","itemListElement":[{"@type":"ListItem","position":1,"name":"Home","item":"https:\/\/lvm.ee\/supluse\/"},{"@type":"ListItem","position":2,"name":"Avaleht"}]},{"@type":"WebSite","@id":"https:\/\/lvm.ee\/supluse\/#website","url":"https:\/\/lvm.ee\/supluse\/","name":"Supluse elamurajoon","description":"Rahulik elukeskkond P&auml;rnu j&otilde;e &auml;&auml;res","publisher":{"@id":"https:\/\/lvm.ee\/supluse\/#organization"},"potentialAction":[{"@type":"SearchAction","target":{"@type":"EntryPoint","urlTemplate":"https:\/\/lvm.ee\/supluse\/?s={search_term_string}"},"query-input":{"@type":"PropertyValueSpecification","valueRequired":true,"valueName":"search_term_string"}}],"inLanguage":"en"},{"@type":"Organization","@id":"https:\/\/lvm.ee\/supluse\/#organization","name":"Supluse elamurajoon","url":"https:\/\/lvm.ee\/supluse\/","logo":{"@type":"ImageObject","inLanguage":"en","@id":"https:\/\/lvm.ee\/supluse\/#\/schema\/logo\/image\/","url":"https:\/\/lvm.ee\/supluse\/wp-content\/uploads\/2022\/08\/LVM_Logo_valge2.svg","contentUrl":"https:\/\/lvm.ee\/supluse\/wp-content\/uploads\/2022\/08\/LVM_Logo_valge2.svg","width":343,"height":106,"caption":"Supluse elamurajoon"},"image":{"@id":"https:\/\/lvm.ee\/supluse\/#\/schema\/logo\/image\/"}}]}},"_links":{"self":[{"href":"https:\/\/lvm.ee\/supluse\/wp-json\/wp\/v2\/pages\/10"}],"collection":[{"href":"https:\/\/lvm.ee\/supluse\/wp-json\/wp\/v2\/pages"}],"about":[{"href":"https:\/\/lvm.ee\/supluse\/wp-json\/wp\/v2\/types\/page"}],"author":[{"embeddable":true,"href":"https:\/\/lvm.ee\/supluse\/wp-json\/wp\/v2\/users\/1"}],"replies":[{"embeddable":true,"href":"https:\/\/lvm.ee\/supluse\/wp-json\/wp\/v2\/comments?post=10"}],"version-history":[{"count":312,"href":"https:\/\/lvm.ee\/supluse\/wp-json\/wp\/v2\/pages\/10\/revisions"}],"predecessor-version":[{"id":1648,"href":"https:\/\/lvm.ee\/supluse\/wp-json\/wp\/v2\/pages\/10\/revisions\/1648"}],"wp:attachment":[{"href":"https:\/\/lvm.ee\/supluse\/wp-json\/wp\/v2\/media?parent=10"}],"curies":[{"name":"wp","href":"https:\/\/api.w.org\/{rel}","templated":true}]}}