{"id":232,"date":"2022-08-17T11:09:47","date_gmt":"2022-08-17T11:09:47","guid":{"rendered":"https:\/\/lvm.ee\/supluse\/?page_id=232"},"modified":"2024-09-19T09:22:30","modified_gmt":"2024-09-19T09:22:30","slug":"asukoht","status":"publish","type":"page","link":"https:\/\/lvm.ee\/supluse\/asukoht\/","title":{"rendered":"Asukoht"},"content":{"rendered":"\t\t<div data-elementor-type=\"wp-page\" data-elementor-id=\"232\" class=\"elementor elementor-232\" data-elementor-post-type=\"page\">\n\t\t\t\t<div class=\"elementor-element elementor-element-6d5679d e-con-full e-flex e-con e-parent\" data-id=\"6d5679d\" data-element_type=\"container\" data-settings=\"{&quot;background_background&quot;:&quot;classic&quot;}\">\n\t\t\t\t<\/div>\n\t\t<div class=\"elementor-element elementor-element-d21fe96 e-flex e-con-boxed e-con e-parent\" data-id=\"d21fe96\" data-element_type=\"container\">\n\t\t\t\t\t<div class=\"e-con-inner\">\n\t\t\t\t<div class=\"elementor-element elementor-element-bc2472c elementor-widget elementor-widget-heading\" data-id=\"bc2472c\" data-element_type=\"widget\" data-widget_type=\"heading.default\">\n\t\t\t\t<div class=\"elementor-widget-container\">\n\t\t\t<h1 class=\"elementor-heading-title elementor-size-default\">Asukoht<\/h1>\t\t<\/div>\n\t\t\t\t<\/div>\n\t\t\t\t<div class=\"elementor-element elementor-element-c392d8c elementor-widget__width-initial elementor-widget elementor-widget-text-editor\" data-id=\"c392d8c\" data-element_type=\"widget\" data-widget_type=\"text-editor.default\">\n\t\t\t\t<div class=\"elementor-widget-container\">\n\t\t\t\t\t\t\t<p>Supluse elurajooni puhul on tegu Eesti vanimas, pea 11 000 aastat tagasi asustatud ajaloolises piirkonnas paikneva 40 kinnistust koosneva ansambliga P\u00e4rnu j\u00f5e kaldal.<span style=\"color: var( --e-global-color-text ); font-size: 1rem;\">\u00a0<\/span><\/p>\t\t\t\t\t\t<\/div>\n\t\t\t\t<\/div>\n\t\t\t\t\t<\/div>\n\t\t\t\t<\/div>\n\t\t<div class=\"elementor-element elementor-element-3282627 e-con-full e-flex e-con e-parent\" data-id=\"3282627\" data-element_type=\"container\">\n\t\t<div class=\"elementor-element elementor-element-6451df4 e-con-full e-flex e-con e-child\" data-id=\"6451df4\" data-element_type=\"container\">\n\t\t\t\t<div class=\"elementor-element elementor-element-bc40177 elementor-widget__width-initial elementor-widget elementor-widget-text-editor\" data-id=\"bc40177\" data-element_type=\"widget\" data-widget_type=\"text-editor.default\">\n\t\t\t\t<div class=\"elementor-widget-container\">\n\t\t\t\t\t\t\t<p>Aastaringne vigadeta \u00fchendus 9-minutilise s\u00f5idu kaugusel asuva P\u00e4rnu linnaga.<\/p><p><span style=\"color: var( --e-global-color-text ); text-align: var(--text-align); font-size: 1rem;\">Veelgi l\u00e4hemal asuvad aga koolid ja lasteaiad \u2013 Sindi G\u00fcmnaasium, Paikuse P\u00f5hikool, Sindi Lasteaed, Paikuse Lasteaed Mesimumm ja Tammiste Lasteaed. Sama kehtib ka p\u00fchap\u00e4evahommikuse pannkoogimaterjali kohta, sest Sindi Konsum ja Maxima on oma laia valikuga m\u00f5nusa jalgrattas\u00f5idu kaugusel.<\/span><\/p>\t\t\t\t\t\t<\/div>\n\t\t\t\t<\/div>\n\t\t\t\t<\/div>\n\t\t<div class=\"elementor-element elementor-element-33571cc e-con-full e-flex e-con e-child\" data-id=\"33571cc\" data-element_type=\"container\">\n\t\t\t\t<div class=\"elementor-element elementor-element-0d0904f elementor-widget elementor-widget-google_maps\" data-id=\"0d0904f\" data-element_type=\"widget\" data-widget_type=\"google_maps.default\">\n\t\t\t\t<div class=\"elementor-widget-container\">\n\t\t\t\t\t<div class=\"elementor-custom-embed\">\n\t\t\t<iframe loading=\"lazy\"\n\t\t\t\t\tsrc=\"https:\/\/maps.google.com\/maps?q=58.415910%2C%2024.670243&#038;t=m&#038;z=11&#038;output=embed&#038;iwloc=near\"\n\t\t\t\t\ttitle=\"58.415910, 24.670243\"\n\t\t\t\t\taria-label=\"58.415910, 24.670243\"\n\t\t\t><\/iframe>\n\t\t<\/div>\n\t\t\t\t<\/div>\n\t\t\t\t<\/div>\n\t\t\t\t<\/div>\n\t\t\t\t<\/div>\n\t\t\t\t<\/div>\n\t\t","protected":false},"excerpt":{"rendered":"<p>Asukoht Supluse elurajooni puhul on tegu Eesti vanimas, pea 11 000 aastat tagasi asustatud ajaloolises piirkonnas paikneva 40 kinnistust koosneva ansambliga P\u00e4rnu j\u00f5e kaldal.\u00a0 Aastaringne vigadeta \u00fchendus 9-minutilise s\u00f5idu kaugusel asuva P\u00e4rnu linnaga. Veelgi l\u00e4hemal asuvad aga koolid ja lasteaiad \u2013 Sindi G\u00fcmnaasium, Paikuse P\u00f5hikool, Sindi Lasteaed, Paikuse Lasteaed Mesimumm ja Tammiste Lasteaed. Sama kehtib [&hellip;]<\/p>\n","protected":false},"author":1,"featured_media":0,"parent":0,"menu_order":0,"comment_status":"closed","ping_status":"closed","template":"elementor_header_footer","meta":{"inline_featured_image":false,"footnotes":""},"class_list":["post-232","page","type-page","status-publish","hentry"],"yoast_head":"<!-- This site is optimized with the Yoast SEO plugin v23.6 - https:\/\/yoast.com\/wordpress\/plugins\/seo\/ -->\n<title>Asukoht - Supluse elamurajoon<\/title>\n<meta name=\"robots\" content=\"index, follow, max-snippet:-1, max-image-preview:large, max-video-preview:-1\" \/>\n<link rel=\"canonical\" href=\"https:\/\/lvm.ee\/supluse\/asukoht\/\" \/>\n<meta property=\"og:locale\" content=\"en_US\" \/>\n<meta property=\"og:type\" content=\"article\" \/>\n<meta property=\"og:title\" content=\"Asukoht - Supluse elamurajoon\" \/>\n<meta property=\"og:description\" content=\"Asukoht Supluse elurajooni puhul on tegu Eesti vanimas, pea 11 000 aastat tagasi asustatud ajaloolises piirkonnas paikneva 40 kinnistust koosneva ansambliga P\u00e4rnu j\u00f5e kaldal.\u00a0 Aastaringne vigadeta \u00fchendus 9-minutilise s\u00f5idu kaugusel asuva P\u00e4rnu linnaga. Veelgi l\u00e4hemal asuvad aga koolid ja lasteaiad \u2013 Sindi G\u00fcmnaasium, Paikuse P\u00f5hikool, Sindi Lasteaed, Paikuse Lasteaed Mesimumm ja Tammiste Lasteaed. Sama kehtib [&hellip;]\" \/>\n<meta property=\"og:url\" content=\"https:\/\/lvm.ee\/supluse\/asukoht\/\" \/>\n<meta property=\"og:site_name\" content=\"Supluse elamurajoon\" \/>\n<meta property=\"article:modified_time\" content=\"2024-09-19T09:22:30+00:00\" \/>\n<meta name=\"twitter:card\" content=\"summary_large_image\" \/>\n<meta name=\"twitter:label1\" content=\"Est. reading time\" \/>\n\t<meta name=\"twitter:data1\" content=\"1 minute\" \/>\n<script type=\"application\/ld+json\" class=\"yoast-schema-graph\">{\"@context\":\"https:\/\/schema.org\",\"@graph\":[{\"@type\":\"WebPage\",\"@id\":\"https:\/\/lvm.ee\/supluse\/asukoht\/\",\"url\":\"https:\/\/lvm.ee\/supluse\/asukoht\/\",\"name\":\"Asukoht - Supluse elamurajoon\",\"isPartOf\":{\"@id\":\"https:\/\/lvm.ee\/supluse\/#website\"},\"datePublished\":\"2022-08-17T11:09:47+00:00\",\"dateModified\":\"2024-09-19T09:22:30+00:00\",\"breadcrumb\":{\"@id\":\"https:\/\/lvm.ee\/supluse\/asukoht\/#breadcrumb\"},\"inLanguage\":\"en\",\"potentialAction\":[{\"@type\":\"ReadAction\",\"target\":[\"https:\/\/lvm.ee\/supluse\/asukoht\/\"]}]},{\"@type\":\"BreadcrumbList\",\"@id\":\"https:\/\/lvm.ee\/supluse\/asukoht\/#breadcrumb\",\"itemListElement\":[{\"@type\":\"ListItem\",\"position\":1,\"name\":\"Home\",\"item\":\"https:\/\/lvm.ee\/supluse\/\"},{\"@type\":\"ListItem\",\"position\":2,\"name\":\"Asukoht\"}]},{\"@type\":\"WebSite\",\"@id\":\"https:\/\/lvm.ee\/supluse\/#website\",\"url\":\"https:\/\/lvm.ee\/supluse\/\",\"name\":\"Supluse elamurajoon\",\"description\":\"Rahulik elukeskkond P&auml;rnu j&otilde;e &auml;&auml;res\",\"publisher\":{\"@id\":\"https:\/\/lvm.ee\/supluse\/#organization\"},\"potentialAction\":[{\"@type\":\"SearchAction\",\"target\":{\"@type\":\"EntryPoint\",\"urlTemplate\":\"https:\/\/lvm.ee\/supluse\/?s={search_term_string}\"},\"query-input\":{\"@type\":\"PropertyValueSpecification\",\"valueRequired\":true,\"valueName\":\"search_term_string\"}}],\"inLanguage\":\"en\"},{\"@type\":\"Organization\",\"@id\":\"https:\/\/lvm.ee\/supluse\/#organization\",\"name\":\"Supluse elamurajoon\",\"url\":\"https:\/\/lvm.ee\/supluse\/\",\"logo\":{\"@type\":\"ImageObject\",\"inLanguage\":\"en\",\"@id\":\"https:\/\/lvm.ee\/supluse\/#\/schema\/logo\/image\/\",\"url\":\"https:\/\/lvm.ee\/supluse\/wp-content\/uploads\/2022\/08\/LVM_Logo_valge2.svg\",\"contentUrl\":\"https:\/\/lvm.ee\/supluse\/wp-content\/uploads\/2022\/08\/LVM_Logo_valge2.svg\",\"width\":343,\"height\":106,\"caption\":\"Supluse elamurajoon\"},\"image\":{\"@id\":\"https:\/\/lvm.ee\/supluse\/#\/schema\/logo\/image\/\"}}]}<\/script>\n<!-- \/ Yoast SEO plugin. -->","yoast_head_json":{"title":"Asukoht - Supluse elamurajoon","robots":{"index":"index","follow":"follow","max-snippet":"max-snippet:-1","max-image-preview":"max-image-preview:large","max-video-preview":"max-video-preview:-1"},"canonical":"https:\/\/lvm.ee\/supluse\/asukoht\/","og_locale":"en_US","og_type":"article","og_title":"Asukoht - Supluse elamurajoon","og_description":"Asukoht Supluse elurajooni puhul on tegu Eesti vanimas, pea 11 000 aastat tagasi asustatud ajaloolises piirkonnas paikneva 40 kinnistust koosneva ansambliga P\u00e4rnu j\u00f5e kaldal.\u00a0 Aastaringne vigadeta \u00fchendus 9-minutilise s\u00f5idu kaugusel asuva P\u00e4rnu linnaga. Veelgi l\u00e4hemal asuvad aga koolid ja lasteaiad \u2013 Sindi G\u00fcmnaasium, Paikuse P\u00f5hikool, Sindi Lasteaed, Paikuse Lasteaed Mesimumm ja Tammiste Lasteaed. Sama kehtib [&hellip;]","og_url":"https:\/\/lvm.ee\/supluse\/asukoht\/","og_site_name":"Supluse elamurajoon","article_modified_time":"2024-09-19T09:22:30+00:00","twitter_card":"summary_large_image","twitter_misc":{"Est. reading time":"1 minute"},"schema":{"@context":"https:\/\/schema.org","@graph":[{"@type":"WebPage","@id":"https:\/\/lvm.ee\/supluse\/asukoht\/","url":"https:\/\/lvm.ee\/supluse\/asukoht\/","name":"Asukoht - Supluse elamurajoon","isPartOf":{"@id":"https:\/\/lvm.ee\/supluse\/#website"},"datePublished":"2022-08-17T11:09:47+00:00","dateModified":"2024-09-19T09:22:30+00:00","breadcrumb":{"@id":"https:\/\/lvm.ee\/supluse\/asukoht\/#breadcrumb"},"inLanguage":"en","potentialAction":[{"@type":"ReadAction","target":["https:\/\/lvm.ee\/supluse\/asukoht\/"]}]},{"@type":"BreadcrumbList","@id":"https:\/\/lvm.ee\/supluse\/asukoht\/#breadcrumb","itemListElement":[{"@type":"ListItem","position":1,"name":"Home","item":"https:\/\/lvm.ee\/supluse\/"},{"@type":"ListItem","position":2,"name":"Asukoht"}]},{"@type":"WebSite","@id":"https:\/\/lvm.ee\/supluse\/#website","url":"https:\/\/lvm.ee\/supluse\/","name":"Supluse elamurajoon","description":"Rahulik elukeskkond P&auml;rnu j&otilde;e &auml;&auml;res","publisher":{"@id":"https:\/\/lvm.ee\/supluse\/#organization"},"potentialAction":[{"@type":"SearchAction","target":{"@type":"EntryPoint","urlTemplate":"https:\/\/lvm.ee\/supluse\/?s={search_term_string}"},"query-input":{"@type":"PropertyValueSpecification","valueRequired":true,"valueName":"search_term_string"}}],"inLanguage":"en"},{"@type":"Organization","@id":"https:\/\/lvm.ee\/supluse\/#organization","name":"Supluse elamurajoon","url":"https:\/\/lvm.ee\/supluse\/","logo":{"@type":"ImageObject","inLanguage":"en","@id":"https:\/\/lvm.ee\/supluse\/#\/schema\/logo\/image\/","url":"https:\/\/lvm.ee\/supluse\/wp-content\/uploads\/2022\/08\/LVM_Logo_valge2.svg","contentUrl":"https:\/\/lvm.ee\/supluse\/wp-content\/uploads\/2022\/08\/LVM_Logo_valge2.svg","width":343,"height":106,"caption":"Supluse elamurajoon"},"image":{"@id":"https:\/\/lvm.ee\/supluse\/#\/schema\/logo\/image\/"}}]}},"_links":{"self":[{"href":"https:\/\/lvm.ee\/supluse\/wp-json\/wp\/v2\/pages\/232"}],"collection":[{"href":"https:\/\/lvm.ee\/supluse\/wp-json\/wp\/v2\/pages"}],"about":[{"href":"https:\/\/lvm.ee\/supluse\/wp-json\/wp\/v2\/types\/page"}],"author":[{"embeddable":true,"href":"https:\/\/lvm.ee\/supluse\/wp-json\/wp\/v2\/users\/1"}],"replies":[{"embeddable":true,"href":"https:\/\/lvm.ee\/supluse\/wp-json\/wp\/v2\/comments?post=232"}],"version-history":[{"count":190,"href":"https:\/\/lvm.ee\/supluse\/wp-json\/wp\/v2\/pages\/232\/revisions"}],"predecessor-version":[{"id":1639,"href":"https:\/\/lvm.ee\/supluse\/wp-json\/wp\/v2\/pages\/232\/revisions\/1639"}],"wp:attachment":[{"href":"https:\/\/lvm.ee\/supluse\/wp-json\/wp\/v2\/media?parent=232"}],"curies":[{"name":"wp","href":"https:\/\/api.w.org\/{rel}","templated":true}]}}