{"id":10,"date":"2022-08-15T12:36:00","date_gmt":"2022-08-15T12:36:00","guid":{"rendered":"https:\/\/lvm.ee\/tuve47\/?page_id=10"},"modified":"2024-03-26T17:06:32","modified_gmt":"2024-03-26T14:06:32","slug":"avaleht","status":"publish","type":"page","link":"https:\/\/lvm.ee\/tuve47\/","title":{"rendered":"Avaleht"},"content":{"rendered":"\t\t<div data-elementor-type=\"wp-page\" data-elementor-id=\"10\" class=\"elementor elementor-10\" data-elementor-post-type=\"page\">\n\t\t\t\t<div class=\"elementor-element elementor-element-a36e428 e-flex e-con-boxed e-con e-parent\" data-id=\"a36e428\" data-element_type=\"container\" id=\"intro\" data-settings=\"{&quot;background_background&quot;:&quot;slideshow&quot;,&quot;background_slideshow_gallery&quot;:[{&quot;id&quot;:1796,&quot;url&quot;:&quot;https:\\\/\\\/lvm.ee\\\/tuve47\\\/wp-content\\\/uploads\\\/2022\\\/08\\\/tyve47_out_1.png&quot;},{&quot;id&quot;:1797,&quot;url&quot;:&quot;https:\\\/\\\/lvm.ee\\\/tuve47\\\/wp-content\\\/uploads\\\/2022\\\/08\\\/tyve47_out_3.png&quot;},{&quot;id&quot;:1798,&quot;url&quot;:&quot;https:\\\/\\\/lvm.ee\\\/tuve47\\\/wp-content\\\/uploads\\\/2022\\\/08\\\/tyve47_out_4.png&quot;},{&quot;id&quot;:1799,&quot;url&quot;:&quot;https:\\\/\\\/lvm.ee\\\/tuve47\\\/wp-content\\\/uploads\\\/2022\\\/08\\\/tyve47_out_2.png&quot;}],&quot;background_slideshow_slide_duration&quot;:7000,&quot;background_slideshow_transition_duration&quot;:1500,&quot;background_slideshow_ken_burns&quot;:&quot;yes&quot;,&quot;content_width&quot;:&quot;boxed&quot;,&quot;background_slideshow_loop&quot;:&quot;yes&quot;,&quot;background_slideshow_slide_transition&quot;:&quot;fade&quot;,&quot;background_slideshow_ken_burns_zoom_direction&quot;:&quot;in&quot;}\" data-core-v316-plus=\"true\">\n\t\t\t\t\t<div class=\"e-con-inner\">\n\t\t<div class=\"elementor-element elementor-element-86311f1 e-con-full e-flex e-con e-child\" data-id=\"86311f1\" data-element_type=\"container\" data-settings=\"{&quot;content_width&quot;:&quot;full&quot;}\">\n\t\t\t\t<div class=\"elementor-element elementor-element-f961b2a elementor-widget__width-initial elementor-widget elementor-widget-heading\" data-id=\"f961b2a\" data-element_type=\"widget\" data-settings=\"{&quot;_animation&quot;:&quot;none&quot;}\" data-widget_type=\"heading.default\">\n\t\t\t\t<div class=\"elementor-widget-container\">\n\t\t\t<style>\/*! elementor - v3.19.0 - 29-01-2024 *\/\n.elementor-heading-title{padding:0;margin:0;line-height:1}.elementor-widget-heading .elementor-heading-title[class*=elementor-size-]>a{color:inherit;font-size:inherit;line-height:inherit}.elementor-widget-heading .elementor-heading-title.elementor-size-small{font-size:15px}.elementor-widget-heading .elementor-heading-title.elementor-size-medium{font-size:19px}.elementor-widget-heading .elementor-heading-title.elementor-size-large{font-size:29px}.elementor-widget-heading .elementor-heading-title.elementor-size-xl{font-size:39px}.elementor-widget-heading .elementor-heading-title.elementor-size-xxl{font-size:59px}<\/style><h1 class=\"elementor-heading-title elementor-size-default\"><b>T\u00fcve ridamaja<\/b> \u2013\nkodud kus kasvada<\/h1>\t\t<\/div>\n\t\t\t\t<\/div>\n\t\t\t\t<div class=\"elementor-element elementor-element-d2acd6c elementor-align-left elementor-widget elementor-widget-button\" data-id=\"d2acd6c\" data-element_type=\"widget\" data-settings=\"{&quot;_animation&quot;:&quot;none&quot;,&quot;_animation_delay&quot;:750}\" data-widget_type=\"button.default\">\n\t\t\t\t<div class=\"elementor-widget-container\">\n\t\t\t\t\t<div class=\"elementor-button-wrapper\">\n\t\t\t<a class=\"elementor-button elementor-button-link elementor-size-sm elementor-animation-float\" href=\"#02\">\n\t\t\t\t\t\t<span class=\"elementor-button-content-wrapper\">\n\t\t\t\t\t\t<span class=\"elementor-button-icon elementor-align-icon-right\">\n\t\t\t\t<svg xmlns=\"http:\/\/www.w3.org\/2000\/svg\" xmlns:xlink=\"http:\/\/www.w3.org\/1999\/xlink\" id=\"Layer_1\" x=\"0px\" y=\"0px\" viewBox=\"0 0 191 62\" xml:space=\"preserve\"><path d=\"M180.07,29.31l-28.46-18.13c-0.92-0.59-2.17-0.32-2.76,0.61s-0.32,2.17,0.61,2.76L172.14,29H11v4h161.14l-22.67,14.44 c-0.93,0.59-1.21,1.83-0.61,2.76c0.38,0.6,1.03,0.93,1.69,0.93c0.37,0,0.74-0.1,1.07-0.31l28.46-18.12c0.58-0.37,0.93-1,0.93-1.69 S180.65,29.68,180.07,29.31z\"><\/path><\/svg>\t\t\t<\/span>\n\t\t\t\t\t\t<span class=\"elementor-button-text\">L\u00e4hemalt \u2013 T\u00fcve 47<\/span>\n\t\t<\/span>\n\t\t\t\t\t<\/a>\n\t\t<\/div>\n\t\t\t\t<\/div>\n\t\t\t\t<\/div>\n\t\t\t\t<\/div>\n\t\t\t\t\t<\/div>\n\t\t\t\t<\/div>\n\t\t<div class=\"elementor-element elementor-element-8e45b70 e-flex e-con-boxed e-con e-parent\" data-id=\"8e45b70\" data-element_type=\"container\" id=\"02\" data-settings=\"{&quot;background_background&quot;:&quot;classic&quot;,&quot;content_width&quot;:&quot;boxed&quot;}\" data-core-v316-plus=\"true\">\n\t\t\t\t\t<div class=\"e-con-inner\">\n\t\t<div class=\"elementor-element elementor-element-21cb689 e-con-full e-flex e-con e-child\" data-id=\"21cb689\" data-element_type=\"container\" data-settings=\"{&quot;content_width&quot;:&quot;full&quot;}\">\n\t\t<div class=\"elementor-element elementor-element-2b669d0 e-con-full e-flex e-con e-child\" data-id=\"2b669d0\" data-element_type=\"container\" data-settings=\"{&quot;content_width&quot;:&quot;full&quot;}\">\n\t\t\t\t<div class=\"elementor-element elementor-element-025b4e1 elementor-widget__width-initial elementor-widget elementor-widget-heading\" data-id=\"025b4e1\" data-element_type=\"widget\" data-settings=\"{&quot;_animation&quot;:&quot;none&quot;}\" data-widget_type=\"heading.default\">\n\t\t\t\t<div class=\"elementor-widget-container\">\n\t\t\t<h1 class=\"elementor-heading-title elementor-size-default\">Kodu keset linnarohelust <\/h1>\t\t<\/div>\n\t\t\t\t<\/div>\n\t\t\t\t<\/div>\n\t\t<div class=\"elementor-element elementor-element-02ba645 e-con-full e-flex e-con e-child\" data-id=\"02ba645\" data-element_type=\"container\" data-settings=\"{&quot;content_width&quot;:&quot;full&quot;}\">\n\t\t\t\t<div class=\"elementor-element elementor-element-0440f60 elementor-widget__width-initial elementor-widget elementor-widget-text-editor\" data-id=\"0440f60\" data-element_type=\"widget\" data-settings=\"{&quot;_animation&quot;:&quot;none&quot;,&quot;_animation_delay&quot;:500}\" data-widget_type=\"text-editor.default\">\n\t\t\t\t<div class=\"elementor-widget-container\">\n\t\t\t<style>\/*! elementor - v3.19.0 - 29-01-2024 *\/\n.elementor-widget-text-editor.elementor-drop-cap-view-stacked .elementor-drop-cap{background-color:#69727d;color:#fff}.elementor-widget-text-editor.elementor-drop-cap-view-framed .elementor-drop-cap{color:#69727d;border:3px solid;background-color:transparent}.elementor-widget-text-editor:not(.elementor-drop-cap-view-default) .elementor-drop-cap{margin-top:8px}.elementor-widget-text-editor:not(.elementor-drop-cap-view-default) .elementor-drop-cap-letter{width:1em;height:1em}.elementor-widget-text-editor .elementor-drop-cap{float:left;text-align:center;line-height:1;font-size:50px}.elementor-widget-text-editor .elementor-drop-cap-letter{display:inline-block}<\/style>\t\t\t\t<p>T\u00fcve t\u00e4nava kodukoht on Kristiines. Siin on vaikseid t\u00e4navaid, palju linnulaulu ja elu rahulikku takti. Kodu l\u00e4heduses on uuendatud R\u00e4\u00e4gu park, lasteaiad ja koolid.<\/p><p>Samas viivad teed otse linna s\u00fcdamesse. Kas pole tore, et Kesklinn on k\u00f5rval, aga mitte k\u00f5rva \u00e4\u00e4res.<\/p>\t\t\t\t\t\t<\/div>\n\t\t\t\t<\/div>\n\t\t\t\t<\/div>\n\t\t\t\t<\/div>\n\t\t\t\t\t<\/div>\n\t\t\t\t<\/div>\n\t\t<div class=\"elementor-element elementor-element-32c7e8c e-flex e-con-boxed e-con e-parent\" data-id=\"32c7e8c\" data-element_type=\"container\" data-settings=\"{&quot;background_background&quot;:&quot;classic&quot;,&quot;content_width&quot;:&quot;boxed&quot;}\" data-core-v316-plus=\"true\">\n\t\t\t\t\t<div class=\"e-con-inner\">\n\t\t<div class=\"elementor-element elementor-element-3b30cda e-con-full e-flex e-con e-child\" data-id=\"3b30cda\" data-element_type=\"container\" data-settings=\"{&quot;content_width&quot;:&quot;full&quot;}\">\n\t\t<div class=\"elementor-element elementor-element-eeeff1c e-con-full e-flex e-con e-child\" data-id=\"eeeff1c\" data-element_type=\"container\" data-settings=\"{&quot;content_width&quot;:&quot;full&quot;}\">\n\t\t\t\t<div class=\"elementor-element elementor-element-bdde70d elementor-widget__width-initial elementor-widget elementor-widget-heading\" data-id=\"bdde70d\" data-element_type=\"widget\" data-settings=\"{&quot;_animation&quot;:&quot;none&quot;}\" data-widget_type=\"heading.default\">\n\t\t\t\t<div class=\"elementor-widget-container\">\n\t\t\t<h1 class=\"elementor-heading-title elementor-size-default\">Ridaelamus saab tiibu sirutada <\/h1>\t\t<\/div>\n\t\t\t\t<\/div>\n\t\t\t\t<\/div>\n\t\t<div class=\"elementor-element elementor-element-2097bae e-con-full e-flex e-con e-child\" data-id=\"2097bae\" data-element_type=\"container\" data-settings=\"{&quot;content_width&quot;:&quot;full&quot;}\">\n\t\t\t\t<div class=\"elementor-element elementor-element-1983e10 elementor-widget__width-initial elementor-widget elementor-widget-text-editor\" data-id=\"1983e10\" data-element_type=\"widget\" data-settings=\"{&quot;_animation&quot;:&quot;none&quot;,&quot;_animation_delay&quot;:500}\" data-widget_type=\"text-editor.default\">\n\t\t\t\t<div class=\"elementor-widget-container\">\n\t\t\t\t\t\t\t<p>Kodu T\u00fcve ridamajas annab elule uue hingamise. K\u00f5igile jagub ruumi nii sees kui v\u00e4ljas.<\/p>\n<p>Iga kodu uhkus on isiklik terrass. Teisel korrusel saab v\u00e4rsket \u00f5hku hingata ka avaralt katusealuselt r\u00f5dult.<\/p>\n<p>Maja koosneb 6 kodust \u2013 iga\u00fchel oma privaatne olemine. Muuhulgas on igal kodul 2 parkimiskohta. T\u00fcve kodude hooviala saab haljastuse, kerkivad \u00f5uevalgustid ning ala on t\u00f5kkepuuga eraldatud. Siin ootab ka m\u00e4nguv\u00e4ljak.<\/p>\t\t\t\t\t\t<\/div>\n\t\t\t\t<\/div>\n\t\t\t\t<\/div>\n\t\t\t\t<\/div>\n\t\t\t\t\t<\/div>\n\t\t\t\t<\/div>\n\t\t<div class=\"elementor-element elementor-element-97616d7 e-flex e-con-boxed e-con e-parent\" data-id=\"97616d7\" data-element_type=\"container\" data-settings=\"{&quot;background_background&quot;:&quot;classic&quot;,&quot;content_width&quot;:&quot;boxed&quot;}\" data-core-v316-plus=\"true\">\n\t\t\t\t\t<div class=\"e-con-inner\">\n\t\t<div class=\"elementor-element elementor-element-de1d4ca e-con-full e-flex e-con e-child\" data-id=\"de1d4ca\" data-element_type=\"container\" data-settings=\"{&quot;content_width&quot;:&quot;full&quot;}\">\n\t\t<div class=\"elementor-element elementor-element-e3914b5 e-con-full e-flex e-con e-child\" data-id=\"e3914b5\" data-element_type=\"container\" data-settings=\"{&quot;content_width&quot;:&quot;full&quot;}\">\n\t\t\t\t<div class=\"elementor-element elementor-element-4bcb68e elementor-widget__width-initial elementor-widget elementor-widget-heading\" data-id=\"4bcb68e\" data-element_type=\"widget\" data-settings=\"{&quot;_animation&quot;:&quot;none&quot;}\" data-widget_type=\"heading.default\">\n\t\t\t\t<div class=\"elementor-widget-container\">\n\t\t\t<h1 class=\"elementor-heading-title elementor-size-default\">Kodu <\/h1>\t\t<\/div>\n\t\t\t\t<\/div>\n\t\t\t\t<\/div>\n\t\t<div class=\"elementor-element elementor-element-c16284d e-con-full e-flex e-con e-child\" data-id=\"c16284d\" data-element_type=\"container\" data-settings=\"{&quot;content_width&quot;:&quot;full&quot;}\">\n\t\t\t\t<div class=\"elementor-element elementor-element-7aabade elementor-widget__width-initial elementor-widget elementor-widget-text-editor\" data-id=\"7aabade\" data-element_type=\"widget\" data-settings=\"{&quot;_animation&quot;:&quot;none&quot;,&quot;_animation_delay&quot;:500}\" data-widget_type=\"text-editor.default\">\n\t\t\t\t<div class=\"elementor-widget-container\">\n\t\t\t\t\t\t\t<p>Kodu on 4-toaline, funktsionaalse ja hea planeeringuga. Arhitekt Velle Kadalipp (arhitektuurib\u00fcroo JVR) on toonud majale helgust heleda arhitektuuri ja T\u00fcve t\u00e4nava nimele sobivalt lisab fassaadile iseloomu hele puit.<\/p><p>Siseviimistluses on kasutusel naturaalne \u00fchelipiline puitparkett ning tammespooniga siseuksed. Suured 60&#215;60 cm keraamilised disainplaadid annavad luksuslikku nooti ja valged p\u00f5randaliistud seovad kogu kodu \u00fcheks tervikuks. Kodul on kolmekordse klaaspaketiga puitaknad.<\/p><p>B-energiam\u00e4rgisega kodu k\u00fcttes\u00fcsteemiks on korterip\u00f5hine gaasikatel-vesip\u00f5randak\u00fcte. Igal kodul on soojustagastusega ventilatsioon.<\/p>\t\t\t\t\t\t<\/div>\n\t\t\t\t<\/div>\n\t\t\t\t<\/div>\n\t\t\t\t<\/div>\n\t\t\t\t\t<\/div>\n\t\t\t\t<\/div>\n\t\t<div class=\"elementor-element elementor-element-5a8073b e-con-full e-flex e-con e-parent\" data-id=\"5a8073b\" data-element_type=\"container\" data-settings=\"{&quot;content_width&quot;:&quot;full&quot;,&quot;background_background&quot;:&quot;classic&quot;}\" data-core-v316-plus=\"true\">\n\t\t\t\t<div class=\"elementor-element elementor-element-63e1cf2 elementor-widget elementor-widget-google_maps\" data-id=\"63e1cf2\" data-element_type=\"widget\" data-widget_type=\"google_maps.default\">\n\t\t\t\t<div class=\"elementor-widget-container\">\n\t\t\t<style>\/*! elementor - v3.19.0 - 29-01-2024 *\/\n.elementor-widget-google_maps .elementor-widget-container{overflow:hidden}.elementor-widget-google_maps .elementor-custom-embed{line-height:0}.elementor-widget-google_maps iframe{height:300px}<\/style>\t\t<div class=\"elementor-custom-embed\">\n\t\t\t<iframe loading=\"lazy\"\n\t\t\t\t\tsrc=\"https:\/\/maps.google.com\/maps?q=T%C3%BCve%2047&#038;t=m&#038;z=14&#038;output=embed&#038;iwloc=near\"\n\t\t\t\t\ttitle=\"T\u00fcve 47\"\n\t\t\t\t\taria-label=\"T\u00fcve 47\"\n\t\t\t><\/iframe>\n\t\t<\/div>\n\t\t\t\t<\/div>\n\t\t\t\t<\/div>\n\t\t\t\t<\/div>\n\t\t\t\t<\/div>\n\t\t","protected":false},"excerpt":{"rendered":"<p>T\u00fcve ridamaja \u2013 kodud kus kasvada L\u00e4hemalt \u2013 T\u00fcve 47 Kodu keset linnarohelust T\u00fcve t\u00e4nava kodukoht on Kristiines. Siin on vaikseid t\u00e4navaid, palju linnulaulu ja elu rahulikku takti. Kodu l\u00e4heduses on uuendatud R\u00e4\u00e4gu park, lasteaiad ja koolid. Samas viivad teed otse linna s\u00fcdamesse. Kas pole tore, et Kesklinn on k\u00f5rval, aga mitte k\u00f5rva \u00e4\u00e4res. Ridaelamus [&hellip;]<\/p>\n","protected":false},"author":1,"featured_media":0,"parent":0,"menu_order":0,"comment_status":"closed","ping_status":"closed","template":"elementor_header_footer","meta":{"inline_featured_image":false,"footnotes":""},"class_list":["post-10","page","type-page","status-publish","hentry"],"acf":[],"yoast_head":"<!-- This site is optimized with the Yoast SEO plugin v21.9.1 - https:\/\/yoast.com\/wordpress\/plugins\/seo\/ -->\n<title>T\u00fcve 47 - Kodud kus kasvada<\/title>\n<meta name=\"description\" content=\"Kodu T\u00fcve ridaelamus annab elule uue hingamise. Kogu maja koosneb 6 kodust \u2013 iga\u00fchel oma privaatne olemine.\" \/>\n<meta name=\"robots\" content=\"index, follow, max-snippet:-1, max-image-preview:large, max-video-preview:-1\" \/>\n<link rel=\"canonical\" href=\"https:\/\/lvm.ee\/tuve47\/\" \/>\n<meta property=\"og:locale\" content=\"en_US\" \/>\n<meta property=\"og:type\" content=\"article\" \/>\n<meta property=\"og:title\" content=\"T\u00fcve 47 - Kodud kus kasvada\" \/>\n<meta property=\"og:description\" content=\"Kodu T\u00fcve ridaelamus annab elule uue hingamise. Kogu maja koosneb 6 kodust \u2013 iga\u00fchel oma privaatne olemine.\" \/>\n<meta property=\"og:url\" content=\"https:\/\/lvm.ee\/tuve47\/\" \/>\n<meta property=\"og:site_name\" content=\"T&uuml;ve 47\" \/>\n<meta property=\"article:modified_time\" content=\"2024-03-26T14:06:32+00:00\" \/>\n<meta name=\"twitter:card\" content=\"summary_large_image\" \/>\n<meta name=\"twitter:label1\" content=\"Est. reading time\" \/>\n\t<meta name=\"twitter:data1\" content=\"1 minute\" \/>\n<script type=\"application\/ld+json\" class=\"yoast-schema-graph\">{\"@context\":\"https:\/\/schema.org\",\"@graph\":[{\"@type\":\"WebPage\",\"@id\":\"https:\/\/lvm.ee\/tuve47\/\",\"url\":\"https:\/\/lvm.ee\/tuve47\/\",\"name\":\"T\u00fcve 47 - Kodud kus kasvada\",\"isPartOf\":{\"@id\":\"https:\/\/lvm.ee\/tuve47\/#website\"},\"datePublished\":\"2022-08-15T12:36:00+00:00\",\"dateModified\":\"2024-03-26T14:06:32+00:00\",\"description\":\"Kodu T\u00fcve ridaelamus annab elule uue hingamise. Kogu maja koosneb 6 kodust \u2013 iga\u00fchel oma privaatne olemine.\",\"breadcrumb\":{\"@id\":\"https:\/\/lvm.ee\/tuve47\/#breadcrumb\"},\"inLanguage\":\"en\",\"potentialAction\":[{\"@type\":\"ReadAction\",\"target\":[\"https:\/\/lvm.ee\/tuve47\/\"]}]},{\"@type\":\"BreadcrumbList\",\"@id\":\"https:\/\/lvm.ee\/tuve47\/#breadcrumb\",\"itemListElement\":[{\"@type\":\"ListItem\",\"position\":1,\"name\":\"Home\",\"item\":\"https:\/\/lvm.ee\/tuve47\/\"},{\"@type\":\"ListItem\",\"position\":2,\"name\":\"Avaleht\"}]},{\"@type\":\"WebSite\",\"@id\":\"https:\/\/lvm.ee\/tuve47\/#website\",\"url\":\"https:\/\/lvm.ee\/tuve47\/\",\"name\":\"T&uuml;ve 47\",\"description\":\"Kodud kus kasvada\",\"publisher\":{\"@id\":\"https:\/\/lvm.ee\/tuve47\/#organization\"},\"potentialAction\":[{\"@type\":\"SearchAction\",\"target\":{\"@type\":\"EntryPoint\",\"urlTemplate\":\"https:\/\/lvm.ee\/tuve47\/?s={search_term_string}\"},\"query-input\":\"required name=search_term_string\"}],\"inLanguage\":\"en\"},{\"@type\":\"Organization\",\"@id\":\"https:\/\/lvm.ee\/tuve47\/#organization\",\"name\":\"T&uuml;ve 47\",\"url\":\"https:\/\/lvm.ee\/tuve47\/\",\"logo\":{\"@type\":\"ImageObject\",\"inLanguage\":\"en\",\"@id\":\"https:\/\/lvm.ee\/tuve47\/#\/schema\/logo\/image\/\",\"url\":\"https:\/\/lvm.ee\/tuve47\/wp-content\/uploads\/2022\/08\/LVM_Logo_valge2.svg\",\"contentUrl\":\"https:\/\/lvm.ee\/tuve47\/wp-content\/uploads\/2022\/08\/LVM_Logo_valge2.svg\",\"width\":343,\"height\":106,\"caption\":\"T&uuml;ve 47\"},\"image\":{\"@id\":\"https:\/\/lvm.ee\/tuve47\/#\/schema\/logo\/image\/\"}}]}<\/script>\n<!-- \/ Yoast SEO plugin. -->","yoast_head_json":{"title":"T\u00fcve 47 - Kodud kus kasvada","description":"Kodu T\u00fcve ridaelamus annab elule uue hingamise. Kogu maja koosneb 6 kodust \u2013 iga\u00fchel oma privaatne olemine.","robots":{"index":"index","follow":"follow","max-snippet":"max-snippet:-1","max-image-preview":"max-image-preview:large","max-video-preview":"max-video-preview:-1"},"canonical":"https:\/\/lvm.ee\/tuve47\/","og_locale":"en_US","og_type":"article","og_title":"T\u00fcve 47 - Kodud kus kasvada","og_description":"Kodu T\u00fcve ridaelamus annab elule uue hingamise. Kogu maja koosneb 6 kodust \u2013 iga\u00fchel oma privaatne olemine.","og_url":"https:\/\/lvm.ee\/tuve47\/","og_site_name":"T&uuml;ve 47","article_modified_time":"2024-03-26T14:06:32+00:00","twitter_card":"summary_large_image","twitter_misc":{"Est. reading time":"1 minute"},"schema":{"@context":"https:\/\/schema.org","@graph":[{"@type":"WebPage","@id":"https:\/\/lvm.ee\/tuve47\/","url":"https:\/\/lvm.ee\/tuve47\/","name":"T\u00fcve 47 - Kodud kus kasvada","isPartOf":{"@id":"https:\/\/lvm.ee\/tuve47\/#website"},"datePublished":"2022-08-15T12:36:00+00:00","dateModified":"2024-03-26T14:06:32+00:00","description":"Kodu T\u00fcve ridaelamus annab elule uue hingamise. Kogu maja koosneb 6 kodust \u2013 iga\u00fchel oma privaatne olemine.","breadcrumb":{"@id":"https:\/\/lvm.ee\/tuve47\/#breadcrumb"},"inLanguage":"en","potentialAction":[{"@type":"ReadAction","target":["https:\/\/lvm.ee\/tuve47\/"]}]},{"@type":"BreadcrumbList","@id":"https:\/\/lvm.ee\/tuve47\/#breadcrumb","itemListElement":[{"@type":"ListItem","position":1,"name":"Home","item":"https:\/\/lvm.ee\/tuve47\/"},{"@type":"ListItem","position":2,"name":"Avaleht"}]},{"@type":"WebSite","@id":"https:\/\/lvm.ee\/tuve47\/#website","url":"https:\/\/lvm.ee\/tuve47\/","name":"T&uuml;ve 47","description":"Kodud kus kasvada","publisher":{"@id":"https:\/\/lvm.ee\/tuve47\/#organization"},"potentialAction":[{"@type":"SearchAction","target":{"@type":"EntryPoint","urlTemplate":"https:\/\/lvm.ee\/tuve47\/?s={search_term_string}"},"query-input":"required name=search_term_string"}],"inLanguage":"en"},{"@type":"Organization","@id":"https:\/\/lvm.ee\/tuve47\/#organization","name":"T&uuml;ve 47","url":"https:\/\/lvm.ee\/tuve47\/","logo":{"@type":"ImageObject","inLanguage":"en","@id":"https:\/\/lvm.ee\/tuve47\/#\/schema\/logo\/image\/","url":"https:\/\/lvm.ee\/tuve47\/wp-content\/uploads\/2022\/08\/LVM_Logo_valge2.svg","contentUrl":"https:\/\/lvm.ee\/tuve47\/wp-content\/uploads\/2022\/08\/LVM_Logo_valge2.svg","width":343,"height":106,"caption":"T&uuml;ve 47"},"image":{"@id":"https:\/\/lvm.ee\/tuve47\/#\/schema\/logo\/image\/"}}]}},"_links":{"self":[{"href":"https:\/\/lvm.ee\/tuve47\/wp-json\/wp\/v2\/pages\/10","targetHints":{"allow":["GET"]}}],"collection":[{"href":"https:\/\/lvm.ee\/tuve47\/wp-json\/wp\/v2\/pages"}],"about":[{"href":"https:\/\/lvm.ee\/tuve47\/wp-json\/wp\/v2\/types\/page"}],"author":[{"embeddable":true,"href":"https:\/\/lvm.ee\/tuve47\/wp-json\/wp\/v2\/users\/1"}],"replies":[{"embeddable":true,"href":"https:\/\/lvm.ee\/tuve47\/wp-json\/wp\/v2\/comments?post=10"}],"version-history":[{"count":525,"href":"https:\/\/lvm.ee\/tuve47\/wp-json\/wp\/v2\/pages\/10\/revisions"}],"predecessor-version":[{"id":2353,"href":"https:\/\/lvm.ee\/tuve47\/wp-json\/wp\/v2\/pages\/10\/revisions\/2353"}],"wp:attachment":[{"href":"https:\/\/lvm.ee\/tuve47\/wp-json\/wp\/v2\/media?parent=10"}],"curies":[{"name":"wp","href":"https:\/\/api.w.org\/{rel}","templated":true}]}}