{"id":3843,"date":"2025-03-27T15:14:06","date_gmt":"2025-03-27T12:14:06","guid":{"rendered":"https:\/\/lvm.ee\/ulejoevilla\/?page_id=3843"},"modified":"2025-05-16T15:21:05","modified_gmt":"2025-05-16T12:21:05","slug":"avaleht-2","status":"publish","type":"page","link":"https:\/\/lvm.ee\/ulejoevilla\/","title":{"rendered":"Avaleht"},"content":{"rendered":"\t\t<div data-elementor-type=\"wp-page\" data-elementor-id=\"3843\" class=\"elementor elementor-3843\" data-elementor-post-type=\"page\">\n\t\t\t\t<div class=\"elementor-element elementor-element-a36e428 e-con-full elementor-hidden-tablet elementor-hidden-mobile e-flex e-con e-parent\" data-id=\"a36e428\" data-element_type=\"container\" id=\"intro\" data-settings=\"{&quot;background_background&quot;:&quot;slideshow&quot;,&quot;background_slideshow_slide_duration&quot;:7000,&quot;background_slideshow_transition_duration&quot;:1500,&quot;background_slideshow_gallery&quot;:[{&quot;id&quot;:4170,&quot;url&quot;:&quot;https:\\\/\\\/lvm.ee\\\/ulejoevilla\\\/wp-content\\\/uploads\\\/2025\\\/03\\\/Arvuti2_1.png&quot;}],&quot;background_slideshow_loop&quot;:&quot;yes&quot;,&quot;background_slideshow_slide_transition&quot;:&quot;fade&quot;}\" data-core-v316-plus=\"true\">\n\t\t<div class=\"elementor-element elementor-element-b241cc7 e-flex e-con-boxed e-con e-child\" data-id=\"b241cc7\" data-element_type=\"container\">\n\t\t\t\t\t<div class=\"e-con-inner\">\n\t\t\t\t<div class=\"elementor-element elementor-element-a0a6c22 elementor-widget elementor-widget-text-editor\" data-id=\"a0a6c22\" data-element_type=\"widget\" id=\"tekstbox3\" data-widget_type=\"text-editor.default\">\n\t\t\t\t<div class=\"elementor-widget-container\">\n\t\t\t<style>\/*! elementor - v3.20.0 - 20-03-2024 *\/\n.elementor-widget-text-editor.elementor-drop-cap-view-stacked .elementor-drop-cap{background-color:#69727d;color:#fff}.elementor-widget-text-editor.elementor-drop-cap-view-framed .elementor-drop-cap{color:#69727d;border:3px solid;background-color:transparent}.elementor-widget-text-editor:not(.elementor-drop-cap-view-default) .elementor-drop-cap{margin-top:8px}.elementor-widget-text-editor:not(.elementor-drop-cap-view-default) .elementor-drop-cap-letter{width:1em;height:1em}.elementor-widget-text-editor .elementor-drop-cap{float:left;text-align:center;line-height:1;font-size:50px}.elementor-widget-text-editor .elementor-drop-cap-letter{display:inline-block}<\/style>\t\t\t\t<p>\u00dclej\u00f5e Villa<\/p>\t\t\t\t\t\t<\/div>\n\t\t\t\t<\/div>\n\t\t\t\t<div class=\"elementor-element elementor-element-5fc432d elementor-widget__width-initial elementor-widget elementor-widget-text-editor\" data-id=\"5fc432d\" data-element_type=\"widget\" id=\"tekstbox\" data-widget_type=\"text-editor.default\">\n\t\t\t\t<div class=\"elementor-widget-container\">\n\t\t\t\t\t\t\t<p class=\"p1\">Rapla s\u00fcda saab uue hingamise Vigala j\u00f5e kaldal, kus kaasaegne elukeskkond p\u00f5imub looduse ja ajaloolise v\u00e4ikelinna rahuliku r\u00fctmiga. Siin, vaid 45 minuti kaugusel Tallinnast, leiad end paigast, kus k\u00f5ik vajalik \u2013 kohvikud, kultuur, kool, lasteaed ja terviserajad \u2013 on k\u00e4eulatuses.<\/p><p class=\"p1\">A-energiaklassiga korterid, avarad r\u00f5dud ja terrassid ning j\u00f5ek\u00e4\u00e4ru sulanduv hoov loovad ruumi, kus elu kulgeb loomulikus tasakaalus.<\/p>\t\t\t\t\t\t<\/div>\n\t\t\t\t<\/div>\n\t\t\t\t<div class=\"elementor-element elementor-element-1bf16b7 elementor-widget__width-initial elementor-widget elementor-widget-text-editor\" data-id=\"1bf16b7\" data-element_type=\"widget\" id=\"tekstbox1\" data-widget_type=\"text-editor.default\">\n\t\t\t\t<div class=\"elementor-widget-container\">\n\t\t\t\t\t\t\t<p class=\"p1\">Rapla s\u00fcda saab uue hingamise Vigala j\u00f5e kaldal, kus kaasaegne elukeskkond p\u00f5imub looduse ja ajaloolise v\u00e4ikelinna rahuliku r\u00fctmiga. Siin, vaid 45 minuti kaugusel Tallinnast, leiad end paigast, kus k\u00f5ik vajalik \u2013 kohvikud, kultuur, kool, lasteaed ja terviserajad \u2013 on k\u00e4eulatuses.<\/p>\t\t\t\t\t\t<\/div>\n\t\t\t\t<\/div>\n\t\t\t\t<div class=\"elementor-element elementor-element-3175ab0 elementor-widget__width-initial elementor-widget elementor-widget-text-editor\" data-id=\"3175ab0\" data-element_type=\"widget\" id=\"tekstbox5\" data-widget_type=\"text-editor.default\">\n\t\t\t\t<div class=\"elementor-widget-container\">\n\t\t\t\t\t\t\t<p class=\"p1\">Rapla s\u00fcda saab uue hingamise Vigala j\u00f5e kaldal, kus kaasaegne elukeskkond p\u00f5imub looduse ja ajaloolise v\u00e4ikelinna rahuliku r\u00fctmiga.\u00a0<\/p>\t\t\t\t\t\t<\/div>\n\t\t\t\t<\/div>\n\t\t\t\t<div class=\"elementor-element elementor-element-a3619d2 elementor-widget elementor-widget-button\" data-id=\"a3619d2\" data-element_type=\"widget\" id=\"tekstbox4\" data-widget_type=\"button.default\">\n\t\t\t\t<div class=\"elementor-widget-container\">\n\t\t\t\t\t<div class=\"elementor-button-wrapper\">\n\t\t\t<a class=\"elementor-button elementor-button-link elementor-size-sm\" href=\"https:\/\/www.google.com\/maps\/place\/%C3%9Clej%C3%B5e+tn+4,+Rapla,+79513+Rapla+maakond\/@59.0039726,24.8025898,376m\/data=!3m1!1e3!4m6!3m5!1s0x4692d24adea9d447:0x84195e1e9fd4c00e!8m2!3d59.0039617!4d24.8035658!16s%2Fg%2F11cscnb9p3?entry=ttu&#038;g_ep=EgoyMDI1MDMyNC4wIKXMDSoASAFQAw%3D%3D\" target=\"_blank\">\n\t\t\t\t\t\t<span class=\"elementor-button-content-wrapper\">\n\t\t\t\t\t\t<span class=\"elementor-button-text\">Asukoht<\/span>\n\t\t<\/span>\n\t\t\t\t\t<\/a>\n\t\t<\/div>\n\t\t\t\t<\/div>\n\t\t\t\t<\/div>\n\t\t\t\t<div class=\"elementor-element elementor-element-e727d15 elementor-widget elementor-widget-spacer\" data-id=\"e727d15\" data-element_type=\"widget\" data-widget_type=\"spacer.default\">\n\t\t\t\t<div class=\"elementor-widget-container\">\n\t\t\t<style>\/*! elementor - v3.20.0 - 20-03-2024 *\/\n.elementor-column .elementor-spacer-inner{height:var(--spacer-size)}.e-con{--container-widget-width:100%}.e-con-inner>.elementor-widget-spacer,.e-con>.elementor-widget-spacer{width:var(--container-widget-width,var(--spacer-size));--align-self:var(--container-widget-align-self,initial);--flex-shrink:0}.e-con-inner>.elementor-widget-spacer>.elementor-widget-container,.e-con>.elementor-widget-spacer>.elementor-widget-container{height:100%;width:100%}.e-con-inner>.elementor-widget-spacer>.elementor-widget-container>.elementor-spacer,.e-con>.elementor-widget-spacer>.elementor-widget-container>.elementor-spacer{height:100%}.e-con-inner>.elementor-widget-spacer>.elementor-widget-container>.elementor-spacer>.elementor-spacer-inner,.e-con>.elementor-widget-spacer>.elementor-widget-container>.elementor-spacer>.elementor-spacer-inner{height:var(--container-widget-height,var(--spacer-size))}.e-con-inner>.elementor-widget-spacer.elementor-widget-empty,.e-con>.elementor-widget-spacer.elementor-widget-empty{position:relative;min-height:22px;min-width:22px}.e-con-inner>.elementor-widget-spacer.elementor-widget-empty .elementor-widget-empty-icon,.e-con>.elementor-widget-spacer.elementor-widget-empty .elementor-widget-empty-icon{position:absolute;top:0;bottom:0;left:0;right:0;margin:auto;padding:0;width:22px;height:22px}<\/style>\t\t<div class=\"elementor-spacer\">\n\t\t\t<div class=\"elementor-spacer-inner\"><\/div>\n\t\t<\/div>\n\t\t\t\t<\/div>\n\t\t\t\t<\/div>\n\t\t\t\t\t<\/div>\n\t\t\t\t<\/div>\n\t\t\t\t<\/div>\n\t\t<div class=\"elementor-element elementor-element-1b90cc2 e-con-full elementor-hidden-desktop elementor-hidden-mobile e-flex e-con e-parent\" data-id=\"1b90cc2\" data-element_type=\"container\" data-settings=\"{&quot;background_background&quot;:&quot;slideshow&quot;,&quot;background_slideshow_slide_duration&quot;:7000,&quot;background_slideshow_transition_duration&quot;:1500,&quot;background_slideshow_gallery&quot;:[{&quot;id&quot;:4165,&quot;url&quot;:&quot;https:\\\/\\\/lvm.ee\\\/ulejoevilla\\\/wp-content\\\/uploads\\\/2025\\\/03\\\/Ipad2_1.png&quot;}],&quot;background_slideshow_loop&quot;:&quot;yes&quot;,&quot;background_slideshow_slide_transition&quot;:&quot;fade&quot;}\" data-core-v316-plus=\"true\">\n\t\t<div class=\"elementor-element elementor-element-9ce2334 e-flex e-con-boxed e-con e-child\" data-id=\"9ce2334\" data-element_type=\"container\">\n\t\t\t\t\t<div class=\"e-con-inner\">\n\t\t\t\t<div class=\"elementor-element elementor-element-10c22f2 elementor-widget elementor-widget-text-editor\" data-id=\"10c22f2\" data-element_type=\"widget\" data-widget_type=\"text-editor.default\">\n\t\t\t\t<div class=\"elementor-widget-container\">\n\t\t\t\t\t\t\t<p>\u00dclej\u00f5e Villa<\/p>\t\t\t\t\t\t<\/div>\n\t\t\t\t<\/div>\n\t\t\t\t<div class=\"elementor-element elementor-element-7d976cb elementor-widget__width-initial elementor-widget elementor-widget-text-editor\" data-id=\"7d976cb\" data-element_type=\"widget\" data-widget_type=\"text-editor.default\">\n\t\t\t\t<div class=\"elementor-widget-container\">\n\t\t\t\t\t\t\t<p class=\"p1\">Rapla s\u00fcda saab uue hingamise Vigala j\u00f5e kaldal, kus kaasaegne elukeskkond p\u00f5imub looduse ja ajaloolise v\u00e4ikelinna rahuliku r\u00fctmiga. Siin, vaid 45 minuti kaugusel Tallinnast, leiad end paigast, kus k\u00f5ik vajalik \u2013 kohvikud, kultuur, kool, lasteaed ja terviserajad \u2013 on k\u00e4eulatuses.<\/p><p class=\"p1\">\u00a0<\/p>\t\t\t\t\t\t<\/div>\n\t\t\t\t<\/div>\n\t\t\t\t<div class=\"elementor-element elementor-element-4b604f0 elementor-widget elementor-widget-button\" data-id=\"4b604f0\" data-element_type=\"widget\" data-widget_type=\"button.default\">\n\t\t\t\t<div class=\"elementor-widget-container\">\n\t\t\t\t\t<div class=\"elementor-button-wrapper\">\n\t\t\t<a class=\"elementor-button elementor-button-link elementor-size-sm\" href=\"https:\/\/www.google.com\/maps\/place\/%C3%9Clej%C3%B5e+tn+4,+Rapla,+79513+Rapla+maakond\/@59.0039726,24.8025898,376m\/data=!3m1!1e3!4m6!3m5!1s0x4692d24adea9d447:0x84195e1e9fd4c00e!8m2!3d59.0039617!4d24.8035658!16s%2Fg%2F11cscnb9p3?entry=ttu&#038;g_ep=EgoyMDI1MDMyNC4wIKXMDSoASAFQAw%3D%3D\" target=\"_blank\">\n\t\t\t\t\t\t<span class=\"elementor-button-content-wrapper\">\n\t\t\t\t\t\t<span class=\"elementor-button-text\">Asukoht<\/span>\n\t\t<\/span>\n\t\t\t\t\t<\/a>\n\t\t<\/div>\n\t\t\t\t<\/div>\n\t\t\t\t<\/div>\n\t\t\t\t\t<\/div>\n\t\t\t\t<\/div>\n\t\t\t\t<\/div>\n\t\t<div class=\"elementor-element elementor-element-0667d3f e-con-full elementor-hidden-desktop elementor-hidden-tablet e-flex e-con e-parent\" data-id=\"0667d3f\" data-element_type=\"container\" data-settings=\"{&quot;background_background&quot;:&quot;slideshow&quot;,&quot;background_slideshow_slide_duration&quot;:7000,&quot;background_slideshow_transition_duration&quot;:1500,&quot;background_slideshow_gallery&quot;:[{&quot;id&quot;:4175,&quot;url&quot;:&quot;https:\\\/\\\/lvm.ee\\\/ulejoevilla\\\/wp-content\\\/uploads\\\/2025\\\/03\\\/Telefon.png&quot;}],&quot;background_slideshow_loop&quot;:&quot;yes&quot;,&quot;background_slideshow_slide_transition&quot;:&quot;fade&quot;}\" data-core-v316-plus=\"true\">\n\t\t<div class=\"elementor-element elementor-element-612010d e-flex e-con-boxed e-con e-child\" data-id=\"612010d\" data-element_type=\"container\">\n\t\t\t\t\t<div class=\"e-con-inner\">\n\t\t\t\t<div class=\"elementor-element elementor-element-c58da34 elementor-widget-mobile__width-initial elementor-widget elementor-widget-text-editor\" data-id=\"c58da34\" data-element_type=\"widget\" data-widget_type=\"text-editor.default\">\n\t\t\t\t<div class=\"elementor-widget-container\">\n\t\t\t\t\t\t\t<p>\u00dclej\u00f5e Villa<\/p>\t\t\t\t\t\t<\/div>\n\t\t\t\t<\/div>\n\t\t\t\t<div class=\"elementor-element elementor-element-95dee86 elementor-widget__width-initial elementor-widget elementor-widget-text-editor\" data-id=\"95dee86\" data-element_type=\"widget\" data-widget_type=\"text-editor.default\">\n\t\t\t\t<div class=\"elementor-widget-container\">\n\t\t\t\t\t\t\t<p class=\"p1\">Rapla s\u00fcda saab uue hingamise Vigala j\u00f5e kaldal, kus kaasaegne elukeskkond p\u00f5imub looduse ja ajaloolise v\u00e4ikelinna rahuliku r\u00fctmiga.<\/p>\t\t\t\t\t\t<\/div>\n\t\t\t\t<\/div>\n\t\t\t\t<div class=\"elementor-element elementor-element-12cf6e8 elementor-widget elementor-widget-button\" data-id=\"12cf6e8\" data-element_type=\"widget\" data-widget_type=\"button.default\">\n\t\t\t\t<div class=\"elementor-widget-container\">\n\t\t\t\t\t<div class=\"elementor-button-wrapper\">\n\t\t\t<a class=\"elementor-button elementor-button-link elementor-size-sm\" href=\"https:\/\/www.google.com\/maps\/place\/%C3%9Clej%C3%B5e+tn+4,+Rapla,+79513+Rapla+maakond\/@59.0039726,24.8025898,376m\/data=!3m1!1e3!4m6!3m5!1s0x4692d24adea9d447:0x84195e1e9fd4c00e!8m2!3d59.0039617!4d24.8035658!16s%2Fg%2F11cscnb9p3?entry=ttu&#038;g_ep=EgoyMDI1MDMyNC4wIKXMDSoASAFQAw%3D%3D\" target=\"_blank\">\n\t\t\t\t\t\t<span class=\"elementor-button-content-wrapper\">\n\t\t\t\t\t\t<span class=\"elementor-button-text\">Asukoht<\/span>\n\t\t<\/span>\n\t\t\t\t\t<\/a>\n\t\t<\/div>\n\t\t\t\t<\/div>\n\t\t\t\t<\/div>\n\t\t\t\t\t<\/div>\n\t\t\t\t<\/div>\n\t\t\t\t<\/div>\n\t\t\t\t<\/div>\n\t\t","protected":false},"excerpt":{"rendered":"<p>\u00dclej\u00f5e Villa Rapla s\u00fcda saab uue hingamise Vigala j\u00f5e kaldal, kus kaasaegne elukeskkond p\u00f5imub looduse ja ajaloolise v\u00e4ikelinna rahuliku r\u00fctmiga. Siin, vaid 45 minuti kaugusel Tallinnast, leiad end paigast, kus k\u00f5ik vajalik \u2013 kohvikud, kultuur, kool, lasteaed ja terviserajad \u2013 on k\u00e4eulatuses. A-energiaklassiga korterid, avarad r\u00f5dud ja terrassid ning j\u00f5ek\u00e4\u00e4ru sulanduv hoov loovad ruumi, kus [&hellip;]<\/p>\n","protected":false},"author":1,"featured_media":0,"parent":0,"menu_order":0,"comment_status":"closed","ping_status":"closed","template":"elementor_header_footer","meta":{"_acf_changed":false,"inline_featured_image":false,"footnotes":""},"class_list":["post-3843","page","type-page","status-publish","hentry"],"acf":[],"yoast_head":"<!-- This site is optimized with the Yoast SEO plugin v22.3 - https:\/\/yoast.com\/wordpress\/plugins\/seo\/ -->\n<title>\u00dclej\u00f5e - Eksklusiivsed korterid Raplas<\/title>\n<meta name=\"description\" content=\"Kortermaja asub Rapla linna s\u00fcdames Vigala j\u00f5ega piirneval kinnistul. Kortermaja valmib suvi 2026!\" \/>\n<meta name=\"robots\" content=\"index, follow, max-snippet:-1, max-image-preview:large, max-video-preview:-1\" \/>\n<link rel=\"canonical\" href=\"https:\/\/lvm.ee\/ulejoevilla\/\" \/>\n<meta property=\"og:locale\" content=\"en_US\" \/>\n<meta property=\"og:type\" content=\"article\" \/>\n<meta property=\"og:title\" content=\"\u00dclej\u00f5e - Eksklusiivsed korterid Raplas\" \/>\n<meta property=\"og:description\" content=\"Kortermaja asub Rapla linna s\u00fcdames Vigala j\u00f5ega piirneval kinnistul. Kortermaja valmib suvi 2026!\" \/>\n<meta property=\"og:url\" content=\"https:\/\/lvm.ee\/ulejoevilla\/\" \/>\n<meta property=\"og:site_name\" content=\"&Uuml;lej&otilde;e Villa\" \/>\n<meta property=\"article:modified_time\" content=\"2025-05-16T12:21:05+00:00\" \/>\n<meta name=\"twitter:card\" content=\"summary_large_image\" \/>\n<meta name=\"twitter:label1\" content=\"Est. reading time\" \/>\n\t<meta name=\"twitter:data1\" content=\"1 minute\" \/>\n<script type=\"application\/ld+json\" class=\"yoast-schema-graph\">{\"@context\":\"https:\/\/schema.org\",\"@graph\":[{\"@type\":\"WebPage\",\"@id\":\"https:\/\/lvm.ee\/ulejoevilla\/\",\"url\":\"https:\/\/lvm.ee\/ulejoevilla\/\",\"name\":\"\u00dclej\u00f5e - Eksklusiivsed korterid Raplas\",\"isPartOf\":{\"@id\":\"https:\/\/lvm.ee\/ulejoevilla\/#website\"},\"datePublished\":\"2025-03-27T12:14:06+00:00\",\"dateModified\":\"2025-05-16T12:21:05+00:00\",\"description\":\"Kortermaja asub Rapla linna s\u00fcdames Vigala j\u00f5ega piirneval kinnistul. Kortermaja valmib suvi 2026!\",\"breadcrumb\":{\"@id\":\"https:\/\/lvm.ee\/ulejoevilla\/#breadcrumb\"},\"inLanguage\":\"en\",\"potentialAction\":[{\"@type\":\"ReadAction\",\"target\":[\"https:\/\/lvm.ee\/ulejoevilla\/\"]}]},{\"@type\":\"BreadcrumbList\",\"@id\":\"https:\/\/lvm.ee\/ulejoevilla\/#breadcrumb\",\"itemListElement\":[{\"@type\":\"ListItem\",\"position\":1,\"name\":\"Home\",\"item\":\"https:\/\/lvm.ee\/ulejoevilla\/\"},{\"@type\":\"ListItem\",\"position\":2,\"name\":\"Avaleht\"}]},{\"@type\":\"WebSite\",\"@id\":\"https:\/\/lvm.ee\/ulejoevilla\/#website\",\"url\":\"https:\/\/lvm.ee\/ulejoevilla\/\",\"name\":\"&Uuml;lej&otilde;e Villa\",\"description\":\"&Uuml;lej&otilde;e Villa\",\"publisher\":{\"@id\":\"https:\/\/lvm.ee\/ulejoevilla\/#organization\"},\"potentialAction\":[{\"@type\":\"SearchAction\",\"target\":{\"@type\":\"EntryPoint\",\"urlTemplate\":\"https:\/\/lvm.ee\/ulejoevilla\/?s={search_term_string}\"},\"query-input\":\"required name=search_term_string\"}],\"inLanguage\":\"en\"},{\"@type\":\"Organization\",\"@id\":\"https:\/\/lvm.ee\/ulejoevilla\/#organization\",\"name\":\"&Uuml;lej&otilde;e Villa\",\"url\":\"https:\/\/lvm.ee\/ulejoevilla\/\",\"logo\":{\"@type\":\"ImageObject\",\"inLanguage\":\"en\",\"@id\":\"https:\/\/lvm.ee\/ulejoevilla\/#\/schema\/logo\/image\/\",\"url\":\"\",\"contentUrl\":\"\",\"caption\":\"&Uuml;lej&otilde;e Villa\"},\"image\":{\"@id\":\"https:\/\/lvm.ee\/ulejoevilla\/#\/schema\/logo\/image\/\"}}]}<\/script>\n<!-- \/ Yoast SEO plugin. -->","yoast_head_json":{"title":"\u00dclej\u00f5e - Eksklusiivsed korterid Raplas","description":"Kortermaja asub Rapla linna s\u00fcdames Vigala j\u00f5ega piirneval kinnistul. Kortermaja valmib suvi 2026!","robots":{"index":"index","follow":"follow","max-snippet":"max-snippet:-1","max-image-preview":"max-image-preview:large","max-video-preview":"max-video-preview:-1"},"canonical":"https:\/\/lvm.ee\/ulejoevilla\/","og_locale":"en_US","og_type":"article","og_title":"\u00dclej\u00f5e - Eksklusiivsed korterid Raplas","og_description":"Kortermaja asub Rapla linna s\u00fcdames Vigala j\u00f5ega piirneval kinnistul. Kortermaja valmib suvi 2026!","og_url":"https:\/\/lvm.ee\/ulejoevilla\/","og_site_name":"&Uuml;lej&otilde;e Villa","article_modified_time":"2025-05-16T12:21:05+00:00","twitter_card":"summary_large_image","twitter_misc":{"Est. reading time":"1 minute"},"schema":{"@context":"https:\/\/schema.org","@graph":[{"@type":"WebPage","@id":"https:\/\/lvm.ee\/ulejoevilla\/","url":"https:\/\/lvm.ee\/ulejoevilla\/","name":"\u00dclej\u00f5e - Eksklusiivsed korterid Raplas","isPartOf":{"@id":"https:\/\/lvm.ee\/ulejoevilla\/#website"},"datePublished":"2025-03-27T12:14:06+00:00","dateModified":"2025-05-16T12:21:05+00:00","description":"Kortermaja asub Rapla linna s\u00fcdames Vigala j\u00f5ega piirneval kinnistul. Kortermaja valmib suvi 2026!","breadcrumb":{"@id":"https:\/\/lvm.ee\/ulejoevilla\/#breadcrumb"},"inLanguage":"en","potentialAction":[{"@type":"ReadAction","target":["https:\/\/lvm.ee\/ulejoevilla\/"]}]},{"@type":"BreadcrumbList","@id":"https:\/\/lvm.ee\/ulejoevilla\/#breadcrumb","itemListElement":[{"@type":"ListItem","position":1,"name":"Home","item":"https:\/\/lvm.ee\/ulejoevilla\/"},{"@type":"ListItem","position":2,"name":"Avaleht"}]},{"@type":"WebSite","@id":"https:\/\/lvm.ee\/ulejoevilla\/#website","url":"https:\/\/lvm.ee\/ulejoevilla\/","name":"&Uuml;lej&otilde;e Villa","description":"&Uuml;lej&otilde;e Villa","publisher":{"@id":"https:\/\/lvm.ee\/ulejoevilla\/#organization"},"potentialAction":[{"@type":"SearchAction","target":{"@type":"EntryPoint","urlTemplate":"https:\/\/lvm.ee\/ulejoevilla\/?s={search_term_string}"},"query-input":"required name=search_term_string"}],"inLanguage":"en"},{"@type":"Organization","@id":"https:\/\/lvm.ee\/ulejoevilla\/#organization","name":"&Uuml;lej&otilde;e Villa","url":"https:\/\/lvm.ee\/ulejoevilla\/","logo":{"@type":"ImageObject","inLanguage":"en","@id":"https:\/\/lvm.ee\/ulejoevilla\/#\/schema\/logo\/image\/","url":"","contentUrl":"","caption":"&Uuml;lej&otilde;e Villa"},"image":{"@id":"https:\/\/lvm.ee\/ulejoevilla\/#\/schema\/logo\/image\/"}}]}},"_links":{"self":[{"href":"https:\/\/lvm.ee\/ulejoevilla\/wp-json\/wp\/v2\/pages\/3843","targetHints":{"allow":["GET"]}}],"collection":[{"href":"https:\/\/lvm.ee\/ulejoevilla\/wp-json\/wp\/v2\/pages"}],"about":[{"href":"https:\/\/lvm.ee\/ulejoevilla\/wp-json\/wp\/v2\/types\/page"}],"author":[{"embeddable":true,"href":"https:\/\/lvm.ee\/ulejoevilla\/wp-json\/wp\/v2\/users\/1"}],"replies":[{"embeddable":true,"href":"https:\/\/lvm.ee\/ulejoevilla\/wp-json\/wp\/v2\/comments?post=3843"}],"version-history":[{"count":278,"href":"https:\/\/lvm.ee\/ulejoevilla\/wp-json\/wp\/v2\/pages\/3843\/revisions"}],"predecessor-version":[{"id":4399,"href":"https:\/\/lvm.ee\/ulejoevilla\/wp-json\/wp\/v2\/pages\/3843\/revisions\/4399"}],"wp:attachment":[{"href":"https:\/\/lvm.ee\/ulejoevilla\/wp-json\/wp\/v2\/media?parent=3843"}],"curies":[{"name":"wp","href":"https:\/\/api.w.org\/{rel}","templated":true}]}}