{"id":2560,"date":"2024-08-14T14:50:06","date_gmt":"2024-08-14T11:50:06","guid":{"rendered":"https:\/\/lvm.ee\/uus-hirvela\/?page_id=2560"},"modified":"2025-02-12T13:58:48","modified_gmt":"2025-02-12T10:58:48","slug":"tutvustus","status":"publish","type":"page","link":"https:\/\/lvm.ee\/uus-hirvela\/tutvustus\/","title":{"rendered":"Tutvustus"},"content":{"rendered":"\t\t<div data-elementor-type=\"wp-page\" data-elementor-id=\"2560\" class=\"elementor elementor-2560\" data-elementor-post-type=\"page\">\n\t\t\t\t<div class=\"elementor-element elementor-element-8d5ed25 e-flex e-con-boxed e-con e-parent\" data-id=\"8d5ed25\" data-element_type=\"container\" data-core-v316-plus=\"true\">\n\t\t\t\t\t<div class=\"e-con-inner\">\n\t\t<div class=\"elementor-element elementor-element-d703953 e-con-full e-flex e-con e-child\" data-id=\"d703953\" data-element_type=\"container\">\n\t\t\t\t<div class=\"elementor-element elementor-element-aa4783c elementor-widget elementor-widget-text-editor\" data-id=\"aa4783c\" data-element_type=\"widget\" data-widget_type=\"text-editor.default\">\n\t\t\t\t<div class=\"elementor-widget-container\">\n\t\t\t<style>\/*! elementor - v3.20.0 - 20-03-2024 *\/\n.elementor-widget-text-editor.elementor-drop-cap-view-stacked .elementor-drop-cap{background-color:#69727d;color:#fff}.elementor-widget-text-editor.elementor-drop-cap-view-framed .elementor-drop-cap{color:#69727d;border:3px solid;background-color:transparent}.elementor-widget-text-editor:not(.elementor-drop-cap-view-default) .elementor-drop-cap{margin-top:8px}.elementor-widget-text-editor:not(.elementor-drop-cap-view-default) .elementor-drop-cap-letter{width:1em;height:1em}.elementor-widget-text-editor .elementor-drop-cap{float:left;text-align:center;line-height:1;font-size:50px}.elementor-widget-text-editor .elementor-drop-cap-letter{display:inline-block}<\/style>\t\t\t\t<p>Uus kodu P\u00e4rnu k\u00fclje all<\/p>\t\t\t\t\t\t<\/div>\n\t\t\t\t<\/div>\n\t\t\t\t<div class=\"elementor-element elementor-element-7e66408 elementor-widget__width-initial elementor-widget elementor-widget-text-editor\" data-id=\"7e66408\" data-element_type=\"widget\" data-widget_type=\"text-editor.default\">\n\t\t\t\t<div class=\"elementor-widget-container\">\n\t\t\t\t\t\t\t<p><span style=\"color: rgb(34, 34, 34); font-family: Stem, Arial; font-size: 16px;\">V\u00e4ljakujunenud ja turvaline Hirvela uuselamute piirkond on saanud lisaks moodsa korterelamu. Ideaalne k\u00f5igile, kes otsimas uut kodu, mille m\u00e4rks\u00f5nadeks kvaliteet, \u00f6konoomsus, modernsus, privaatsus, kaunid vaated ja looduskaunis asukoht.<\/span><br style=\"font-family: Stem, Arial; color: rgb(34, 34, 34); font-size: 16px;\"><br style=\"font-family: Stem, Arial; color: rgb(34, 34, 34); font-size: 16px;\"><span style=\"color: rgb(34, 34, 34); font-family: Stem, Arial; font-size: 16px;\">Neljakordne kortermaja koosneb kahest hooneplokist, mis on omavahel \u00fchendatud klaasfassaadiga trepikojaga. Hooneplokid on viimistletud valge ja tumehalli krohviga. Hoone sissep\u00e4\u00e4s ja trepikoda j\u00e4\u00e4b parklapoolsesse hoone k\u00fclge. Neljakordses korterelamus on kaksk\u00fcmmend avarat ja valgusk\u00fcllast korterit. Korterelamus on lift ning maksimaalselt panipaiku.<\/span><br style=\"font-family: Stem, Arial; color: rgb(34, 34, 34); font-size: 16px;\"><br style=\"font-family: Stem, Arial; color: rgb(34, 34, 34); font-size: 16px;\"><span style=\"color: rgb(34, 34, 34); font-family: Stem, Arial; font-size: 16px;\">Korteris on kaugk\u00fcttebaasil ruumide kaupa reguleeritav vesip\u00f5randak\u00fcte ja autonoomne soojatagastusega sundventilatsioon. Hoonesse on paigaldatud videofonos\u00fcsteem, korteris monitor (Hikvision).&nbsp;<\/span><span style=\"color: rgb(34, 34, 34); font-family: Stem, Arial; font-size: 16px;\">Korteris on valguskaabel kiire andmesidevahetuse tagamiseks.<\/span><br style=\"font-family: Stem, Arial; color: rgb(34, 34, 34); font-size: 16px;\"><br style=\"font-family: Stem, Arial; color: rgb(34, 34, 34); font-size: 16px;\"><span style=\"color: rgb(34, 34, 34); font-family: Stem, Arial; font-size: 16px;\">\u00dcmbruskond on haljastatud, silmailu pakkuvat rohelust j\u00e4tkub k\u00fcllaga. Teed on korrastatud, t\u00e4navavalgustus rajatud. M\u00f5eldud on ka v\u00e4iksematele pereliikmetele, rajatud on m\u00e4nguv\u00e4ljakud.<\/span><\/p><p><span style=\"color: rgb(34, 34, 34); font-family: Stem, Arial; font-size: 16px;\">Sauga alevikus asub kaasaegne lasteaed, raamatukogu, noortekeskus, spordisaal. Suured toidupoed asuvad l\u00e4heduses. P\u00e4rnu kesklinnaga tihe bussi\u00fchendus. Ratturid ja jalak\u00e4ijad saavad mugavalt liigelda kergliiklusteedel.<\/span><span style=\"color: rgb(34, 34, 34); font-family: Stem, Arial; font-size: 16px;\"><\/span><\/p>\t\t\t\t\t\t<\/div>\n\t\t\t\t<\/div>\n\t\t\t\t<div class=\"elementor-element elementor-element-a81f714 elementor-hidden-desktop elementor-hidden-tablet elementor-widget elementor-widget-spacer\" data-id=\"a81f714\" data-element_type=\"widget\" data-widget_type=\"spacer.default\">\n\t\t\t\t<div class=\"elementor-widget-container\">\n\t\t\t<style>\/*! elementor - v3.20.0 - 20-03-2024 *\/\n.elementor-column .elementor-spacer-inner{height:var(--spacer-size)}.e-con{--container-widget-width:100%}.e-con-inner>.elementor-widget-spacer,.e-con>.elementor-widget-spacer{width:var(--container-widget-width,var(--spacer-size));--align-self:var(--container-widget-align-self,initial);--flex-shrink:0}.e-con-inner>.elementor-widget-spacer>.elementor-widget-container,.e-con>.elementor-widget-spacer>.elementor-widget-container{height:100%;width:100%}.e-con-inner>.elementor-widget-spacer>.elementor-widget-container>.elementor-spacer,.e-con>.elementor-widget-spacer>.elementor-widget-container>.elementor-spacer{height:100%}.e-con-inner>.elementor-widget-spacer>.elementor-widget-container>.elementor-spacer>.elementor-spacer-inner,.e-con>.elementor-widget-spacer>.elementor-widget-container>.elementor-spacer>.elementor-spacer-inner{height:var(--container-widget-height,var(--spacer-size))}.e-con-inner>.elementor-widget-spacer.elementor-widget-empty,.e-con>.elementor-widget-spacer.elementor-widget-empty{position:relative;min-height:22px;min-width:22px}.e-con-inner>.elementor-widget-spacer.elementor-widget-empty .elementor-widget-empty-icon,.e-con>.elementor-widget-spacer.elementor-widget-empty .elementor-widget-empty-icon{position:absolute;top:0;bottom:0;left:0;right:0;margin:auto;padding:0;width:22px;height:22px}<\/style>\t\t<div class=\"elementor-spacer\">\n\t\t\t<div class=\"elementor-spacer-inner\"><\/div>\n\t\t<\/div>\n\t\t\t\t<\/div>\n\t\t\t\t<\/div>\n\t\t\t\t<\/div>\n\t\t<div class=\"elementor-element elementor-element-05c7deb e-con-full e-flex e-con e-child\" data-id=\"05c7deb\" data-element_type=\"container\">\n\t\t\t\t<div class=\"elementor-element elementor-element-e904f8c elementor-hidden-mobile elementor-widget elementor-widget-image\" data-id=\"e904f8c\" data-element_type=\"widget\" data-widget_type=\"image.default\">\n\t\t\t\t<div class=\"elementor-widget-container\">\n\t\t\t<style>\/*! elementor - v3.20.0 - 20-03-2024 *\/\n.elementor-widget-image{text-align:center}.elementor-widget-image a{display:inline-block}.elementor-widget-image a img[src$=\".svg\"]{width:48px}.elementor-widget-image img{vertical-align:middle;display:inline-block}<\/style>\t\t\t\t\t\t\t\t\t\t<img fetchpriority=\"high\" decoding=\"async\" width=\"2560\" height=\"1706\" src=\"https:\/\/lvm.ee\/uus-hirvela\/wp-content\/uploads\/2025\/02\/DJI_0015-scaled.jpg\" class=\"attachment-full size-full wp-image-4302\" alt=\"\" srcset=\"https:\/\/lvm.ee\/uus-hirvela\/wp-content\/uploads\/2025\/02\/DJI_0015-scaled.jpg 2560w, https:\/\/lvm.ee\/uus-hirvela\/wp-content\/uploads\/2025\/02\/DJI_0015-300x200.jpg 300w, https:\/\/lvm.ee\/uus-hirvela\/wp-content\/uploads\/2025\/02\/DJI_0015-1024x683.jpg 1024w, https:\/\/lvm.ee\/uus-hirvela\/wp-content\/uploads\/2025\/02\/DJI_0015-768x512.jpg 768w, https:\/\/lvm.ee\/uus-hirvela\/wp-content\/uploads\/2025\/02\/DJI_0015-1536x1024.jpg 1536w, https:\/\/lvm.ee\/uus-hirvela\/wp-content\/uploads\/2025\/02\/DJI_0015-2048x1365.jpg 2048w\" sizes=\"(max-width: 2560px) 100vw, 2560px\" \/>\t\t\t\t\t\t\t\t\t\t\t\t\t<\/div>\n\t\t\t\t<\/div>\n\t\t\t\t<div class=\"elementor-element elementor-element-c80a5b3 elementor-hidden-mobile elementor-widget elementor-widget-image\" data-id=\"c80a5b3\" data-element_type=\"widget\" data-widget_type=\"image.default\">\n\t\t\t\t<div class=\"elementor-widget-container\">\n\t\t\t\t\t\t\t\t\t\t\t\t\t<img decoding=\"async\" width=\"800\" height=\"534\" src=\"https:\/\/lvm.ee\/uus-hirvela\/wp-content\/uploads\/2025\/02\/DJI_0011-1-1024x683.jpg\" class=\"attachment-large size-large wp-image-4299\" alt=\"\" srcset=\"https:\/\/lvm.ee\/uus-hirvela\/wp-content\/uploads\/2025\/02\/DJI_0011-1-1024x683.jpg 1024w, https:\/\/lvm.ee\/uus-hirvela\/wp-content\/uploads\/2025\/02\/DJI_0011-1-300x200.jpg 300w, https:\/\/lvm.ee\/uus-hirvela\/wp-content\/uploads\/2025\/02\/DJI_0011-1-768x512.jpg 768w, https:\/\/lvm.ee\/uus-hirvela\/wp-content\/uploads\/2025\/02\/DJI_0011-1-1536x1024.jpg 1536w, https:\/\/lvm.ee\/uus-hirvela\/wp-content\/uploads\/2025\/02\/DJI_0011-1-2048x1365.jpg 2048w\" sizes=\"(max-width: 800px) 100vw, 800px\" \/>\t\t\t\t\t\t\t\t\t\t\t\t\t<\/div>\n\t\t\t\t<\/div>\n\t\t\t\t<div class=\"elementor-element elementor-element-671bd7e elementor-widget elementor-widget-spacer\" data-id=\"671bd7e\" data-element_type=\"widget\" data-widget_type=\"spacer.default\">\n\t\t\t\t<div class=\"elementor-widget-container\">\n\t\t\t\t\t<div class=\"elementor-spacer\">\n\t\t\t<div class=\"elementor-spacer-inner\"><\/div>\n\t\t<\/div>\n\t\t\t\t<\/div>\n\t\t\t\t<\/div>\n\t\t\t\t<\/div>\n\t\t\t\t\t<\/div>\n\t\t\t\t<\/div>\n\t\t\t\t<\/div>\n\t\t","protected":false},"excerpt":{"rendered":"<p>Uus kodu P\u00e4rnu k\u00fclje all V\u00e4ljakujunenud ja turvaline Hirvela uuselamute piirkond on saanud lisaks moodsa korterelamu. Ideaalne k\u00f5igile, kes otsimas uut kodu, mille m\u00e4rks\u00f5nadeks kvaliteet, \u00f6konoomsus, modernsus, privaatsus, kaunid vaated ja looduskaunis asukoht.Neljakordne kortermaja koosneb kahest hooneplokist, mis on omavahel \u00fchendatud klaasfassaadiga trepikojaga. Hooneplokid on viimistletud valge ja tumehalli krohviga. Hoone sissep\u00e4\u00e4s ja trepikoda j\u00e4\u00e4b [&hellip;]<\/p>\n","protected":false},"author":1,"featured_media":0,"parent":0,"menu_order":0,"comment_status":"closed","ping_status":"closed","template":"elementor_header_footer","meta":{"_acf_changed":false,"inline_featured_image":false,"footnotes":""},"class_list":["post-2560","page","type-page","status-publish","hentry"],"acf":[],"yoast_head":"<!-- This site is optimized with the Yoast SEO plugin v22.3 - https:\/\/yoast.com\/wordpress\/plugins\/seo\/ -->\n<title>Uus-Hirvela<\/title>\n<meta name=\"description\" content=\"V\u00e4ljakujunenud ja turvaline Hirvela uuselamute piirkond on saanud lisaks moodsa korterelamu.\" \/>\n<meta name=\"robots\" content=\"index, follow, max-snippet:-1, max-image-preview:large, max-video-preview:-1\" \/>\n<link rel=\"canonical\" href=\"https:\/\/lvm.ee\/uus-hirvela\/tutvustus\/\" \/>\n<meta property=\"og:locale\" content=\"en_US\" \/>\n<meta property=\"og:type\" content=\"article\" \/>\n<meta property=\"og:title\" content=\"Uus-Hirvela\" \/>\n<meta property=\"og:description\" content=\"V\u00e4ljakujunenud ja turvaline Hirvela uuselamute piirkond on saanud lisaks moodsa korterelamu.\" \/>\n<meta property=\"og:url\" content=\"https:\/\/lvm.ee\/uus-hirvela\/tutvustus\/\" \/>\n<meta property=\"og:site_name\" content=\"Uus-Hirvela\" \/>\n<meta property=\"article:modified_time\" content=\"2025-02-12T10:58:48+00:00\" \/>\n<meta property=\"og:image\" content=\"https:\/\/lvm.ee\/uus-hirvela\/wp-content\/uploads\/2025\/02\/DJI_0015-scaled.jpg\" \/>\n<meta name=\"twitter:card\" content=\"summary_large_image\" \/>\n<meta name=\"twitter:label1\" content=\"Est. reading time\" \/>\n\t<meta name=\"twitter:data1\" content=\"2 minutes\" \/>\n<script type=\"application\/ld+json\" class=\"yoast-schema-graph\">{\"@context\":\"https:\/\/schema.org\",\"@graph\":[{\"@type\":\"WebPage\",\"@id\":\"https:\/\/lvm.ee\/uus-hirvela\/tutvustus\/\",\"url\":\"https:\/\/lvm.ee\/uus-hirvela\/tutvustus\/\",\"name\":\"Uus-Hirvela\",\"isPartOf\":{\"@id\":\"https:\/\/lvm.ee\/uus-hirvela\/#website\"},\"primaryImageOfPage\":{\"@id\":\"https:\/\/lvm.ee\/uus-hirvela\/tutvustus\/#primaryimage\"},\"image\":{\"@id\":\"https:\/\/lvm.ee\/uus-hirvela\/tutvustus\/#primaryimage\"},\"thumbnailUrl\":\"https:\/\/lvm.ee\/uus-hirvela\/wp-content\/uploads\/2025\/02\/DJI_0015-scaled.jpg\",\"datePublished\":\"2024-08-14T11:50:06+00:00\",\"dateModified\":\"2025-02-12T10:58:48+00:00\",\"description\":\"V\u00e4ljakujunenud ja turvaline Hirvela uuselamute piirkond on saanud lisaks moodsa korterelamu.\",\"breadcrumb\":{\"@id\":\"https:\/\/lvm.ee\/uus-hirvela\/tutvustus\/#breadcrumb\"},\"inLanguage\":\"en\",\"potentialAction\":[{\"@type\":\"ReadAction\",\"target\":[\"https:\/\/lvm.ee\/uus-hirvela\/tutvustus\/\"]}]},{\"@type\":\"ImageObject\",\"inLanguage\":\"en\",\"@id\":\"https:\/\/lvm.ee\/uus-hirvela\/tutvustus\/#primaryimage\",\"url\":\"https:\/\/lvm.ee\/uus-hirvela\/wp-content\/uploads\/2025\/02\/DJI_0015-scaled.jpg\",\"contentUrl\":\"https:\/\/lvm.ee\/uus-hirvela\/wp-content\/uploads\/2025\/02\/DJI_0015-scaled.jpg\",\"width\":2560,\"height\":1706},{\"@type\":\"BreadcrumbList\",\"@id\":\"https:\/\/lvm.ee\/uus-hirvela\/tutvustus\/#breadcrumb\",\"itemListElement\":[{\"@type\":\"ListItem\",\"position\":1,\"name\":\"Home\",\"item\":\"https:\/\/lvm.ee\/uus-hirvela\/\"},{\"@type\":\"ListItem\",\"position\":2,\"name\":\"Tutvustus\"}]},{\"@type\":\"WebSite\",\"@id\":\"https:\/\/lvm.ee\/uus-hirvela\/#website\",\"url\":\"https:\/\/lvm.ee\/uus-hirvela\/\",\"name\":\"Uus-Hirvela\",\"description\":\"Kaasaegne energias&auml;&auml;stlik kodu\",\"publisher\":{\"@id\":\"https:\/\/lvm.ee\/uus-hirvela\/#organization\"},\"potentialAction\":[{\"@type\":\"SearchAction\",\"target\":{\"@type\":\"EntryPoint\",\"urlTemplate\":\"https:\/\/lvm.ee\/uus-hirvela\/?s={search_term_string}\"},\"query-input\":\"required name=search_term_string\"}],\"inLanguage\":\"en\"},{\"@type\":\"Organization\",\"@id\":\"https:\/\/lvm.ee\/uus-hirvela\/#organization\",\"name\":\"Uus-Hirvela\",\"url\":\"https:\/\/lvm.ee\/uus-hirvela\/\",\"logo\":{\"@type\":\"ImageObject\",\"inLanguage\":\"en\",\"@id\":\"https:\/\/lvm.ee\/uus-hirvela\/#\/schema\/logo\/image\/\",\"url\":\"https:\/\/lvm.ee\/uus-hirvela\/wp-content\/uploads\/2022\/08\/Uuskalamehe_logo_horiz_pos_black.svg\",\"contentUrl\":\"https:\/\/lvm.ee\/uus-hirvela\/wp-content\/uploads\/2022\/08\/Uuskalamehe_logo_horiz_pos_black.svg\",\"width\":500,\"height\":500,\"caption\":\"Uus-Hirvela\"},\"image\":{\"@id\":\"https:\/\/lvm.ee\/uus-hirvela\/#\/schema\/logo\/image\/\"}}]}<\/script>\n<!-- \/ Yoast SEO plugin. -->","yoast_head_json":{"title":"Uus-Hirvela","description":"V\u00e4ljakujunenud ja turvaline Hirvela uuselamute piirkond on saanud lisaks moodsa korterelamu.","robots":{"index":"index","follow":"follow","max-snippet":"max-snippet:-1","max-image-preview":"max-image-preview:large","max-video-preview":"max-video-preview:-1"},"canonical":"https:\/\/lvm.ee\/uus-hirvela\/tutvustus\/","og_locale":"en_US","og_type":"article","og_title":"Uus-Hirvela","og_description":"V\u00e4ljakujunenud ja turvaline Hirvela uuselamute piirkond on saanud lisaks moodsa korterelamu.","og_url":"https:\/\/lvm.ee\/uus-hirvela\/tutvustus\/","og_site_name":"Uus-Hirvela","article_modified_time":"2025-02-12T10:58:48+00:00","og_image":[{"url":"https:\/\/lvm.ee\/uus-hirvela\/wp-content\/uploads\/2025\/02\/DJI_0015-scaled.jpg"}],"twitter_card":"summary_large_image","twitter_misc":{"Est. reading time":"2 minutes"},"schema":{"@context":"https:\/\/schema.org","@graph":[{"@type":"WebPage","@id":"https:\/\/lvm.ee\/uus-hirvela\/tutvustus\/","url":"https:\/\/lvm.ee\/uus-hirvela\/tutvustus\/","name":"Uus-Hirvela","isPartOf":{"@id":"https:\/\/lvm.ee\/uus-hirvela\/#website"},"primaryImageOfPage":{"@id":"https:\/\/lvm.ee\/uus-hirvela\/tutvustus\/#primaryimage"},"image":{"@id":"https:\/\/lvm.ee\/uus-hirvela\/tutvustus\/#primaryimage"},"thumbnailUrl":"https:\/\/lvm.ee\/uus-hirvela\/wp-content\/uploads\/2025\/02\/DJI_0015-scaled.jpg","datePublished":"2024-08-14T11:50:06+00:00","dateModified":"2025-02-12T10:58:48+00:00","description":"V\u00e4ljakujunenud ja turvaline Hirvela uuselamute piirkond on saanud lisaks moodsa korterelamu.","breadcrumb":{"@id":"https:\/\/lvm.ee\/uus-hirvela\/tutvustus\/#breadcrumb"},"inLanguage":"en","potentialAction":[{"@type":"ReadAction","target":["https:\/\/lvm.ee\/uus-hirvela\/tutvustus\/"]}]},{"@type":"ImageObject","inLanguage":"en","@id":"https:\/\/lvm.ee\/uus-hirvela\/tutvustus\/#primaryimage","url":"https:\/\/lvm.ee\/uus-hirvela\/wp-content\/uploads\/2025\/02\/DJI_0015-scaled.jpg","contentUrl":"https:\/\/lvm.ee\/uus-hirvela\/wp-content\/uploads\/2025\/02\/DJI_0015-scaled.jpg","width":2560,"height":1706},{"@type":"BreadcrumbList","@id":"https:\/\/lvm.ee\/uus-hirvela\/tutvustus\/#breadcrumb","itemListElement":[{"@type":"ListItem","position":1,"name":"Home","item":"https:\/\/lvm.ee\/uus-hirvela\/"},{"@type":"ListItem","position":2,"name":"Tutvustus"}]},{"@type":"WebSite","@id":"https:\/\/lvm.ee\/uus-hirvela\/#website","url":"https:\/\/lvm.ee\/uus-hirvela\/","name":"Uus-Hirvela","description":"Kaasaegne energias&auml;&auml;stlik kodu","publisher":{"@id":"https:\/\/lvm.ee\/uus-hirvela\/#organization"},"potentialAction":[{"@type":"SearchAction","target":{"@type":"EntryPoint","urlTemplate":"https:\/\/lvm.ee\/uus-hirvela\/?s={search_term_string}"},"query-input":"required name=search_term_string"}],"inLanguage":"en"},{"@type":"Organization","@id":"https:\/\/lvm.ee\/uus-hirvela\/#organization","name":"Uus-Hirvela","url":"https:\/\/lvm.ee\/uus-hirvela\/","logo":{"@type":"ImageObject","inLanguage":"en","@id":"https:\/\/lvm.ee\/uus-hirvela\/#\/schema\/logo\/image\/","url":"https:\/\/lvm.ee\/uus-hirvela\/wp-content\/uploads\/2022\/08\/Uuskalamehe_logo_horiz_pos_black.svg","contentUrl":"https:\/\/lvm.ee\/uus-hirvela\/wp-content\/uploads\/2022\/08\/Uuskalamehe_logo_horiz_pos_black.svg","width":500,"height":500,"caption":"Uus-Hirvela"},"image":{"@id":"https:\/\/lvm.ee\/uus-hirvela\/#\/schema\/logo\/image\/"}}]}},"_links":{"self":[{"href":"https:\/\/lvm.ee\/uus-hirvela\/wp-json\/wp\/v2\/pages\/2560","targetHints":{"allow":["GET"]}}],"collection":[{"href":"https:\/\/lvm.ee\/uus-hirvela\/wp-json\/wp\/v2\/pages"}],"about":[{"href":"https:\/\/lvm.ee\/uus-hirvela\/wp-json\/wp\/v2\/types\/page"}],"author":[{"embeddable":true,"href":"https:\/\/lvm.ee\/uus-hirvela\/wp-json\/wp\/v2\/users\/1"}],"replies":[{"embeddable":true,"href":"https:\/\/lvm.ee\/uus-hirvela\/wp-json\/wp\/v2\/comments?post=2560"}],"version-history":[{"count":74,"href":"https:\/\/lvm.ee\/uus-hirvela\/wp-json\/wp\/v2\/pages\/2560\/revisions"}],"predecessor-version":[{"id":4347,"href":"https:\/\/lvm.ee\/uus-hirvela\/wp-json\/wp\/v2\/pages\/2560\/revisions\/4347"}],"wp:attachment":[{"href":"https:\/\/lvm.ee\/uus-hirvela\/wp-json\/wp\/v2\/media?parent=2560"}],"curies":[{"name":"wp","href":"https:\/\/api.w.org\/{rel}","templated":true}]}}