{"id":10,"date":"2022-08-15T12:36:00","date_gmt":"2022-08-15T12:36:00","guid":{"rendered":"https:\/\/lvm.ee\/uuskalamehe\/?page_id=10"},"modified":"2025-08-28T15:53:51","modified_gmt":"2025-08-28T12:53:51","slug":"avaleht","status":"publish","type":"page","link":"https:\/\/lvm.ee\/uuskalamehe\/","title":{"rendered":"Avaleht"},"content":{"rendered":"\t\t<div data-elementor-type=\"wp-page\" data-elementor-id=\"10\" class=\"elementor elementor-10\" data-elementor-post-type=\"page\">\n\t\t\t\t<div class=\"elementor-element elementor-element-a36e428 e-flex e-con-boxed e-con e-parent\" data-id=\"a36e428\" data-element_type=\"container\" id=\"intro\" data-settings=\"{&quot;background_background&quot;:&quot;slideshow&quot;,&quot;background_slideshow_gallery&quot;:[{&quot;id&quot;:2090,&quot;url&quot;:&quot;https:\\\/\\\/lvm.ee\\\/uuskalamehe\\\/wp-content\\\/uploads\\\/2024\\\/05\\\/droonifoto.png&quot;}],&quot;background_slideshow_slide_duration&quot;:7000,&quot;background_slideshow_transition_duration&quot;:1500,&quot;background_slideshow_ken_burns&quot;:&quot;yes&quot;,&quot;background_slideshow_loop&quot;:&quot;yes&quot;,&quot;background_slideshow_slide_transition&quot;:&quot;fade&quot;,&quot;background_slideshow_ken_burns_zoom_direction&quot;:&quot;in&quot;}\" data-core-v316-plus=\"true\">\n\t\t\t\t\t<div class=\"e-con-inner\">\n\t\t<div class=\"elementor-element elementor-element-86311f1 e-con-full e-flex e-con e-child\" data-id=\"86311f1\" data-element_type=\"container\">\n\t\t\t\t<div class=\"elementor-element elementor-element-d0f2cbe elementor-hidden-desktop elementor-widget elementor-widget-spacer\" data-id=\"d0f2cbe\" data-element_type=\"widget\" data-widget_type=\"spacer.default\">\n\t\t\t\t<div class=\"elementor-widget-container\">\n\t\t\t<style>\/*! elementor - v3.20.0 - 20-03-2024 *\/\n.elementor-column .elementor-spacer-inner{height:var(--spacer-size)}.e-con{--container-widget-width:100%}.e-con-inner>.elementor-widget-spacer,.e-con>.elementor-widget-spacer{width:var(--container-widget-width,var(--spacer-size));--align-self:var(--container-widget-align-self,initial);--flex-shrink:0}.e-con-inner>.elementor-widget-spacer>.elementor-widget-container,.e-con>.elementor-widget-spacer>.elementor-widget-container{height:100%;width:100%}.e-con-inner>.elementor-widget-spacer>.elementor-widget-container>.elementor-spacer,.e-con>.elementor-widget-spacer>.elementor-widget-container>.elementor-spacer{height:100%}.e-con-inner>.elementor-widget-spacer>.elementor-widget-container>.elementor-spacer>.elementor-spacer-inner,.e-con>.elementor-widget-spacer>.elementor-widget-container>.elementor-spacer>.elementor-spacer-inner{height:var(--container-widget-height,var(--spacer-size))}.e-con-inner>.elementor-widget-spacer.elementor-widget-empty,.e-con>.elementor-widget-spacer.elementor-widget-empty{position:relative;min-height:22px;min-width:22px}.e-con-inner>.elementor-widget-spacer.elementor-widget-empty .elementor-widget-empty-icon,.e-con>.elementor-widget-spacer.elementor-widget-empty .elementor-widget-empty-icon{position:absolute;top:0;bottom:0;left:0;right:0;margin:auto;padding:0;width:22px;height:22px}<\/style>\t\t<div class=\"elementor-spacer\">\n\t\t\t<div class=\"elementor-spacer-inner\"><\/div>\n\t\t<\/div>\n\t\t\t\t<\/div>\n\t\t\t\t<\/div>\n\t\t\t\t<div class=\"elementor-element elementor-element-905746c elementor-widget elementor-widget-heading\" data-id=\"905746c\" data-element_type=\"widget\" data-widget_type=\"heading.default\">\n\t\t\t\t<div class=\"elementor-widget-container\">\n\t\t\t<style>\/*! elementor - v3.20.0 - 20-03-2024 *\/\n.elementor-heading-title{padding:0;margin:0;line-height:1}.elementor-widget-heading .elementor-heading-title[class*=elementor-size-]>a{color:inherit;font-size:inherit;line-height:inherit}.elementor-widget-heading .elementor-heading-title.elementor-size-small{font-size:15px}.elementor-widget-heading .elementor-heading-title.elementor-size-medium{font-size:19px}.elementor-widget-heading .elementor-heading-title.elementor-size-large{font-size:29px}.elementor-widget-heading .elementor-heading-title.elementor-size-xl{font-size:39px}.elementor-widget-heading .elementor-heading-title.elementor-size-xxl{font-size:59px}<\/style><h2 class=\"elementor-heading-title elementor-size-default\">P\u00e4rnu elu voolab j\u00f5e \u00e4\u00e4rde<\/h2>\t\t<\/div>\n\t\t\t\t<\/div>\n\t\t\t\t<div class=\"elementor-element elementor-element-3a8e9ef elementor-widget__width-initial elementor-widget elementor-widget-text-editor\" data-id=\"3a8e9ef\" data-element_type=\"widget\" data-widget_type=\"text-editor.default\">\n\t\t\t\t<div class=\"elementor-widget-container\">\n\t\t\t<style>\/*! elementor - v3.20.0 - 20-03-2024 *\/\n.elementor-widget-text-editor.elementor-drop-cap-view-stacked .elementor-drop-cap{background-color:#69727d;color:#fff}.elementor-widget-text-editor.elementor-drop-cap-view-framed .elementor-drop-cap{color:#69727d;border:3px solid;background-color:transparent}.elementor-widget-text-editor:not(.elementor-drop-cap-view-default) .elementor-drop-cap{margin-top:8px}.elementor-widget-text-editor:not(.elementor-drop-cap-view-default) .elementor-drop-cap-letter{width:1em;height:1em}.elementor-widget-text-editor .elementor-drop-cap{float:left;text-align:center;line-height:1;font-size:50px}.elementor-widget-text-editor .elementor-drop-cap-letter{display:inline-block}<\/style>\t\t\t\t<p><span style=\"caret-color: #000000; white-space-collapse: preserve;\">P\u00e4rnu uus elu liigub j\u00f5e \u00e4\u00e4rde. Uuskalamehe kvartalis saavad kokku kaasaegne elukeskkond ja kogukondlik elustiil. Kohvikud, terviserajad ja j\u00f5e\u00e4\u00e4rne promenaad on \u00fcmber nurga. <\/span><span style=\"caret-color: #000000; white-space-collapse: preserve; font-size: 1rem;\">Sotsiaalne elu on sulle l\u00e4hedal, aga mitte sinu elutoas. <\/span><\/p>\t\t\t\t\t\t<\/div>\n\t\t\t\t<\/div>\n\t\t<div class=\"elementor-element elementor-element-66cd46c e-con-full e-flex e-con e-child\" data-id=\"66cd46c\" data-element_type=\"container\">\n\t\t\t\t<div class=\"elementor-element elementor-element-7df2317 elementor-align-center elementor-widget elementor-widget-button\" data-id=\"7df2317\" data-element_type=\"widget\" data-widget_type=\"button.default\">\n\t\t\t\t<div class=\"elementor-widget-container\">\n\t\t\t\t\t<div class=\"elementor-button-wrapper\">\n\t\t\t<a class=\"elementor-button elementor-button-link elementor-size-sm\" href=\"https:\/\/www.google.com\/maps\/place\/Suur-J%C3%B5e+tn+26,+P%C3%A4rnu,+80013+P%C3%A4rnu+maakond\/@58.3871201,24.5075073,15.1z\/data=!4m5!3m4!1s0x46ecfd214fb5bdfb:0xe6b4194c0c1aa9cc!8m2!3d58.3867714!4d24.5165551?entry=ttu&#038;g_ep=EgoyMDI1MDQyMC4wIKXMDSoASAFQAw%3D%3D\" target=\"_blank\">\n\t\t\t\t\t\t<span class=\"elementor-button-content-wrapper\">\n\t\t\t\t\t\t<span class=\"elementor-button-text\">ASUKOHT<\/span>\n\t\t<\/span>\n\t\t\t\t\t<\/a>\n\t\t<\/div>\n\t\t\t\t<\/div>\n\t\t\t\t<\/div>\n\t\t\t\t<div class=\"elementor-element elementor-element-8a2adc1 elementor-align-center elementor-hidden-tablet elementor-hidden-mobile elementor-widget elementor-widget-button\" data-id=\"8a2adc1\" data-element_type=\"widget\" data-widget_type=\"button.default\">\n\t\t\t\t<div class=\"elementor-widget-container\">\n\t\t\t\t\t<div class=\"elementor-button-wrapper\">\n\t\t\t<a class=\"elementor-button elementor-button-link elementor-size-sm\" href=\"https:\/\/lvm.ee\/uuskalamehe\/hinnakiri\/\" target=\"_blank\">\n\t\t\t\t\t\t<span class=\"elementor-button-content-wrapper\">\n\t\t\t\t\t\t<span class=\"elementor-button-text\">HINNAKIRI<\/span>\n\t\t<\/span>\n\t\t\t\t\t<\/a>\n\t\t<\/div>\n\t\t\t\t<\/div>\n\t\t\t\t<\/div>\n\t\t\t\t<\/div>\n\t\t\t\t<div class=\"elementor-element elementor-element-6de8540 elementor-hidden-desktop elementor-widget elementor-widget-spacer\" data-id=\"6de8540\" data-element_type=\"widget\" data-widget_type=\"spacer.default\">\n\t\t\t\t<div class=\"elementor-widget-container\">\n\t\t\t\t\t<div class=\"elementor-spacer\">\n\t\t\t<div class=\"elementor-spacer-inner\"><\/div>\n\t\t<\/div>\n\t\t\t\t<\/div>\n\t\t\t\t<\/div>\n\t\t\t\t<\/div>\n\t\t\t\t\t<\/div>\n\t\t\t\t<\/div>\n\t\t\t\t<\/div>\n\t\t","protected":false},"excerpt":{"rendered":"<p>P\u00e4rnu elu voolab j\u00f5e \u00e4\u00e4rde P\u00e4rnu uus elu liigub j\u00f5e \u00e4\u00e4rde. Uuskalamehe kvartalis saavad kokku kaasaegne elukeskkond ja kogukondlik elustiil. Kohvikud, terviserajad ja j\u00f5e\u00e4\u00e4rne promenaad on \u00fcmber nurga. Sotsiaalne elu on sulle l\u00e4hedal, aga mitte sinu elutoas. ASUKOHT HINNAKIRI<\/p>\n","protected":false},"author":1,"featured_media":2001,"parent":0,"menu_order":0,"comment_status":"closed","ping_status":"closed","template":"elementor_header_footer","meta":{"_acf_changed":false,"inline_featured_image":false,"footnotes":""},"class_list":["post-10","page","type-page","status-publish","has-post-thumbnail","hentry"],"acf":[],"yoast_head":"<!-- This site is optimized with the Yoast SEO plugin v22.3 - https:\/\/yoast.com\/wordpress\/plugins\/seo\/ -->\n<title>Uuskalamehe - P\u00e4rnu elu voolab j\u00f5e \u00e4\u00e4rde<\/title>\n<meta name=\"description\" content=\"Uuskalamehe kvartalis saavad kokku kaasaegne elukeskkond ja kogukondlik elustiil. Kohvikud, terviserajad ja j\u00f5e\u00e4\u00e4rne promenaad on \u00fcmber nurga.\" \/>\n<meta name=\"robots\" content=\"index, follow, max-snippet:-1, max-image-preview:large, max-video-preview:-1\" \/>\n<link rel=\"canonical\" href=\"https:\/\/lvm.ee\/uuskalamehe\/\" \/>\n<meta property=\"og:locale\" content=\"en_US\" \/>\n<meta property=\"og:type\" content=\"article\" \/>\n<meta property=\"og:title\" content=\"Uuskalamehe - P\u00e4rnu elu voolab j\u00f5e \u00e4\u00e4rde\" \/>\n<meta property=\"og:description\" content=\"Uuskalamehe kvartalis saavad kokku kaasaegne elukeskkond ja kogukondlik elustiil. Kohvikud, terviserajad ja j\u00f5e\u00e4\u00e4rne promenaad on \u00fcmber nurga.\" \/>\n<meta property=\"og:url\" content=\"https:\/\/lvm.ee\/uuskalamehe\/\" \/>\n<meta property=\"og:site_name\" content=\"Uuskalamehe\" \/>\n<meta property=\"article:modified_time\" content=\"2025-08-28T12:53:51+00:00\" \/>\n<meta name=\"twitter:card\" content=\"summary_large_image\" \/>\n<meta name=\"twitter:image\" content=\"https:\/\/lvm.ee\/uuskalamehe\/wp-content\/uploads\/2022\/10\/Uuskalamehe_logo_badge_pos_clr.svg\" \/>\n<meta name=\"twitter:label1\" content=\"Est. reading time\" \/>\n\t<meta name=\"twitter:data1\" content=\"1 minute\" \/>\n<script type=\"application\/ld+json\" class=\"yoast-schema-graph\">{\"@context\":\"https:\/\/schema.org\",\"@graph\":[{\"@type\":\"WebPage\",\"@id\":\"https:\/\/lvm.ee\/uuskalamehe\/\",\"url\":\"https:\/\/lvm.ee\/uuskalamehe\/\",\"name\":\"Uuskalamehe - P\u00e4rnu elu voolab j\u00f5e \u00e4\u00e4rde\",\"isPartOf\":{\"@id\":\"https:\/\/lvm.ee\/uuskalamehe\/#website\"},\"primaryImageOfPage\":{\"@id\":\"https:\/\/lvm.ee\/uuskalamehe\/#primaryimage\"},\"image\":{\"@id\":\"https:\/\/lvm.ee\/uuskalamehe\/#primaryimage\"},\"thumbnailUrl\":\"https:\/\/lvm.ee\/uuskalamehe\/wp-content\/uploads\/2022\/10\/Uuskalamehe_logo_badge_pos_clr.svg\",\"datePublished\":\"2022-08-15T12:36:00+00:00\",\"dateModified\":\"2025-08-28T12:53:51+00:00\",\"description\":\"Uuskalamehe kvartalis saavad kokku kaasaegne elukeskkond ja kogukondlik elustiil. Kohvikud, terviserajad ja j\u00f5e\u00e4\u00e4rne promenaad on \u00fcmber nurga.\",\"breadcrumb\":{\"@id\":\"https:\/\/lvm.ee\/uuskalamehe\/#breadcrumb\"},\"inLanguage\":\"en\",\"potentialAction\":[{\"@type\":\"ReadAction\",\"target\":[\"https:\/\/lvm.ee\/uuskalamehe\/\"]}]},{\"@type\":\"ImageObject\",\"inLanguage\":\"en\",\"@id\":\"https:\/\/lvm.ee\/uuskalamehe\/#primaryimage\",\"url\":\"https:\/\/lvm.ee\/uuskalamehe\/wp-content\/uploads\/2022\/10\/Uuskalamehe_logo_badge_pos_clr.svg\",\"contentUrl\":\"https:\/\/lvm.ee\/uuskalamehe\/wp-content\/uploads\/2022\/10\/Uuskalamehe_logo_badge_pos_clr.svg\",\"width\":500,\"height\":500},{\"@type\":\"BreadcrumbList\",\"@id\":\"https:\/\/lvm.ee\/uuskalamehe\/#breadcrumb\",\"itemListElement\":[{\"@type\":\"ListItem\",\"position\":1,\"name\":\"Home\",\"item\":\"https:\/\/lvm.ee\/uuskalamehe\/\"},{\"@type\":\"ListItem\",\"position\":2,\"name\":\"Avaleht\"}]},{\"@type\":\"WebSite\",\"@id\":\"https:\/\/lvm.ee\/uuskalamehe\/#website\",\"url\":\"https:\/\/lvm.ee\/uuskalamehe\/\",\"name\":\"Uuskalamehe\",\"description\":\"Uusarendus P&auml;rnu j&otilde;e kaldal\",\"publisher\":{\"@id\":\"https:\/\/lvm.ee\/uuskalamehe\/#organization\"},\"potentialAction\":[{\"@type\":\"SearchAction\",\"target\":{\"@type\":\"EntryPoint\",\"urlTemplate\":\"https:\/\/lvm.ee\/uuskalamehe\/?s={search_term_string}\"},\"query-input\":\"required name=search_term_string\"}],\"inLanguage\":\"en\"},{\"@type\":\"Organization\",\"@id\":\"https:\/\/lvm.ee\/uuskalamehe\/#organization\",\"name\":\"Uuskalamehe\",\"url\":\"https:\/\/lvm.ee\/uuskalamehe\/\",\"logo\":{\"@type\":\"ImageObject\",\"inLanguage\":\"en\",\"@id\":\"https:\/\/lvm.ee\/uuskalamehe\/#\/schema\/logo\/image\/\",\"url\":\"https:\/\/lvm.ee\/uuskalamehe\/wp-content\/uploads\/2022\/08\/Uuskalamehe_logo_horiz_pos_black.svg\",\"contentUrl\":\"https:\/\/lvm.ee\/uuskalamehe\/wp-content\/uploads\/2022\/08\/Uuskalamehe_logo_horiz_pos_black.svg\",\"width\":500,\"height\":500,\"caption\":\"Uuskalamehe\"},\"image\":{\"@id\":\"https:\/\/lvm.ee\/uuskalamehe\/#\/schema\/logo\/image\/\"}}]}<\/script>\n<!-- \/ Yoast SEO plugin. -->","yoast_head_json":{"title":"Uuskalamehe - P\u00e4rnu elu voolab j\u00f5e \u00e4\u00e4rde","description":"Uuskalamehe kvartalis saavad kokku kaasaegne elukeskkond ja kogukondlik elustiil. Kohvikud, terviserajad ja j\u00f5e\u00e4\u00e4rne promenaad on \u00fcmber nurga.","robots":{"index":"index","follow":"follow","max-snippet":"max-snippet:-1","max-image-preview":"max-image-preview:large","max-video-preview":"max-video-preview:-1"},"canonical":"https:\/\/lvm.ee\/uuskalamehe\/","og_locale":"en_US","og_type":"article","og_title":"Uuskalamehe - P\u00e4rnu elu voolab j\u00f5e \u00e4\u00e4rde","og_description":"Uuskalamehe kvartalis saavad kokku kaasaegne elukeskkond ja kogukondlik elustiil. Kohvikud, terviserajad ja j\u00f5e\u00e4\u00e4rne promenaad on \u00fcmber nurga.","og_url":"https:\/\/lvm.ee\/uuskalamehe\/","og_site_name":"Uuskalamehe","article_modified_time":"2025-08-28T12:53:51+00:00","twitter_card":"summary_large_image","twitter_image":"https:\/\/lvm.ee\/uuskalamehe\/wp-content\/uploads\/2022\/10\/Uuskalamehe_logo_badge_pos_clr.svg","twitter_misc":{"Est. reading time":"1 minute"},"schema":{"@context":"https:\/\/schema.org","@graph":[{"@type":"WebPage","@id":"https:\/\/lvm.ee\/uuskalamehe\/","url":"https:\/\/lvm.ee\/uuskalamehe\/","name":"Uuskalamehe - P\u00e4rnu elu voolab j\u00f5e \u00e4\u00e4rde","isPartOf":{"@id":"https:\/\/lvm.ee\/uuskalamehe\/#website"},"primaryImageOfPage":{"@id":"https:\/\/lvm.ee\/uuskalamehe\/#primaryimage"},"image":{"@id":"https:\/\/lvm.ee\/uuskalamehe\/#primaryimage"},"thumbnailUrl":"https:\/\/lvm.ee\/uuskalamehe\/wp-content\/uploads\/2022\/10\/Uuskalamehe_logo_badge_pos_clr.svg","datePublished":"2022-08-15T12:36:00+00:00","dateModified":"2025-08-28T12:53:51+00:00","description":"Uuskalamehe kvartalis saavad kokku kaasaegne elukeskkond ja kogukondlik elustiil. Kohvikud, terviserajad ja j\u00f5e\u00e4\u00e4rne promenaad on \u00fcmber nurga.","breadcrumb":{"@id":"https:\/\/lvm.ee\/uuskalamehe\/#breadcrumb"},"inLanguage":"en","potentialAction":[{"@type":"ReadAction","target":["https:\/\/lvm.ee\/uuskalamehe\/"]}]},{"@type":"ImageObject","inLanguage":"en","@id":"https:\/\/lvm.ee\/uuskalamehe\/#primaryimage","url":"https:\/\/lvm.ee\/uuskalamehe\/wp-content\/uploads\/2022\/10\/Uuskalamehe_logo_badge_pos_clr.svg","contentUrl":"https:\/\/lvm.ee\/uuskalamehe\/wp-content\/uploads\/2022\/10\/Uuskalamehe_logo_badge_pos_clr.svg","width":500,"height":500},{"@type":"BreadcrumbList","@id":"https:\/\/lvm.ee\/uuskalamehe\/#breadcrumb","itemListElement":[{"@type":"ListItem","position":1,"name":"Home","item":"https:\/\/lvm.ee\/uuskalamehe\/"},{"@type":"ListItem","position":2,"name":"Avaleht"}]},{"@type":"WebSite","@id":"https:\/\/lvm.ee\/uuskalamehe\/#website","url":"https:\/\/lvm.ee\/uuskalamehe\/","name":"Uuskalamehe","description":"Uusarendus P&auml;rnu j&otilde;e kaldal","publisher":{"@id":"https:\/\/lvm.ee\/uuskalamehe\/#organization"},"potentialAction":[{"@type":"SearchAction","target":{"@type":"EntryPoint","urlTemplate":"https:\/\/lvm.ee\/uuskalamehe\/?s={search_term_string}"},"query-input":"required name=search_term_string"}],"inLanguage":"en"},{"@type":"Organization","@id":"https:\/\/lvm.ee\/uuskalamehe\/#organization","name":"Uuskalamehe","url":"https:\/\/lvm.ee\/uuskalamehe\/","logo":{"@type":"ImageObject","inLanguage":"en","@id":"https:\/\/lvm.ee\/uuskalamehe\/#\/schema\/logo\/image\/","url":"https:\/\/lvm.ee\/uuskalamehe\/wp-content\/uploads\/2022\/08\/Uuskalamehe_logo_horiz_pos_black.svg","contentUrl":"https:\/\/lvm.ee\/uuskalamehe\/wp-content\/uploads\/2022\/08\/Uuskalamehe_logo_horiz_pos_black.svg","width":500,"height":500,"caption":"Uuskalamehe"},"image":{"@id":"https:\/\/lvm.ee\/uuskalamehe\/#\/schema\/logo\/image\/"}}]}},"_links":{"self":[{"href":"https:\/\/lvm.ee\/uuskalamehe\/wp-json\/wp\/v2\/pages\/10","targetHints":{"allow":["GET"]}}],"collection":[{"href":"https:\/\/lvm.ee\/uuskalamehe\/wp-json\/wp\/v2\/pages"}],"about":[{"href":"https:\/\/lvm.ee\/uuskalamehe\/wp-json\/wp\/v2\/types\/page"}],"author":[{"embeddable":true,"href":"https:\/\/lvm.ee\/uuskalamehe\/wp-json\/wp\/v2\/users\/1"}],"replies":[{"embeddable":true,"href":"https:\/\/lvm.ee\/uuskalamehe\/wp-json\/wp\/v2\/comments?post=10"}],"version-history":[{"count":636,"href":"https:\/\/lvm.ee\/uuskalamehe\/wp-json\/wp\/v2\/pages\/10\/revisions"}],"predecessor-version":[{"id":3975,"href":"https:\/\/lvm.ee\/uuskalamehe\/wp-json\/wp\/v2\/pages\/10\/revisions\/3975"}],"wp:featuredmedia":[{"embeddable":true,"href":"https:\/\/lvm.ee\/uuskalamehe\/wp-json\/wp\/v2\/media\/2001"}],"wp:attachment":[{"href":"https:\/\/lvm.ee\/uuskalamehe\/wp-json\/wp\/v2\/media?parent=10"}],"curies":[{"name":"wp","href":"https:\/\/api.w.org\/{rel}","templated":true}]}}