{"id":2560,"date":"2024-08-14T14:50:06","date_gmt":"2024-08-14T11:50:06","guid":{"rendered":"https:\/\/lvm.ee\/uuskalamehe\/?page_id=2560"},"modified":"2024-08-19T16:16:42","modified_gmt":"2024-08-19T13:16:42","slug":"tutvustus","status":"publish","type":"page","link":"https:\/\/lvm.ee\/uuskalamehe\/tutvustus\/","title":{"rendered":"Tutvustus"},"content":{"rendered":"\t\t<div data-elementor-type=\"wp-page\" data-elementor-id=\"2560\" class=\"elementor elementor-2560\" data-elementor-post-type=\"page\">\n\t\t\t\t<div class=\"elementor-element elementor-element-a36e428 e-flex e-con-boxed e-con e-parent\" data-id=\"a36e428\" data-element_type=\"container\" id=\"intro\" data-settings=\"{&quot;background_background&quot;:&quot;slideshow&quot;,&quot;background_slideshow_gallery&quot;:[{&quot;id&quot;:2090,&quot;url&quot;:&quot;https:\\\/\\\/lvm.ee\\\/uuskalamehe\\\/wp-content\\\/uploads\\\/2024\\\/05\\\/droonifoto.png&quot;}],&quot;background_slideshow_slide_duration&quot;:7000,&quot;background_slideshow_transition_duration&quot;:1500,&quot;background_slideshow_ken_burns&quot;:&quot;yes&quot;,&quot;background_slideshow_loop&quot;:&quot;yes&quot;,&quot;background_slideshow_slide_transition&quot;:&quot;fade&quot;,&quot;background_slideshow_ken_burns_zoom_direction&quot;:&quot;in&quot;}\" data-core-v316-plus=\"true\">\n\t\t\t\t\t<div class=\"e-con-inner\">\n\t\t\t\t\t<\/div>\n\t\t\t\t<\/div>\n\t\t<div class=\"elementor-element elementor-element-8d5ed25 e-flex e-con-boxed e-con e-parent\" data-id=\"8d5ed25\" data-element_type=\"container\" data-core-v316-plus=\"true\">\n\t\t\t\t\t<div class=\"e-con-inner\">\n\t\t<div class=\"elementor-element elementor-element-d703953 e-con-full e-flex e-con e-child\" data-id=\"d703953\" data-element_type=\"container\">\n\t\t\t\t<div class=\"elementor-element elementor-element-aa4783c elementor-widget elementor-widget-text-editor\" data-id=\"aa4783c\" data-element_type=\"widget\" data-widget_type=\"text-editor.default\">\n\t\t\t\t<div class=\"elementor-widget-container\">\n\t\t\t<style>\/*! elementor - v3.20.0 - 20-03-2024 *\/\n.elementor-widget-text-editor.elementor-drop-cap-view-stacked .elementor-drop-cap{background-color:#69727d;color:#fff}.elementor-widget-text-editor.elementor-drop-cap-view-framed .elementor-drop-cap{color:#69727d;border:3px solid;background-color:transparent}.elementor-widget-text-editor:not(.elementor-drop-cap-view-default) .elementor-drop-cap{margin-top:8px}.elementor-widget-text-editor:not(.elementor-drop-cap-view-default) .elementor-drop-cap-letter{width:1em;height:1em}.elementor-widget-text-editor .elementor-drop-cap{float:left;text-align:center;line-height:1;font-size:50px}.elementor-widget-text-editor .elementor-drop-cap-letter{display:inline-block}<\/style>\t\t\t\t<p>P\u00e4rnu elu\u00a0voolab<br \/>j\u00f5e \u00e4\u00e4rde<\/p>\t\t\t\t\t\t<\/div>\n\t\t\t\t<\/div>\n\t\t\t\t<div class=\"elementor-element elementor-element-7e66408 elementor-widget__width-initial elementor-widget elementor-widget-text-editor\" data-id=\"7e66408\" data-element_type=\"widget\" data-widget_type=\"text-editor.default\">\n\t\t\t\t<div class=\"elementor-widget-container\">\n\t\t\t\t\t\t\t<p>P\u00e4rnu uus elu liigub j\u00f5e \u00e4\u00e4rde. Uuskalamehe kvartalis saavad kokku kaasaegne elukeskkond ja kogukondlik elustiil. Kohvikud, terviserajad ja j\u00f5e\u00e4\u00e4rne promenaad on p\u00f5him\u00f5tteliselt \u00fcmber nurga. Sotsiaalne elu on sulle l\u00e4hedal, aga mitte sinu elutoas.<\/p>\t\t\t\t\t\t<\/div>\n\t\t\t\t<\/div>\n\t\t\t\t<div class=\"elementor-element elementor-element-a81f714 elementor-hidden-desktop elementor-hidden-tablet elementor-widget elementor-widget-spacer\" data-id=\"a81f714\" data-element_type=\"widget\" data-widget_type=\"spacer.default\">\n\t\t\t\t<div class=\"elementor-widget-container\">\n\t\t\t<style>\/*! elementor - v3.20.0 - 20-03-2024 *\/\n.elementor-column .elementor-spacer-inner{height:var(--spacer-size)}.e-con{--container-widget-width:100%}.e-con-inner>.elementor-widget-spacer,.e-con>.elementor-widget-spacer{width:var(--container-widget-width,var(--spacer-size));--align-self:var(--container-widget-align-self,initial);--flex-shrink:0}.e-con-inner>.elementor-widget-spacer>.elementor-widget-container,.e-con>.elementor-widget-spacer>.elementor-widget-container{height:100%;width:100%}.e-con-inner>.elementor-widget-spacer>.elementor-widget-container>.elementor-spacer,.e-con>.elementor-widget-spacer>.elementor-widget-container>.elementor-spacer{height:100%}.e-con-inner>.elementor-widget-spacer>.elementor-widget-container>.elementor-spacer>.elementor-spacer-inner,.e-con>.elementor-widget-spacer>.elementor-widget-container>.elementor-spacer>.elementor-spacer-inner{height:var(--container-widget-height,var(--spacer-size))}.e-con-inner>.elementor-widget-spacer.elementor-widget-empty,.e-con>.elementor-widget-spacer.elementor-widget-empty{position:relative;min-height:22px;min-width:22px}.e-con-inner>.elementor-widget-spacer.elementor-widget-empty .elementor-widget-empty-icon,.e-con>.elementor-widget-spacer.elementor-widget-empty .elementor-widget-empty-icon{position:absolute;top:0;bottom:0;left:0;right:0;margin:auto;padding:0;width:22px;height:22px}<\/style>\t\t<div class=\"elementor-spacer\">\n\t\t\t<div class=\"elementor-spacer-inner\"><\/div>\n\t\t<\/div>\n\t\t\t\t<\/div>\n\t\t\t\t<\/div>\n\t\t\t\t<\/div>\n\t\t<div class=\"elementor-element elementor-element-05c7deb e-con-full e-flex e-con e-child\" data-id=\"05c7deb\" data-element_type=\"container\">\n\t\t\t\t<div class=\"elementor-element elementor-element-e904f8c elementor-hidden-mobile elementor-widget elementor-widget-image\" data-id=\"e904f8c\" data-element_type=\"widget\" data-widget_type=\"image.default\">\n\t\t\t\t<div class=\"elementor-widget-container\">\n\t\t\t<style>\/*! elementor - v3.20.0 - 20-03-2024 *\/\n.elementor-widget-image{text-align:center}.elementor-widget-image a{display:inline-block}.elementor-widget-image a img[src$=\".svg\"]{width:48px}.elementor-widget-image img{vertical-align:middle;display:inline-block}<\/style>\t\t\t\t\t\t\t\t\t\t<img fetchpriority=\"high\" decoding=\"async\" width=\"800\" height=\"800\" src=\"https:\/\/lvm.ee\/uuskalamehe\/wp-content\/uploads\/2024\/08\/Pilt-1024x1024.png\" class=\"attachment-large size-large wp-image-2569\" alt=\"\" srcset=\"https:\/\/lvm.ee\/uuskalamehe\/wp-content\/uploads\/2024\/08\/Pilt-1024x1024.png 1024w, https:\/\/lvm.ee\/uuskalamehe\/wp-content\/uploads\/2024\/08\/Pilt-300x300.png 300w, https:\/\/lvm.ee\/uuskalamehe\/wp-content\/uploads\/2024\/08\/Pilt-150x150.png 150w, https:\/\/lvm.ee\/uuskalamehe\/wp-content\/uploads\/2024\/08\/Pilt-768x768.png 768w, https:\/\/lvm.ee\/uuskalamehe\/wp-content\/uploads\/2024\/08\/Pilt.png 1080w\" sizes=\"(max-width: 800px) 100vw, 800px\" \/>\t\t\t\t\t\t\t\t\t\t\t\t\t<\/div>\n\t\t\t\t<\/div>\n\t\t\t\t<\/div>\n\t\t\t\t\t<\/div>\n\t\t\t\t<\/div>\n\t\t\t\t<\/div>\n\t\t","protected":false},"excerpt":{"rendered":"<p>P\u00e4rnu elu\u00a0voolabj\u00f5e \u00e4\u00e4rde P\u00e4rnu uus elu liigub j\u00f5e \u00e4\u00e4rde. Uuskalamehe kvartalis saavad kokku kaasaegne elukeskkond ja kogukondlik elustiil. Kohvikud, terviserajad ja j\u00f5e\u00e4\u00e4rne promenaad on p\u00f5him\u00f5tteliselt \u00fcmber nurga. Sotsiaalne elu on sulle l\u00e4hedal, aga mitte sinu elutoas.<\/p>\n","protected":false},"author":1,"featured_media":2001,"parent":0,"menu_order":0,"comment_status":"closed","ping_status":"closed","template":"elementor_header_footer","meta":{"_acf_changed":false,"inline_featured_image":false,"footnotes":""},"class_list":["post-2560","page","type-page","status-publish","has-post-thumbnail","hentry"],"acf":[],"yoast_head":"<!-- This site is optimized with the Yoast SEO plugin v22.3 - https:\/\/yoast.com\/wordpress\/plugins\/seo\/ -->\n<title>Uuskalamehe - P\u00e4rnu elu voolab j\u00f5e \u00e4\u00e4rde<\/title>\n<meta name=\"description\" content=\"Uuskalamehe kvartalis saavad kokku kaasaegne elukeskkond ja kogukondlik elustiil. Kohvikud, terviserajad ja j\u00f5e\u00e4\u00e4rne promenaad on \u00fcmber nurga.\" \/>\n<meta name=\"robots\" content=\"index, follow, max-snippet:-1, max-image-preview:large, max-video-preview:-1\" \/>\n<link rel=\"canonical\" href=\"https:\/\/lvm.ee\/uuskalamehe\/tutvustus\/\" \/>\n<meta property=\"og:locale\" content=\"en_US\" \/>\n<meta property=\"og:type\" content=\"article\" \/>\n<meta property=\"og:title\" content=\"Uuskalamehe - P\u00e4rnu elu voolab j\u00f5e \u00e4\u00e4rde\" \/>\n<meta property=\"og:description\" content=\"Uuskalamehe kvartalis saavad kokku kaasaegne elukeskkond ja kogukondlik elustiil. Kohvikud, terviserajad ja j\u00f5e\u00e4\u00e4rne promenaad on \u00fcmber nurga.\" \/>\n<meta property=\"og:url\" content=\"https:\/\/lvm.ee\/uuskalamehe\/tutvustus\/\" \/>\n<meta property=\"og:site_name\" content=\"Uuskalamehe\" \/>\n<meta property=\"article:modified_time\" content=\"2024-08-19T13:16:42+00:00\" \/>\n<meta name=\"twitter:card\" content=\"summary_large_image\" \/>\n<meta name=\"twitter:image\" content=\"https:\/\/lvm.ee\/uuskalamehe\/wp-content\/uploads\/2022\/10\/Uuskalamehe_logo_badge_pos_clr.svg\" \/>\n<meta name=\"twitter:label1\" content=\"Est. reading time\" \/>\n\t<meta name=\"twitter:data1\" content=\"1 minute\" \/>\n<script type=\"application\/ld+json\" class=\"yoast-schema-graph\">{\"@context\":\"https:\/\/schema.org\",\"@graph\":[{\"@type\":\"WebPage\",\"@id\":\"https:\/\/lvm.ee\/uuskalamehe\/tutvustus\/\",\"url\":\"https:\/\/lvm.ee\/uuskalamehe\/tutvustus\/\",\"name\":\"Uuskalamehe - P\u00e4rnu elu voolab j\u00f5e \u00e4\u00e4rde\",\"isPartOf\":{\"@id\":\"https:\/\/lvm.ee\/uuskalamehe\/#website\"},\"primaryImageOfPage\":{\"@id\":\"https:\/\/lvm.ee\/uuskalamehe\/tutvustus\/#primaryimage\"},\"image\":{\"@id\":\"https:\/\/lvm.ee\/uuskalamehe\/tutvustus\/#primaryimage\"},\"thumbnailUrl\":\"https:\/\/lvm.ee\/uuskalamehe\/wp-content\/uploads\/2022\/10\/Uuskalamehe_logo_badge_pos_clr.svg\",\"datePublished\":\"2024-08-14T11:50:06+00:00\",\"dateModified\":\"2024-08-19T13:16:42+00:00\",\"description\":\"Uuskalamehe kvartalis saavad kokku kaasaegne elukeskkond ja kogukondlik elustiil. Kohvikud, terviserajad ja j\u00f5e\u00e4\u00e4rne promenaad on \u00fcmber nurga.\",\"breadcrumb\":{\"@id\":\"https:\/\/lvm.ee\/uuskalamehe\/tutvustus\/#breadcrumb\"},\"inLanguage\":\"en\",\"potentialAction\":[{\"@type\":\"ReadAction\",\"target\":[\"https:\/\/lvm.ee\/uuskalamehe\/tutvustus\/\"]}]},{\"@type\":\"ImageObject\",\"inLanguage\":\"en\",\"@id\":\"https:\/\/lvm.ee\/uuskalamehe\/tutvustus\/#primaryimage\",\"url\":\"https:\/\/lvm.ee\/uuskalamehe\/wp-content\/uploads\/2022\/10\/Uuskalamehe_logo_badge_pos_clr.svg\",\"contentUrl\":\"https:\/\/lvm.ee\/uuskalamehe\/wp-content\/uploads\/2022\/10\/Uuskalamehe_logo_badge_pos_clr.svg\",\"width\":500,\"height\":500},{\"@type\":\"BreadcrumbList\",\"@id\":\"https:\/\/lvm.ee\/uuskalamehe\/tutvustus\/#breadcrumb\",\"itemListElement\":[{\"@type\":\"ListItem\",\"position\":1,\"name\":\"Home\",\"item\":\"https:\/\/lvm.ee\/uuskalamehe\/\"},{\"@type\":\"ListItem\",\"position\":2,\"name\":\"Tutvustus\"}]},{\"@type\":\"WebSite\",\"@id\":\"https:\/\/lvm.ee\/uuskalamehe\/#website\",\"url\":\"https:\/\/lvm.ee\/uuskalamehe\/\",\"name\":\"Uuskalamehe\",\"description\":\"Uusarendus P&auml;rnu j&otilde;e kaldal\",\"publisher\":{\"@id\":\"https:\/\/lvm.ee\/uuskalamehe\/#organization\"},\"potentialAction\":[{\"@type\":\"SearchAction\",\"target\":{\"@type\":\"EntryPoint\",\"urlTemplate\":\"https:\/\/lvm.ee\/uuskalamehe\/?s={search_term_string}\"},\"query-input\":\"required name=search_term_string\"}],\"inLanguage\":\"en\"},{\"@type\":\"Organization\",\"@id\":\"https:\/\/lvm.ee\/uuskalamehe\/#organization\",\"name\":\"Uuskalamehe\",\"url\":\"https:\/\/lvm.ee\/uuskalamehe\/\",\"logo\":{\"@type\":\"ImageObject\",\"inLanguage\":\"en\",\"@id\":\"https:\/\/lvm.ee\/uuskalamehe\/#\/schema\/logo\/image\/\",\"url\":\"https:\/\/lvm.ee\/uuskalamehe\/wp-content\/uploads\/2022\/08\/Uuskalamehe_logo_horiz_pos_black.svg\",\"contentUrl\":\"https:\/\/lvm.ee\/uuskalamehe\/wp-content\/uploads\/2022\/08\/Uuskalamehe_logo_horiz_pos_black.svg\",\"width\":500,\"height\":500,\"caption\":\"Uuskalamehe\"},\"image\":{\"@id\":\"https:\/\/lvm.ee\/uuskalamehe\/#\/schema\/logo\/image\/\"}}]}<\/script>\n<!-- \/ Yoast SEO plugin. -->","yoast_head_json":{"title":"Uuskalamehe - P\u00e4rnu elu voolab j\u00f5e \u00e4\u00e4rde","description":"Uuskalamehe kvartalis saavad kokku kaasaegne elukeskkond ja kogukondlik elustiil. Kohvikud, terviserajad ja j\u00f5e\u00e4\u00e4rne promenaad on \u00fcmber nurga.","robots":{"index":"index","follow":"follow","max-snippet":"max-snippet:-1","max-image-preview":"max-image-preview:large","max-video-preview":"max-video-preview:-1"},"canonical":"https:\/\/lvm.ee\/uuskalamehe\/tutvustus\/","og_locale":"en_US","og_type":"article","og_title":"Uuskalamehe - P\u00e4rnu elu voolab j\u00f5e \u00e4\u00e4rde","og_description":"Uuskalamehe kvartalis saavad kokku kaasaegne elukeskkond ja kogukondlik elustiil. Kohvikud, terviserajad ja j\u00f5e\u00e4\u00e4rne promenaad on \u00fcmber nurga.","og_url":"https:\/\/lvm.ee\/uuskalamehe\/tutvustus\/","og_site_name":"Uuskalamehe","article_modified_time":"2024-08-19T13:16:42+00:00","twitter_card":"summary_large_image","twitter_image":"https:\/\/lvm.ee\/uuskalamehe\/wp-content\/uploads\/2022\/10\/Uuskalamehe_logo_badge_pos_clr.svg","twitter_misc":{"Est. reading time":"1 minute"},"schema":{"@context":"https:\/\/schema.org","@graph":[{"@type":"WebPage","@id":"https:\/\/lvm.ee\/uuskalamehe\/tutvustus\/","url":"https:\/\/lvm.ee\/uuskalamehe\/tutvustus\/","name":"Uuskalamehe - P\u00e4rnu elu voolab j\u00f5e \u00e4\u00e4rde","isPartOf":{"@id":"https:\/\/lvm.ee\/uuskalamehe\/#website"},"primaryImageOfPage":{"@id":"https:\/\/lvm.ee\/uuskalamehe\/tutvustus\/#primaryimage"},"image":{"@id":"https:\/\/lvm.ee\/uuskalamehe\/tutvustus\/#primaryimage"},"thumbnailUrl":"https:\/\/lvm.ee\/uuskalamehe\/wp-content\/uploads\/2022\/10\/Uuskalamehe_logo_badge_pos_clr.svg","datePublished":"2024-08-14T11:50:06+00:00","dateModified":"2024-08-19T13:16:42+00:00","description":"Uuskalamehe kvartalis saavad kokku kaasaegne elukeskkond ja kogukondlik elustiil. Kohvikud, terviserajad ja j\u00f5e\u00e4\u00e4rne promenaad on \u00fcmber nurga.","breadcrumb":{"@id":"https:\/\/lvm.ee\/uuskalamehe\/tutvustus\/#breadcrumb"},"inLanguage":"en","potentialAction":[{"@type":"ReadAction","target":["https:\/\/lvm.ee\/uuskalamehe\/tutvustus\/"]}]},{"@type":"ImageObject","inLanguage":"en","@id":"https:\/\/lvm.ee\/uuskalamehe\/tutvustus\/#primaryimage","url":"https:\/\/lvm.ee\/uuskalamehe\/wp-content\/uploads\/2022\/10\/Uuskalamehe_logo_badge_pos_clr.svg","contentUrl":"https:\/\/lvm.ee\/uuskalamehe\/wp-content\/uploads\/2022\/10\/Uuskalamehe_logo_badge_pos_clr.svg","width":500,"height":500},{"@type":"BreadcrumbList","@id":"https:\/\/lvm.ee\/uuskalamehe\/tutvustus\/#breadcrumb","itemListElement":[{"@type":"ListItem","position":1,"name":"Home","item":"https:\/\/lvm.ee\/uuskalamehe\/"},{"@type":"ListItem","position":2,"name":"Tutvustus"}]},{"@type":"WebSite","@id":"https:\/\/lvm.ee\/uuskalamehe\/#website","url":"https:\/\/lvm.ee\/uuskalamehe\/","name":"Uuskalamehe","description":"Uusarendus P&auml;rnu j&otilde;e kaldal","publisher":{"@id":"https:\/\/lvm.ee\/uuskalamehe\/#organization"},"potentialAction":[{"@type":"SearchAction","target":{"@type":"EntryPoint","urlTemplate":"https:\/\/lvm.ee\/uuskalamehe\/?s={search_term_string}"},"query-input":"required name=search_term_string"}],"inLanguage":"en"},{"@type":"Organization","@id":"https:\/\/lvm.ee\/uuskalamehe\/#organization","name":"Uuskalamehe","url":"https:\/\/lvm.ee\/uuskalamehe\/","logo":{"@type":"ImageObject","inLanguage":"en","@id":"https:\/\/lvm.ee\/uuskalamehe\/#\/schema\/logo\/image\/","url":"https:\/\/lvm.ee\/uuskalamehe\/wp-content\/uploads\/2022\/08\/Uuskalamehe_logo_horiz_pos_black.svg","contentUrl":"https:\/\/lvm.ee\/uuskalamehe\/wp-content\/uploads\/2022\/08\/Uuskalamehe_logo_horiz_pos_black.svg","width":500,"height":500,"caption":"Uuskalamehe"},"image":{"@id":"https:\/\/lvm.ee\/uuskalamehe\/#\/schema\/logo\/image\/"}}]}},"_links":{"self":[{"href":"https:\/\/lvm.ee\/uuskalamehe\/wp-json\/wp\/v2\/pages\/2560","targetHints":{"allow":["GET"]}}],"collection":[{"href":"https:\/\/lvm.ee\/uuskalamehe\/wp-json\/wp\/v2\/pages"}],"about":[{"href":"https:\/\/lvm.ee\/uuskalamehe\/wp-json\/wp\/v2\/types\/page"}],"author":[{"embeddable":true,"href":"https:\/\/lvm.ee\/uuskalamehe\/wp-json\/wp\/v2\/users\/1"}],"replies":[{"embeddable":true,"href":"https:\/\/lvm.ee\/uuskalamehe\/wp-json\/wp\/v2\/comments?post=2560"}],"version-history":[{"count":46,"href":"https:\/\/lvm.ee\/uuskalamehe\/wp-json\/wp\/v2\/pages\/2560\/revisions"}],"predecessor-version":[{"id":3086,"href":"https:\/\/lvm.ee\/uuskalamehe\/wp-json\/wp\/v2\/pages\/2560\/revisions\/3086"}],"wp:featuredmedia":[{"embeddable":true,"href":"https:\/\/lvm.ee\/uuskalamehe\/wp-json\/wp\/v2\/media\/2001"}],"wp:attachment":[{"href":"https:\/\/lvm.ee\/uuskalamehe\/wp-json\/wp\/v2\/media?parent=2560"}],"curies":[{"name":"wp","href":"https:\/\/api.w.org\/{rel}","templated":true}]}}