{"id":10,"date":"2022-08-15T12:36:00","date_gmt":"2022-08-15T12:36:00","guid":{"rendered":"https:\/\/lvm.ee\/viimsi-villad\/?page_id=10"},"modified":"2025-04-06T12:51:26","modified_gmt":"2025-04-06T12:51:26","slug":"avaleht","status":"publish","type":"page","link":"https:\/\/lvm.ee\/viimsi-villad\/","title":{"rendered":"Avaleht"},"content":{"rendered":"\t\t<div data-elementor-type=\"wp-page\" data-elementor-id=\"10\" class=\"elementor elementor-10\" data-elementor-post-type=\"page\">\n\t\t\t\t<div class=\"elementor-element elementor-element-a36e428 e-flex e-con-boxed e-con e-parent\" data-id=\"a36e428\" data-element_type=\"container\" id=\"intro\" data-settings=\"{&quot;background_background&quot;:&quot;video&quot;,&quot;background_video_link&quot;:&quot;https:\\\/\\\/lvm.ee\\\/viimsi-villad\\\/wp-content\\\/uploads\\\/2023\\\/11\\\/Urva%20tee%20video2.mp4&quot;}\">\n\t\t\t\t\t<div class=\"e-con-inner\">\n\t\t<div class=\"elementor-background-video-container elementor-hidden-phone\">\n\t\t\t\t\t\t\t<video class=\"elementor-background-video-hosted elementor-html5-video\" autoplay muted playsinline loop><\/video>\n\t\t\t\t\t<\/div><div class=\"elementor-element elementor-element-86311f1 e-con-full e-flex e-con e-child\" data-id=\"86311f1\" data-element_type=\"container\">\n\t\t\t\t<div class=\"elementor-element elementor-element-96dc99f elementor-widget elementor-widget-heading\" data-id=\"96dc99f\" data-element_type=\"widget\" data-widget_type=\"heading.default\">\n\t\t\t\t<div class=\"elementor-widget-container\">\n\t\t\t<h3 class=\"elementor-heading-title elementor-size-default\">Luksus looduse keskel<\/h3>\t\t<\/div>\n\t\t\t\t<\/div>\n\t\t\t\t<div class=\"elementor-element elementor-element-acd07aa elementor-widget__width-initial elementor-widget elementor-widget-text-editor\" data-id=\"acd07aa\" data-element_type=\"widget\" data-settings=\"{&quot;_animation&quot;:&quot;none&quot;,&quot;_animation_delay&quot;:500}\" data-widget_type=\"text-editor.default\">\n\t\t\t\t<div class=\"elementor-widget-container\">\n\t\t\t\t\t\t\t<p>T\u00e4iuslik tasakaal kaasaegse arhitektuuri ja loodusl\u00e4heduse vahel. Viimsi Villad asuvad mere ja m\u00e4nnimetsade embuses ja pakuvad sulle avarat ja valgusk\u00fcllast kodu.<\/p>\t\t\t\t\t\t<\/div>\n\t\t\t\t<\/div>\n\t\t\t\t<\/div>\n\t\t\t\t\t<\/div>\n\t\t\t\t<\/div>\n\t\t\t\t<\/div>\n\t\t","protected":false},"excerpt":{"rendered":"<p>Luksus looduse keskel T\u00e4iuslik tasakaal kaasaegse arhitektuuri ja loodusl\u00e4heduse vahel. Viimsi Villad asuvad mere ja m\u00e4nnimetsade embuses ja pakuvad sulle avarat ja valgusk\u00fcllast kodu.<\/p>\n","protected":false},"author":1,"featured_media":0,"parent":0,"menu_order":0,"comment_status":"closed","ping_status":"closed","template":"elementor_header_footer","meta":{"inline_featured_image":false,"footnotes":""},"class_list":["post-10","page","type-page","status-publish","hentry"],"yoast_head":"<!-- This site is optimized with the Yoast SEO plugin v23.6 - https:\/\/yoast.com\/wordpress\/plugins\/seo\/ -->\n<title>Viimsi Villad - Kompaktsus \u2028on luksus<\/title>\n<meta name=\"description\" content=\"Viimsi poolsaarele kerkivad villad. Kodud, kus elada, kasvada ja s\u00fcveneda. Inimestele, kes oskavad n\u00e4ha puude taga metsa ja pealispinna all s\u00fcgavust. Siit algab sinu elu j\u00e4rgmine peat\u00fckk. Ehk isegi huvitavam ja mahukam kui eelmised.\" \/>\n<meta name=\"robots\" content=\"index, follow, max-snippet:-1, max-image-preview:large, max-video-preview:-1\" \/>\n<link rel=\"canonical\" href=\"https:\/\/lvm.ee\/viimsi-villad\/\" \/>\n<meta property=\"og:locale\" content=\"en_US\" \/>\n<meta property=\"og:type\" content=\"article\" \/>\n<meta property=\"og:title\" content=\"Viimsi Villad - Kompaktsus \u2028on luksus\" \/>\n<meta property=\"og:description\" content=\"Viimsi poolsaarele kerkivad villad. Kodud, kus elada, kasvada ja s\u00fcveneda. Inimestele, kes oskavad n\u00e4ha puude taga metsa ja pealispinna all s\u00fcgavust. Siit algab sinu elu j\u00e4rgmine peat\u00fckk. Ehk isegi huvitavam ja mahukam kui eelmised.\" \/>\n<meta property=\"og:url\" content=\"https:\/\/lvm.ee\/viimsi-villad\/\" \/>\n<meta property=\"og:site_name\" content=\"Viimsi Villad\" \/>\n<meta property=\"article:modified_time\" content=\"2025-04-06T12:51:26+00:00\" \/>\n<meta name=\"twitter:card\" content=\"summary_large_image\" \/>\n<meta name=\"twitter:label1\" content=\"Est. reading time\" \/>\n\t<meta name=\"twitter:data1\" content=\"1 minute\" \/>\n<script type=\"application\/ld+json\" class=\"yoast-schema-graph\">{\"@context\":\"https:\/\/schema.org\",\"@graph\":[{\"@type\":\"WebPage\",\"@id\":\"https:\/\/lvm.ee\/viimsi-villad\/\",\"url\":\"https:\/\/lvm.ee\/viimsi-villad\/\",\"name\":\"Viimsi Villad - Kompaktsus \\u2028on luksus\",\"isPartOf\":{\"@id\":\"https:\/\/lvm.ee\/viimsi-villad\/#website\"},\"datePublished\":\"2022-08-15T12:36:00+00:00\",\"dateModified\":\"2025-04-06T12:51:26+00:00\",\"description\":\"Viimsi poolsaarele kerkivad villad. Kodud, kus elada, kasvada ja s\u00fcveneda. Inimestele, kes oskavad n\u00e4ha puude taga metsa ja pealispinna all s\u00fcgavust. Siit algab sinu elu j\u00e4rgmine peat\u00fckk. Ehk isegi huvitavam ja mahukam kui eelmised.\",\"breadcrumb\":{\"@id\":\"https:\/\/lvm.ee\/viimsi-villad\/#breadcrumb\"},\"inLanguage\":\"en-US\",\"potentialAction\":[{\"@type\":\"ReadAction\",\"target\":[\"https:\/\/lvm.ee\/viimsi-villad\/\"]}]},{\"@type\":\"BreadcrumbList\",\"@id\":\"https:\/\/lvm.ee\/viimsi-villad\/#breadcrumb\",\"itemListElement\":[{\"@type\":\"ListItem\",\"position\":1,\"name\":\"Home\",\"item\":\"https:\/\/lvm.ee\/viimsi-villad\/\"},{\"@type\":\"ListItem\",\"position\":2,\"name\":\"Avaleht\"}]},{\"@type\":\"WebSite\",\"@id\":\"https:\/\/lvm.ee\/viimsi-villad\/#website\",\"url\":\"https:\/\/lvm.ee\/viimsi-villad\/\",\"name\":\"Viimsi Villad\",\"description\":\"Uued luksuslikud majad Viimsis\",\"publisher\":{\"@id\":\"https:\/\/lvm.ee\/viimsi-villad\/#organization\"},\"potentialAction\":[{\"@type\":\"SearchAction\",\"target\":{\"@type\":\"EntryPoint\",\"urlTemplate\":\"https:\/\/lvm.ee\/viimsi-villad\/?s={search_term_string}\"},\"query-input\":{\"@type\":\"PropertyValueSpecification\",\"valueRequired\":true,\"valueName\":\"search_term_string\"}}],\"inLanguage\":\"en-US\"},{\"@type\":\"Organization\",\"@id\":\"https:\/\/lvm.ee\/viimsi-villad\/#organization\",\"name\":\"Viimsi Villad\",\"url\":\"https:\/\/lvm.ee\/viimsi-villad\/\",\"logo\":{\"@type\":\"ImageObject\",\"inLanguage\":\"en-US\",\"@id\":\"https:\/\/lvm.ee\/viimsi-villad\/#\/schema\/logo\/image\/\",\"url\":\"https:\/\/lvm.ee\/viimsi-villad\/wp-content\/uploads\/2022\/08\/LVM_Logo_valge2.svg\",\"contentUrl\":\"https:\/\/lvm.ee\/viimsi-villad\/wp-content\/uploads\/2022\/08\/LVM_Logo_valge2.svg\",\"width\":343,\"height\":106,\"caption\":\"Viimsi Villad\"},\"image\":{\"@id\":\"https:\/\/lvm.ee\/viimsi-villad\/#\/schema\/logo\/image\/\"}}]}<\/script>\n<!-- \/ Yoast SEO plugin. -->","yoast_head_json":{"title":"Viimsi Villad - Kompaktsus \u2028on luksus","description":"Viimsi poolsaarele kerkivad villad. Kodud, kus elada, kasvada ja s\u00fcveneda. Inimestele, kes oskavad n\u00e4ha puude taga metsa ja pealispinna all s\u00fcgavust. Siit algab sinu elu j\u00e4rgmine peat\u00fckk. Ehk isegi huvitavam ja mahukam kui eelmised.","robots":{"index":"index","follow":"follow","max-snippet":"max-snippet:-1","max-image-preview":"max-image-preview:large","max-video-preview":"max-video-preview:-1"},"canonical":"https:\/\/lvm.ee\/viimsi-villad\/","og_locale":"en_US","og_type":"article","og_title":"Viimsi Villad - Kompaktsus \u2028on luksus","og_description":"Viimsi poolsaarele kerkivad villad. Kodud, kus elada, kasvada ja s\u00fcveneda. Inimestele, kes oskavad n\u00e4ha puude taga metsa ja pealispinna all s\u00fcgavust. Siit algab sinu elu j\u00e4rgmine peat\u00fckk. Ehk isegi huvitavam ja mahukam kui eelmised.","og_url":"https:\/\/lvm.ee\/viimsi-villad\/","og_site_name":"Viimsi Villad","article_modified_time":"2025-04-06T12:51:26+00:00","twitter_card":"summary_large_image","twitter_misc":{"Est. reading time":"1 minute"},"schema":{"@context":"https:\/\/schema.org","@graph":[{"@type":"WebPage","@id":"https:\/\/lvm.ee\/viimsi-villad\/","url":"https:\/\/lvm.ee\/viimsi-villad\/","name":"Viimsi Villad - Kompaktsus \u2028on luksus","isPartOf":{"@id":"https:\/\/lvm.ee\/viimsi-villad\/#website"},"datePublished":"2022-08-15T12:36:00+00:00","dateModified":"2025-04-06T12:51:26+00:00","description":"Viimsi poolsaarele kerkivad villad. Kodud, kus elada, kasvada ja s\u00fcveneda. Inimestele, kes oskavad n\u00e4ha puude taga metsa ja pealispinna all s\u00fcgavust. Siit algab sinu elu j\u00e4rgmine peat\u00fckk. Ehk isegi huvitavam ja mahukam kui eelmised.","breadcrumb":{"@id":"https:\/\/lvm.ee\/viimsi-villad\/#breadcrumb"},"inLanguage":"en-US","potentialAction":[{"@type":"ReadAction","target":["https:\/\/lvm.ee\/viimsi-villad\/"]}]},{"@type":"BreadcrumbList","@id":"https:\/\/lvm.ee\/viimsi-villad\/#breadcrumb","itemListElement":[{"@type":"ListItem","position":1,"name":"Home","item":"https:\/\/lvm.ee\/viimsi-villad\/"},{"@type":"ListItem","position":2,"name":"Avaleht"}]},{"@type":"WebSite","@id":"https:\/\/lvm.ee\/viimsi-villad\/#website","url":"https:\/\/lvm.ee\/viimsi-villad\/","name":"Viimsi Villad","description":"Uued luksuslikud majad Viimsis","publisher":{"@id":"https:\/\/lvm.ee\/viimsi-villad\/#organization"},"potentialAction":[{"@type":"SearchAction","target":{"@type":"EntryPoint","urlTemplate":"https:\/\/lvm.ee\/viimsi-villad\/?s={search_term_string}"},"query-input":{"@type":"PropertyValueSpecification","valueRequired":true,"valueName":"search_term_string"}}],"inLanguage":"en-US"},{"@type":"Organization","@id":"https:\/\/lvm.ee\/viimsi-villad\/#organization","name":"Viimsi Villad","url":"https:\/\/lvm.ee\/viimsi-villad\/","logo":{"@type":"ImageObject","inLanguage":"en-US","@id":"https:\/\/lvm.ee\/viimsi-villad\/#\/schema\/logo\/image\/","url":"https:\/\/lvm.ee\/viimsi-villad\/wp-content\/uploads\/2022\/08\/LVM_Logo_valge2.svg","contentUrl":"https:\/\/lvm.ee\/viimsi-villad\/wp-content\/uploads\/2022\/08\/LVM_Logo_valge2.svg","width":343,"height":106,"caption":"Viimsi Villad"},"image":{"@id":"https:\/\/lvm.ee\/viimsi-villad\/#\/schema\/logo\/image\/"}}]}},"_links":{"self":[{"href":"https:\/\/lvm.ee\/viimsi-villad\/wp-json\/wp\/v2\/pages\/10"}],"collection":[{"href":"https:\/\/lvm.ee\/viimsi-villad\/wp-json\/wp\/v2\/pages"}],"about":[{"href":"https:\/\/lvm.ee\/viimsi-villad\/wp-json\/wp\/v2\/types\/page"}],"author":[{"embeddable":true,"href":"https:\/\/lvm.ee\/viimsi-villad\/wp-json\/wp\/v2\/users\/1"}],"replies":[{"embeddable":true,"href":"https:\/\/lvm.ee\/viimsi-villad\/wp-json\/wp\/v2\/comments?post=10"}],"version-history":[{"count":331,"href":"https:\/\/lvm.ee\/viimsi-villad\/wp-json\/wp\/v2\/pages\/10\/revisions"}],"predecessor-version":[{"id":1579,"href":"https:\/\/lvm.ee\/viimsi-villad\/wp-json\/wp\/v2\/pages\/10\/revisions\/1579"}],"wp:attachment":[{"href":"https:\/\/lvm.ee\/viimsi-villad\/wp-json\/wp\/v2\/media?parent=10"}],"curies":[{"name":"wp","href":"https:\/\/api.w.org\/{rel}","templated":true}]}}