{"id":1201,"date":"2022-11-28T09:49:24","date_gmt":"2022-11-28T09:49:24","guid":{"rendered":"https:\/\/lvm.ee\/viimsi-villad\/?page_id=1201"},"modified":"2025-04-06T12:33:14","modified_gmt":"2025-04-06T12:33:14","slug":"ehitusinfo","status":"publish","type":"page","link":"https:\/\/lvm.ee\/viimsi-villad\/ehitusinfo\/","title":{"rendered":"Ehitusinfo"},"content":{"rendered":"\t\t<div data-elementor-type=\"wp-page\" data-elementor-id=\"1201\" class=\"elementor elementor-1201\" data-elementor-post-type=\"page\">\n\t\t\t\t<div class=\"elementor-element elementor-element-43c21560 e-con-full e-flex e-con e-parent\" data-id=\"43c21560\" data-element_type=\"container\">\n\t\t\t\t<div class=\"elementor-element elementor-element-1925296 elementor-widget elementor-widget-spacer\" data-id=\"1925296\" data-element_type=\"widget\" data-widget_type=\"spacer.default\">\n\t\t\t\t<div class=\"elementor-widget-container\">\n\t\t\t\t\t<div class=\"elementor-spacer\">\n\t\t\t<div class=\"elementor-spacer-inner\"><\/div>\n\t\t<\/div>\n\t\t\t\t<\/div>\n\t\t\t\t<\/div>\n\t\t\t\t<\/div>\n\t\t<div class=\"elementor-element elementor-element-45fd793 e-con-full e-flex e-con e-parent\" data-id=\"45fd793\" data-element_type=\"container\">\n\t\t\t\t<div class=\"elementor-element elementor-element-aebafb9 elementor-widget elementor-widget-spacer\" data-id=\"aebafb9\" data-element_type=\"widget\" data-widget_type=\"spacer.default\">\n\t\t\t\t<div class=\"elementor-widget-container\">\n\t\t\t\t\t<div class=\"elementor-spacer\">\n\t\t\t<div class=\"elementor-spacer-inner\"><\/div>\n\t\t<\/div>\n\t\t\t\t<\/div>\n\t\t\t\t<\/div>\n\t\t<div class=\"elementor-element elementor-element-93614cf e-con-full e-flex e-con e-child\" data-id=\"93614cf\" data-element_type=\"container\">\n\t\t\t\t<div class=\"elementor-element elementor-element-04de067 elementor-widget elementor-widget-heading\" data-id=\"04de067\" data-element_type=\"widget\" data-widget_type=\"heading.default\">\n\t\t\t\t<div class=\"elementor-widget-container\">\n\t\t\t<h2 class=\"elementor-heading-title elementor-size-default\">A-energiaklassi villa<\/h2>\t\t<\/div>\n\t\t\t\t<\/div>\n\t\t\t\t<div class=\"elementor-element elementor-element-c55282a elementor-widget__width-initial elementor-widget elementor-widget-text-editor\" data-id=\"c55282a\" data-element_type=\"widget\" data-widget_type=\"text-editor.default\">\n\t\t\t\t<div class=\"elementor-widget-container\">\n\t\t\t\t\t\t\t<p>Hoone on \u00fchekorruseline ning lamekatusega.\u00a0<br \/><span style=\"color: var( --e-global-color-text ); text-align: var(--text-align); font-size: 1rem;\">Fassaadis vahelduvad hele ja tumevertikaalne puitlaudis ning betoon.<br \/><\/span><span style=\"color: var( --e-global-color-text ); text-align: var(--text-align); font-size: 1rem;\">Arhitektuurse aktsendi moodustavad v\u00e4ljaulatuvad varikatused hoone\u00a0<\/span><span style=\"color: var( --e-global-color-text ); font-size: 1rem; text-align: var(--text-align);\">esi-ja tagak\u00fcljel.<\/span><\/p><p><span style=\"color: var( --e-global-color-text ); text-align: var(--text-align); font-size: 1rem;\">V\u00e4lisperimeetri seinad on liigendatud, moodustades mahulisi sopistusi autodeparkimiskohtadele, peasissep\u00e4\u00e4sule. <br \/>Varikatuse alumine pind t\u00f5useb \u00fcles autode varikatuse nurga juures andes peasissep\u00e4\u00e4su fassaadile esinduslikuma ilme. Tagak\u00fcljel moodustab varikatus elutoa poolses nurgas j\u00e4rsu \u00fclesp\u00f6\u00f6rde, andes elutoa ruumile lisak\u00f5rgust ning suurema klaasfassaadi ja avarama vaate hoovi. <br \/>K\u00f5ik magamistoad on otse p\u00e4\u00e4suga terrassile. Varikatuse projektsioonil maapinnal on puitterrass.<\/span><\/p><p>Hoone energiam\u00e4rgis on A.<\/p><p>Hoone on tsoneeritud kolmeks. Avatud elutuba koos k\u00f6\u00f6gi ja s\u00f6\u00f6gialaga moodustab hoone aktiivse s\u00fcdame. Sellest eraldatud hooneosas on vaiksem tsoon nelja magamistoaga. Kahe tsooni vahel on teenindavad ruumid koos sauna, majapidamisruumi ja tualettruumiga. Elutoa hoovipoolne nurk on t\u00f5stetud katusega ja k\u00f5rgem ning avaneb k\u00f5rge klaasfassaadiga selle eesolevale terrassile. <br \/>K\u00f5ik magamistoad asuvad samuti vaatega hoovi suunas ning igast ruumist p\u00e4\u00e4seb ukse kaudu terrassile ja \u00f5ue. <br \/>Sauna eesruum on paigutatud selliselt, et sealt p\u00e4\u00e4seb elutoa esisele terrassile. Peaukse poolses k\u00fcljes on tehnoruum sissep\u00e4\u00e4suga esikust ja autodevarikatuse alt.<\/p>\t\t\t\t\t\t<\/div>\n\t\t\t\t<\/div>\n\t\t\t\t<\/div>\n\t\t<div class=\"elementor-element elementor-element-f483106 e-con-full e-flex e-con e-child\" data-id=\"f483106\" data-element_type=\"container\">\n\t\t\t\t<\/div>\n\t\t\t\t<\/div>\n\t\t<div class=\"elementor-element elementor-element-977ecac e-con-full e-flex e-con e-parent\" data-id=\"977ecac\" data-element_type=\"container\">\n\t\t<div class=\"elementor-element elementor-element-62be3089 e-con-full e-flex e-con e-child\" data-id=\"62be3089\" data-element_type=\"container\">\n\t\t\t\t<div class=\"elementor-element elementor-element-771ee3c6 elementor-widget elementor-widget-image\" data-id=\"771ee3c6\" data-element_type=\"widget\" data-widget_type=\"image.default\">\n\t\t\t\t<div class=\"elementor-widget-container\">\n\t\t\t\t\t\t\t\t\t\t\t\t\t<img decoding=\"async\" src=\"https:\/\/lvm.ee\/viimsi-villad\/wp-content\/uploads\/elementor\/thumbs\/8-Pringi-elamud-ptrwdyfos25uipp8ll5uv2va47l8pn0hw24mtctbvc.jpg\" title=\"Viimsi Villad\" alt=\"\" loading=\"lazy\" \/>\t\t\t\t\t\t\t\t\t\t\t\t\t<\/div>\n\t\t\t\t<\/div>\n\t\t\t\t<\/div>\n\t\t<div class=\"elementor-element elementor-element-75a8287e e-con-full e-flex e-con e-child\" data-id=\"75a8287e\" data-element_type=\"container\">\n\t\t\t\t<div class=\"elementor-element elementor-element-12b7893 elementor-widget elementor-widget-heading\" data-id=\"12b7893\" data-element_type=\"widget\" data-widget_type=\"heading.default\">\n\t\t\t\t<div class=\"elementor-widget-container\">\n\t\t\t<h2 class=\"elementor-heading-title elementor-size-default\">Detailinfo:<\/h2>\t\t<\/div>\n\t\t\t\t<\/div>\n\t\t\t\t<div class=\"elementor-element elementor-element-1e8ed7ab elementor-widget__width-initial elementor-widget elementor-widget-text-editor\" data-id=\"1e8ed7ab\" data-element_type=\"widget\" data-widget_type=\"text-editor.default\">\n\t\t\t\t<div class=\"elementor-widget-container\">\n\t\t\t\t\t\t\t<p><b>Vundamendid ja p\u00f5rand: <\/b>Lintvundament. Raudbetoonp\u00f5rand, p\u00f5randaalune soojustus 200 mm, radoonit\u00f5ke.<\/p><p><b>Soojustatud v\u00e4lisseinad:<\/b> Betoonkivist, soojustatud PIR soojustusega 200 mm, viimistletud vastavalt arhitektuursele lahendusele tumedaks peitsitud vertikaalse puitlaudisena ja osaliselt tsementkiudplaatega. R\u00e4\u00e4stad, varikatuse alumised osad ja osa seinu viimistletud heledaks peitsitud puitlaudisega.<\/p><p><b>Siseseinad:<\/b> kandvad seinad raudbetoonkivist, mittekandvad seinad 2x-kipsplaatidest metallkarkassil, t\u00e4idetud isolatsioonvillaga.<\/p><p><b>Katuslagi:<\/b> Monoliitbetoon, mis elutoa osas on valatud kaldega \u00fcles, h\u00fcdroisolatsiooniks SBS kate.<\/p><p><b>Soojapidavad aknad:<\/b> Energias\u00e4\u00e4stlikud ja m\u00fcrasummutavad, sissepoole avanevad kolmekordse klaaspaketid puitalumiiniumaknad. Elutoas ja sauna eesruumis l\u00fckandukss\u00fcsteemiga puitalumiinimaknad.<\/p><p><b>Uksed:<\/b> Puitalumiinium klaasiga v\u00e4lisuks, solenoidlukk, avatav ka mobiiltelefoniga. Tehnoruumis Saku Metall metalluks. Siseuksed vastavalt sisekujunduslahendusele peithingedega mustad, horisontaalse spooniga, magnetlukkudega, mattlakiga kaetud sileuksed. Ukse kohal laeni ulatuv uksega sarnane puitpaneel. Ukselingid mustad.<\/p><p><b>\u00d6konoomne k\u00fcttes\u00fcsteem. <\/b>Soojavarustus on maak\u00fcttel, Saksas toodetud efektiivse Vaillant invertert\u00fc\u00fcpi maak\u00fcttepumbaga. Tubades vesip\u00f5randak\u00fcte ja k\u00f5ikides ruumides temperatuur reguleeritav termostaadi kaudu.<\/p><p><b>Jahutus:<\/b> k\u00f5ikides tubades paigaldatud jahutusseadmed, jahutus toimib maak\u00fcttepumbaga.<\/p><p><b>Sundventilatsioon:<\/b> Soojustagastusega sundventilatsiooni seadmeks on efektiivne, CO2 pealt toimiv Airobot ventilatsiooniseade. K\u00f6\u00f6gikubu (ei ole hinnas) heit\u00f5hk on suunatud katusele.<\/p><p><b>Vesi ja kanalisatsioon:<\/b> Veevarustus ja kanalisatsioon on \u00fchendatud Viimsi Vesi trassidega. Soe tarbevesi toodetakse maak\u00fcttepumbaga. Majasisene soojaveetorustik on ehitatud selliselt, et soe vesi tuleb segistitest\u00a0koheselt.<\/p><p><b>Elekter:<\/b> paigaldatakse k\u00f5ik pistikud, l\u00fclitid. Esikutes, vannitoas, WC-s ja saunas on paigaldatud lakke s\u00fcvistatavad valgustid. Hoone v\u00e4lisosal on pistikupesad robotmuruniidukile ning v\u00e4lja ehitatud elektriauto laadimisvalmidus.<\/p><p><b>Side:<\/b> Hoonesse on toodud Telia optiline kaabel, mis antud piirkonnas on ainulaadne.\u00a0<\/p>\t\t\t\t\t\t<\/div>\n\t\t\t\t<\/div>\n\t\t\t\t<div class=\"elementor-element elementor-element-c1d9d8b elementor-widget elementor-widget-spacer\" data-id=\"c1d9d8b\" data-element_type=\"widget\" data-widget_type=\"spacer.default\">\n\t\t\t\t<div class=\"elementor-widget-container\">\n\t\t\t\t\t<div class=\"elementor-spacer\">\n\t\t\t<div class=\"elementor-spacer-inner\"><\/div>\n\t\t<\/div>\n\t\t\t\t<\/div>\n\t\t\t\t<\/div>\n\t\t\t\t<\/div>\n\t\t\t\t<\/div>\n\t\t\t\t<\/div>\n\t\t","protected":false},"excerpt":{"rendered":"<p>A-energiaklassi villa Hoone on \u00fchekorruseline ning lamekatusega.\u00a0Fassaadis vahelduvad hele ja tumevertikaalne puitlaudis ning betoon.Arhitektuurse aktsendi moodustavad v\u00e4ljaulatuvad varikatused hoone\u00a0esi-ja tagak\u00fcljel. V\u00e4lisperimeetri seinad on liigendatud, moodustades mahulisi sopistusi autodeparkimiskohtadele, peasissep\u00e4\u00e4sule. Varikatuse alumine pind t\u00f5useb \u00fcles autode varikatuse nurga juures andes peasissep\u00e4\u00e4su fassaadile esinduslikuma ilme. Tagak\u00fcljel moodustab varikatus elutoa poolses nurgas j\u00e4rsu \u00fclesp\u00f6\u00f6rde, andes elutoa ruumile lisak\u00f5rgust [&hellip;]<\/p>\n","protected":false},"author":1,"featured_media":0,"parent":0,"menu_order":0,"comment_status":"closed","ping_status":"closed","template":"","meta":{"inline_featured_image":false,"footnotes":""},"class_list":["post-1201","page","type-page","status-publish","hentry"],"yoast_head":"<!-- This site is optimized with the Yoast SEO plugin v23.6 - https:\/\/yoast.com\/wordpress\/plugins\/seo\/ -->\n<title>Ehitusinfo - Viimsi Villad<\/title>\n<meta name=\"robots\" content=\"index, follow, max-snippet:-1, max-image-preview:large, max-video-preview:-1\" \/>\n<link rel=\"canonical\" href=\"https:\/\/lvm.ee\/viimsi-villad\/ehitusinfo\/\" \/>\n<meta property=\"og:locale\" content=\"en_US\" \/>\n<meta property=\"og:type\" content=\"article\" \/>\n<meta property=\"og:title\" content=\"Ehitusinfo - Viimsi Villad\" \/>\n<meta property=\"og:description\" content=\"A-energiaklassi villa Hoone on \u00fchekorruseline ning lamekatusega.\u00a0Fassaadis vahelduvad hele ja tumevertikaalne puitlaudis ning betoon.Arhitektuurse aktsendi moodustavad v\u00e4ljaulatuvad varikatused hoone\u00a0esi-ja tagak\u00fcljel. V\u00e4lisperimeetri seinad on liigendatud, moodustades mahulisi sopistusi autodeparkimiskohtadele, peasissep\u00e4\u00e4sule. Varikatuse alumine pind t\u00f5useb \u00fcles autode varikatuse nurga juures andes peasissep\u00e4\u00e4su fassaadile esinduslikuma ilme. Tagak\u00fcljel moodustab varikatus elutoa poolses nurgas j\u00e4rsu \u00fclesp\u00f6\u00f6rde, andes elutoa ruumile lisak\u00f5rgust [&hellip;]\" \/>\n<meta property=\"og:url\" content=\"https:\/\/lvm.ee\/viimsi-villad\/ehitusinfo\/\" \/>\n<meta property=\"og:site_name\" content=\"Viimsi Villad\" \/>\n<meta property=\"article:modified_time\" content=\"2025-04-06T12:33:14+00:00\" \/>\n<meta property=\"og:image\" content=\"https:\/\/lvm.ee\/viimsi-villad\/wp-content\/uploads\/elementor\/thumbs\/8-Pringi-elamud-ptrwdyfos25uipp8ll5uv2va47l8pn0hw24mtctbvc.jpg\" \/>\n<meta name=\"twitter:card\" content=\"summary_large_image\" \/>\n<meta name=\"twitter:label1\" content=\"Est. reading time\" \/>\n\t<meta name=\"twitter:data1\" content=\"2 minutes\" \/>\n<script type=\"application\/ld+json\" class=\"yoast-schema-graph\">{\"@context\":\"https:\/\/schema.org\",\"@graph\":[{\"@type\":\"WebPage\",\"@id\":\"https:\/\/lvm.ee\/viimsi-villad\/ehitusinfo\/\",\"url\":\"https:\/\/lvm.ee\/viimsi-villad\/ehitusinfo\/\",\"name\":\"Ehitusinfo - Viimsi Villad\",\"isPartOf\":{\"@id\":\"https:\/\/lvm.ee\/viimsi-villad\/#website\"},\"primaryImageOfPage\":{\"@id\":\"https:\/\/lvm.ee\/viimsi-villad\/ehitusinfo\/#primaryimage\"},\"image\":{\"@id\":\"https:\/\/lvm.ee\/viimsi-villad\/ehitusinfo\/#primaryimage\"},\"thumbnailUrl\":\"https:\/\/lvm.ee\/viimsi-villad\/wp-content\/uploads\/elementor\/thumbs\/8-Pringi-elamud-ptrwdyfos25uipp8ll5uv2va47l8pn0hw24mtctbvc.jpg\",\"datePublished\":\"2022-11-28T09:49:24+00:00\",\"dateModified\":\"2025-04-06T12:33:14+00:00\",\"breadcrumb\":{\"@id\":\"https:\/\/lvm.ee\/viimsi-villad\/ehitusinfo\/#breadcrumb\"},\"inLanguage\":\"en-US\",\"potentialAction\":[{\"@type\":\"ReadAction\",\"target\":[\"https:\/\/lvm.ee\/viimsi-villad\/ehitusinfo\/\"]}]},{\"@type\":\"ImageObject\",\"inLanguage\":\"en-US\",\"@id\":\"https:\/\/lvm.ee\/viimsi-villad\/ehitusinfo\/#primaryimage\",\"url\":\"https:\/\/lvm.ee\/viimsi-villad\/wp-content\/uploads\/elementor\/thumbs\/8-Pringi-elamud-ptrwdyfos25uipp8ll5uv2va47l8pn0hw24mtctbvc.jpg\",\"contentUrl\":\"https:\/\/lvm.ee\/viimsi-villad\/wp-content\/uploads\/elementor\/thumbs\/8-Pringi-elamud-ptrwdyfos25uipp8ll5uv2va47l8pn0hw24mtctbvc.jpg\"},{\"@type\":\"BreadcrumbList\",\"@id\":\"https:\/\/lvm.ee\/viimsi-villad\/ehitusinfo\/#breadcrumb\",\"itemListElement\":[{\"@type\":\"ListItem\",\"position\":1,\"name\":\"Home\",\"item\":\"https:\/\/lvm.ee\/viimsi-villad\/\"},{\"@type\":\"ListItem\",\"position\":2,\"name\":\"Ehitusinfo\"}]},{\"@type\":\"WebSite\",\"@id\":\"https:\/\/lvm.ee\/viimsi-villad\/#website\",\"url\":\"https:\/\/lvm.ee\/viimsi-villad\/\",\"name\":\"Viimsi Villad\",\"description\":\"Uued luksuslikud majad Viimsis\",\"publisher\":{\"@id\":\"https:\/\/lvm.ee\/viimsi-villad\/#organization\"},\"potentialAction\":[{\"@type\":\"SearchAction\",\"target\":{\"@type\":\"EntryPoint\",\"urlTemplate\":\"https:\/\/lvm.ee\/viimsi-villad\/?s={search_term_string}\"},\"query-input\":{\"@type\":\"PropertyValueSpecification\",\"valueRequired\":true,\"valueName\":\"search_term_string\"}}],\"inLanguage\":\"en-US\"},{\"@type\":\"Organization\",\"@id\":\"https:\/\/lvm.ee\/viimsi-villad\/#organization\",\"name\":\"Viimsi Villad\",\"url\":\"https:\/\/lvm.ee\/viimsi-villad\/\",\"logo\":{\"@type\":\"ImageObject\",\"inLanguage\":\"en-US\",\"@id\":\"https:\/\/lvm.ee\/viimsi-villad\/#\/schema\/logo\/image\/\",\"url\":\"https:\/\/lvm.ee\/viimsi-villad\/wp-content\/uploads\/2022\/08\/LVM_Logo_valge2.svg\",\"contentUrl\":\"https:\/\/lvm.ee\/viimsi-villad\/wp-content\/uploads\/2022\/08\/LVM_Logo_valge2.svg\",\"width\":343,\"height\":106,\"caption\":\"Viimsi Villad\"},\"image\":{\"@id\":\"https:\/\/lvm.ee\/viimsi-villad\/#\/schema\/logo\/image\/\"}}]}<\/script>\n<!-- \/ Yoast SEO plugin. -->","yoast_head_json":{"title":"Ehitusinfo - Viimsi Villad","robots":{"index":"index","follow":"follow","max-snippet":"max-snippet:-1","max-image-preview":"max-image-preview:large","max-video-preview":"max-video-preview:-1"},"canonical":"https:\/\/lvm.ee\/viimsi-villad\/ehitusinfo\/","og_locale":"en_US","og_type":"article","og_title":"Ehitusinfo - Viimsi Villad","og_description":"A-energiaklassi villa Hoone on \u00fchekorruseline ning lamekatusega.\u00a0Fassaadis vahelduvad hele ja tumevertikaalne puitlaudis ning betoon.Arhitektuurse aktsendi moodustavad v\u00e4ljaulatuvad varikatused hoone\u00a0esi-ja tagak\u00fcljel. V\u00e4lisperimeetri seinad on liigendatud, moodustades mahulisi sopistusi autodeparkimiskohtadele, peasissep\u00e4\u00e4sule. Varikatuse alumine pind t\u00f5useb \u00fcles autode varikatuse nurga juures andes peasissep\u00e4\u00e4su fassaadile esinduslikuma ilme. Tagak\u00fcljel moodustab varikatus elutoa poolses nurgas j\u00e4rsu \u00fclesp\u00f6\u00f6rde, andes elutoa ruumile lisak\u00f5rgust [&hellip;]","og_url":"https:\/\/lvm.ee\/viimsi-villad\/ehitusinfo\/","og_site_name":"Viimsi Villad","article_modified_time":"2025-04-06T12:33:14+00:00","og_image":[{"url":"https:\/\/lvm.ee\/viimsi-villad\/wp-content\/uploads\/elementor\/thumbs\/8-Pringi-elamud-ptrwdyfos25uipp8ll5uv2va47l8pn0hw24mtctbvc.jpg"}],"twitter_card":"summary_large_image","twitter_misc":{"Est. reading time":"2 minutes"},"schema":{"@context":"https:\/\/schema.org","@graph":[{"@type":"WebPage","@id":"https:\/\/lvm.ee\/viimsi-villad\/ehitusinfo\/","url":"https:\/\/lvm.ee\/viimsi-villad\/ehitusinfo\/","name":"Ehitusinfo - Viimsi Villad","isPartOf":{"@id":"https:\/\/lvm.ee\/viimsi-villad\/#website"},"primaryImageOfPage":{"@id":"https:\/\/lvm.ee\/viimsi-villad\/ehitusinfo\/#primaryimage"},"image":{"@id":"https:\/\/lvm.ee\/viimsi-villad\/ehitusinfo\/#primaryimage"},"thumbnailUrl":"https:\/\/lvm.ee\/viimsi-villad\/wp-content\/uploads\/elementor\/thumbs\/8-Pringi-elamud-ptrwdyfos25uipp8ll5uv2va47l8pn0hw24mtctbvc.jpg","datePublished":"2022-11-28T09:49:24+00:00","dateModified":"2025-04-06T12:33:14+00:00","breadcrumb":{"@id":"https:\/\/lvm.ee\/viimsi-villad\/ehitusinfo\/#breadcrumb"},"inLanguage":"en-US","potentialAction":[{"@type":"ReadAction","target":["https:\/\/lvm.ee\/viimsi-villad\/ehitusinfo\/"]}]},{"@type":"ImageObject","inLanguage":"en-US","@id":"https:\/\/lvm.ee\/viimsi-villad\/ehitusinfo\/#primaryimage","url":"https:\/\/lvm.ee\/viimsi-villad\/wp-content\/uploads\/elementor\/thumbs\/8-Pringi-elamud-ptrwdyfos25uipp8ll5uv2va47l8pn0hw24mtctbvc.jpg","contentUrl":"https:\/\/lvm.ee\/viimsi-villad\/wp-content\/uploads\/elementor\/thumbs\/8-Pringi-elamud-ptrwdyfos25uipp8ll5uv2va47l8pn0hw24mtctbvc.jpg"},{"@type":"BreadcrumbList","@id":"https:\/\/lvm.ee\/viimsi-villad\/ehitusinfo\/#breadcrumb","itemListElement":[{"@type":"ListItem","position":1,"name":"Home","item":"https:\/\/lvm.ee\/viimsi-villad\/"},{"@type":"ListItem","position":2,"name":"Ehitusinfo"}]},{"@type":"WebSite","@id":"https:\/\/lvm.ee\/viimsi-villad\/#website","url":"https:\/\/lvm.ee\/viimsi-villad\/","name":"Viimsi Villad","description":"Uued luksuslikud majad Viimsis","publisher":{"@id":"https:\/\/lvm.ee\/viimsi-villad\/#organization"},"potentialAction":[{"@type":"SearchAction","target":{"@type":"EntryPoint","urlTemplate":"https:\/\/lvm.ee\/viimsi-villad\/?s={search_term_string}"},"query-input":{"@type":"PropertyValueSpecification","valueRequired":true,"valueName":"search_term_string"}}],"inLanguage":"en-US"},{"@type":"Organization","@id":"https:\/\/lvm.ee\/viimsi-villad\/#organization","name":"Viimsi Villad","url":"https:\/\/lvm.ee\/viimsi-villad\/","logo":{"@type":"ImageObject","inLanguage":"en-US","@id":"https:\/\/lvm.ee\/viimsi-villad\/#\/schema\/logo\/image\/","url":"https:\/\/lvm.ee\/viimsi-villad\/wp-content\/uploads\/2022\/08\/LVM_Logo_valge2.svg","contentUrl":"https:\/\/lvm.ee\/viimsi-villad\/wp-content\/uploads\/2022\/08\/LVM_Logo_valge2.svg","width":343,"height":106,"caption":"Viimsi Villad"},"image":{"@id":"https:\/\/lvm.ee\/viimsi-villad\/#\/schema\/logo\/image\/"}}]}},"_links":{"self":[{"href":"https:\/\/lvm.ee\/viimsi-villad\/wp-json\/wp\/v2\/pages\/1201"}],"collection":[{"href":"https:\/\/lvm.ee\/viimsi-villad\/wp-json\/wp\/v2\/pages"}],"about":[{"href":"https:\/\/lvm.ee\/viimsi-villad\/wp-json\/wp\/v2\/types\/page"}],"author":[{"embeddable":true,"href":"https:\/\/lvm.ee\/viimsi-villad\/wp-json\/wp\/v2\/users\/1"}],"replies":[{"embeddable":true,"href":"https:\/\/lvm.ee\/viimsi-villad\/wp-json\/wp\/v2\/comments?post=1201"}],"version-history":[{"count":55,"href":"https:\/\/lvm.ee\/viimsi-villad\/wp-json\/wp\/v2\/pages\/1201\/revisions"}],"predecessor-version":[{"id":1568,"href":"https:\/\/lvm.ee\/viimsi-villad\/wp-json\/wp\/v2\/pages\/1201\/revisions\/1568"}],"wp:attachment":[{"href":"https:\/\/lvm.ee\/viimsi-villad\/wp-json\/wp\/v2\/media?parent=1201"}],"curies":[{"name":"wp","href":"https:\/\/api.w.org\/{rel}","templated":true}]}}