{"id":232,"date":"2022-08-17T11:09:47","date_gmt":"2022-08-17T11:09:47","guid":{"rendered":"https:\/\/lvm.ee\/viimsi-villad\/?page_id=232"},"modified":"2022-10-25T08:07:43","modified_gmt":"2022-10-25T08:07:43","slug":"asukoht","status":"publish","type":"page","link":"https:\/\/lvm.ee\/viimsi-villad\/asukoht\/","title":{"rendered":"Asukoht"},"content":{"rendered":"\t\t<div data-elementor-type=\"wp-page\" data-elementor-id=\"232\" class=\"elementor elementor-232\" data-elementor-post-type=\"page\">\n\t\t\t\t<div class=\"elementor-element elementor-element-6d5679d e-con-full e-flex e-con e-parent\" data-id=\"6d5679d\" data-element_type=\"container\" data-settings=\"{&quot;background_background&quot;:&quot;classic&quot;}\">\n\t\t\t\t<div class=\"elementor-element elementor-element-4ef393e elementor-widget elementor-widget-image\" data-id=\"4ef393e\" data-element_type=\"widget\" data-widget_type=\"image.default\">\n\t\t\t\t<div class=\"elementor-widget-container\">\n\t\t\t\t\t\t\t\t\t\t\t\t\t<img fetchpriority=\"high\" decoding=\"async\" width=\"1920\" height=\"900\" src=\"https:\/\/lvm.ee\/viimsi-villad\/wp-content\/uploads\/2022\/10\/droonifoto-asend-2.jpg\" class=\"attachment-full size-full wp-image-1179\" alt=\"\" srcset=\"https:\/\/lvm.ee\/viimsi-villad\/wp-content\/uploads\/2022\/10\/droonifoto-asend-2.jpg 1920w, https:\/\/lvm.ee\/viimsi-villad\/wp-content\/uploads\/2022\/10\/droonifoto-asend-2-300x141.jpg 300w, https:\/\/lvm.ee\/viimsi-villad\/wp-content\/uploads\/2022\/10\/droonifoto-asend-2-1024x480.jpg 1024w, https:\/\/lvm.ee\/viimsi-villad\/wp-content\/uploads\/2022\/10\/droonifoto-asend-2-768x360.jpg 768w, https:\/\/lvm.ee\/viimsi-villad\/wp-content\/uploads\/2022\/10\/droonifoto-asend-2-1536x720.jpg 1536w\" sizes=\"(max-width: 1920px) 100vw, 1920px\" \/>\t\t\t\t\t\t\t\t\t\t\t\t\t<\/div>\n\t\t\t\t<\/div>\n\t\t\t\t<\/div>\n\t\t<div class=\"elementor-element elementor-element-d21fe96 e-flex e-con-boxed e-con e-parent\" data-id=\"d21fe96\" data-element_type=\"container\">\n\t\t\t\t\t<div class=\"e-con-inner\">\n\t\t\t\t<div class=\"elementor-element elementor-element-bc2472c elementor-widget elementor-widget-heading\" data-id=\"bc2472c\" data-element_type=\"widget\" data-widget_type=\"heading.default\">\n\t\t\t\t<div class=\"elementor-widget-container\">\n\t\t\t<h1 class=\"elementor-heading-title elementor-size-default\">Asukoht<\/h1>\t\t<\/div>\n\t\t\t\t<\/div>\n\t\t\t\t<div class=\"elementor-element elementor-element-c392d8c elementor-widget__width-initial elementor-widget elementor-widget-text-editor\" data-id=\"c392d8c\" data-element_type=\"widget\" data-widget_type=\"text-editor.default\">\n\t\t\t\t<div class=\"elementor-widget-container\">\n\t\t\t\t\t\t\t<p>Viimsi Villad asuvad Pringi k\u00fcla Rohuneeme poolses servas ning mereni on linnulennult ainult 650 meetrit. T\u00e4pselt sama kaugele j\u00e4\u00e4b ka Rohuneeme tee ning 1 km kaugusel asub l\u00e4him bussipeatus. Viimsis on v\u00e4ga hea ja l\u00e4bim\u00f5eldud Viimsi-sisene transpordi\u00fchendus ja linnaliini\u00fchendused.&nbsp;<\/p>\t\t\t\t\t\t<\/div>\n\t\t\t\t<\/div>\n\t\t\t\t\t<\/div>\n\t\t\t\t<\/div>\n\t\t<div class=\"elementor-element elementor-element-3282627 e-con-full e-flex e-con e-parent\" data-id=\"3282627\" data-element_type=\"container\">\n\t\t<div class=\"elementor-element elementor-element-6451df4 e-con-full e-flex e-con e-child\" data-id=\"6451df4\" data-element_type=\"container\">\n\t\t\t\t<div class=\"elementor-element elementor-element-87e03fe elementor-widget elementor-widget-heading\" data-id=\"87e03fe\" data-element_type=\"widget\" data-widget_type=\"heading.default\">\n\t\t\t\t<div class=\"elementor-widget-container\">\n\t\t\t<h2 class=\"elementor-heading-title elementor-size-default\">\u00dcmbruskond<\/h2>\t\t<\/div>\n\t\t\t\t<\/div>\n\t\t\t\t<div class=\"elementor-element elementor-element-bc40177 elementor-widget__width-initial elementor-widget elementor-widget-text-editor\" data-id=\"bc40177\" data-element_type=\"widget\" data-widget_type=\"text-editor.default\">\n\t\t\t\t<div class=\"elementor-widget-container\">\n\t\t\t\t\t\t\t<p>Haabneeme rand on kaunis liivap\u00f5hjaga supelrand, kus paikneb ka tipprestoran OKO. Viimsi keskus, mis on 5 kilomeetri kaugusel, on aastate jooksul kujunenud merel\u00e4hedaseks v\u00e4ikelinnaks, kust leiab k\u00f5ik vajalikud teenused, kaubad ja meelelahutuse.<\/p>\t\t\t\t\t\t<\/div>\n\t\t\t\t<\/div>\n\t\t\t\t<\/div>\n\t\t<div class=\"elementor-element elementor-element-33571cc e-con-full e-flex e-con e-child\" data-id=\"33571cc\" data-element_type=\"container\">\n\t\t\t\t<div class=\"elementor-element elementor-element-c648357 elementor-widget elementor-widget-image\" data-id=\"c648357\" data-element_type=\"widget\" data-widget_type=\"image.default\">\n\t\t\t\t<div class=\"elementor-widget-container\">\n\t\t\t\t\t\t\t\t\t\t\t\t\t<img decoding=\"async\" src=\"https:\/\/lvm.ee\/viimsi-villad\/wp-content\/uploads\/elementor\/thumbs\/IMG_0940-2-pw3rgappurkidyq5pcubtykai0g5xb957i1ph8hrh4.jpg\" title=\"Viimsi Villad\" alt=\"\" loading=\"lazy\" \/>\t\t\t\t\t\t\t\t\t\t\t\t\t<\/div>\n\t\t\t\t<\/div>\n\t\t\t\t<\/div>\n\t\t\t\t<\/div>\n\t\t<div class=\"elementor-element elementor-element-2acb4cf e-con-full e-flex e-con e-parent\" data-id=\"2acb4cf\" data-element_type=\"container\">\n\t\t<div class=\"elementor-element elementor-element-1d382c9 e-con-full e-flex e-con e-child\" data-id=\"1d382c9\" data-element_type=\"container\">\n\t\t\t\t<div class=\"elementor-element elementor-element-fc2b8e2 elementor-widget elementor-widget-image\" data-id=\"fc2b8e2\" data-element_type=\"widget\" data-widget_type=\"image.default\">\n\t\t\t\t<div class=\"elementor-widget-container\">\n\t\t\t\t\t\t\t\t\t\t\t\t\t<img decoding=\"async\" src=\"https:\/\/lvm.ee\/viimsi-villad\/wp-content\/uploads\/elementor\/thumbs\/DJI_0468-pw3rh2wvjsn429l74p14wrg4bkl6c8d3bdm9vjbyag.jpg\" title=\"Viimsi Villad\" alt=\"\" loading=\"lazy\" \/>\t\t\t\t\t\t\t\t\t\t\t\t\t<\/div>\n\t\t\t\t<\/div>\n\t\t\t\t<\/div>\n\t\t<div class=\"elementor-element elementor-element-7e0eb11 e-con-full e-flex e-con e-child\" data-id=\"7e0eb11\" data-element_type=\"container\">\n\t\t\t\t<div class=\"elementor-element elementor-element-a526ede elementor-widget elementor-widget-heading\" data-id=\"a526ede\" data-element_type=\"widget\" data-widget_type=\"heading.default\">\n\t\t\t\t<div class=\"elementor-widget-container\">\n\t\t\t<h2 class=\"elementor-heading-title elementor-size-default\">Viimsi keskus<\/h2>\t\t<\/div>\n\t\t\t\t<\/div>\n\t\t\t\t<div class=\"elementor-element elementor-element-c922421 elementor-widget__width-initial elementor-widget elementor-widget-text-editor\" data-id=\"c922421\" data-element_type=\"widget\" data-widget_type=\"text-editor.default\">\n\t\t\t\t<div class=\"elementor-widget-container\">\n\t\t\t\t\t\t\t<p>Viimsi keskuses on k\u00fcmned kauplused, apteegid ja teenindusettev\u00f5tted, koolid ja lasteaiad, spaa, muuseumid, restoranid ning siit leiab meelelahutust ja toiduelamusi igale maitsele.\u00a0<\/p>\t\t\t\t\t\t<\/div>\n\t\t\t\t<\/div>\n\t\t\t\t<div class=\"elementor-element elementor-element-3fa263c elementor-align-left elementor-widget elementor-widget-button\" data-id=\"3fa263c\" data-element_type=\"widget\" data-widget_type=\"button.default\">\n\t\t\t\t<div class=\"elementor-widget-container\">\n\t\t\t\t\t<div class=\"elementor-button-wrapper\">\n\t\t\t<a class=\"elementor-button elementor-button-link elementor-size-sm elementor-animation-float\" href=\"https:\/\/lvm.ee\/viimsi-villad\/plaanid-ja-hinnakiri\/\">\n\t\t\t\t\t\t<span class=\"elementor-button-content-wrapper\">\n\t\t\t\t\t\t<span class=\"elementor-button-icon\">\n\t\t\t\t<svg xmlns=\"http:\/\/www.w3.org\/2000\/svg\" xmlns:xlink=\"http:\/\/www.w3.org\/1999\/xlink\" id=\"Layer_1\" x=\"0px\" y=\"0px\" viewBox=\"0 0 191 62\" xml:space=\"preserve\"><path d=\"M180.07,29.31l-28.46-18.13c-0.92-0.59-2.17-0.32-2.76,0.61s-0.32,2.17,0.61,2.76L172.14,29H11v4h161.14l-22.67,14.44 c-0.93,0.59-1.21,1.83-0.61,2.76c0.38,0.6,1.03,0.93,1.69,0.93c0.37,0,0.74-0.1,1.07-0.31l28.46-18.12c0.58-0.37,0.93-1,0.93-1.69 S180.65,29.68,180.07,29.31z\"><\/path><\/svg>\t\t\t<\/span>\n\t\t\t\t\t\t\t\t\t<span class=\"elementor-button-text\">Vaata plaane ja hinnakirja<\/span>\n\t\t\t\t\t<\/span>\n\t\t\t\t\t<\/a>\n\t\t<\/div>\n\t\t\t\t<\/div>\n\t\t\t\t<\/div>\n\t\t\t\t<\/div>\n\t\t\t\t<\/div>\n\t\t<div class=\"elementor-element elementor-element-b36398c e-con-full e-flex e-con e-parent\" data-id=\"b36398c\" data-element_type=\"container\">\n\t\t\t\t<\/div>\n\t\t\t\t<\/div>\n\t\t","protected":false},"excerpt":{"rendered":"<p>Asukoht Viimsi Villad asuvad Pringi k\u00fcla Rohuneeme poolses servas ning mereni on linnulennult ainult 650 meetrit. T\u00e4pselt sama kaugele j\u00e4\u00e4b ka Rohuneeme tee ning 1 km kaugusel asub l\u00e4him bussipeatus. Viimsis on v\u00e4ga hea ja l\u00e4bim\u00f5eldud Viimsi-sisene transpordi\u00fchendus ja linnaliini\u00fchendused.&nbsp; \u00dcmbruskond Haabneeme rand on kaunis liivap\u00f5hjaga supelrand, kus paikneb ka tipprestoran OKO. Viimsi keskus, mis [&hellip;]<\/p>\n","protected":false},"author":1,"featured_media":0,"parent":0,"menu_order":0,"comment_status":"closed","ping_status":"closed","template":"elementor_header_footer","meta":{"inline_featured_image":false,"footnotes":""},"class_list":["post-232","page","type-page","status-publish","hentry"],"yoast_head":"<!-- This site is optimized with the Yoast SEO plugin v23.6 - https:\/\/yoast.com\/wordpress\/plugins\/seo\/ -->\n<title>Asukoht - Viimsi Villad<\/title>\n<meta name=\"robots\" content=\"index, follow, max-snippet:-1, max-image-preview:large, max-video-preview:-1\" \/>\n<link rel=\"canonical\" href=\"https:\/\/lvm.ee\/viimsi-villad\/asukoht\/\" \/>\n<meta property=\"og:locale\" content=\"en_US\" \/>\n<meta property=\"og:type\" content=\"article\" \/>\n<meta property=\"og:title\" content=\"Asukoht - Viimsi Villad\" \/>\n<meta property=\"og:description\" content=\"Asukoht Viimsi Villad asuvad Pringi k\u00fcla Rohuneeme poolses servas ning mereni on linnulennult ainult 650 meetrit. T\u00e4pselt sama kaugele j\u00e4\u00e4b ka Rohuneeme tee ning 1 km kaugusel asub l\u00e4him bussipeatus. Viimsis on v\u00e4ga hea ja l\u00e4bim\u00f5eldud Viimsi-sisene transpordi\u00fchendus ja linnaliini\u00fchendused.&nbsp; \u00dcmbruskond Haabneeme rand on kaunis liivap\u00f5hjaga supelrand, kus paikneb ka tipprestoran OKO. Viimsi keskus, mis [&hellip;]\" \/>\n<meta property=\"og:url\" content=\"https:\/\/lvm.ee\/viimsi-villad\/asukoht\/\" \/>\n<meta property=\"og:site_name\" content=\"Viimsi Villad\" \/>\n<meta property=\"article:modified_time\" content=\"2022-10-25T08:07:43+00:00\" \/>\n<meta property=\"og:image\" content=\"https:\/\/lvm.ee\/viimsi-villad\/wp-content\/uploads\/2022\/10\/droonifoto-asend-2.jpg\" \/>\n<meta name=\"twitter:card\" content=\"summary_large_image\" \/>\n<meta name=\"twitter:label1\" content=\"Est. reading time\" \/>\n\t<meta name=\"twitter:data1\" content=\"10 minutes\" \/>\n<script type=\"application\/ld+json\" class=\"yoast-schema-graph\">{\"@context\":\"https:\/\/schema.org\",\"@graph\":[{\"@type\":\"WebPage\",\"@id\":\"https:\/\/lvm.ee\/viimsi-villad\/asukoht\/\",\"url\":\"https:\/\/lvm.ee\/viimsi-villad\/asukoht\/\",\"name\":\"Asukoht - Viimsi Villad\",\"isPartOf\":{\"@id\":\"https:\/\/lvm.ee\/viimsi-villad\/#website\"},\"primaryImageOfPage\":{\"@id\":\"https:\/\/lvm.ee\/viimsi-villad\/asukoht\/#primaryimage\"},\"image\":{\"@id\":\"https:\/\/lvm.ee\/viimsi-villad\/asukoht\/#primaryimage\"},\"thumbnailUrl\":\"https:\/\/lvm.ee\/viimsi-villad\/wp-content\/uploads\/2022\/10\/droonifoto-asend-2.jpg\",\"datePublished\":\"2022-08-17T11:09:47+00:00\",\"dateModified\":\"2022-10-25T08:07:43+00:00\",\"breadcrumb\":{\"@id\":\"https:\/\/lvm.ee\/viimsi-villad\/asukoht\/#breadcrumb\"},\"inLanguage\":\"en-US\",\"potentialAction\":[{\"@type\":\"ReadAction\",\"target\":[\"https:\/\/lvm.ee\/viimsi-villad\/asukoht\/\"]}]},{\"@type\":\"ImageObject\",\"inLanguage\":\"en-US\",\"@id\":\"https:\/\/lvm.ee\/viimsi-villad\/asukoht\/#primaryimage\",\"url\":\"https:\/\/lvm.ee\/viimsi-villad\/wp-content\/uploads\/2022\/10\/droonifoto-asend-2.jpg\",\"contentUrl\":\"https:\/\/lvm.ee\/viimsi-villad\/wp-content\/uploads\/2022\/10\/droonifoto-asend-2.jpg\",\"width\":1920,\"height\":900},{\"@type\":\"BreadcrumbList\",\"@id\":\"https:\/\/lvm.ee\/viimsi-villad\/asukoht\/#breadcrumb\",\"itemListElement\":[{\"@type\":\"ListItem\",\"position\":1,\"name\":\"Home\",\"item\":\"https:\/\/lvm.ee\/viimsi-villad\/\"},{\"@type\":\"ListItem\",\"position\":2,\"name\":\"Asukoht\"}]},{\"@type\":\"WebSite\",\"@id\":\"https:\/\/lvm.ee\/viimsi-villad\/#website\",\"url\":\"https:\/\/lvm.ee\/viimsi-villad\/\",\"name\":\"Viimsi Villad\",\"description\":\"Uued luksuslikud majad Viimsis\",\"publisher\":{\"@id\":\"https:\/\/lvm.ee\/viimsi-villad\/#organization\"},\"potentialAction\":[{\"@type\":\"SearchAction\",\"target\":{\"@type\":\"EntryPoint\",\"urlTemplate\":\"https:\/\/lvm.ee\/viimsi-villad\/?s={search_term_string}\"},\"query-input\":{\"@type\":\"PropertyValueSpecification\",\"valueRequired\":true,\"valueName\":\"search_term_string\"}}],\"inLanguage\":\"en-US\"},{\"@type\":\"Organization\",\"@id\":\"https:\/\/lvm.ee\/viimsi-villad\/#organization\",\"name\":\"Viimsi Villad\",\"url\":\"https:\/\/lvm.ee\/viimsi-villad\/\",\"logo\":{\"@type\":\"ImageObject\",\"inLanguage\":\"en-US\",\"@id\":\"https:\/\/lvm.ee\/viimsi-villad\/#\/schema\/logo\/image\/\",\"url\":\"https:\/\/lvm.ee\/viimsi-villad\/wp-content\/uploads\/2022\/08\/LVM_Logo_valge2.svg\",\"contentUrl\":\"https:\/\/lvm.ee\/viimsi-villad\/wp-content\/uploads\/2022\/08\/LVM_Logo_valge2.svg\",\"width\":343,\"height\":106,\"caption\":\"Viimsi Villad\"},\"image\":{\"@id\":\"https:\/\/lvm.ee\/viimsi-villad\/#\/schema\/logo\/image\/\"}}]}<\/script>\n<!-- \/ Yoast SEO plugin. -->","yoast_head_json":{"title":"Asukoht - Viimsi Villad","robots":{"index":"index","follow":"follow","max-snippet":"max-snippet:-1","max-image-preview":"max-image-preview:large","max-video-preview":"max-video-preview:-1"},"canonical":"https:\/\/lvm.ee\/viimsi-villad\/asukoht\/","og_locale":"en_US","og_type":"article","og_title":"Asukoht - Viimsi Villad","og_description":"Asukoht Viimsi Villad asuvad Pringi k\u00fcla Rohuneeme poolses servas ning mereni on linnulennult ainult 650 meetrit. T\u00e4pselt sama kaugele j\u00e4\u00e4b ka Rohuneeme tee ning 1 km kaugusel asub l\u00e4him bussipeatus. Viimsis on v\u00e4ga hea ja l\u00e4bim\u00f5eldud Viimsi-sisene transpordi\u00fchendus ja linnaliini\u00fchendused.&nbsp; \u00dcmbruskond Haabneeme rand on kaunis liivap\u00f5hjaga supelrand, kus paikneb ka tipprestoran OKO. Viimsi keskus, mis [&hellip;]","og_url":"https:\/\/lvm.ee\/viimsi-villad\/asukoht\/","og_site_name":"Viimsi Villad","article_modified_time":"2022-10-25T08:07:43+00:00","og_image":[{"url":"https:\/\/lvm.ee\/viimsi-villad\/wp-content\/uploads\/2022\/10\/droonifoto-asend-2.jpg"}],"twitter_card":"summary_large_image","twitter_misc":{"Est. reading time":"10 minutes"},"schema":{"@context":"https:\/\/schema.org","@graph":[{"@type":"WebPage","@id":"https:\/\/lvm.ee\/viimsi-villad\/asukoht\/","url":"https:\/\/lvm.ee\/viimsi-villad\/asukoht\/","name":"Asukoht - Viimsi Villad","isPartOf":{"@id":"https:\/\/lvm.ee\/viimsi-villad\/#website"},"primaryImageOfPage":{"@id":"https:\/\/lvm.ee\/viimsi-villad\/asukoht\/#primaryimage"},"image":{"@id":"https:\/\/lvm.ee\/viimsi-villad\/asukoht\/#primaryimage"},"thumbnailUrl":"https:\/\/lvm.ee\/viimsi-villad\/wp-content\/uploads\/2022\/10\/droonifoto-asend-2.jpg","datePublished":"2022-08-17T11:09:47+00:00","dateModified":"2022-10-25T08:07:43+00:00","breadcrumb":{"@id":"https:\/\/lvm.ee\/viimsi-villad\/asukoht\/#breadcrumb"},"inLanguage":"en-US","potentialAction":[{"@type":"ReadAction","target":["https:\/\/lvm.ee\/viimsi-villad\/asukoht\/"]}]},{"@type":"ImageObject","inLanguage":"en-US","@id":"https:\/\/lvm.ee\/viimsi-villad\/asukoht\/#primaryimage","url":"https:\/\/lvm.ee\/viimsi-villad\/wp-content\/uploads\/2022\/10\/droonifoto-asend-2.jpg","contentUrl":"https:\/\/lvm.ee\/viimsi-villad\/wp-content\/uploads\/2022\/10\/droonifoto-asend-2.jpg","width":1920,"height":900},{"@type":"BreadcrumbList","@id":"https:\/\/lvm.ee\/viimsi-villad\/asukoht\/#breadcrumb","itemListElement":[{"@type":"ListItem","position":1,"name":"Home","item":"https:\/\/lvm.ee\/viimsi-villad\/"},{"@type":"ListItem","position":2,"name":"Asukoht"}]},{"@type":"WebSite","@id":"https:\/\/lvm.ee\/viimsi-villad\/#website","url":"https:\/\/lvm.ee\/viimsi-villad\/","name":"Viimsi Villad","description":"Uued luksuslikud majad Viimsis","publisher":{"@id":"https:\/\/lvm.ee\/viimsi-villad\/#organization"},"potentialAction":[{"@type":"SearchAction","target":{"@type":"EntryPoint","urlTemplate":"https:\/\/lvm.ee\/viimsi-villad\/?s={search_term_string}"},"query-input":{"@type":"PropertyValueSpecification","valueRequired":true,"valueName":"search_term_string"}}],"inLanguage":"en-US"},{"@type":"Organization","@id":"https:\/\/lvm.ee\/viimsi-villad\/#organization","name":"Viimsi Villad","url":"https:\/\/lvm.ee\/viimsi-villad\/","logo":{"@type":"ImageObject","inLanguage":"en-US","@id":"https:\/\/lvm.ee\/viimsi-villad\/#\/schema\/logo\/image\/","url":"https:\/\/lvm.ee\/viimsi-villad\/wp-content\/uploads\/2022\/08\/LVM_Logo_valge2.svg","contentUrl":"https:\/\/lvm.ee\/viimsi-villad\/wp-content\/uploads\/2022\/08\/LVM_Logo_valge2.svg","width":343,"height":106,"caption":"Viimsi Villad"},"image":{"@id":"https:\/\/lvm.ee\/viimsi-villad\/#\/schema\/logo\/image\/"}}]}},"_links":{"self":[{"href":"https:\/\/lvm.ee\/viimsi-villad\/wp-json\/wp\/v2\/pages\/232"}],"collection":[{"href":"https:\/\/lvm.ee\/viimsi-villad\/wp-json\/wp\/v2\/pages"}],"about":[{"href":"https:\/\/lvm.ee\/viimsi-villad\/wp-json\/wp\/v2\/types\/page"}],"author":[{"embeddable":true,"href":"https:\/\/lvm.ee\/viimsi-villad\/wp-json\/wp\/v2\/users\/1"}],"replies":[{"embeddable":true,"href":"https:\/\/lvm.ee\/viimsi-villad\/wp-json\/wp\/v2\/comments?post=232"}],"version-history":[{"count":166,"href":"https:\/\/lvm.ee\/viimsi-villad\/wp-json\/wp\/v2\/pages\/232\/revisions"}],"predecessor-version":[{"id":1182,"href":"https:\/\/lvm.ee\/viimsi-villad\/wp-json\/wp\/v2\/pages\/232\/revisions\/1182"}],"wp:attachment":[{"href":"https:\/\/lvm.ee\/viimsi-villad\/wp-json\/wp\/v2\/media?parent=232"}],"curies":[{"name":"wp","href":"https:\/\/api.w.org\/{rel}","templated":true}]}}