{"id":3843,"date":"2025-03-27T15:14:06","date_gmt":"2025-03-27T12:14:06","guid":{"rendered":"https:\/\/lvm.ee\/villa2\/?page_id=3843"},"modified":"2025-12-30T14:42:40","modified_gmt":"2025-12-30T11:42:40","slug":"avaleht-2","status":"publish","type":"page","link":"https:\/\/lvm.ee\/villa2\/","title":{"rendered":"Avaleht"},"content":{"rendered":"\t\t<div data-elementor-type=\"wp-page\" data-elementor-id=\"3843\" class=\"elementor elementor-3843\" data-elementor-post-type=\"page\">\n\t\t\t\t<div class=\"elementor-element elementor-element-a36e428 elementor-hidden-mobile elementor-hidden-tablet e-con-full e-flex e-con e-parent\" data-id=\"a36e428\" data-element_type=\"container\" id=\"intro\" data-settings=\"{&quot;background_background&quot;:&quot;slideshow&quot;,&quot;background_slideshow_slide_duration&quot;:7000,&quot;background_slideshow_transition_duration&quot;:1500,&quot;background_slideshow_gallery&quot;:[{&quot;id&quot;:6150,&quot;url&quot;:&quot;https:\\\/\\\/lvm.ee\\\/villa2\\\/wp-content\\\/uploads\\\/2025\\\/12\\\/Web.png&quot;}],&quot;motion_fx_motion_fx_scrolling&quot;:&quot;yes&quot;,&quot;background_slideshow_loop&quot;:&quot;yes&quot;,&quot;background_slideshow_slide_transition&quot;:&quot;fade&quot;,&quot;motion_fx_devices&quot;:[&quot;desktop&quot;,&quot;tablet&quot;,&quot;mobile&quot;]}\" data-core-v316-plus=\"true\">\n\t\t<div class=\"elementor-element elementor-element-97b7565 e-con-full e-flex e-con e-child\" data-id=\"97b7565\" data-element_type=\"container\">\n\t\t<div class=\"elementor-element elementor-element-c3e7f48 e-con-full e-flex e-con e-child\" data-id=\"c3e7f48\" data-element_type=\"container\">\n\t\t\t\t<div class=\"elementor-element elementor-element-407dd55 animated-slow elementor-widget__width-inherit elementor-widget-tablet__width-initial elementor-invisible elementor-widget elementor-widget-text-editor\" data-id=\"407dd55\" data-element_type=\"widget\" data-settings=\"{&quot;_animation&quot;:&quot;fadeIn&quot;}\" data-widget_type=\"text-editor.default\">\n\t\t\t\t<div class=\"elementor-widget-container\">\n\t\t\t<style>\/*! elementor - v3.20.0 - 20-03-2024 *\/\n.elementor-widget-text-editor.elementor-drop-cap-view-stacked .elementor-drop-cap{background-color:#69727d;color:#fff}.elementor-widget-text-editor.elementor-drop-cap-view-framed .elementor-drop-cap{color:#69727d;border:3px solid;background-color:transparent}.elementor-widget-text-editor:not(.elementor-drop-cap-view-default) .elementor-drop-cap{margin-top:8px}.elementor-widget-text-editor:not(.elementor-drop-cap-view-default) .elementor-drop-cap-letter{width:1em;height:1em}.elementor-widget-text-editor .elementor-drop-cap{float:left;text-align:center;line-height:1;font-size:50px}.elementor-widget-text-editor .elementor-drop-cap-letter{display:inline-block}<\/style>\t\t\t\t<p>P\u00e4rnu eksklusiivseim aadress!<\/p>\t\t\t\t\t\t<\/div>\n\t\t\t\t<\/div>\n\t\t\t\t<div class=\"elementor-element elementor-element-1a2bb44 elementor-widget__width-initial animated-slow elementor-invisible elementor-widget elementor-widget-text-editor\" data-id=\"1a2bb44\" data-element_type=\"widget\" data-settings=\"{&quot;_animation&quot;:&quot;fadeIn&quot;}\" data-widget_type=\"text-editor.default\">\n\t\t\t\t<div class=\"elementor-widget-container\">\n\t\t\t\t\t\t\t<p>P\u00e4rnu valge liivaranna ja v\u00f5luvate puiesteede vahel seisab KAMP Arhitektide v\u00e4rske looming! \u2013 <b>Villa 2<\/b><strong>.<\/strong><\/p>\t\t\t\t\t\t<\/div>\n\t\t\t\t<\/div>\n\t\t\t\t<\/div>\n\t\t<div class=\"elementor-element elementor-element-7329a24 e-con-full e-flex e-con e-child\" data-id=\"7329a24\" data-element_type=\"container\">\n\t\t\t\t<div class=\"elementor-element elementor-element-ec4bc7a elementor-invisible elementor-widget elementor-widget-image\" data-id=\"ec4bc7a\" data-element_type=\"widget\" data-settings=\"{&quot;_animation&quot;:&quot;fadeInUp&quot;}\" data-widget_type=\"image.default\">\n\t\t\t\t<div class=\"elementor-widget-container\">\n\t\t\t<style>\/*! elementor - v3.20.0 - 20-03-2024 *\/\n.elementor-widget-image{text-align:center}.elementor-widget-image a{display:inline-block}.elementor-widget-image a img[src$=\".svg\"]{width:48px}.elementor-widget-image img{vertical-align:middle;display:inline-block}<\/style>\t\t\t\t\t\t\t\t\t\t\t<a href=\"https:\/\/lvm.ee\/\">\n\t\t\t\t\t\t\t<img fetchpriority=\"high\" decoding=\"async\" width=\"300\" height=\"300\" src=\"https:\/\/lvm.ee\/villa2\/wp-content\/uploads\/2025\/09\/LVM.svg\" class=\"attachment-medium size-medium wp-image-5093\" alt=\"\" \/>\t\t\t\t\t\t\t\t<\/a>\n\t\t\t\t\t\t\t\t\t\t\t\t\t<\/div>\n\t\t\t\t<\/div>\n\t\t\t\t<\/div>\n\t\t<div class=\"elementor-element elementor-element-3189390 e-con-full e-flex e-con e-child\" data-id=\"3189390\" data-element_type=\"container\">\n\t\t\t\t<div class=\"elementor-element elementor-element-0bb5086 elementor-invisible elementor-widget elementor-widget-image\" data-id=\"0bb5086\" data-element_type=\"widget\" data-settings=\"{&quot;_animation&quot;:&quot;fadeInUp&quot;}\" data-widget_type=\"image.default\">\n\t\t\t\t<div class=\"elementor-widget-container\">\n\t\t\t\t\t\t\t\t\t\t\t\t\t\t<a href=\"#elementor-action%3Aaction%3Dpopup%3Aopen%26settings%3DeyJpZCI6IjQ5NTciLCJ0b2dnbGUiOmZhbHNlfQ%3D%3D\">\n\t\t\t\t\t\t\t<img decoding=\"async\" width=\"800\" height=\"800\" src=\"https:\/\/lvm.ee\/villa2\/wp-content\/uploads\/2025\/09\/registreeri-huvi.svg\" class=\"attachment-large size-large wp-image-5094\" alt=\"\" \/>\t\t\t\t\t\t\t\t<\/a>\n\t\t\t\t\t\t\t\t\t\t\t\t\t<\/div>\n\t\t\t\t<\/div>\n\t\t\t\t<\/div>\n\t\t\t\t<\/div>\n\t\t\t\t<\/div>\n\t\t<div class=\"elementor-element elementor-element-904250a elementor-hidden-desktop e-con-full e-flex e-con e-parent\" data-id=\"904250a\" data-element_type=\"container\" data-settings=\"{&quot;background_background&quot;:&quot;slideshow&quot;,&quot;background_slideshow_slide_duration&quot;:7000,&quot;background_slideshow_transition_duration&quot;:1500,&quot;background_slideshow_gallery&quot;:[{&quot;id&quot;:6150,&quot;url&quot;:&quot;https:\\\/\\\/lvm.ee\\\/villa2\\\/wp-content\\\/uploads\\\/2025\\\/12\\\/Web.png&quot;}],&quot;motion_fx_motion_fx_scrolling&quot;:&quot;yes&quot;,&quot;background_slideshow_loop&quot;:&quot;yes&quot;,&quot;background_slideshow_slide_transition&quot;:&quot;fade&quot;,&quot;motion_fx_devices&quot;:[&quot;desktop&quot;,&quot;tablet&quot;,&quot;mobile&quot;]}\" data-core-v316-plus=\"true\">\n\t\t<div class=\"elementor-element elementor-element-00562eb e-con-full e-flex e-con e-child\" data-id=\"00562eb\" data-element_type=\"container\">\n\t\t<div class=\"elementor-element elementor-element-2e722b7 e-con-full e-flex e-con e-child\" data-id=\"2e722b7\" data-element_type=\"container\">\n\t\t\t\t<div class=\"elementor-element elementor-element-782b8ea animated-slow elementor-widget__width-inherit elementor-widget-tablet__width-initial elementor-invisible elementor-widget elementor-widget-text-editor\" data-id=\"782b8ea\" data-element_type=\"widget\" data-settings=\"{&quot;_animation&quot;:&quot;fadeIn&quot;}\" data-widget_type=\"text-editor.default\">\n\t\t\t\t<div class=\"elementor-widget-container\">\n\t\t\t\t\t\t\t<p>P\u00e4rnu eksklusiivseim aadress!<\/p>\t\t\t\t\t\t<\/div>\n\t\t\t\t<\/div>\n\t\t\t\t<div class=\"elementor-element elementor-element-006ec6a elementor-widget__width-initial animated-slow elementor-invisible elementor-widget elementor-widget-text-editor\" data-id=\"006ec6a\" data-element_type=\"widget\" data-settings=\"{&quot;_animation&quot;:&quot;fadeIn&quot;}\" data-widget_type=\"text-editor.default\">\n\t\t\t\t<div class=\"elementor-widget-container\">\n\t\t\t\t\t\t\t<p>P\u00e4rnu valge liivaranna ja v\u00f5luvate puiesteede vahel seisab KAMP Arhitektide v\u00e4rske looming! \u2013 <strong>Villa 2.<\/strong><\/p>\t\t\t\t\t\t<\/div>\n\t\t\t\t<\/div>\n\t\t\t\t<\/div>\n\t\t<div class=\"elementor-element elementor-element-45d7307 e-con-full e-flex e-con e-child\" data-id=\"45d7307\" data-element_type=\"container\">\n\t\t\t\t<div class=\"elementor-element elementor-element-1e1838b elementor-invisible elementor-widget elementor-widget-image\" data-id=\"1e1838b\" data-element_type=\"widget\" data-settings=\"{&quot;_animation&quot;:&quot;fadeInUp&quot;}\" data-widget_type=\"image.default\">\n\t\t\t\t<div class=\"elementor-widget-container\">\n\t\t\t\t\t\t\t\t\t\t\t\t\t\t<a href=\"https:\/\/lvm.ee\/\">\n\t\t\t\t\t\t\t<img decoding=\"async\" width=\"800\" height=\"800\" src=\"https:\/\/lvm.ee\/villa2\/wp-content\/uploads\/2025\/09\/LVM.svg\" class=\"attachment-large size-large wp-image-5093\" alt=\"\" \/>\t\t\t\t\t\t\t\t<\/a>\n\t\t\t\t\t\t\t\t\t\t\t\t\t<\/div>\n\t\t\t\t<\/div>\n\t\t\t\t<\/div>\n\t\t<div class=\"elementor-element elementor-element-b2ca81d e-con-full e-flex e-con e-child\" data-id=\"b2ca81d\" data-element_type=\"container\">\n\t\t\t\t<div class=\"elementor-element elementor-element-19f7ff6 elementor-invisible elementor-widget elementor-widget-image\" data-id=\"19f7ff6\" data-element_type=\"widget\" data-settings=\"{&quot;_animation&quot;:&quot;fadeInUp&quot;}\" data-widget_type=\"image.default\">\n\t\t\t\t<div class=\"elementor-widget-container\">\n\t\t\t\t\t\t\t\t\t\t\t\t\t\t<a href=\"#elementor-action%3Aaction%3Dpopup%3Aopen%26settings%3DeyJpZCI6IjQ5NTciLCJ0b2dnbGUiOmZhbHNlfQ%3D%3D\">\n\t\t\t\t\t\t\t<img decoding=\"async\" width=\"800\" height=\"800\" src=\"https:\/\/lvm.ee\/villa2\/wp-content\/uploads\/2025\/09\/registreeri-huvi.svg\" class=\"attachment-large size-large wp-image-5094\" alt=\"\" \/>\t\t\t\t\t\t\t\t<\/a>\n\t\t\t\t\t\t\t\t\t\t\t\t\t<\/div>\n\t\t\t\t<\/div>\n\t\t\t\t<\/div>\n\t\t\t\t<\/div>\n\t\t\t\t<\/div>\n\t\t\t\t<\/div>\n\t\t","protected":false},"excerpt":{"rendered":"<p>P\u00e4rnu eksklusiivseim aadress! P\u00e4rnu valge liivaranna ja v\u00f5luvate puiesteede vahel seisab KAMP Arhitektide v\u00e4rske looming! \u2013 Villa 2. P\u00e4rnu eksklusiivseim aadress! P\u00e4rnu valge liivaranna ja v\u00f5luvate puiesteede vahel seisab KAMP Arhitektide v\u00e4rske looming! \u2013 Villa 2.<\/p>\n","protected":false},"author":1,"featured_media":5227,"parent":0,"menu_order":0,"comment_status":"closed","ping_status":"closed","template":"elementor_header_footer","meta":{"_acf_changed":false,"inline_featured_image":false,"footnotes":""},"class_list":["post-3843","page","type-page","status-publish","has-post-thumbnail","hentry"],"acf":[],"yoast_head":"<!-- This site is optimized with the Yoast SEO plugin v22.3 - https:\/\/yoast.com\/wordpress\/plugins\/seo\/ -->\n<title>Villa 2<\/title>\n<meta name=\"description\" content=\"P\u00e4rnu eksklusiivseim aadress! P\u00e4rnu valge liivaranna ja v\u00f5luvate puiesteede vahel seisab diskreetselt KAMP Arhitektide v\u00e4rske looming!\" \/>\n<meta name=\"robots\" content=\"index, follow, max-snippet:-1, max-image-preview:large, max-video-preview:-1\" \/>\n<link rel=\"canonical\" href=\"https:\/\/lvm.ee\/villa2\/\" \/>\n<meta property=\"og:locale\" content=\"en_US\" \/>\n<meta property=\"og:type\" content=\"article\" \/>\n<meta property=\"og:title\" content=\"Villa 2\" \/>\n<meta property=\"og:description\" content=\"P\u00e4rnu eksklusiivseim aadress! P\u00e4rnu valge liivaranna ja v\u00f5luvate puiesteede vahel seisab diskreetselt KAMP Arhitektide v\u00e4rske looming!\" \/>\n<meta property=\"og:url\" content=\"https:\/\/lvm.ee\/villa2\/\" \/>\n<meta property=\"og:site_name\" content=\"Villa 2\" \/>\n<meta property=\"article:modified_time\" content=\"2025-12-30T11:42:40+00:00\" \/>\n<meta property=\"og:image\" content=\"https:\/\/lvm.ee\/villa2\/wp-content\/uploads\/2025\/09\/Logo.png\" \/>\n\t<meta property=\"og:image:width\" content=\"512\" \/>\n\t<meta property=\"og:image:height\" content=\"512\" \/>\n\t<meta property=\"og:image:type\" content=\"image\/png\" \/>\n<meta name=\"twitter:card\" content=\"summary_large_image\" \/>\n<meta name=\"twitter:label1\" content=\"Est. reading time\" \/>\n\t<meta name=\"twitter:data1\" content=\"1 minute\" \/>\n<script type=\"application\/ld+json\" class=\"yoast-schema-graph\">{\"@context\":\"https:\/\/schema.org\",\"@graph\":[{\"@type\":\"WebPage\",\"@id\":\"https:\/\/lvm.ee\/villa2\/\",\"url\":\"https:\/\/lvm.ee\/villa2\/\",\"name\":\"Villa 2\",\"isPartOf\":{\"@id\":\"https:\/\/lvm.ee\/villa2\/#website\"},\"primaryImageOfPage\":{\"@id\":\"https:\/\/lvm.ee\/villa2\/#primaryimage\"},\"image\":{\"@id\":\"https:\/\/lvm.ee\/villa2\/#primaryimage\"},\"thumbnailUrl\":\"https:\/\/lvm.ee\/villa2\/wp-content\/uploads\/2025\/09\/Logo.png\",\"datePublished\":\"2025-03-27T12:14:06+00:00\",\"dateModified\":\"2025-12-30T11:42:40+00:00\",\"description\":\"P\u00e4rnu eksklusiivseim aadress! P\u00e4rnu valge liivaranna ja v\u00f5luvate puiesteede vahel seisab diskreetselt KAMP Arhitektide v\u00e4rske looming!\",\"breadcrumb\":{\"@id\":\"https:\/\/lvm.ee\/villa2\/#breadcrumb\"},\"inLanguage\":\"en\",\"potentialAction\":[{\"@type\":\"ReadAction\",\"target\":[\"https:\/\/lvm.ee\/villa2\/\"]}]},{\"@type\":\"ImageObject\",\"inLanguage\":\"en\",\"@id\":\"https:\/\/lvm.ee\/villa2\/#primaryimage\",\"url\":\"https:\/\/lvm.ee\/villa2\/wp-content\/uploads\/2025\/09\/Logo.png\",\"contentUrl\":\"https:\/\/lvm.ee\/villa2\/wp-content\/uploads\/2025\/09\/Logo.png\",\"width\":512,\"height\":512},{\"@type\":\"BreadcrumbList\",\"@id\":\"https:\/\/lvm.ee\/villa2\/#breadcrumb\",\"itemListElement\":[{\"@type\":\"ListItem\",\"position\":1,\"name\":\"Home\",\"item\":\"https:\/\/lvm.ee\/villa2\/\"},{\"@type\":\"ListItem\",\"position\":2,\"name\":\"Avaleht\"}]},{\"@type\":\"WebSite\",\"@id\":\"https:\/\/lvm.ee\/villa2\/#website\",\"url\":\"https:\/\/lvm.ee\/villa2\/\",\"name\":\"Villa 2\",\"description\":\"P&auml;rnu eksklusiivseim aadress!\",\"publisher\":{\"@id\":\"https:\/\/lvm.ee\/villa2\/#organization\"},\"potentialAction\":[{\"@type\":\"SearchAction\",\"target\":{\"@type\":\"EntryPoint\",\"urlTemplate\":\"https:\/\/lvm.ee\/villa2\/?s={search_term_string}\"},\"query-input\":\"required name=search_term_string\"}],\"inLanguage\":\"en\"},{\"@type\":\"Organization\",\"@id\":\"https:\/\/lvm.ee\/villa2\/#organization\",\"name\":\"Villa 2\",\"url\":\"https:\/\/lvm.ee\/villa2\/\",\"logo\":{\"@type\":\"ImageObject\",\"inLanguage\":\"en\",\"@id\":\"https:\/\/lvm.ee\/villa2\/#\/schema\/logo\/image\/\",\"url\":\"https:\/\/lvm.ee\/villa2\/wp-content\/uploads\/2022\/08\/Villa-valge-scaled.png\",\"contentUrl\":\"https:\/\/lvm.ee\/villa2\/wp-content\/uploads\/2022\/08\/Villa-valge-scaled.png\",\"width\":2560,\"height\":2560,\"caption\":\"Villa 2\"},\"image\":{\"@id\":\"https:\/\/lvm.ee\/villa2\/#\/schema\/logo\/image\/\"}}]}<\/script>\n<!-- \/ Yoast SEO plugin. -->","yoast_head_json":{"title":"Villa 2","description":"P\u00e4rnu eksklusiivseim aadress! P\u00e4rnu valge liivaranna ja v\u00f5luvate puiesteede vahel seisab diskreetselt KAMP Arhitektide v\u00e4rske looming!","robots":{"index":"index","follow":"follow","max-snippet":"max-snippet:-1","max-image-preview":"max-image-preview:large","max-video-preview":"max-video-preview:-1"},"canonical":"https:\/\/lvm.ee\/villa2\/","og_locale":"en_US","og_type":"article","og_title":"Villa 2","og_description":"P\u00e4rnu eksklusiivseim aadress! P\u00e4rnu valge liivaranna ja v\u00f5luvate puiesteede vahel seisab diskreetselt KAMP Arhitektide v\u00e4rske looming!","og_url":"https:\/\/lvm.ee\/villa2\/","og_site_name":"Villa 2","article_modified_time":"2025-12-30T11:42:40+00:00","og_image":[{"width":512,"height":512,"url":"https:\/\/lvm.ee\/villa2\/wp-content\/uploads\/2025\/09\/Logo.png","type":"image\/png"}],"twitter_card":"summary_large_image","twitter_misc":{"Est. reading time":"1 minute"},"schema":{"@context":"https:\/\/schema.org","@graph":[{"@type":"WebPage","@id":"https:\/\/lvm.ee\/villa2\/","url":"https:\/\/lvm.ee\/villa2\/","name":"Villa 2","isPartOf":{"@id":"https:\/\/lvm.ee\/villa2\/#website"},"primaryImageOfPage":{"@id":"https:\/\/lvm.ee\/villa2\/#primaryimage"},"image":{"@id":"https:\/\/lvm.ee\/villa2\/#primaryimage"},"thumbnailUrl":"https:\/\/lvm.ee\/villa2\/wp-content\/uploads\/2025\/09\/Logo.png","datePublished":"2025-03-27T12:14:06+00:00","dateModified":"2025-12-30T11:42:40+00:00","description":"P\u00e4rnu eksklusiivseim aadress! P\u00e4rnu valge liivaranna ja v\u00f5luvate puiesteede vahel seisab diskreetselt KAMP Arhitektide v\u00e4rske looming!","breadcrumb":{"@id":"https:\/\/lvm.ee\/villa2\/#breadcrumb"},"inLanguage":"en","potentialAction":[{"@type":"ReadAction","target":["https:\/\/lvm.ee\/villa2\/"]}]},{"@type":"ImageObject","inLanguage":"en","@id":"https:\/\/lvm.ee\/villa2\/#primaryimage","url":"https:\/\/lvm.ee\/villa2\/wp-content\/uploads\/2025\/09\/Logo.png","contentUrl":"https:\/\/lvm.ee\/villa2\/wp-content\/uploads\/2025\/09\/Logo.png","width":512,"height":512},{"@type":"BreadcrumbList","@id":"https:\/\/lvm.ee\/villa2\/#breadcrumb","itemListElement":[{"@type":"ListItem","position":1,"name":"Home","item":"https:\/\/lvm.ee\/villa2\/"},{"@type":"ListItem","position":2,"name":"Avaleht"}]},{"@type":"WebSite","@id":"https:\/\/lvm.ee\/villa2\/#website","url":"https:\/\/lvm.ee\/villa2\/","name":"Villa 2","description":"P&auml;rnu eksklusiivseim aadress!","publisher":{"@id":"https:\/\/lvm.ee\/villa2\/#organization"},"potentialAction":[{"@type":"SearchAction","target":{"@type":"EntryPoint","urlTemplate":"https:\/\/lvm.ee\/villa2\/?s={search_term_string}"},"query-input":"required name=search_term_string"}],"inLanguage":"en"},{"@type":"Organization","@id":"https:\/\/lvm.ee\/villa2\/#organization","name":"Villa 2","url":"https:\/\/lvm.ee\/villa2\/","logo":{"@type":"ImageObject","inLanguage":"en","@id":"https:\/\/lvm.ee\/villa2\/#\/schema\/logo\/image\/","url":"https:\/\/lvm.ee\/villa2\/wp-content\/uploads\/2022\/08\/Villa-valge-scaled.png","contentUrl":"https:\/\/lvm.ee\/villa2\/wp-content\/uploads\/2022\/08\/Villa-valge-scaled.png","width":2560,"height":2560,"caption":"Villa 2"},"image":{"@id":"https:\/\/lvm.ee\/villa2\/#\/schema\/logo\/image\/"}}]}},"_links":{"self":[{"href":"https:\/\/lvm.ee\/villa2\/wp-json\/wp\/v2\/pages\/3843","targetHints":{"allow":["GET"]}}],"collection":[{"href":"https:\/\/lvm.ee\/villa2\/wp-json\/wp\/v2\/pages"}],"about":[{"href":"https:\/\/lvm.ee\/villa2\/wp-json\/wp\/v2\/types\/page"}],"author":[{"embeddable":true,"href":"https:\/\/lvm.ee\/villa2\/wp-json\/wp\/v2\/users\/1"}],"replies":[{"embeddable":true,"href":"https:\/\/lvm.ee\/villa2\/wp-json\/wp\/v2\/comments?post=3843"}],"version-history":[{"count":1064,"href":"https:\/\/lvm.ee\/villa2\/wp-json\/wp\/v2\/pages\/3843\/revisions"}],"predecessor-version":[{"id":6153,"href":"https:\/\/lvm.ee\/villa2\/wp-json\/wp\/v2\/pages\/3843\/revisions\/6153"}],"wp:featuredmedia":[{"embeddable":true,"href":"https:\/\/lvm.ee\/villa2\/wp-json\/wp\/v2\/media\/5227"}],"wp:attachment":[{"href":"https:\/\/lvm.ee\/villa2\/wp-json\/wp\/v2\/media?parent=3843"}],"curies":[{"name":"wp","href":"https:\/\/api.w.org\/{rel}","templated":true}]}}