{"id":4973,"date":"2025-10-13T14:43:32","date_gmt":"2025-10-13T11:43:32","guid":{"rendered":"https:\/\/lvm.ee\/villanova\/?page_id=4973"},"modified":"2025-10-13T14:49:26","modified_gmt":"2025-10-13T11:49:26","slug":"info","status":"publish","type":"page","link":"https:\/\/lvm.ee\/villanova\/info\/","title":{"rendered":"Info"},"content":{"rendered":"\t\t<div data-elementor-type=\"wp-page\" data-elementor-id=\"4973\" class=\"elementor elementor-4973\" data-elementor-post-type=\"page\">\n\t\t\t\t<div class=\"elementor-element elementor-element-8a5ec93 e-flex e-con-boxed e-con e-parent\" data-id=\"8a5ec93\" data-element_type=\"container\" data-core-v316-plus=\"true\">\n\t\t\t\t\t<div class=\"e-con-inner\">\n\t\t\t\t\t<\/div>\n\t\t\t\t<\/div>\n\t\t<div class=\"elementor-element elementor-element-89e2055 e-flex e-con-boxed e-con e-parent\" data-id=\"89e2055\" data-element_type=\"container\" data-core-v316-plus=\"true\">\n\t\t\t\t\t<div class=\"e-con-inner\">\n\t\t<div class=\"elementor-element elementor-element-c3a1473 e-con-full e-flex e-con e-child\" data-id=\"c3a1473\" data-element_type=\"container\">\n\t\t\t\t<div class=\"elementor-element elementor-element-78b5674 elementor-widget elementor-widget-heading\" data-id=\"78b5674\" data-element_type=\"widget\" data-widget_type=\"heading.default\">\n\t\t\t\t<div class=\"elementor-widget-container\">\n\t\t\t<style>\/*! elementor - v3.20.0 - 20-03-2024 *\/\n.elementor-heading-title{padding:0;margin:0;line-height:1}.elementor-widget-heading .elementor-heading-title[class*=elementor-size-]>a{color:inherit;font-size:inherit;line-height:inherit}.elementor-widget-heading .elementor-heading-title.elementor-size-small{font-size:15px}.elementor-widget-heading .elementor-heading-title.elementor-size-medium{font-size:19px}.elementor-widget-heading .elementor-heading-title.elementor-size-large{font-size:29px}.elementor-widget-heading .elementor-heading-title.elementor-size-xl{font-size:39px}.elementor-widget-heading .elementor-heading-title.elementor-size-xxl{font-size:59px}<\/style><h2 class=\"elementor-heading-title elementor-size-default\">Ehituslik kirjeldus<\/h2>\t\t<\/div>\n\t\t\t\t<\/div>\n\t\t\t\t<div class=\"elementor-element elementor-element-e286a73 elementor-widget__width-initial elementor-widget elementor-widget-text-editor\" data-id=\"e286a73\" data-element_type=\"widget\" data-widget_type=\"text-editor.default\">\n\t\t\t\t<div class=\"elementor-widget-container\">\n\t\t\t<style>\/*! elementor - v3.20.0 - 20-03-2024 *\/\n.elementor-widget-text-editor.elementor-drop-cap-view-stacked .elementor-drop-cap{background-color:#69727d;color:#fff}.elementor-widget-text-editor.elementor-drop-cap-view-framed .elementor-drop-cap{color:#69727d;border:3px solid;background-color:transparent}.elementor-widget-text-editor:not(.elementor-drop-cap-view-default) .elementor-drop-cap{margin-top:8px}.elementor-widget-text-editor:not(.elementor-drop-cap-view-default) .elementor-drop-cap-letter{width:1em;height:1em}.elementor-widget-text-editor .elementor-drop-cap{float:left;text-align:center;line-height:1;font-size:50px}.elementor-widget-text-editor .elementor-drop-cap-letter{display:inline-block}<\/style>\t\t\t\t<p><strong>Vundament<\/strong> &#8211; madalvundament<br><strong>Kandvad v\u00e4lis ja siseseinad<\/strong> &#8211; v\u00e4ikeplokk Columbia 190, betoon, osaliselt monoliitne betoon<br><strong>V\u00e4lisviimistlus<\/strong> &#8211; krohv, v\u00e4rvitud puitlaudis<br><strong>Mittekandvad siseseinad<\/strong> &#8211; kipsseinad 2x villat\u00e4ide<br><strong>Vahelaed<\/strong> &#8211; monteeritav raudbetoonpaneel<br><strong>Aknad<\/strong> &#8211; puitalumiiniumaknad, 3-kordse klaaspaketiga<br><strong>Katus<\/strong> &#8211; profiilplekk, terrassi osas lamekatus<br><strong>R\u00f5dud\/terrassid<\/strong> &#8211; laudis, klaaspiirded ja krohvitud osas HPL plaat<br><strong>K\u00fcte<\/strong> &#8211; kaugk\u00fcte, p\u00f5randasisese k\u00fcttetorustikuga<br><strong>Ventilatsioon<\/strong> &#8211; korterip\u00f5hise seadmega soojustagastusega sundventilatsioon<br><strong>Vesi, kanalisatsioon<\/strong> &#8211; linna v\u00f5rk<br><strong>Side<\/strong> &#8211; optiline kaabel korterini<br><strong>Parkla katend<\/strong> &#8211; asfalt ja t\u00e4navakivi<br><strong>K\u00f5nnitee katend<\/strong> &#8211; t\u00e4navakivi<\/p>\n<p><br><\/p>\t\t\t\t\t\t<\/div>\n\t\t\t\t<\/div>\n\t\t\t\t<\/div>\n\t\t<div class=\"elementor-element elementor-element-4acac20 e-con-full e-flex e-con e-child\" data-id=\"4acac20\" data-element_type=\"container\">\n\t\t\t\t<div class=\"elementor-element elementor-element-32ad1b8 elementor-widget elementor-widget-heading\" data-id=\"32ad1b8\" data-element_type=\"widget\" data-widget_type=\"heading.default\">\n\t\t\t\t<div class=\"elementor-widget-container\">\n\t\t\t<h2 class=\"elementor-heading-title elementor-size-default\">M\u00fc\u00fcgiinfo<\/h2>\t\t<\/div>\n\t\t\t\t<\/div>\n\t\t\t\t<div class=\"elementor-element elementor-element-3a6b579 elementor-widget__width-initial elementor-widget elementor-widget-text-editor\" data-id=\"3a6b579\" data-element_type=\"widget\" data-widget_type=\"text-editor.default\">\n\t\t\t\t<div class=\"elementor-widget-container\">\n\t\t\t\t\t\t\t<p><strong>Broneerimisleping<\/strong><\/p><p><span style=\"font-size: 1rem;\">Korteri broneerimisel s\u00f5lmitakse Ostjaga broneerimisleping. Ostja tasub M\u00fc\u00fcjale oma ostusoovi kinnitamiseks 3 000 \u20ac suuruse broneerimistasu.<\/span><\/p><p><strong>V\u00f5la\u00f5iguslik m\u00fc\u00fcgileping<\/strong><\/p><p>Ehitusj\u00e4rgus korterelamu Ostjaga s\u00f5lmitakse notariaalne v\u00f5la\u00f5iguslik m\u00fc\u00fcgileping, kus fikseeritakse kokku k\u00f5ik tehingu detailid. V\u00f5la\u00f5igusliku m\u00fc\u00fcgilepingu s\u00f5lmimisel tasutakse 10% Lepingu eseme M\u00fc\u00fcgihinnast.<\/p><p><strong>Asja\u00f5igusleping<\/strong><\/p><p>Korterelamu valmimise ja ehitust\u00f6\u00f6de Ostja poolse \u00fclevaatuse j\u00e4rgselt s\u00f5lmitakse notariaalne asja\u00f5iguslik ostu-m\u00fc\u00fcgileping. Ostja tasub \u00fclej\u00e4\u00e4nud 90% Lepingu eseme M\u00fc\u00fcgihinnast ning toimub Lepingu eseme omandi\u00f5iguse \u00fcleminek (Kinnistusregistris tehakse m\u00e4rge omaniku muutuse kohta).<\/p>\t\t\t\t\t\t<\/div>\n\t\t\t\t<\/div>\n\t\t\t\t<\/div>\n\t\t\t\t\t<\/div>\n\t\t\t\t<\/div>\n\t\t<div class=\"elementor-element elementor-element-707e4aa e-flex e-con-boxed e-con e-parent\" data-id=\"707e4aa\" data-element_type=\"container\" data-core-v316-plus=\"true\">\n\t\t\t\t\t<div class=\"e-con-inner\">\n\t\t\t\t<div class=\"elementor-element elementor-element-11150e1 elementor-widget elementor-widget-spacer\" data-id=\"11150e1\" data-element_type=\"widget\" data-widget_type=\"spacer.default\">\n\t\t\t\t<div class=\"elementor-widget-container\">\n\t\t\t<style>\/*! elementor - v3.20.0 - 20-03-2024 *\/\n.elementor-column .elementor-spacer-inner{height:var(--spacer-size)}.e-con{--container-widget-width:100%}.e-con-inner>.elementor-widget-spacer,.e-con>.elementor-widget-spacer{width:var(--container-widget-width,var(--spacer-size));--align-self:var(--container-widget-align-self,initial);--flex-shrink:0}.e-con-inner>.elementor-widget-spacer>.elementor-widget-container,.e-con>.elementor-widget-spacer>.elementor-widget-container{height:100%;width:100%}.e-con-inner>.elementor-widget-spacer>.elementor-widget-container>.elementor-spacer,.e-con>.elementor-widget-spacer>.elementor-widget-container>.elementor-spacer{height:100%}.e-con-inner>.elementor-widget-spacer>.elementor-widget-container>.elementor-spacer>.elementor-spacer-inner,.e-con>.elementor-widget-spacer>.elementor-widget-container>.elementor-spacer>.elementor-spacer-inner{height:var(--container-widget-height,var(--spacer-size))}.e-con-inner>.elementor-widget-spacer.elementor-widget-empty,.e-con>.elementor-widget-spacer.elementor-widget-empty{position:relative;min-height:22px;min-width:22px}.e-con-inner>.elementor-widget-spacer.elementor-widget-empty .elementor-widget-empty-icon,.e-con>.elementor-widget-spacer.elementor-widget-empty .elementor-widget-empty-icon{position:absolute;top:0;bottom:0;left:0;right:0;margin:auto;padding:0;width:22px;height:22px}<\/style>\t\t<div class=\"elementor-spacer\">\n\t\t\t<div class=\"elementor-spacer-inner\"><\/div>\n\t\t<\/div>\n\t\t\t\t<\/div>\n\t\t\t\t<\/div>\n\t\t\t\t\t<\/div>\n\t\t\t\t<\/div>\n\t\t\t\t<\/div>\n\t\t","protected":false},"excerpt":{"rendered":"<p>Ehituslik kirjeldus Vundament &#8211; madalvundamentKandvad v\u00e4lis ja siseseinad &#8211; v\u00e4ikeplokk Columbia 190, betoon, osaliselt monoliitne betoonV\u00e4lisviimistlus &#8211; krohv, v\u00e4rvitud puitlaudisMittekandvad siseseinad &#8211; kipsseinad 2x villat\u00e4ideVahelaed &#8211; monteeritav raudbetoonpaneelAknad &#8211; puitalumiiniumaknad, 3-kordse klaaspaketigaKatus &#8211; profiilplekk, terrassi osas lamekatusR\u00f5dud\/terrassid &#8211; laudis, klaaspiirded ja krohvitud osas HPL plaatK\u00fcte &#8211; kaugk\u00fcte, p\u00f5randasisese k\u00fcttetorustikugaVentilatsioon &#8211; korterip\u00f5hise seadmega soojustagastusega sundventilatsioonVesi, kanalisatsioon [&hellip;]<\/p>\n","protected":false},"author":1,"featured_media":0,"parent":0,"menu_order":0,"comment_status":"closed","ping_status":"closed","template":"","meta":{"_acf_changed":false,"inline_featured_image":false,"footnotes":""},"class_list":["post-4973","page","type-page","status-publish","hentry"],"acf":[],"yoast_head":"<!-- This site is optimized with the Yoast SEO plugin v22.3 - https:\/\/yoast.com\/wordpress\/plugins\/seo\/ -->\n<title>Info - Villa Nova<\/title>\n<meta name=\"robots\" content=\"index, follow, max-snippet:-1, max-image-preview:large, max-video-preview:-1\" \/>\n<link rel=\"canonical\" href=\"https:\/\/lvm.ee\/villanova\/info\/\" \/>\n<meta property=\"og:locale\" content=\"en_US\" \/>\n<meta property=\"og:type\" content=\"article\" \/>\n<meta property=\"og:title\" content=\"Info - Villa Nova\" \/>\n<meta property=\"og:description\" content=\"Ehituslik kirjeldus Vundament &#8211; madalvundamentKandvad v\u00e4lis ja siseseinad &#8211; v\u00e4ikeplokk Columbia 190, betoon, osaliselt monoliitne betoonV\u00e4lisviimistlus &#8211; krohv, v\u00e4rvitud puitlaudisMittekandvad siseseinad &#8211; kipsseinad 2x villat\u00e4ideVahelaed &#8211; monteeritav raudbetoonpaneelAknad &#8211; puitalumiiniumaknad, 3-kordse klaaspaketigaKatus &#8211; profiilplekk, terrassi osas lamekatusR\u00f5dud\/terrassid &#8211; laudis, klaaspiirded ja krohvitud osas HPL plaatK\u00fcte &#8211; kaugk\u00fcte, p\u00f5randasisese k\u00fcttetorustikugaVentilatsioon &#8211; korterip\u00f5hise seadmega soojustagastusega sundventilatsioonVesi, kanalisatsioon [&hellip;]\" \/>\n<meta property=\"og:url\" content=\"https:\/\/lvm.ee\/villanova\/info\/\" \/>\n<meta property=\"og:site_name\" content=\"Villa Nova\" \/>\n<meta property=\"article:modified_time\" content=\"2025-10-13T11:49:26+00:00\" \/>\n<meta name=\"twitter:card\" content=\"summary_large_image\" \/>\n<meta name=\"twitter:label1\" content=\"Est. reading time\" \/>\n\t<meta name=\"twitter:data1\" content=\"1 minute\" \/>\n<script type=\"application\/ld+json\" class=\"yoast-schema-graph\">{\"@context\":\"https:\/\/schema.org\",\"@graph\":[{\"@type\":\"WebPage\",\"@id\":\"https:\/\/lvm.ee\/villanova\/info\/\",\"url\":\"https:\/\/lvm.ee\/villanova\/info\/\",\"name\":\"Info - Villa Nova\",\"isPartOf\":{\"@id\":\"https:\/\/lvm.ee\/villanova\/#website\"},\"datePublished\":\"2025-10-13T11:43:32+00:00\",\"dateModified\":\"2025-10-13T11:49:26+00:00\",\"breadcrumb\":{\"@id\":\"https:\/\/lvm.ee\/villanova\/info\/#breadcrumb\"},\"inLanguage\":\"en\",\"potentialAction\":[{\"@type\":\"ReadAction\",\"target\":[\"https:\/\/lvm.ee\/villanova\/info\/\"]}]},{\"@type\":\"BreadcrumbList\",\"@id\":\"https:\/\/lvm.ee\/villanova\/info\/#breadcrumb\",\"itemListElement\":[{\"@type\":\"ListItem\",\"position\":1,\"name\":\"Home\",\"item\":\"https:\/\/lvm.ee\/villanova\/\"},{\"@type\":\"ListItem\",\"position\":2,\"name\":\"Info\"}]},{\"@type\":\"WebSite\",\"@id\":\"https:\/\/lvm.ee\/villanova\/#website\",\"url\":\"https:\/\/lvm.ee\/villanova\/\",\"name\":\"Villa Nova\",\"description\":\"P&auml;rnu s&uuml;dalinna l&auml;hedal &ndash; j&otilde;e &auml;&auml;res, omas tempos, omas maailmas.\",\"publisher\":{\"@id\":\"https:\/\/lvm.ee\/villanova\/#organization\"},\"potentialAction\":[{\"@type\":\"SearchAction\",\"target\":{\"@type\":\"EntryPoint\",\"urlTemplate\":\"https:\/\/lvm.ee\/villanova\/?s={search_term_string}\"},\"query-input\":\"required name=search_term_string\"}],\"inLanguage\":\"en\"},{\"@type\":\"Organization\",\"@id\":\"https:\/\/lvm.ee\/villanova\/#organization\",\"name\":\"Villa Nova\",\"url\":\"https:\/\/lvm.ee\/villanova\/\",\"logo\":{\"@type\":\"ImageObject\",\"inLanguage\":\"en\",\"@id\":\"https:\/\/lvm.ee\/villanova\/#\/schema\/logo\/image\/\",\"url\":\"https:\/\/lvm.ee\/villanova\/wp-content\/uploads\/2024\/09\/LVM_Logo_valge2.svg\",\"contentUrl\":\"https:\/\/lvm.ee\/villanova\/wp-content\/uploads\/2024\/09\/LVM_Logo_valge2.svg\",\"width\":343,\"height\":106,\"caption\":\"Villa Nova\"},\"image\":{\"@id\":\"https:\/\/lvm.ee\/villanova\/#\/schema\/logo\/image\/\"}}]}<\/script>\n<!-- \/ Yoast SEO plugin. -->","yoast_head_json":{"title":"Info - Villa Nova","robots":{"index":"index","follow":"follow","max-snippet":"max-snippet:-1","max-image-preview":"max-image-preview:large","max-video-preview":"max-video-preview:-1"},"canonical":"https:\/\/lvm.ee\/villanova\/info\/","og_locale":"en_US","og_type":"article","og_title":"Info - Villa Nova","og_description":"Ehituslik kirjeldus Vundament &#8211; madalvundamentKandvad v\u00e4lis ja siseseinad &#8211; v\u00e4ikeplokk Columbia 190, betoon, osaliselt monoliitne betoonV\u00e4lisviimistlus &#8211; krohv, v\u00e4rvitud puitlaudisMittekandvad siseseinad &#8211; kipsseinad 2x villat\u00e4ideVahelaed &#8211; monteeritav raudbetoonpaneelAknad &#8211; puitalumiiniumaknad, 3-kordse klaaspaketigaKatus &#8211; profiilplekk, terrassi osas lamekatusR\u00f5dud\/terrassid &#8211; laudis, klaaspiirded ja krohvitud osas HPL plaatK\u00fcte &#8211; kaugk\u00fcte, p\u00f5randasisese k\u00fcttetorustikugaVentilatsioon &#8211; korterip\u00f5hise seadmega soojustagastusega sundventilatsioonVesi, kanalisatsioon [&hellip;]","og_url":"https:\/\/lvm.ee\/villanova\/info\/","og_site_name":"Villa Nova","article_modified_time":"2025-10-13T11:49:26+00:00","twitter_card":"summary_large_image","twitter_misc":{"Est. reading time":"1 minute"},"schema":{"@context":"https:\/\/schema.org","@graph":[{"@type":"WebPage","@id":"https:\/\/lvm.ee\/villanova\/info\/","url":"https:\/\/lvm.ee\/villanova\/info\/","name":"Info - Villa Nova","isPartOf":{"@id":"https:\/\/lvm.ee\/villanova\/#website"},"datePublished":"2025-10-13T11:43:32+00:00","dateModified":"2025-10-13T11:49:26+00:00","breadcrumb":{"@id":"https:\/\/lvm.ee\/villanova\/info\/#breadcrumb"},"inLanguage":"en","potentialAction":[{"@type":"ReadAction","target":["https:\/\/lvm.ee\/villanova\/info\/"]}]},{"@type":"BreadcrumbList","@id":"https:\/\/lvm.ee\/villanova\/info\/#breadcrumb","itemListElement":[{"@type":"ListItem","position":1,"name":"Home","item":"https:\/\/lvm.ee\/villanova\/"},{"@type":"ListItem","position":2,"name":"Info"}]},{"@type":"WebSite","@id":"https:\/\/lvm.ee\/villanova\/#website","url":"https:\/\/lvm.ee\/villanova\/","name":"Villa Nova","description":"P&auml;rnu s&uuml;dalinna l&auml;hedal &ndash; j&otilde;e &auml;&auml;res, omas tempos, omas maailmas.","publisher":{"@id":"https:\/\/lvm.ee\/villanova\/#organization"},"potentialAction":[{"@type":"SearchAction","target":{"@type":"EntryPoint","urlTemplate":"https:\/\/lvm.ee\/villanova\/?s={search_term_string}"},"query-input":"required name=search_term_string"}],"inLanguage":"en"},{"@type":"Organization","@id":"https:\/\/lvm.ee\/villanova\/#organization","name":"Villa Nova","url":"https:\/\/lvm.ee\/villanova\/","logo":{"@type":"ImageObject","inLanguage":"en","@id":"https:\/\/lvm.ee\/villanova\/#\/schema\/logo\/image\/","url":"https:\/\/lvm.ee\/villanova\/wp-content\/uploads\/2024\/09\/LVM_Logo_valge2.svg","contentUrl":"https:\/\/lvm.ee\/villanova\/wp-content\/uploads\/2024\/09\/LVM_Logo_valge2.svg","width":343,"height":106,"caption":"Villa Nova"},"image":{"@id":"https:\/\/lvm.ee\/villanova\/#\/schema\/logo\/image\/"}}]}},"_links":{"self":[{"href":"https:\/\/lvm.ee\/villanova\/wp-json\/wp\/v2\/pages\/4973","targetHints":{"allow":["GET"]}}],"collection":[{"href":"https:\/\/lvm.ee\/villanova\/wp-json\/wp\/v2\/pages"}],"about":[{"href":"https:\/\/lvm.ee\/villanova\/wp-json\/wp\/v2\/types\/page"}],"author":[{"embeddable":true,"href":"https:\/\/lvm.ee\/villanova\/wp-json\/wp\/v2\/users\/1"}],"replies":[{"embeddable":true,"href":"https:\/\/lvm.ee\/villanova\/wp-json\/wp\/v2\/comments?post=4973"}],"version-history":[{"count":8,"href":"https:\/\/lvm.ee\/villanova\/wp-json\/wp\/v2\/pages\/4973\/revisions"}],"predecessor-version":[{"id":4982,"href":"https:\/\/lvm.ee\/villanova\/wp-json\/wp\/v2\/pages\/4973\/revisions\/4982"}],"wp:attachment":[{"href":"https:\/\/lvm.ee\/villanova\/wp-json\/wp\/v2\/media?parent=4973"}],"curies":[{"name":"wp","href":"https:\/\/api.w.org\/{rel}","templated":true}]}}